{"id":6,"date":"2023-12-09T00:29:38","date_gmt":"2023-12-09T00:29:38","guid":{"rendered":"https:\/\/historycrazytime.info\/?page_id=6"},"modified":"2023-12-27T18:09:19","modified_gmt":"2023-12-27T18:09:19","slug":"crazy-time","status":"publish","type":"page","link":"https:\/\/historycrazytime.info\/tr\/","title":{"rendered":"Heyecan Dolu Heyecan Kap\u0131lar\u0131n\u0131 A\u00e7: Online Casinomuzda Crazy Time Oyna!"},"content":{"rendered":"<p>Crazy Time, sadece bir kumar oyunundan daha fazlas\u0131d\u0131r. Bu, tam bir oyun \u015fovu ve herkesin tan\u0131d\u0131\u011f\u0131 Tekerlek of Fortune&#8217;a benzeyen bir para tekerle\u011fine sahip pop\u00fcler bir oyun. Sunucu, 54 sekt\u00f6rl\u00fc b\u00fcy\u00fck bir dikey duran tekerle\u011fi \u00e7evirir. Hedef, tekerle\u011fin d\u00f6n\u00fc\u015f\u00fcn\u00fcn sonunda nerede duraca\u011f\u0131n\u0131 tahmin etmektir. Hi\u00e7bir bilgisayar algoritmas\u0131. Hile yok. Sadece rastlant\u0131 ve \u015fans!<\/p>\n<p>Crazy Time oyunu bir kumarhanenin klasiklerindendir. Her y\u0131l \u00e7e\u015fitli online casinolarda, bu oyun d\u00fcnya genelinde milyonlarca oyuncunun ilgisini \u00e7eken en pop\u00fcler slotlar aras\u0131nda s\u00fcrekli olarak yer al\u0131r.<\/p>\n<p>Ayr\u0131ca, size belirli bonuslar kazanma \u015fans\u0131 veren bir video slotu da bulunmaktad\u0131r. Crazy Time&#8217;da oyuncular, ger\u00e7ek bir kumarhanedeki gibi krupiyer gibi oyunu y\u00f6netirler, bu da ger\u00e7ek bir kumarhaneyi an\u0131msatan e\u015fsiz bir atmosfer yarat\u0131r.<\/p>\n<p>Crazy Time Slot, di\u011fer benzer oyunlardan farkl\u0131 olarak, kazananlara son derece b\u00fcy\u00fck kazan\u00e7lar getiren \u00e7e\u015fitli bonus b\u00f6lgelerine sahiptir.<\/p>\n<h2>Crazy Time Oyununun Temel \u00d6zellikleri<\/h2>\n<p>Eylem, canl\u0131 bir krupiye i\u00e7eren sanal bir casinoda ger\u00e7ekle\u015fir. Sunucu tekerle\u011fi \u00e7evirdi\u011finde, oyuncular sekt\u00f6rlere bahis yaparlar. \u0130nen sekt\u00f6r\u00fc do\u011fru tahmin edenler kazan\u0131r. Oyunda bir\u00e7ok farkl\u0131 taktik kullan\u0131labilir. B\u00fcy\u00fck \u00e7arpanlar tekerlek \u00fczerinde g\u00f6r\u00fcnd\u00fc\u011f\u00fcnde kazan\u00e7 miktar\u0131 birka\u00e7 kat artabilir. Online Crazy Time oyununun di\u011fer \u00f6zellikleri aras\u0131nda:<\/p>\n<ul>\n<li>Krupiye ve di\u011fer oyuncularla sohbet etme etkile\u015fimi;<\/li>\n<li>Di\u011fer oyunlardan veya slotlardan daha fazla para kazanma;<\/li>\n<li>Her d\u00f6nem \u00f6ncesinde sunulan \u00e7ok say\u0131da bahis veya mini-oyun;<\/li>\n<li>Bahis giderlerini kar\u015f\u0131lamak i\u00e7in t\u00fcm sekt\u00f6rlere bahis yapabilirsiniz;<\/li>\n<li>Oyun, e\u015fsiz bir atmosfer yaratarak kumarhane tarz\u0131na sahiptir;<\/li>\n<li>Y\u00fcksek oyuncu iadesi oran\u0131 (96.08%).<\/li>\n<\/ul>\n<h2>Crazy Time Oyunu Kurallar\u0131:<\/h2>\n<p>T\u00fcm tekerlek sekiz gruptan olu\u015fur.<\/p>\n<p>Bu sekiz gruplardan biri kazan\u00e7 \u00e7arpanlar\u0131n\u0131 (x1, x2, x5, x10) temsil eder, di\u011fer gruplar ise Cash Hunt, Pachinko, Coin Flip ve Crazy Time gibi mini oyunlar\u0131 temsil eder.<\/p>\n<p>Bahisler, bireysel h\u00fccrelere, t\u00fcm h\u00fccrelere veya baz\u0131lar\u0131na yerle\u015ftirilebilir. Her h\u00fccre i\u00e7in bahis miktar\u0131 ayr\u0131 ayr\u0131 ayarlanabilir. D\u00fczenli \u00e7arpanlara sahip sekt\u00f6rlerin, \u00f6rne\u011fin x1 sekt\u00f6rleri &#8211; 21, x2 sekt\u00f6rleri &#8211; 14, x5 sekt\u00f6rleri &#8211; 7 ve x10 sekt\u00f6rleri &#8211; 4, bonuslara sahip daha fazla say\u0131da oldu\u011funa dikkat edilmelidir. Bu nedenle, daha s\u0131k g\u00f6r\u00fcn\u00fcrler.<\/p>\n<p>Oyun ba\u015flad\u0131\u011f\u0131nda, krupiye oyunculardan bahis kabul eder ve t\u00fcm bahisler yerle\u015ftirildi\u011finde tekerlek \u00e7evrilir.<\/p>\n<p>Bu s\u0131rada video slotu d\u00f6nmeye ba\u015flar. Bir rastgele sekt\u00f6re, bir numara veya bir bonus oyunu olabilir, \u00e7arpan ekler. \u00c7arpan\u0131n d\u00f6n\u00fc\u015ften sonra yatay olarak e\u015fle\u015fti\u011fi sekt\u00f6r, \u00e7arpan etkinle\u015ftirilir; aksi takdirde, bonus olmadan raunt sona erer.<\/p>\n<p>Bu s\u0131rada tekerlek durur. Bahsi do\u011fru tahmin eden oyuncu kazan\u0131r.<\/p>\n<p>Oyun ekran\u0131n\u0131n sa\u011f alt k\u00f6\u015fesinde oynanan sekt\u00f6rlerin ge\u00e7mi\u015fini g\u00f6rebilirsiniz. Kurallar\u0131 okumadan Crazy Time oyununu risk almadan izleyebilirsiniz. Bu, \u00e7evrimi\u00e7i oyunlar\u0131n \u00f6zelliklerini daha iyi anlaman\u0131za olanak tan\u0131r. Crazy Time oyununun demo s\u00fcr\u00fcm\u00fc olmad\u0131\u011f\u0131ndan, bu, oynamak i\u00e7in harcad\u0131\u011f\u0131n\u0131z zaman\u0131n m\u00fckemmel bir yerine ge\u00e7er.<\/p>\n<h2>Crazy Time Casino&#8217;da Bonus Oyunlar<\/h2>\n<p>Her bonus sekt\u00f6r\u00fc ayr\u0131 bir mini oyunu temsil eder. Crazy Time mini oyunlar\u0131 bonuslarla kazananlara en b\u00fcy\u00fck kazan\u00e7lar\u0131 sunar. Crazy Time&#8217;da d\u00f6rt tanesi bulunmaktad\u0131r:<\/p>\n<h3>Cash Hunt:<\/h3>\n<p>Bu mini oyun, rastgele \u00e7arpanlarla dolu bir alan\u0131 i\u00e7erir. Ayr\u0131lan s\u00fcre i\u00e7inde bunlardan birini se\u00e7meniz gerekir. Sonunda, final miktar\u0131n\u0131 belirten bir sinyal \u00e7alar.<\/p>\n<h3>Pachinko:<\/h3>\n<p>Pachinko g\u00f6r\u00fcnd\u00fc\u011f\u00fcnde, ekranda say\u0131s\u0131z pimli bir duvar belirir. Alt k\u0131s\u0131mda on alt\u0131 de\u011fer g\u00f6r\u00fcnt\u00fclenir, her biri bir \u00e7arpand\u0131r. Top d\u00fc\u015ft\u00fc\u011f\u00fcnde krupiye son kazanc\u0131 belirler. Maksimum \u00e7arpan x10,000 olabilir.<\/p>\n<h3>Coin Flip:<\/h3>\n<p>Coin Flip, bir madeni para atma oyunudur. Ekran\u0131n alt\u0131nda mavi ve k\u0131rm\u0131z\u0131 iki daire g\u00f6r\u00fcnt\u00fclenir. Bu dairelerde se\u00e7ilen rastgele bir kazan\u00e7 \u00e7arpan\u0131 g\u00f6sterilir. Krupiye renkli bir fi\u015f ba\u015flat\u0131r. Sonu\u00e7lara ba\u011fl\u0131 olarak oyun, bir kazan\u00e7 veya kay\u0131p belirleyecektir. \u0130zin verilen maksimum \u00e7arpan x100&#8217;d\u00fcr.<\/p>\n<h3>Crazy Time:<\/h3>\n<p>Crazy Time g\u00f6r\u00fcnd\u00fc\u011f\u00fcnde, krupiye daha b\u00fcy\u00fck bir tekerlek bulunan ba\u015fka bir odaya ge\u00e7er. Oyuncu, tekerlek \u00fczerindeki \u00fc\u00e7 i\u015faret\u00e7iden birini se\u00e7melidir. Bir i\u015faret\u00e7i se\u00e7erek m\u00fcmk\u00fcn oldu\u011funca \u00e7ok say\u0131da \u00e7arpan yakalamal\u0131s\u0131n\u0131z. Crazy Time mini oyunu, maksimum bonus x20,000 sunar.<\/p>\n<h3>Video Slotunu Hat\u0131rlay\u0131n<\/h3>\n<p>E\u011fer bu bonus oyunlar\u0131ndan birinde video slotunda bir \u00e7arpan g\u00f6r\u00fcnd\u00fcyse, kazan\u00e7, oyunun de\u011ferine g\u00f6re artacakt\u0131r. Crazy Time online slotunda inan\u0131lmaz b\u00fcy\u00fck kazan\u00e7lar bulunmaktad\u0131r.<\/p>\n<h2>Crazy Time i\u00e7in Faydal\u0131 \u0130pu\u00e7lar\u0131<\/h2>\n<p>\u0130\u015fte \u00e7evrimi\u00e7i Crazy Time oyunu hakk\u0131nda i\u015finize yarayacak birka\u00e7 faydal\u0131 detay:<\/p>\n<ul>\n<li>Video slotunda maksimum \u00e7arpan x50 olabilir.<\/li>\n<li>Tek bir bahsin maksimum \u00e7arpan\u0131 x20,000&#8217;dir. Double\/Triple \u00f6zellikleri olan Crazy Time bonus oyununda bu meydana gelir.<\/li>\n<li>Bahis aral\u0131\u011f\u0131 5 sent ile 50 dolar aras\u0131nda de\u011fi\u015fmektedir.<\/li>\n<li>B\u00fcy\u00fck \u015fans\u0131 olan oyuncular, bahislerinin be\u015f y\u00fcz kat\u0131na kadar kazanabilirler.<\/li>\n<\/ul>\n","protected":false},"excerpt":{"rendered":"<p>Crazy Time, sadece bir kumar oyunundan daha fazlas\u0131d\u0131r. Bu, tam bir oyun \u015fovu ve herkesin tan\u0131d\u0131\u011f\u0131 Tekerlek of Fortune&#8217;a benzeyen bir para tekerle\u011fine sahip pop\u00fcler bir oyun. Sunucu, 54 sekt\u00f6rl\u00fc b\u00fcy\u00fck bir dikey duran tekerle\u011fi \u00e7evirir. Hedef, tekerle\u011fin d\u00f6n\u00fc\u015f\u00fcn\u00fcn sonunda nerede duraca\u011f\u0131n\u0131 tahmin etmektir. Hi\u00e7bir bilgisayar algoritmas\u0131. Hile yok. Sadece rastlant\u0131 ve \u015fans! Crazy Time oyunu bir kumarhanenin klasiklerindendir. Her y\u0131l \u00e7e\u015fitli online casinolarda, bu oyun d\u00fcnya genelinde milyonlarca oyuncunun ilgisini \u00e7eken en pop\u00fcler slotlar&hellip; <\/p>\n","protected":false},"author":1,"featured_media":0,"parent":0,"menu_order":0,"comment_status":"closed","ping_status":"closed","template":"","meta":{"footnotes":""},"class_list":["post-6","page","type-page","status-publish","hentry"],"yoast_head":"<!-- This site is optimized with the Yoast SEO plugin v27.2 - https:\/\/yoast.com\/product\/yoast-seo-wordpress\/ -->\n<title>\u0418\u0433\u0440\u0430\u0439\u0442\u0435 \u0432 Crazy Time: \u0430\u0437\u0430\u0440\u0442 \u0438 \u0432\u043e\u043b\u043d\u0435\u043d\u0438\u0435 \u0432 \u043e\u043d\u043b\u0430\u0439\u043d \u043a\u0430\u0437\u0438\u043d\u043e<\/title>\n<meta name=\"description\" content=\"Online casinomuzdaki Crazy Time&#039;\u0131n heyecan verici d\u00fcnyas\u0131n\u0131 ke\u015ffedin. Sizi muazzam grafikler, b\u00fcy\u00fck kazan\u00e7lar ve unutulmaz deneyimler bekliyor!\" \/>\n<meta name=\"robots\" content=\"index, follow, max-snippet:-1, max-image-preview:large, max-video-preview:-1\" \/>\n<link rel=\"canonical\" href=\"https:\/\/historycrazytime.info\/tr\/\" \/>\n<meta property=\"og:locale\" content=\"tr_TR\" \/>\n<meta property=\"og:locale:alternate\" content=\"en_US\" \/>\n<meta property=\"og:locale:alternate\" content=\"ru_RU\" \/>\n<meta property=\"og:locale:alternate\" content=\"pt_PT\" \/>\n<meta property=\"og:locale:alternate\" content=\"es_ES\" \/>\n<meta property=\"og:locale:alternate\" content=\"ro_RO\" \/>\n<meta property=\"og:locale:alternate\" content=\"sr_RS\" \/>\n<meta property=\"og:locale:alternate\" content=\"bg_BG\" \/>\n<meta property=\"og:locale:alternate\" content=\"hu_HU\" \/>\n<meta property=\"og:locale:alternate\" content=\"pl_PL\" \/>\n<meta property=\"og:locale:alternate\" content=\"el\" \/>\n<meta property=\"og:type\" content=\"article\" \/>\n<meta property=\"og:title\" content=\"\u0418\u0433\u0440\u0430\u0439\u0442\u0435 \u0432 Crazy Time: \u0430\u0437\u0430\u0440\u0442 \u0438 \u0432\u043e\u043b\u043d\u0435\u043d\u0438\u0435 \u0432 \u043e\u043d\u043b\u0430\u0439\u043d \u043a\u0430\u0437\u0438\u043d\u043e\" \/>\n<meta property=\"og:description\" content=\"\u041e\u0442\u043a\u0440\u043e\u0439\u0442\u0435 \u0434\u043b\u044f \u0441\u0435\u0431\u044f \u0437\u0430\u0445\u0432\u0430\u0442\u044b\u0432\u0430\u044e\u0449\u0438\u0439 \u043c\u0438\u0440 Crazy Time \u0432 \u043d\u0430\u0448\u0435\u043c \u043e\u043d\u043b\u0430\u0439\u043d \u043a\u0430\u0437\u0438\u043d\u043e. \u0412\u0435\u043b\u0438\u043a\u043e\u043b\u0435\u043f\u043d\u0430\u044f \u0433\u0440\u0430\u0444\u0438\u043a\u0430, \u043a\u0440\u0443\u043f\u043d\u044b\u0435 \u0432\u044b\u0438\u0433\u0440\u044b\u0448\u0438 \u0438 \u043d\u0435\u0437\u0430\u0431\u044b\u0432\u0430\u0435\u043c\u044b\u0435 \u0432\u043f\u0435\u0447\u0430\u0442\u043b\u0435\u043d\u0438\u044f \u0436\u0434\u0443\u0442 \u0432\u0430\u0441!\" \/>\n<meta property=\"og:url\" content=\"https:\/\/historycrazytime.info\/tr\/\" \/>\n<meta property=\"og:site_name\" content=\"Crazy Time\" \/>\n<meta property=\"article:modified_time\" content=\"2023-12-27T18:09:19+00:00\" \/>\n<meta name=\"twitter:card\" content=\"summary_large_image\" \/>\n<meta name=\"twitter:label1\" content=\"Tahmini okuma s\u00fcresi\" \/>\n\t<meta name=\"twitter:data1\" content=\"35 dakika\" \/>\n<script type=\"application\/ld+json\" class=\"yoast-schema-graph\">{\"@context\":\"https:\/\/schema.org\",\"@graph\":[{\"@type\":\"WebPage\",\"@id\":\"https:\/\/historycrazytime.info\/\",\"url\":\"https:\/\/historycrazytime.info\/\",\"name\":\"\u0418\u0433\u0440\u0430\u0439\u0442\u0435 \u0432 Crazy Time: \u0430\u0437\u0430\u0440\u0442 \u0438 \u0432\u043e\u043b\u043d\u0435\u043d\u0438\u0435 \u0432 \u043e\u043d\u043b\u0430\u0439\u043d \u043a\u0430\u0437\u0438\u043d\u043e\",\"isPartOf\":{\"@id\":\"https:\/\/historycrazytime.info\/#website\"},\"datePublished\":\"2023-12-09T00:29:38+00:00\",\"dateModified\":\"2023-12-27T18:09:19+00:00\",\"description\":\"\u041e\u0442\u043a\u0440\u043e\u0439\u0442\u0435 \u0434\u043b\u044f \u0441\u0435\u0431\u044f \u0437\u0430\u0445\u0432\u0430\u0442\u044b\u0432\u0430\u044e\u0449\u0438\u0439 \u043c\u0438\u0440 Crazy Time \u0432 \u043d\u0430\u0448\u0435\u043c \u043e\u043d\u043b\u0430\u0439\u043d \u043a\u0430\u0437\u0438\u043d\u043e. \u0412\u0435\u043b\u0438\u043a\u043e\u043b\u0435\u043f\u043d\u0430\u044f \u0433\u0440\u0430\u0444\u0438\u043a\u0430, \u043a\u0440\u0443\u043f\u043d\u044b\u0435 \u0432\u044b\u0438\u0433\u0440\u044b\u0448\u0438 \u0438 \u043d\u0435\u0437\u0430\u0431\u044b\u0432\u0430\u0435\u043c\u044b\u0435 \u0432\u043f\u0435\u0447\u0430\u0442\u043b\u0435\u043d\u0438\u044f \u0436\u0434\u0443\u0442 \u0432\u0430\u0441!\",\"breadcrumb\":{\"@id\":\"https:\/\/historycrazytime.info\/#breadcrumb\"},\"inLanguage\":\"tr-TR\",\"potentialAction\":[{\"@type\":\"ReadAction\",\"target\":[\"https:\/\/historycrazytime.info\/\"]}]},{\"@type\":\"BreadcrumbList\",\"@id\":\"https:\/\/historycrazytime.info\/#breadcrumb\",\"itemListElement\":[{\"@type\":\"ListItem\",\"position\":1,\"name\":\"Home\",\"item\":\"https:\/\/historycrazytime.info\/\"},{\"@type\":\"ListItem\",\"position\":2,\"name\":\"\u041e\u0442\u043a\u0440\u043e\u0439 \u0434\u0432\u0435\u0440\u0438 \u0443\u0432\u043b\u0435\u043a\u0430\u0442\u0435\u043b\u044c\u043d\u043e\u0433\u043e \u0430\u0437\u0430\u0440\u0442\u0430: \u0438\u0433\u0440\u0430\u0439 \u0432 Crazy Time \u0432 \u043e\u043d\u043b\u0430\u0439\u043d \u043a\u0430\u0437\u0438\u043d\u043e!\"}]},{\"@type\":\"WebSite\",\"@id\":\"https:\/\/historycrazytime.info\/#website\",\"url\":\"https:\/\/historycrazytime.info\/\",\"name\":\"Crazy Time\",\"description\":\"\",\"publisher\":{\"@id\":\"https:\/\/historycrazytime.info\/#organization\"},\"potentialAction\":[{\"@type\":\"SearchAction\",\"target\":{\"@type\":\"EntryPoint\",\"urlTemplate\":\"https:\/\/historycrazytime.info\/?s={search_term_string}\"},\"query-input\":{\"@type\":\"PropertyValueSpecification\",\"valueRequired\":true,\"valueName\":\"search_term_string\"}}],\"inLanguage\":\"tr-TR\"},{\"@type\":\"Organization\",\"@id\":\"https:\/\/historycrazytime.info\/#organization\",\"name\":\"Crazy Time\",\"url\":\"https:\/\/historycrazytime.info\/\",\"logo\":{\"@type\":\"ImageObject\",\"inLanguage\":\"tr-TR\",\"@id\":\"https:\/\/historycrazytime.info\/#\/schema\/logo\/image\/\",\"url\":\"https:\/\/historycrazytime.info\/wp-content\/uploads\/crazy-time-logo.webp\",\"contentUrl\":\"https:\/\/historycrazytime.info\/wp-content\/uploads\/crazy-time-logo.webp\",\"width\":640,\"height\":448,\"caption\":\"Crazy Time\"},\"image\":{\"@id\":\"https:\/\/historycrazytime.info\/#\/schema\/logo\/image\/\"}}]}<\/script>\n<!-- \/ Yoast SEO plugin. -->","yoast_head_json":{"title":"\u0418\u0433\u0440\u0430\u0439\u0442\u0435 \u0432 Crazy Time: \u0430\u0437\u0430\u0440\u0442 \u0438 \u0432\u043e\u043b\u043d\u0435\u043d\u0438\u0435 \u0432 \u043e\u043d\u043b\u0430\u0439\u043d \u043a\u0430\u0437\u0438\u043d\u043e","description":"Online casinomuzdaki Crazy Time'\u0131n heyecan verici d\u00fcnyas\u0131n\u0131 ke\u015ffedin. Sizi muazzam grafikler, b\u00fcy\u00fck kazan\u00e7lar ve unutulmaz deneyimler bekliyor!","robots":{"index":"index","follow":"follow","max-snippet":"max-snippet:-1","max-image-preview":"max-image-preview:large","max-video-preview":"max-video-preview:-1"},"canonical":"https:\/\/historycrazytime.info\/tr\/","og_locale":"tr_TR","og_type":"article","og_title":"\u0418\u0433\u0440\u0430\u0439\u0442\u0435 \u0432 Crazy Time: \u0430\u0437\u0430\u0440\u0442 \u0438 \u0432\u043e\u043b\u043d\u0435\u043d\u0438\u0435 \u0432 \u043e\u043d\u043b\u0430\u0439\u043d \u043a\u0430\u0437\u0438\u043d\u043e","og_description":"\u041e\u0442\u043a\u0440\u043e\u0439\u0442\u0435 \u0434\u043b\u044f \u0441\u0435\u0431\u044f \u0437\u0430\u0445\u0432\u0430\u0442\u044b\u0432\u0430\u044e\u0449\u0438\u0439 \u043c\u0438\u0440 Crazy Time \u0432 \u043d\u0430\u0448\u0435\u043c \u043e\u043d\u043b\u0430\u0439\u043d \u043a\u0430\u0437\u0438\u043d\u043e. \u0412\u0435\u043b\u0438\u043a\u043e\u043b\u0435\u043f\u043d\u0430\u044f \u0433\u0440\u0430\u0444\u0438\u043a\u0430, \u043a\u0440\u0443\u043f\u043d\u044b\u0435 \u0432\u044b\u0438\u0433\u0440\u044b\u0448\u0438 \u0438 \u043d\u0435\u0437\u0430\u0431\u044b\u0432\u0430\u0435\u043c\u044b\u0435 \u0432\u043f\u0435\u0447\u0430\u0442\u043b\u0435\u043d\u0438\u044f \u0436\u0434\u0443\u0442 \u0432\u0430\u0441!","og_url":"https:\/\/historycrazytime.info\/tr\/","og_site_name":"Crazy Time","article_modified_time":"2023-12-27T18:09:19+00:00","twitter_card":"summary_large_image","twitter_misc":{"Tahmini okuma s\u00fcresi":"35 dakika"},"schema":{"@context":"https:\/\/schema.org","@graph":[{"@type":"WebPage","@id":"https:\/\/historycrazytime.info\/","url":"https:\/\/historycrazytime.info\/","name":"\u0418\u0433\u0440\u0430\u0439\u0442\u0435 \u0432 Crazy Time: \u0430\u0437\u0430\u0440\u0442 \u0438 \u0432\u043e\u043b\u043d\u0435\u043d\u0438\u0435 \u0432 \u043e\u043d\u043b\u0430\u0439\u043d \u043a\u0430\u0437\u0438\u043d\u043e","isPartOf":{"@id":"https:\/\/historycrazytime.info\/#website"},"datePublished":"2023-12-09T00:29:38+00:00","dateModified":"2023-12-27T18:09:19+00:00","description":"\u041e\u0442\u043a\u0440\u043e\u0439\u0442\u0435 \u0434\u043b\u044f \u0441\u0435\u0431\u044f \u0437\u0430\u0445\u0432\u0430\u0442\u044b\u0432\u0430\u044e\u0449\u0438\u0439 \u043c\u0438\u0440 Crazy Time \u0432 \u043d\u0430\u0448\u0435\u043c \u043e\u043d\u043b\u0430\u0439\u043d \u043a\u0430\u0437\u0438\u043d\u043e. \u0412\u0435\u043b\u0438\u043a\u043e\u043b\u0435\u043f\u043d\u0430\u044f \u0433\u0440\u0430\u0444\u0438\u043a\u0430, \u043a\u0440\u0443\u043f\u043d\u044b\u0435 \u0432\u044b\u0438\u0433\u0440\u044b\u0448\u0438 \u0438 \u043d\u0435\u0437\u0430\u0431\u044b\u0432\u0430\u0435\u043c\u044b\u0435 \u0432\u043f\u0435\u0447\u0430\u0442\u043b\u0435\u043d\u0438\u044f \u0436\u0434\u0443\u0442 \u0432\u0430\u0441!","breadcrumb":{"@id":"https:\/\/historycrazytime.info\/#breadcrumb"},"inLanguage":"tr-TR","potentialAction":[{"@type":"ReadAction","target":["https:\/\/historycrazytime.info\/"]}]},{"@type":"BreadcrumbList","@id":"https:\/\/historycrazytime.info\/#breadcrumb","itemListElement":[{"@type":"ListItem","position":1,"name":"Home","item":"https:\/\/historycrazytime.info\/"},{"@type":"ListItem","position":2,"name":"\u041e\u0442\u043a\u0440\u043e\u0439 \u0434\u0432\u0435\u0440\u0438 \u0443\u0432\u043b\u0435\u043a\u0430\u0442\u0435\u043b\u044c\u043d\u043e\u0433\u043e \u0430\u0437\u0430\u0440\u0442\u0430: \u0438\u0433\u0440\u0430\u0439 \u0432 Crazy Time \u0432 \u043e\u043d\u043b\u0430\u0439\u043d \u043a\u0430\u0437\u0438\u043d\u043e!"}]},{"@type":"WebSite","@id":"https:\/\/historycrazytime.info\/#website","url":"https:\/\/historycrazytime.info\/","name":"Crazy Time","description":"","publisher":{"@id":"https:\/\/historycrazytime.info\/#organization"},"potentialAction":[{"@type":"SearchAction","target":{"@type":"EntryPoint","urlTemplate":"https:\/\/historycrazytime.info\/?s={search_term_string}"},"query-input":{"@type":"PropertyValueSpecification","valueRequired":true,"valueName":"search_term_string"}}],"inLanguage":"tr-TR"},{"@type":"Organization","@id":"https:\/\/historycrazytime.info\/#organization","name":"Crazy Time","url":"https:\/\/historycrazytime.info\/","logo":{"@type":"ImageObject","inLanguage":"tr-TR","@id":"https:\/\/historycrazytime.info\/#\/schema\/logo\/image\/","url":"https:\/\/historycrazytime.info\/wp-content\/uploads\/crazy-time-logo.webp","contentUrl":"https:\/\/historycrazytime.info\/wp-content\/uploads\/crazy-time-logo.webp","width":640,"height":448,"caption":"Crazy Time"},"image":{"@id":"https:\/\/historycrazytime.info\/#\/schema\/logo\/image\/"}}]}},"_links":{"self":[{"href":"https:\/\/historycrazytime.info\/tr\/wp-json\/wp\/v2\/pages\/6","targetHints":{"allow":["GET"]}}],"collection":[{"href":"https:\/\/historycrazytime.info\/tr\/wp-json\/wp\/v2\/pages"}],"about":[{"href":"https:\/\/historycrazytime.info\/tr\/wp-json\/wp\/v2\/types\/page"}],"author":[{"embeddable":true,"href":"https:\/\/historycrazytime.info\/tr\/wp-json\/wp\/v2\/users\/1"}],"replies":[{"embeddable":true,"href":"https:\/\/historycrazytime.info\/tr\/wp-json\/wp\/v2\/comments?post=6"}],"version-history":[{"count":26,"href":"https:\/\/historycrazytime.info\/tr\/wp-json\/wp\/v2\/pages\/6\/revisions"}],"predecessor-version":[{"id":160,"href":"https:\/\/historycrazytime.info\/tr\/wp-json\/wp\/v2\/pages\/6\/revisions\/160"}],"wp:attachment":[{"href":"https:\/\/historycrazytime.info\/tr\/wp-json\/wp\/v2\/media?parent=6"}],"curies":[{"name":"wp","href":"https:\/\/api.w.org\/{rel}","templated":true}]}}