{"id":23,"date":"2023-12-14T16:54:40","date_gmt":"2023-12-14T16:54:40","guid":{"rendered":"https:\/\/historycrazytime.info\/?page_id=23"},"modified":"2023-12-27T18:44:15","modified_gmt":"2023-12-27T18:44:15","slug":"play-online-casino","status":"publish","type":"page","link":"https:\/\/historycrazytime.info\/tr\/play-online-casino\/","title":{"rendered":"Online casinoda oyna: e\u011flence ve \u015fans d\u00fcnyas\u0131n\u0131 ke\u015ffet!"},"content":{"rendered":"<p>Online Casino&#8217;nun Heyecanl\u0131 D\u00fcnyas\u0131na Ho\u015f Geldiniz! Sanal salonlar\u0131m\u0131zda \u00f6nemli \u00f6d\u00fcller kazanma \u015fans\u0131yla heyecan ve heyecan\u0131n m\u00fckemmel bir kar\u0131\u015f\u0131m\u0131n\u0131 deneyimleyin. Sanal odalar\u0131m\u0131z benzersiz bir oyun deneyimi, macera hissi ve heyecan verici duygular sunar. Bu metinde, neden bir online casinoda kaydolman\u0131n \u00f6nemli oldu\u011funu, &#8220;Crazy Time&#8221; adl\u0131 heyecan verici oyunda \u00fccretsiz oynama f\u0131rsat\u0131 sunmay\u0131 ve kay\u0131t, para yat\u0131rma ve kazan\u00e7 \u00e7ekme s\u00fcre\u00e7lerini a\u00e7\u0131klamay\u0131 anlataca\u011f\u0131z.<\/p>\n<h2>Neden bir online casinoda kaydolmak \u00f6nemlidir?<\/h2>\n<p>Bir online casinoda kay\u0131t, kumar e\u011flencesinin d\u00fcnyas\u0131na heyecan verici bir yolculu\u011fun ilk ad\u0131m\u0131d\u0131r. Burada geni\u015f bir oyun se\u00e7imi, m\u00fckemmel grafikler ve ger\u00e7ek parayla kazanma f\u0131rsat\u0131 bulacaks\u0131n\u0131z. Kay\u0131t, yaln\u0131zca kay\u0131tl\u0131 oyunculara \u00f6zel olan \u00f6zel bonuslar, promosyonlar ve ayr\u0131cal\u0131klar\u0131n kap\u0131lar\u0131n\u0131 a\u00e7ar.<\/p>\n<h3>&#8220;Crazy Time&#8221;de \u00dccretsiz Oyun<\/h3>\n<p>Online casinomuzda mevcut olan en heyecan verici oyunlardan biri &#8220;Crazy Time&#8221;. Canl\u0131 krupiye \u015fovu, \u00e7arp\u0131c\u0131 kost\u00fcmler, \u00f6nemli \u00e7arpanlar ve beklenmedik maceralar sunan b\u00fcy\u00fcleyici bir oyundur. Ama en \u00f6nemlisi, bu oyunu tamamen \u00fccretsiz deneyebilirsiniz! Fonlar\u0131n\u0131z\u0131 riske atma ihtiyac\u0131 yok, sadece kumar heyecan\u0131n\u0131n ve atmosferinin tad\u0131n\u0131 \u00e7\u0131kar\u0131n.<\/p>\n<h2>Kay\u0131t ve Para Yat\u0131rma S\u00fcreci<\/h2>\n<p>Online casinomuzdaki kay\u0131t s\u00fcreci basit ve g\u00fcvenlidir. Bir hesap olu\u015fturmak i\u00e7in yaln\u0131zca temel bilgileri sa\u011flaman\u0131z yeterlidir: ad, soyad\u0131, e-posta ve \u015fifre. Kay\u0131t i\u015flemini tamamlad\u0131ktan sonra bir depozito yapman\u0131z istenecektir.<\/p>\n<p>Oyuncular\u0131m\u0131z i\u00e7in s\u00fcreci m\u00fcmk\u00fcn oldu\u011funca uygun hale getirmek i\u00e7in \u00e7e\u015fitli para yat\u0131rma y\u00f6ntemleri sunuyoruz. Kredi kartlar\u0131, e-c\u00fczdanlar, banka transferleri ve di\u011fer pop\u00fcler y\u00f6ntemleri kullanabilirsiniz. Finansal i\u015flemlerinizin tam g\u00fcvenli\u011fini ve sa\u011flanan bilgilerin gizlili\u011fini garanti ediyoruz.<\/p>\n<h2>\u00c7ekme Y\u00f6ntemleri<\/h2>\n<p>Casinomuzdan kazand\u0131\u011f\u0131n\u0131z paray\u0131 \u00e7ekmek basit ve g\u00fcvenilir bir s\u00fcre\u00e7tir. Her oyuncunun en uygun se\u00e7ene\u011fi se\u00e7ebilmesi i\u00e7in \u00e7e\u015fitli para \u00e7ekme y\u00f6ntemleri sunuyoruz. E-c\u00fczdanlar, kredi kartlar\u0131, banka transferleri &#8211; hepsi kazanc\u0131n\u0131z\u0131 \u00e7ekmek i\u00e7in kullan\u0131labilir.<\/p>\n<p>Online casinomuz h\u0131zl\u0131 ve g\u00fcvenli i\u015flemleri sa\u011flar. \u00c7ekim s\u00fcreci basit ve \u015feffaft\u0131r. B\u00fcy\u00fck bir \u00f6d\u00fcl m\u00fc kazand\u0131n\u0131z? Paran\u0131z\u0131n en k\u0131sa s\u00fcrede hesab\u0131n\u0131zda olaca\u011f\u0131n\u0131 garanti ediyoruz.<\/p>\n<h2>G\u00fcvenlik ve Adillik<\/h2>\n<p>Oyuncular\u0131n g\u00fcvenli\u011finin bir \u00f6ncelik oldu\u011funu anl\u0131yoruz. Online casinomuz, ki\u015fisel bilgilerin ve finanslar\u0131n maksimum korumas\u0131n\u0131 sa\u011flamak i\u00e7in geli\u015fmi\u015f veri \u015fifreleme teknolojilerini kullanmaktad\u0131r. Ayr\u0131ca, t\u00fcm oyunlar\u0131m\u0131z adil algoritmalar \u00fczerine dayanmaktad\u0131r ve ba\u011f\u0131ms\u0131z denetleyiciler taraf\u0131ndan denetlenmektedir.<\/p>\n<h2>Oyuncu Deste\u011fi<\/h2>\n<p>Online casinomuzda her oyuncuyu de\u011ferli buluyoruz. M\u00fc\u015fteri deste\u011fimiz, sorular\u0131n\u0131z\u0131 yan\u0131tlamak, sorunlar\u0131 \u00e7\u00f6zmek ve en iyi oyun deneyimini sa\u011flamak i\u00e7in 7\/24 kullan\u0131labilir. Bize canl\u0131 sohbet, e-posta veya telefon arac\u0131l\u0131\u011f\u0131yla ula\u015f\u0131n, uzmanlar\u0131m\u0131z size yard\u0131mc\u0131 olmaktan memnuniyet duyacakt\u0131r.<\/p>\n<h2>Sonu\u00e7 olarak<\/h2>\n<p>Heyecan verici online casinolar\u0131n d\u00fcnyas\u0131na dalma \u015fans\u0131n\u0131 ka\u00e7\u0131rmay\u0131n. Bug\u00fcn kaydolun, &#8220;Crazy Time&#8221;da \u00fccretsiz oynay\u0131n ve kumar e\u011flencesinin heyecan\u0131n\u0131 hissedin. G\u00fcvenlik, adillik ve heyecan verici bir oyun deneyimi garanti ediyoruz. Belki de \u015fans\u0131n\u0131z tam da burada sizi bekliyor!<\/p>\n","protected":false},"excerpt":{"rendered":"<p>Online Casino&#8217;nun Heyecanl\u0131 D\u00fcnyas\u0131na Ho\u015f Geldiniz! Sanal salonlar\u0131m\u0131zda \u00f6nemli \u00f6d\u00fcller kazanma \u015fans\u0131yla heyecan ve heyecan\u0131n m\u00fckemmel bir kar\u0131\u015f\u0131m\u0131n\u0131 deneyimleyin. Sanal odalar\u0131m\u0131z benzersiz bir oyun deneyimi, macera hissi ve heyecan verici duygular sunar. Bu metinde, neden bir online casinoda kaydolman\u0131n \u00f6nemli oldu\u011funu, &#8220;Crazy Time&#8221; adl\u0131 heyecan verici oyunda \u00fccretsiz oynama f\u0131rsat\u0131 sunmay\u0131 ve kay\u0131t, para yat\u0131rma ve kazan\u00e7 \u00e7ekme s\u00fcre\u00e7lerini a\u00e7\u0131klamay\u0131 anlataca\u011f\u0131z. Neden bir online casinoda kaydolmak \u00f6nemlidir? Bir online casinoda kay\u0131t, kumar e\u011flencesinin d\u00fcnyas\u0131na heyecan&hellip; <\/p>\n","protected":false},"author":1,"featured_media":0,"parent":0,"menu_order":0,"comment_status":"closed","ping_status":"closed","template":"","meta":{"footnotes":""},"class_list":["post-23","page","type-page","status-publish","hentry"],"yoast_head":"<!-- This site is optimized with the Yoast SEO plugin v27.2 - https:\/\/yoast.com\/product\/yoast-seo-wordpress\/ -->\n<title>J\u00e1tssz a Crazy Time-mal Online: Es\u00e9lyeid a Szerencs\u00e9re<\/title>\n<meta name=\"description\" content=\"Crazy Time ile kumar e\u011flencesinin d\u00fcnyas\u0131na dal\u0131n. Bug\u00fcn kaydolun, bonuslar\u0131 al\u0131n ve online casinomuzda heyecan verici oyunlar oynay\u0131n.\" \/>\n<meta name=\"robots\" content=\"index, follow, max-snippet:-1, max-image-preview:large, max-video-preview:-1\" \/>\n<link rel=\"canonical\" href=\"https:\/\/historycrazytime.info\/tr\/play-online-casino\/\" \/>\n<meta property=\"og:locale\" content=\"tr_TR\" \/>\n<meta property=\"og:locale:alternate\" content=\"en_US\" \/>\n<meta property=\"og:locale:alternate\" content=\"ru_RU\" \/>\n<meta property=\"og:locale:alternate\" content=\"pt_PT\" \/>\n<meta property=\"og:locale:alternate\" content=\"es_ES\" \/>\n<meta property=\"og:locale:alternate\" content=\"ro_RO\" \/>\n<meta property=\"og:locale:alternate\" content=\"sr_RS\" \/>\n<meta property=\"og:locale:alternate\" content=\"bg_BG\" \/>\n<meta property=\"og:locale:alternate\" content=\"hu_HU\" \/>\n<meta property=\"og:locale:alternate\" content=\"pl_PL\" \/>\n<meta property=\"og:locale:alternate\" content=\"el\" \/>\n<meta property=\"og:type\" content=\"article\" \/>\n<meta property=\"og:title\" content=\"J\u00e1tssz a Crazy Time-mal Online: Es\u00e9lyeid a Szerencs\u00e9re\" \/>\n<meta property=\"og:description\" content=\"Mer\u00fclj el a szerencsej\u00e1t\u00e9k sz\u00f3rakoz\u00e1s vil\u00e1g\u00e1ban a Crazy Time-mal. Regisztr\u00e1lj ma, szerezd meg a b\u00f3nuszokat, \u00e9s j\u00e1tssz izgalmas j\u00e1t\u00e9kokat online kaszin\u00f3nkban.\" \/>\n<meta property=\"og:url\" content=\"https:\/\/historycrazytime.info\/tr\/play-online-casino\/\" \/>\n<meta property=\"og:site_name\" content=\"Crazy Time\" \/>\n<meta property=\"article:modified_time\" content=\"2023-12-27T18:44:15+00:00\" \/>\n<meta name=\"twitter:card\" content=\"summary_large_image\" \/>\n<meta name=\"twitter:label1\" content=\"Tahmini okuma s\u00fcresi\" \/>\n\t<meta name=\"twitter:data1\" content=\"20 dakika\" \/>\n<script type=\"application\/ld+json\" class=\"yoast-schema-graph\">{\"@context\":\"https:\/\/schema.org\",\"@graph\":[{\"@type\":\"WebPage\",\"@id\":\"https:\/\/historycrazytime.info\/hu\/play-online-casino\/\",\"url\":\"https:\/\/historycrazytime.info\/hu\/play-online-casino\/\",\"name\":\"J\u00e1tssz a Crazy Time-mal Online: Es\u00e9lyeid a Szerencs\u00e9re\",\"isPartOf\":{\"@id\":\"https:\/\/historycrazytime.info\/#website\"},\"datePublished\":\"2023-12-14T16:54:40+00:00\",\"dateModified\":\"2023-12-27T18:44:15+00:00\",\"description\":\"Mer\u00fclj el a szerencsej\u00e1t\u00e9k sz\u00f3rakoz\u00e1s vil\u00e1g\u00e1ban a Crazy Time-mal. Regisztr\u00e1lj ma, szerezd meg a b\u00f3nuszokat, \u00e9s j\u00e1tssz izgalmas j\u00e1t\u00e9kokat online kaszin\u00f3nkban.\",\"breadcrumb\":{\"@id\":\"https:\/\/historycrazytime.info\/hu\/play-online-casino\/#breadcrumb\"},\"inLanguage\":\"tr-TR\",\"potentialAction\":[{\"@type\":\"ReadAction\",\"target\":[\"https:\/\/historycrazytime.info\/hu\/play-online-casino\/\"]}]},{\"@type\":\"BreadcrumbList\",\"@id\":\"https:\/\/historycrazytime.info\/hu\/play-online-casino\/#breadcrumb\",\"itemListElement\":[{\"@type\":\"ListItem\",\"position\":1,\"name\":\"Home\",\"item\":\"https:\/\/historycrazytime.info\/\"},{\"@type\":\"ListItem\",\"position\":2,\"name\":\"J\u00e1tssz az online kaszin\u00f3ban: fedezd fel a sz\u00f3rakoz\u00e1s \u00e9s szerencse vil\u00e1g\u00e1t!\"}]},{\"@type\":\"WebSite\",\"@id\":\"https:\/\/historycrazytime.info\/#website\",\"url\":\"https:\/\/historycrazytime.info\/\",\"name\":\"Crazy Time\",\"description\":\"\",\"publisher\":{\"@id\":\"https:\/\/historycrazytime.info\/#organization\"},\"potentialAction\":[{\"@type\":\"SearchAction\",\"target\":{\"@type\":\"EntryPoint\",\"urlTemplate\":\"https:\/\/historycrazytime.info\/?s={search_term_string}\"},\"query-input\":{\"@type\":\"PropertyValueSpecification\",\"valueRequired\":true,\"valueName\":\"search_term_string\"}}],\"inLanguage\":\"tr-TR\"},{\"@type\":\"Organization\",\"@id\":\"https:\/\/historycrazytime.info\/#organization\",\"name\":\"Crazy Time\",\"url\":\"https:\/\/historycrazytime.info\/\",\"logo\":{\"@type\":\"ImageObject\",\"inLanguage\":\"tr-TR\",\"@id\":\"https:\/\/historycrazytime.info\/#\/schema\/logo\/image\/\",\"url\":\"https:\/\/historycrazytime.info\/wp-content\/uploads\/crazy-time-logo.webp\",\"contentUrl\":\"https:\/\/historycrazytime.info\/wp-content\/uploads\/crazy-time-logo.webp\",\"width\":640,\"height\":448,\"caption\":\"Crazy Time\"},\"image\":{\"@id\":\"https:\/\/historycrazytime.info\/#\/schema\/logo\/image\/\"}}]}<\/script>\n<!-- \/ Yoast SEO plugin. -->","yoast_head_json":{"title":"J\u00e1tssz a Crazy Time-mal Online: Es\u00e9lyeid a Szerencs\u00e9re","description":"Crazy Time ile kumar e\u011flencesinin d\u00fcnyas\u0131na dal\u0131n. Bug\u00fcn kaydolun, bonuslar\u0131 al\u0131n ve online casinomuzda heyecan verici oyunlar oynay\u0131n.","robots":{"index":"index","follow":"follow","max-snippet":"max-snippet:-1","max-image-preview":"max-image-preview:large","max-video-preview":"max-video-preview:-1"},"canonical":"https:\/\/historycrazytime.info\/tr\/play-online-casino\/","og_locale":"tr_TR","og_type":"article","og_title":"J\u00e1tssz a Crazy Time-mal Online: Es\u00e9lyeid a Szerencs\u00e9re","og_description":"Mer\u00fclj el a szerencsej\u00e1t\u00e9k sz\u00f3rakoz\u00e1s vil\u00e1g\u00e1ban a Crazy Time-mal. Regisztr\u00e1lj ma, szerezd meg a b\u00f3nuszokat, \u00e9s j\u00e1tssz izgalmas j\u00e1t\u00e9kokat online kaszin\u00f3nkban.","og_url":"https:\/\/historycrazytime.info\/tr\/play-online-casino\/","og_site_name":"Crazy Time","article_modified_time":"2023-12-27T18:44:15+00:00","twitter_card":"summary_large_image","twitter_misc":{"Tahmini okuma s\u00fcresi":"20 dakika"},"schema":{"@context":"https:\/\/schema.org","@graph":[{"@type":"WebPage","@id":"https:\/\/historycrazytime.info\/hu\/play-online-casino\/","url":"https:\/\/historycrazytime.info\/hu\/play-online-casino\/","name":"J\u00e1tssz a Crazy Time-mal Online: Es\u00e9lyeid a Szerencs\u00e9re","isPartOf":{"@id":"https:\/\/historycrazytime.info\/#website"},"datePublished":"2023-12-14T16:54:40+00:00","dateModified":"2023-12-27T18:44:15+00:00","description":"Mer\u00fclj el a szerencsej\u00e1t\u00e9k sz\u00f3rakoz\u00e1s vil\u00e1g\u00e1ban a Crazy Time-mal. Regisztr\u00e1lj ma, szerezd meg a b\u00f3nuszokat, \u00e9s j\u00e1tssz izgalmas j\u00e1t\u00e9kokat online kaszin\u00f3nkban.","breadcrumb":{"@id":"https:\/\/historycrazytime.info\/hu\/play-online-casino\/#breadcrumb"},"inLanguage":"tr-TR","potentialAction":[{"@type":"ReadAction","target":["https:\/\/historycrazytime.info\/hu\/play-online-casino\/"]}]},{"@type":"BreadcrumbList","@id":"https:\/\/historycrazytime.info\/hu\/play-online-casino\/#breadcrumb","itemListElement":[{"@type":"ListItem","position":1,"name":"Home","item":"https:\/\/historycrazytime.info\/"},{"@type":"ListItem","position":2,"name":"J\u00e1tssz az online kaszin\u00f3ban: fedezd fel a sz\u00f3rakoz\u00e1s \u00e9s szerencse vil\u00e1g\u00e1t!"}]},{"@type":"WebSite","@id":"https:\/\/historycrazytime.info\/#website","url":"https:\/\/historycrazytime.info\/","name":"Crazy Time","description":"","publisher":{"@id":"https:\/\/historycrazytime.info\/#organization"},"potentialAction":[{"@type":"SearchAction","target":{"@type":"EntryPoint","urlTemplate":"https:\/\/historycrazytime.info\/?s={search_term_string}"},"query-input":{"@type":"PropertyValueSpecification","valueRequired":true,"valueName":"search_term_string"}}],"inLanguage":"tr-TR"},{"@type":"Organization","@id":"https:\/\/historycrazytime.info\/#organization","name":"Crazy Time","url":"https:\/\/historycrazytime.info\/","logo":{"@type":"ImageObject","inLanguage":"tr-TR","@id":"https:\/\/historycrazytime.info\/#\/schema\/logo\/image\/","url":"https:\/\/historycrazytime.info\/wp-content\/uploads\/crazy-time-logo.webp","contentUrl":"https:\/\/historycrazytime.info\/wp-content\/uploads\/crazy-time-logo.webp","width":640,"height":448,"caption":"Crazy Time"},"image":{"@id":"https:\/\/historycrazytime.info\/#\/schema\/logo\/image\/"}}]}},"_links":{"self":[{"href":"https:\/\/historycrazytime.info\/tr\/wp-json\/wp\/v2\/pages\/23","targetHints":{"allow":["GET"]}}],"collection":[{"href":"https:\/\/historycrazytime.info\/tr\/wp-json\/wp\/v2\/pages"}],"about":[{"href":"https:\/\/historycrazytime.info\/tr\/wp-json\/wp\/v2\/types\/page"}],"author":[{"embeddable":true,"href":"https:\/\/historycrazytime.info\/tr\/wp-json\/wp\/v2\/users\/1"}],"replies":[{"embeddable":true,"href":"https:\/\/historycrazytime.info\/tr\/wp-json\/wp\/v2\/comments?post=23"}],"version-history":[{"count":23,"href":"https:\/\/historycrazytime.info\/tr\/wp-json\/wp\/v2\/pages\/23\/revisions"}],"predecessor-version":[{"id":152,"href":"https:\/\/historycrazytime.info\/tr\/wp-json\/wp\/v2\/pages\/23\/revisions\/152"}],"wp:attachment":[{"href":"https:\/\/historycrazytime.info\/tr\/wp-json\/wp\/v2\/media?parent=23"}],"curies":[{"name":"wp","href":"https:\/\/api.w.org\/{rel}","templated":true}]}}