{"id":15,"date":"2023-12-09T15:16:19","date_gmt":"2023-12-09T15:16:19","guid":{"rendered":"https:\/\/historycrazytime.info\/?page_id=15"},"modified":"2023-12-27T18:31:16","modified_gmt":"2023-12-27T18:31:16","slug":"crazy-time-game-faq","status":"publish","type":"page","link":"https:\/\/historycrazytime.info\/tr\/crazy-time-game-faq\/","title":{"rendered":"SSS: Crazy Time Oyunu Hakk\u0131nda S\u0131k\u00e7a Sorulan Sorular"},"content":{"rendered":"<h3>Minimum bahis ne kadar olabilir?<\/h3>\n<p>Crazy Time&#8217;da minimum bahis 10 sent ve maksimum 1000 dolar.<\/p>\n<h3>Online oyunun sohbet \u00f6zelli\u011fi var m\u0131?<\/h3>\n<p>Oyun sunucusu ve di\u011fer oyuncularla ileti\u015fim kurabilirsiniz. Ancak Crazy Time sohbetinde nezaket kurallar\u0131n\u0131 takip etmeyi unutmay\u0131n.<\/p>\n<h3>Oyun aray\u00fcz\u00fcndeki istatistikler b\u00f6l\u00fcm\u00fc nas\u0131l g\u00f6r\u00fcn\u00fcyor?<\/h3>\n<p>\u0130statistikler b\u00f6l\u00fcm\u00fc, oyunun son iki turunun kazanan sonu\u00e7lar\u0131n\u0131 g\u00f6sterir.<\/p>\n<h3>Oyun numaras\u0131n\u0131 nas\u0131l \u00f6\u011frenirim?<\/h3>\n<p>Her Crazy Time oyun turunun kendi numaras\u0131 vard\u0131r. \u0130\u015fte bir oyun numaras\u0131 \u00f6rne\u011fi #10 saat 21:10:10. Bu numara, oyunun ba\u015flang\u0131c\u0131n\u0131n Greenwich Ortalama Zaman\u0131&#8217;n\u0131, dakikalar\u0131n\u0131 ve saniyelerini g\u00f6sterir. Belirli bir tur hakk\u0131nda m\u00fc\u015fteri deste\u011fi ile ileti\u015fim kurmak istiyorsan\u0131z bu oyun numaras\u0131n\u0131 kullan\u0131n.<\/p>\n<h3>Crazy Time&#8217;\u0131n \u00e7ok oyunculu modu nas\u0131l \u00e7al\u0131\u015f\u0131r?<\/h3>\n<p>Birinde durmak istemiyorsan\u0131z bir taray\u0131c\u0131 penceresinde birka\u00e7 masa se\u00e7ip bunlar\u0131 ayn\u0131 anda oynayabilirsiniz.<\/p>\n<h3>Crazy Time&#8217;da otomatik oynama modu var m\u0131?<\/h3>\n<p>Evet, m\u00fcmk\u00fcnd\u00fcr. Otomatik oynatma, bir bahis veya oyun turu say\u0131s\u0131n\u0131 yerle\u015ftirdikten sonra se\u00e7ilen bahisi tekrarlamaya olanak tan\u0131r. Otomatik oynatmay\u0131 ba\u015flatmak i\u00e7in bahisleri bahis alan\u0131na ekleyin ve &#8220;Oto Oynat&#8221; d\u00fc\u011fmesine bas\u0131n.<\/p>\n","protected":false},"excerpt":{"rendered":"<p>Minimum bahis ne kadar olabilir? Crazy Time&#8217;da minimum bahis 10 sent ve maksimum 1000 dolar. Online oyunun sohbet \u00f6zelli\u011fi var m\u0131? Oyun sunucusu ve di\u011fer oyuncularla ileti\u015fim kurabilirsiniz. Ancak Crazy Time sohbetinde nezaket kurallar\u0131n\u0131 takip etmeyi unutmay\u0131n. Oyun aray\u00fcz\u00fcndeki istatistikler b\u00f6l\u00fcm\u00fc nas\u0131l g\u00f6r\u00fcn\u00fcyor? \u0130statistikler b\u00f6l\u00fcm\u00fc, oyunun son iki turunun kazanan sonu\u00e7lar\u0131n\u0131 g\u00f6sterir. Oyun numaras\u0131n\u0131 nas\u0131l \u00f6\u011frenirim? Her Crazy Time oyun turunun kendi numaras\u0131 vard\u0131r. \u0130\u015fte bir oyun numaras\u0131 \u00f6rne\u011fi #10 saat 21:10:10. Bu numara, oyunun&hellip; <\/p>\n","protected":false},"author":1,"featured_media":0,"parent":0,"menu_order":0,"comment_status":"closed","ping_status":"closed","template":"","meta":{"footnotes":""},"class_list":["post-15","page","type-page","status-publish","hentry"],"yoast_head":"<!-- This site is optimized with the Yoast SEO plugin v27.2 - https:\/\/yoast.com\/product\/yoast-seo-wordpress\/ -->\n<title>\u0427\u0430\u0441\u0442\u043e \u0437\u0430\u0434\u0430\u0432\u0430\u0435\u043c\u044b\u0435 \u0432\u043e\u043f\u0440\u043e\u0441\u044b \u043e Crazy Time: \u043e\u0442\u0432\u0435\u0442\u044b \u043e\u0442 \u044d\u043a\u0441\u043f\u0435\u0440\u0442\u043e\u0432<\/title>\n<meta name=\"description\" content=\"Crazy Time ile ilgili s\u0131k\u00e7a sorulan sorular\u0131n cevaplar\u0131n\u0131 bulun. Uzman tavsiyeleri, de\u011ferli bilgiler ve oyuncu deste\u011fi tek bir yerde.\" \/>\n<meta name=\"robots\" content=\"index, follow, max-snippet:-1, max-image-preview:large, max-video-preview:-1\" \/>\n<link rel=\"canonical\" href=\"https:\/\/historycrazytime.info\/tr\/crazy-time-game-faq\/\" \/>\n<meta property=\"og:locale\" content=\"tr_TR\" \/>\n<meta property=\"og:locale:alternate\" content=\"en_US\" \/>\n<meta property=\"og:locale:alternate\" content=\"ru_RU\" \/>\n<meta property=\"og:locale:alternate\" content=\"pt_PT\" \/>\n<meta property=\"og:locale:alternate\" content=\"es_ES\" \/>\n<meta property=\"og:locale:alternate\" content=\"ro_RO\" \/>\n<meta property=\"og:locale:alternate\" content=\"sr_RS\" \/>\n<meta property=\"og:locale:alternate\" content=\"bg_BG\" \/>\n<meta property=\"og:locale:alternate\" content=\"hu_HU\" \/>\n<meta property=\"og:locale:alternate\" content=\"pl_PL\" \/>\n<meta property=\"og:locale:alternate\" content=\"el\" \/>\n<meta property=\"og:type\" content=\"article\" \/>\n<meta property=\"og:title\" content=\"\u0427\u0430\u0441\u0442\u043e \u0437\u0430\u0434\u0430\u0432\u0430\u0435\u043c\u044b\u0435 \u0432\u043e\u043f\u0440\u043e\u0441\u044b \u043e Crazy Time: \u043e\u0442\u0432\u0435\u0442\u044b \u043e\u0442 \u044d\u043a\u0441\u043f\u0435\u0440\u0442\u043e\u0432\" \/>\n<meta property=\"og:description\" content=\"\u041d\u0430\u0439\u0434\u0438\u0442\u0435 \u043e\u0442\u0432\u0435\u0442\u044b \u043d\u0430 \u0447\u0430\u0441\u0442\u043e \u0437\u0430\u0434\u0430\u0432\u0430\u0435\u043c\u044b\u0435 \u0432\u043e\u043f\u0440\u043e\u0441\u044b \u043e Crazy Time. \u042d\u043a\u0441\u043f\u0435\u0440\u0442\u043d\u044b\u0435 \u0441\u043e\u0432\u0435\u0442\u044b, \u043f\u043e\u043b\u0435\u0437\u043d\u0430\u044f \u0438\u043d\u0444\u043e\u0440\u043c\u0430\u0446\u0438\u044f \u0438 \u043f\u043e\u0434\u0434\u0435\u0440\u0436\u043a\u0430 \u0438\u0433\u0440\u043e\u043a\u043e\u0432 \u0432 \u043e\u0434\u043d\u043e\u043c \u043c\u0435\u0441\u0442\u0435.\" \/>\n<meta property=\"og:url\" content=\"https:\/\/historycrazytime.info\/tr\/crazy-time-game-faq\/\" \/>\n<meta property=\"og:site_name\" content=\"Crazy Time\" \/>\n<meta property=\"article:modified_time\" content=\"2023-12-27T18:31:16+00:00\" \/>\n<meta name=\"twitter:card\" content=\"summary_large_image\" \/>\n<meta name=\"twitter:label1\" content=\"Tahmini okuma s\u00fcresi\" \/>\n\t<meta name=\"twitter:data1\" content=\"8 dakika\" \/>\n<script type=\"application\/ld+json\" class=\"yoast-schema-graph\">{\"@context\":\"https:\/\/schema.org\",\"@graph\":[{\"@type\":\"WebPage\",\"@id\":\"https:\/\/historycrazytime.info\/crazy-time-game-faq\/\",\"url\":\"https:\/\/historycrazytime.info\/crazy-time-game-faq\/\",\"name\":\"\u0427\u0430\u0441\u0442\u043e \u0437\u0430\u0434\u0430\u0432\u0430\u0435\u043c\u044b\u0435 \u0432\u043e\u043f\u0440\u043e\u0441\u044b \u043e Crazy Time: \u043e\u0442\u0432\u0435\u0442\u044b \u043e\u0442 \u044d\u043a\u0441\u043f\u0435\u0440\u0442\u043e\u0432\",\"isPartOf\":{\"@id\":\"https:\/\/historycrazytime.info\/#website\"},\"datePublished\":\"2023-12-09T15:16:19+00:00\",\"dateModified\":\"2023-12-27T18:31:16+00:00\",\"description\":\"\u041d\u0430\u0439\u0434\u0438\u0442\u0435 \u043e\u0442\u0432\u0435\u0442\u044b \u043d\u0430 \u0447\u0430\u0441\u0442\u043e \u0437\u0430\u0434\u0430\u0432\u0430\u0435\u043c\u044b\u0435 \u0432\u043e\u043f\u0440\u043e\u0441\u044b \u043e Crazy Time. \u042d\u043a\u0441\u043f\u0435\u0440\u0442\u043d\u044b\u0435 \u0441\u043e\u0432\u0435\u0442\u044b, \u043f\u043e\u043b\u0435\u0437\u043d\u0430\u044f \u0438\u043d\u0444\u043e\u0440\u043c\u0430\u0446\u0438\u044f \u0438 \u043f\u043e\u0434\u0434\u0435\u0440\u0436\u043a\u0430 \u0438\u0433\u0440\u043e\u043a\u043e\u0432 \u0432 \u043e\u0434\u043d\u043e\u043c \u043c\u0435\u0441\u0442\u0435.\",\"breadcrumb\":{\"@id\":\"https:\/\/historycrazytime.info\/crazy-time-game-faq\/#breadcrumb\"},\"inLanguage\":\"tr-TR\",\"potentialAction\":[{\"@type\":\"ReadAction\",\"target\":[\"https:\/\/historycrazytime.info\/crazy-time-game-faq\/\"]}]},{\"@type\":\"BreadcrumbList\",\"@id\":\"https:\/\/historycrazytime.info\/crazy-time-game-faq\/#breadcrumb\",\"itemListElement\":[{\"@type\":\"ListItem\",\"position\":1,\"name\":\"Home\",\"item\":\"https:\/\/historycrazytime.info\/\"},{\"@type\":\"ListItem\",\"position\":2,\"name\":\"FAQ: \u0427\u0430\u0441\u0442\u043e \u0437\u0430\u0434\u0430\u0432\u0430\u0435\u043c\u044b\u0435 \u0432\u043e\u043f\u0440\u043e\u0441\u044b \u043e Crazy Time Game\"}]},{\"@type\":\"WebSite\",\"@id\":\"https:\/\/historycrazytime.info\/#website\",\"url\":\"https:\/\/historycrazytime.info\/\",\"name\":\"Crazy Time\",\"description\":\"\",\"publisher\":{\"@id\":\"https:\/\/historycrazytime.info\/#organization\"},\"potentialAction\":[{\"@type\":\"SearchAction\",\"target\":{\"@type\":\"EntryPoint\",\"urlTemplate\":\"https:\/\/historycrazytime.info\/?s={search_term_string}\"},\"query-input\":{\"@type\":\"PropertyValueSpecification\",\"valueRequired\":true,\"valueName\":\"search_term_string\"}}],\"inLanguage\":\"tr-TR\"},{\"@type\":\"Organization\",\"@id\":\"https:\/\/historycrazytime.info\/#organization\",\"name\":\"Crazy Time\",\"url\":\"https:\/\/historycrazytime.info\/\",\"logo\":{\"@type\":\"ImageObject\",\"inLanguage\":\"tr-TR\",\"@id\":\"https:\/\/historycrazytime.info\/#\/schema\/logo\/image\/\",\"url\":\"https:\/\/historycrazytime.info\/wp-content\/uploads\/crazy-time-logo.webp\",\"contentUrl\":\"https:\/\/historycrazytime.info\/wp-content\/uploads\/crazy-time-logo.webp\",\"width\":640,\"height\":448,\"caption\":\"Crazy Time\"},\"image\":{\"@id\":\"https:\/\/historycrazytime.info\/#\/schema\/logo\/image\/\"}}]}<\/script>\n<!-- \/ Yoast SEO plugin. -->","yoast_head_json":{"title":"\u0427\u0430\u0441\u0442\u043e \u0437\u0430\u0434\u0430\u0432\u0430\u0435\u043c\u044b\u0435 \u0432\u043e\u043f\u0440\u043e\u0441\u044b \u043e Crazy Time: \u043e\u0442\u0432\u0435\u0442\u044b \u043e\u0442 \u044d\u043a\u0441\u043f\u0435\u0440\u0442\u043e\u0432","description":"Crazy Time ile ilgili s\u0131k\u00e7a sorulan sorular\u0131n cevaplar\u0131n\u0131 bulun. Uzman tavsiyeleri, de\u011ferli bilgiler ve oyuncu deste\u011fi tek bir yerde.","robots":{"index":"index","follow":"follow","max-snippet":"max-snippet:-1","max-image-preview":"max-image-preview:large","max-video-preview":"max-video-preview:-1"},"canonical":"https:\/\/historycrazytime.info\/tr\/crazy-time-game-faq\/","og_locale":"tr_TR","og_type":"article","og_title":"\u0427\u0430\u0441\u0442\u043e \u0437\u0430\u0434\u0430\u0432\u0430\u0435\u043c\u044b\u0435 \u0432\u043e\u043f\u0440\u043e\u0441\u044b \u043e Crazy Time: \u043e\u0442\u0432\u0435\u0442\u044b \u043e\u0442 \u044d\u043a\u0441\u043f\u0435\u0440\u0442\u043e\u0432","og_description":"\u041d\u0430\u0439\u0434\u0438\u0442\u0435 \u043e\u0442\u0432\u0435\u0442\u044b \u043d\u0430 \u0447\u0430\u0441\u0442\u043e \u0437\u0430\u0434\u0430\u0432\u0430\u0435\u043c\u044b\u0435 \u0432\u043e\u043f\u0440\u043e\u0441\u044b \u043e Crazy Time. \u042d\u043a\u0441\u043f\u0435\u0440\u0442\u043d\u044b\u0435 \u0441\u043e\u0432\u0435\u0442\u044b, \u043f\u043e\u043b\u0435\u0437\u043d\u0430\u044f \u0438\u043d\u0444\u043e\u0440\u043c\u0430\u0446\u0438\u044f \u0438 \u043f\u043e\u0434\u0434\u0435\u0440\u0436\u043a\u0430 \u0438\u0433\u0440\u043e\u043a\u043e\u0432 \u0432 \u043e\u0434\u043d\u043e\u043c \u043c\u0435\u0441\u0442\u0435.","og_url":"https:\/\/historycrazytime.info\/tr\/crazy-time-game-faq\/","og_site_name":"Crazy Time","article_modified_time":"2023-12-27T18:31:16+00:00","twitter_card":"summary_large_image","twitter_misc":{"Tahmini okuma s\u00fcresi":"8 dakika"},"schema":{"@context":"https:\/\/schema.org","@graph":[{"@type":"WebPage","@id":"https:\/\/historycrazytime.info\/crazy-time-game-faq\/","url":"https:\/\/historycrazytime.info\/crazy-time-game-faq\/","name":"\u0427\u0430\u0441\u0442\u043e \u0437\u0430\u0434\u0430\u0432\u0430\u0435\u043c\u044b\u0435 \u0432\u043e\u043f\u0440\u043e\u0441\u044b \u043e Crazy Time: \u043e\u0442\u0432\u0435\u0442\u044b \u043e\u0442 \u044d\u043a\u0441\u043f\u0435\u0440\u0442\u043e\u0432","isPartOf":{"@id":"https:\/\/historycrazytime.info\/#website"},"datePublished":"2023-12-09T15:16:19+00:00","dateModified":"2023-12-27T18:31:16+00:00","description":"\u041d\u0430\u0439\u0434\u0438\u0442\u0435 \u043e\u0442\u0432\u0435\u0442\u044b \u043d\u0430 \u0447\u0430\u0441\u0442\u043e \u0437\u0430\u0434\u0430\u0432\u0430\u0435\u043c\u044b\u0435 \u0432\u043e\u043f\u0440\u043e\u0441\u044b \u043e Crazy Time. \u042d\u043a\u0441\u043f\u0435\u0440\u0442\u043d\u044b\u0435 \u0441\u043e\u0432\u0435\u0442\u044b, \u043f\u043e\u043b\u0435\u0437\u043d\u0430\u044f \u0438\u043d\u0444\u043e\u0440\u043c\u0430\u0446\u0438\u044f \u0438 \u043f\u043e\u0434\u0434\u0435\u0440\u0436\u043a\u0430 \u0438\u0433\u0440\u043e\u043a\u043e\u0432 \u0432 \u043e\u0434\u043d\u043e\u043c \u043c\u0435\u0441\u0442\u0435.","breadcrumb":{"@id":"https:\/\/historycrazytime.info\/crazy-time-game-faq\/#breadcrumb"},"inLanguage":"tr-TR","potentialAction":[{"@type":"ReadAction","target":["https:\/\/historycrazytime.info\/crazy-time-game-faq\/"]}]},{"@type":"BreadcrumbList","@id":"https:\/\/historycrazytime.info\/crazy-time-game-faq\/#breadcrumb","itemListElement":[{"@type":"ListItem","position":1,"name":"Home","item":"https:\/\/historycrazytime.info\/"},{"@type":"ListItem","position":2,"name":"FAQ: \u0427\u0430\u0441\u0442\u043e \u0437\u0430\u0434\u0430\u0432\u0430\u0435\u043c\u044b\u0435 \u0432\u043e\u043f\u0440\u043e\u0441\u044b \u043e Crazy Time Game"}]},{"@type":"WebSite","@id":"https:\/\/historycrazytime.info\/#website","url":"https:\/\/historycrazytime.info\/","name":"Crazy Time","description":"","publisher":{"@id":"https:\/\/historycrazytime.info\/#organization"},"potentialAction":[{"@type":"SearchAction","target":{"@type":"EntryPoint","urlTemplate":"https:\/\/historycrazytime.info\/?s={search_term_string}"},"query-input":{"@type":"PropertyValueSpecification","valueRequired":true,"valueName":"search_term_string"}}],"inLanguage":"tr-TR"},{"@type":"Organization","@id":"https:\/\/historycrazytime.info\/#organization","name":"Crazy Time","url":"https:\/\/historycrazytime.info\/","logo":{"@type":"ImageObject","inLanguage":"tr-TR","@id":"https:\/\/historycrazytime.info\/#\/schema\/logo\/image\/","url":"https:\/\/historycrazytime.info\/wp-content\/uploads\/crazy-time-logo.webp","contentUrl":"https:\/\/historycrazytime.info\/wp-content\/uploads\/crazy-time-logo.webp","width":640,"height":448,"caption":"Crazy Time"},"image":{"@id":"https:\/\/historycrazytime.info\/#\/schema\/logo\/image\/"}}]}},"_links":{"self":[{"href":"https:\/\/historycrazytime.info\/tr\/wp-json\/wp\/v2\/pages\/15","targetHints":{"allow":["GET"]}}],"collection":[{"href":"https:\/\/historycrazytime.info\/tr\/wp-json\/wp\/v2\/pages"}],"about":[{"href":"https:\/\/historycrazytime.info\/tr\/wp-json\/wp\/v2\/types\/page"}],"author":[{"embeddable":true,"href":"https:\/\/historycrazytime.info\/tr\/wp-json\/wp\/v2\/users\/1"}],"replies":[{"embeddable":true,"href":"https:\/\/historycrazytime.info\/tr\/wp-json\/wp\/v2\/comments?post=15"}],"version-history":[{"count":25,"href":"https:\/\/historycrazytime.info\/tr\/wp-json\/wp\/v2\/pages\/15\/revisions"}],"predecessor-version":[{"id":132,"href":"https:\/\/historycrazytime.info\/tr\/wp-json\/wp\/v2\/pages\/15\/revisions\/132"}],"wp:attachment":[{"href":"https:\/\/historycrazytime.info\/tr\/wp-json\/wp\/v2\/media?parent=15"}],"curies":[{"name":"wp","href":"https:\/\/api.w.org\/{rel}","templated":true}]}}