{"id":13,"date":"2023-12-09T15:15:05","date_gmt":"2023-12-09T15:15:05","guid":{"rendered":"https:\/\/historycrazytime.info\/?page_id=13"},"modified":"2023-12-27T17:52:14","modified_gmt":"2023-12-27T17:52:14","slug":"crazy-time-reviews","status":"publish","type":"page","link":"https:\/\/historycrazytime.info\/tr\/crazy-time-reviews\/","title":{"rendered":"Online casinoda Crazy Time oyunuyla ilgili oyuncu yorumlar\u0131"},"content":{"rendered":"<h3>\u0130nceleme: \u00c7evrimi\u00e7i Casinoda Crazy Time&#8217;daki \u0130lk Oyunum<\/h3>\n<p>Bir arkada\u015f\u0131m Crazy Time slotunu bana anlatt\u0131. Uzun s\u00fcredir \u00e7e\u015fitli oyunlar oynuyorum, ancak bu ger\u00e7ek bir \u00e7evrimi\u00e7i casinoda ilk deneyimimdi. \u0130lk ba\u015fta, arkada\u015f\u0131m\u0131n \u00e7evrimi\u00e7i b\u00f6yle \u015feyler oldu\u011funu s\u00f6yledi\u011finde inanmad\u0131m, ancak ger\u00e7ekten bir sunucu ve sohbet var burada. Hemen \u00e7o\u011fu param\u0131 kazanmad\u0131m, ancak Pachinko&#8217;ya bir bahis yapmaya cesaret ettim. Sonunda, 5 dolarl\u0131k bir bahisle inan\u0131lmaz 600 dolar getirdi. Tavsiye ediyorum, arkada\u015flar.<\/p>\n<p>Arkadiy, 28 ya\u015f\u0131nda.<\/p>\n<h3>\u0130nceleme: Crazy Time ile Ger\u00e7ekten Para Kazanabilirsiniz<\/h3>\n<p>Arkada\u015flar \u00fcniversite partilerinde bunu \u00f6nerdi. Para kazanma konusunda \u00f6zellikle g\u00fcvenli de\u011fildim; normal slotlarda daha \u00e7ok \u015fans\u0131m vard\u0131. Ama Crazy Time i\u015fe yar\u0131yor. Her \u015feye ayn\u0131 anda bahis yapmaya \u00e7al\u0131\u015farak \u00e7ok para kazand\u0131m. Sizin de ayn\u0131s\u0131n\u0131 yapman\u0131z\u0131 \u00f6neririm. Art\u0131k kendi ba\u015f\u0131ma, ebeveynler olmadan ilk arabam\u0131 almay\u0131 d\u00fc\u015f\u00fcn\u00fcyorum.<\/p>\n<p>Nikolay, 18 ya\u015f\u0131nda.<\/p>\n<h3>\u0130nceleme: Kazan\u00e7 \u0130\u00e7in En Etkili Oyun &#8211; Crazy Time<\/h3>\n<p>Sadece bir kumarhaneyi ziyaret etmeyi her zaman istedi\u011fim i\u00e7in Crazy Time&#8217;\u0131 denedim. Ayr\u0131ca bir sat\u0131c\u0131 ve oyuncularla sohbet etme f\u0131rsat\u0131 var, \u00f6zellikle evde bir kadeh \u015farap i\u00e7erken \u00e7ok ho\u015f. \u00c7evrimi\u00e7i de\u011filmi\u015f gibi hissettiriyor, ger\u00e7ek bir kumarhanede oynuyormu\u015fsunuz gibi. \u0130lgin\u00e7 olan \u015fu ki, bir hedefim olmasa da periyodik olarak kar elde ettim. Zararlar\u0131m\u0131za ra\u011fmen 20 ila 30 dolar aras\u0131nda kazand\u0131m, bu da \u00e7ok tatmin ediciydi. Para kazanmak isteyenler i\u00e7in Crazy Time en iyi se\u00e7enek olacak ve atmosfere kendinizi kapt\u0131rman\u0131z\u0131 \u00f6neririm.<\/p>\n<p>Alena, 34 ya\u015f\u0131nda.<\/p>\n<h3>\u0130nceleme: \u00dc\u00e7 Ayd\u0131r Crazy Time Oynuyorum ve \u015eimdiye Kadar Her \u015eey \u0130yi<\/h3>\n<p>\u015eimdiye kadar \u00fc\u00e7 ayd\u0131r Crazy Time oynuyorum. Bir arkada\u015f\u0131m ba\u015flang\u0131\u00e7ta kazand\u0131 ve sonra kaybetti\u011fini s\u00f6yledi. Ancak nas\u0131l oynayaca\u011f\u0131n\u0131 \u00f6\u011frendikten sonra her \u015fey yoluna girdi. Maksimum kazan\u00e7 bir seferde 1500 dolar oldu. Herkesin unutulmaz bir zaman ge\u00e7irmesini \u00f6neririm!<\/p>\n<p>Mikhail, 48 ya\u015f\u0131nda.<\/p>\n<h3>\u0130nceleme: Genellikle Crazy Time&#8217;daki T\u00fcm Alanlara Bahis Yapar\u0131m<\/h3>\n<p>Birlikte hizmet etti\u011fimiz bir \u00e7avu\u015f oynad\u0131 ve bize g\u00f6sterdi. Genellikle farkl\u0131 sporlara bahis yaparlar, ancak \u00e7evrimi\u00e7i casinoda hi\u00e7 oynamam\u0131\u015flard\u0131. \u0130lk defa Crazy Time&#8217;\u0131 duydum. Be\u011fendi\u011fim tek \u015fey ger\u00e7ekten tasarruf edebilmeniz. Size de ayn\u0131s\u0131n\u0131 tavsiye edebilirim, bu \u00e7\u0131lg\u0131n saatte kazanmak i\u00e7in her \u015feye bahis yap\u0131n. Bu \u015fekilde, her g\u00fcn sorunsuz bir \u015fekilde 30 ila 40 dolar aras\u0131nda kazan\u00e7 elde ettim. Depozitodan para \u00e7ekme m\u00fckemmeldir, her \u015fey g\u00fczel. Herkese Crazy Time oynamay\u0131 tavsiye ederim.<\/p>\n<p>Andrey, 22 ya\u015f\u0131nda.<\/p>\n<h3>Her ne kadar kumar\u0131 seven biri olmasam da, Crazy Time&#8217;\u0131 be\u011fendim<\/h3>\n<p>Her ne kadar kumar\u0131 seven biri olmasam da, Crazy Time bana bo\u015fanmamdan sonra rahatlamama ve hatta para kazanmama yard\u0131mc\u0131 oldu. Tavsiyeleri i\u00e7in kay\u0131npederime minnettar\u0131m. Crazy Time&#8217;da oynaman\u0131n bir\u00e7ok yolu var ve herkesin kendi stratejisi var. Oyun stratejime ba\u011fl\u0131 olarak bir ay i\u00e7inde 1200 dolar kazand\u0131m.<\/p>\n<p>Victor, 34 ya\u015f\u0131nda.<\/p>\n<h3>\u0130nceleme: Crazy Time &#8211; Sadece Heyecanl\u0131 De\u011fil, Ayn\u0131 Zamanda Karl\u0131<\/h3>\n<p>Crazy Time sadece heyecanl\u0131 de\u011fil, ayn\u0131 zamanda \u00e7ok ilgin\u00e7. \u00dcstelik, en \u00f6nemlisi, kafan\u0131z\u0131 kullanarak iyi para kazanabilirsiniz. 10 dolara kar\u015f\u0131 40 dolar kazan\u0131yorum.<\/p>\n<p>Alexander, 31 ya\u015f\u0131nda.<\/p>\n<h3>\u0130nceleme: Crazy Time Slotundan \u0130kinci Maa\u015f\u0131m<\/h3>\n<p>Bir meslekta\u015f\u0131m bana bu \u00e7evrimi\u00e7i slotu g\u00f6sterdi. Son be\u015f ayd\u0131r Crazy Time&#8217;da kazan\u0131yor. Yeni ald\u0131\u011f\u0131m arabam\u0131n kredisini \u00f6dedim. Bir strateji geli\u015ftirir ve ona ba\u011fl\u0131 kal\u0131rsan\u0131z, oynayarak bir ay i\u00e7inde ikinci bir maa\u015f alabilirsiniz.<\/p>\n<p>Maxim, 24 ya\u015f\u0131nda.<\/p>\n<h3>\u0130nceleme: Oynamak \u0130\u00e7in Ger\u00e7ek \u015eemalar\u0131m Var<\/h3>\n<p>Ben \u00e7ok dikkatli oynar\u0131m \u00e7\u00fcnk\u00fc risk almaktan ho\u015flanmam ve t\u00fcm bu kazan\u00e7lara inanmam. Yine de, bir arkada\u015f\u0131m &#8220;Crazy Time&#8221; oyununu \u00f6nerdi. Ba\u015fta sadece bahis yapar, izler ve sonra stratejiler arar, sonunda kar elde etmeye ba\u015flar. Ben strateji geli\u015ftirmeyi planlam\u0131yorum, ancak \u00e7al\u0131\u015fan planlar var. Ba\u015flang\u0131\u00e7ta her bahis i\u00e7in 5 dolar bahis yapard\u0131m, ama \u015fimdi her bahis i\u00e7in 10 dolar bahis yapar ve ayda 600 kazan\u0131r\u0131m.<\/p>\n<p>Alexey, 44 ya\u015f\u0131nda.<\/p>\n<h3><strong>\u0130nceleme: Crazy Time Slotu &#8211; Kesinlikle Tavsiye Edilir<\/strong><\/h3>\n<p>Bir arkada\u015f keyifli bir zaman ge\u00e7irmemi \u00f6nerdi. \u015eimdi neredeyse her g\u00fcn oynuyorum. Crazy Time ile kazanmak, nas\u0131l yap\u0131laca\u011f\u0131n\u0131 biliyorsan\u0131z kolayd\u0131r. Ve sonra para kendili\u011finden size gelecektir. Herkese tavsiye ederim.<\/p>\n<p>Denis, 32 ya\u015f\u0131nda.<\/p>\n<h3><strong>\u0130nceleme: Crazy Time&#8217;da Kazanmak Kolay<\/strong><\/h3>\n<p>Bir tan\u0131d\u0131k taraf\u0131ndan \u00f6nerildi. \u0130lk ba\u015fta t\u00fcm param\u0131 kaybetmenin bir yolu oldu\u011funu d\u00fc\u015f\u00fcnd\u00fcm, ama sonra bahisleri nas\u0131l yerle\u015ftirece\u011fim konusunda bana tavsiyelerde bulundular ve para gelmeye ba\u015flad\u0131. Crazy Time&#8217;\u0131 tavsiye ediyorum \u00e7\u00fcnk\u00fc kazanmak kolay, heyecan verici ve ilgin\u00e7.<\/p>\n<p>Inna, 19 ya\u015f\u0131nda.<\/p>\n<h3><strong>\u0130nceleme: Crazy Time &#8211; Tam Te\u015fekk\u00fcll\u00fc Etkile\u015fimli Bir Kumarhane<\/strong><\/h3>\n<p>Crazy Time oyununu yak\u0131n zamanda ke\u015ffettim. Yeni ve ilgin\u00e7 bir \u015fey ar\u0131yordum ve bir t\u00fcm etkile\u015fimli kumarhane buldum; burada krupiye ile ileti\u015fim kurabilir, di\u011fer oyuncularla sohbet edebilir ve muazzam kazan\u00e7lar elde edebilirsiniz. \u015eimdi birlikte oynuyoruz. \u015eimdi Crazy Time ile \u00f6deme yapabildi\u011fim i\u00e7in bir ipotek almay\u0131 d\u00fc\u015f\u00fcnd\u00fcm. Herkesin oyuna kat\u0131lmas\u0131n\u0131 tavsiye ederim \u00e7\u00fcnk\u00fc t\u00fcm kazan\u00e7lar\u0131m bahis masraflar\u0131n\u0131 kaps\u0131yor.<\/p>\n<p>Sergey, 24 ya\u015f\u0131nda.<\/p>\n<h3><strong>\u0130nceleme: Crazy Time&#8217;daki Kumarhane Hissini Be\u011fendim<\/strong><\/h3>\n<p>Yak\u0131n zamanda oyuna girdim. Crazy Time&#8217;da kumarhane hissini be\u011fendim ve kazan\u00e7lar kar\u015f\u0131s\u0131nda \u015fa\u015f\u0131rd\u0131m. Her ay 2 ila 4 bin dolar aras\u0131nda ek gelir elde etmek, fazla \u00e7aba harcamadan \u00e7ok ho\u015f. Herkese Crazy Time oynamay\u0131 \u00f6neririm.<\/p>\n<p>Victoria, 32 ya\u015f\u0131nda.<\/p>\n<h3><strong>\u0130nceleme: Crazy Time&#8217;dan \u0130yi Kazan\u00e7 Elde Ediyorum<\/strong><\/h3>\n<p>Bir arkada\u015f\u0131m oyunu \u00f6nerdi\u011finde ve uzun s\u00fcre tavsiyelerde bulundu\u011funda \u00e7ok endi\u015feliydim. Sonra bu Crazy Time&#8217;\u0131 denedim. \u0130lk ba\u015fta kazan\u00e7lar sadece bahislerle e\u015fde\u011ferdi, ama nas\u0131l oynanaca\u011f\u0131n\u0131 \u00f6\u011frendikten sonra Crazy Time ile iyi para kazanmaya ba\u015flad\u0131m. D\u00f6rt ayda 6000 dolar \u00e7ektim. Crazy Time&#8217;\u0131 oyunculara \u00f6neriyorum.<\/p>\n<p>Boris, 29 ya\u015f\u0131nda.<\/p>\n<h3><strong>\u0130nceleme: \u00c7evrimi\u00e7i Oyun Crazy Time&#8217;\u0131 Buldum<\/strong><\/h3>\n<p>\u00c7evrimi\u00e7i buldu\u011fum Crazy Time oyununu oynamaya karar verdim. B\u00fcy\u00fck bir miktar yerle\u015ftirdim ve depozito yeterliydi. En ilgin\u00e7 olan\u0131, Crazy Time&#8217;da kazanmaya ba\u015flamas\u0131yd\u0131. \u00c7ok para kazand\u0131m ve bunu yapmak i\u00e7in ihtiyac\u0131m olan tek \u015feyin zaman oldu\u011funu d\u00fc\u015f\u00fcn\u00fcrsek, Crazy Time harika bir \u00e7evrimi\u00e7i oyun.<\/p>\n<p>Igor, 54 ya\u015f\u0131nda.<\/p>\n<h3><strong>\u0130nceleme: Do\u011fru Bahsi Yapt\u0131\u011f\u0131m \u0130\u00e7in Kazand\u0131m<\/strong><\/h3>\n<p>Bir arkada\u015f Crazy Time oyununu \u00f6nerdi. Para laz\u0131md\u0131, ama kredi \u00e7ekmek istemiyordu. Ve burada do\u011fru bahsi yapt\u0131\u011f\u0131 i\u00e7in kazand\u0131. Herkese Crazy Time&#8217;\u0131 \u00f6neririm. Do\u011fru bir \u015fekilde yerle\u015ftirildi, iyi kazand\u0131, para \u00e7ekti.<\/p>\n<p>Semyon, 29 ya\u015f\u0131nda.<\/p>\n<h3><strong>\u0130nceleme: Arkada\u015f Crazy Time Slotunu Tavsiye Etti<\/strong><\/h3>\n<p>Bir meslekta\u015f Crazy Time oyununu \u00f6nerdi. Kumarhanede oynamaya ba\u015flad\u0131. Bahisler minimaldi, ama sonra cesurca hale geldiler ve \u015fimdi bir sekt\u00f6r ba\u015f\u0131na 10 ila 20 dolar alabilirim. Her zaman kazan\u00e7lar var ve genellikle b\u00fcy\u00fck miktarlarda para kazan\u0131l\u0131yor. Ba\u015far\u0131s\u0131zl\u0131klara dikkat etmemek \u00f6nemlidir \u00e7\u00fcnk\u00fc her \u015fey geri al\u0131nabilir. Crazy Time oynamak g\u00fcvenli ve karl\u0131.<\/p>\n<p>Sergey, 32 ya\u015f\u0131nda.<\/p>\n<h3><strong>\u0130nceleme: Crazy Time Bir\u00e7ok Kazan\u00e7 F\u0131rsat\u0131 Sunuyor<\/strong><\/h3>\n<p>Arkada\u015flardan Crazy Time oyununu \u00f6\u011frendim. \u0130lk ba\u015fta teredd\u00fct ettim, ama sonra denemeye karar verdim. \u0130lk ba\u015fta kaybettim, ama nas\u0131l oynayaca\u011f\u0131m\u0131 anlad\u0131m ve \u015fimdi daha \u00e7ok oynuyorum \u00e7\u00fcnk\u00fc para kazan\u0131yorum. Crazy Time&#8217;da kazanmak i\u00e7in bir\u00e7ok f\u0131rsat var ve \u00e7ok heyecan verici.<\/p>\n<p>Daniil, 27 ya\u015f\u0131nda.<\/p>\n<h3><strong>\u0130nceleme: Crazy Time&#8217;da B\u00fcy\u00fck Bir Miktar Kazand\u0131m<\/strong><\/h3>\n<p>Yeni duygular ar\u0131yordum, Crazy Time oyununu buldum. S\u00fcrekli Crazy Time oynuyorum, b\u00fcy\u00fck paralar kazan\u0131yorum, \u00e7ok e\u011fleniyorum ve herkese \u00f6neriyorum. Crazy Time&#8217;\u0131 denerseniz hayal k\u0131r\u0131kl\u0131\u011f\u0131na u\u011framazs\u0131n\u0131z.<\/p>\n<p>Petr, 24 ya\u015f\u0131nda.<\/p>\n<h3><strong>Yorum: Crazy Time&#8217;\u0131 Do\u011fru Kullanma<\/strong><\/h3>\n<p>Crazy Time oyunuyla tan\u0131\u015ft\u0131m. \u0130lk ba\u015fta teredd\u00fct ettim, ama bir arkada\u015f\u0131n nas\u0131l kazand\u0131\u011f\u0131n\u0131 ve para \u00e7ekti\u011fini g\u00f6r\u00fcnce kendim denemeye karar verdim. Hi\u00e7 oynamam\u0131\u015f olsam da, arkada\u015f h\u0131zl\u0131 bir \u015fekilde bana Crazy Time oynaman\u0131n kurallar\u0131n\u0131 verdi. \u015eimdi bahis yapar\u0131m, kazan\u0131r\u0131m ve kendim \u00e7ekerim. T\u00fcm paray\u0131 farkl\u0131 sekt\u00f6rlere da\u011f\u0131tt\u0131\u011f\u0131mdan, her turdan s\u00fcrekli gelir elde ederim. B\u00f6ylece Crazy Time para kazanman\u0131za izin verir.<\/p>\n<p>Sasha, 36 ya\u015f\u0131nda.<\/p>\n","protected":false},"excerpt":{"rendered":"<p>\u0130nceleme: \u00c7evrimi\u00e7i Casinoda Crazy Time&#8217;daki \u0130lk Oyunum Bir arkada\u015f\u0131m Crazy Time slotunu bana anlatt\u0131. Uzun s\u00fcredir \u00e7e\u015fitli oyunlar oynuyorum, ancak bu ger\u00e7ek bir \u00e7evrimi\u00e7i casinoda ilk deneyimimdi. \u0130lk ba\u015fta, arkada\u015f\u0131m\u0131n \u00e7evrimi\u00e7i b\u00f6yle \u015feyler oldu\u011funu s\u00f6yledi\u011finde inanmad\u0131m, ancak ger\u00e7ekten bir sunucu ve sohbet var burada. Hemen \u00e7o\u011fu param\u0131 kazanmad\u0131m, ancak Pachinko&#8217;ya bir bahis yapmaya cesaret ettim. Sonunda, 5 dolarl\u0131k bir bahisle inan\u0131lmaz 600 dolar getirdi. Tavsiye ediyorum, arkada\u015flar. Arkadiy, 28 ya\u015f\u0131nda. \u0130nceleme: Crazy Time ile Ger\u00e7ekten&hellip; <\/p>\n","protected":false},"author":1,"featured_media":0,"parent":0,"menu_order":0,"comment_status":"closed","ping_status":"closed","template":"","meta":{"footnotes":""},"class_list":["post-13","page","type-page","status-publish","hentry"],"yoast_head":"<!-- This site is optimized with the Yoast SEO plugin v27.2 - https:\/\/yoast.com\/product\/yoast-seo-wordpress\/ -->\n<title>\u041e\u0442\u0437\u044b\u0432\u044b \u043e\u0431 \u0438\u0433\u0440\u0435 Crazy Time: \u0440\u0435\u0430\u043b\u044c\u043d\u044b\u0435 \u0432\u043f\u0435\u0447\u0430\u0442\u043b\u0435\u043d\u0438\u044f \u0438\u0433\u0440\u043e\u043a\u043e\u0432<\/title>\n<meta name=\"description\" content=\"\u0427\u0438\u0442\u0430\u0439\u0442\u0435 \u0447\u0435\u0441\u0442\u043d\u044b\u0435 \u043e\u0442\u0437\u044b\u0432\u044b \u0438\u0433\u0440\u043e\u043a\u043e\u0432 \u043e Crazy Time. \u0423\u0437\u043d\u0430\u0439\u0442\u0435 \u043e\u0431 \u0443\u0434\u0430\u0447\u043d\u044b\u0445 \u0441\u0442\u0440\u0430\u0442\u0435\u0433\u0438\u044f\u0445, \u0432\u043e\u043b\u043d\u0443\u044e\u0449\u0438\u0445 \u043c\u043e\u043c\u0435\u043d\u0442\u0430\u0445 \u0438 \u0430\u0437\u0430\u0440\u0442\u043d\u044b\u0445 \u043f\u0440\u0438\u043a\u043b\u044e\u0447\u0435\u043d\u0438\u044f\u0445 \u0432 \u043d\u0430\u0448\u0435\u043c \u043e\u043d\u043b\u0430\u0439\u043d \u043a\u0430\u0437\u0438\u043d\u043e.\" \/>\n<meta name=\"robots\" content=\"index, follow, max-snippet:-1, max-image-preview:large, max-video-preview:-1\" \/>\n<link rel=\"canonical\" href=\"https:\/\/historycrazytime.info\/tr\/crazy-time-reviews\/\" \/>\n<meta property=\"og:locale\" content=\"tr_TR\" \/>\n<meta property=\"og:locale:alternate\" content=\"en_US\" \/>\n<meta property=\"og:locale:alternate\" content=\"ru_RU\" \/>\n<meta property=\"og:locale:alternate\" content=\"pt_PT\" \/>\n<meta property=\"og:locale:alternate\" content=\"es_ES\" \/>\n<meta property=\"og:locale:alternate\" content=\"ro_RO\" \/>\n<meta property=\"og:locale:alternate\" content=\"sr_RS\" \/>\n<meta property=\"og:locale:alternate\" content=\"bg_BG\" \/>\n<meta property=\"og:locale:alternate\" content=\"hu_HU\" \/>\n<meta property=\"og:locale:alternate\" content=\"pl_PL\" \/>\n<meta property=\"og:locale:alternate\" content=\"el\" \/>\n<meta property=\"og:type\" content=\"article\" \/>\n<meta property=\"og:title\" content=\"\u041e\u0442\u0437\u044b\u0432\u044b \u043e\u0431 \u0438\u0433\u0440\u0435 Crazy Time: \u0440\u0435\u0430\u043b\u044c\u043d\u044b\u0435 \u0432\u043f\u0435\u0447\u0430\u0442\u043b\u0435\u043d\u0438\u044f \u0438\u0433\u0440\u043e\u043a\u043e\u0432\" \/>\n<meta property=\"og:description\" content=\"\u0427\u0438\u0442\u0430\u0439\u0442\u0435 \u0447\u0435\u0441\u0442\u043d\u044b\u0435 \u043e\u0442\u0437\u044b\u0432\u044b \u0438\u0433\u0440\u043e\u043a\u043e\u0432 \u043e Crazy Time. \u0423\u0437\u043d\u0430\u0439\u0442\u0435 \u043e\u0431 \u0443\u0434\u0430\u0447\u043d\u044b\u0445 \u0441\u0442\u0440\u0430\u0442\u0435\u0433\u0438\u044f\u0445, \u0432\u043e\u043b\u043d\u0443\u044e\u0449\u0438\u0445 \u043c\u043e\u043c\u0435\u043d\u0442\u0430\u0445 \u0438 \u0430\u0437\u0430\u0440\u0442\u043d\u044b\u0445 \u043f\u0440\u0438\u043a\u043b\u044e\u0447\u0435\u043d\u0438\u044f\u0445 \u0432 \u043d\u0430\u0448\u0435\u043c \u043e\u043d\u043b\u0430\u0439\u043d \u043a\u0430\u0437\u0438\u043d\u043e.\" \/>\n<meta property=\"og:url\" content=\"https:\/\/historycrazytime.info\/tr\/crazy-time-reviews\/\" \/>\n<meta property=\"og:site_name\" content=\"Crazy Time\" \/>\n<meta property=\"article:modified_time\" content=\"2023-12-27T17:52:14+00:00\" \/>\n<meta name=\"twitter:card\" content=\"summary_large_image\" \/>\n<meta name=\"twitter:label1\" content=\"Tahmini okuma s\u00fcresi\" \/>\n\t<meta name=\"twitter:data1\" content=\"53 dakika\" \/>\n<script type=\"application\/ld+json\" class=\"yoast-schema-graph\">{\"@context\":\"https:\/\/schema.org\",\"@graph\":[{\"@type\":\"WebPage\",\"@id\":\"https:\/\/historycrazytime.info\/crazy-time-reviews\/\",\"url\":\"https:\/\/historycrazytime.info\/crazy-time-reviews\/\",\"name\":\"\u041e\u0442\u0437\u044b\u0432\u044b \u043e\u0431 \u0438\u0433\u0440\u0435 Crazy Time: \u0440\u0435\u0430\u043b\u044c\u043d\u044b\u0435 \u0432\u043f\u0435\u0447\u0430\u0442\u043b\u0435\u043d\u0438\u044f \u0438\u0433\u0440\u043e\u043a\u043e\u0432\",\"isPartOf\":{\"@id\":\"https:\/\/historycrazytime.info\/#website\"},\"datePublished\":\"2023-12-09T15:15:05+00:00\",\"dateModified\":\"2023-12-27T17:52:14+00:00\",\"description\":\"\u0427\u0438\u0442\u0430\u0439\u0442\u0435 \u0447\u0435\u0441\u0442\u043d\u044b\u0435 \u043e\u0442\u0437\u044b\u0432\u044b \u0438\u0433\u0440\u043e\u043a\u043e\u0432 \u043e Crazy Time. \u0423\u0437\u043d\u0430\u0439\u0442\u0435 \u043e\u0431 \u0443\u0434\u0430\u0447\u043d\u044b\u0445 \u0441\u0442\u0440\u0430\u0442\u0435\u0433\u0438\u044f\u0445, \u0432\u043e\u043b\u043d\u0443\u044e\u0449\u0438\u0445 \u043c\u043e\u043c\u0435\u043d\u0442\u0430\u0445 \u0438 \u0430\u0437\u0430\u0440\u0442\u043d\u044b\u0445 \u043f\u0440\u0438\u043a\u043b\u044e\u0447\u0435\u043d\u0438\u044f\u0445 \u0432 \u043d\u0430\u0448\u0435\u043c \u043e\u043d\u043b\u0430\u0439\u043d \u043a\u0430\u0437\u0438\u043d\u043e.\",\"breadcrumb\":{\"@id\":\"https:\/\/historycrazytime.info\/crazy-time-reviews\/#breadcrumb\"},\"inLanguage\":\"tr-TR\",\"potentialAction\":[{\"@type\":\"ReadAction\",\"target\":[\"https:\/\/historycrazytime.info\/crazy-time-reviews\/\"]}]},{\"@type\":\"BreadcrumbList\",\"@id\":\"https:\/\/historycrazytime.info\/crazy-time-reviews\/#breadcrumb\",\"itemListElement\":[{\"@type\":\"ListItem\",\"position\":1,\"name\":\"Home\",\"item\":\"https:\/\/historycrazytime.info\/\"},{\"@type\":\"ListItem\",\"position\":2,\"name\":\"\u041e\u0442\u0437\u044b\u0432\u044b \u0438\u0433\u0440\u043e\u043a\u043e\u0432 \u043e Crazy Time \u0432 \u043e\u043d\u043b\u0430\u0439\u043d-\u043a\u0430\u0437\u0438\u043d\u043e\"}]},{\"@type\":\"WebSite\",\"@id\":\"https:\/\/historycrazytime.info\/#website\",\"url\":\"https:\/\/historycrazytime.info\/\",\"name\":\"Crazy Time\",\"description\":\"\",\"publisher\":{\"@id\":\"https:\/\/historycrazytime.info\/#organization\"},\"potentialAction\":[{\"@type\":\"SearchAction\",\"target\":{\"@type\":\"EntryPoint\",\"urlTemplate\":\"https:\/\/historycrazytime.info\/?s={search_term_string}\"},\"query-input\":{\"@type\":\"PropertyValueSpecification\",\"valueRequired\":true,\"valueName\":\"search_term_string\"}}],\"inLanguage\":\"tr-TR\"},{\"@type\":\"Organization\",\"@id\":\"https:\/\/historycrazytime.info\/#organization\",\"name\":\"Crazy Time\",\"url\":\"https:\/\/historycrazytime.info\/\",\"logo\":{\"@type\":\"ImageObject\",\"inLanguage\":\"tr-TR\",\"@id\":\"https:\/\/historycrazytime.info\/#\/schema\/logo\/image\/\",\"url\":\"https:\/\/historycrazytime.info\/wp-content\/uploads\/crazy-time-logo.webp\",\"contentUrl\":\"https:\/\/historycrazytime.info\/wp-content\/uploads\/crazy-time-logo.webp\",\"width\":640,\"height\":448,\"caption\":\"Crazy Time\"},\"image\":{\"@id\":\"https:\/\/historycrazytime.info\/#\/schema\/logo\/image\/\"}}]}<\/script>\n<!-- \/ Yoast SEO plugin. -->","yoast_head_json":{"title":"\u041e\u0442\u0437\u044b\u0432\u044b \u043e\u0431 \u0438\u0433\u0440\u0435 Crazy Time: \u0440\u0435\u0430\u043b\u044c\u043d\u044b\u0435 \u0432\u043f\u0435\u0447\u0430\u0442\u043b\u0435\u043d\u0438\u044f \u0438\u0433\u0440\u043e\u043a\u043e\u0432","description":"\u0427\u0438\u0442\u0430\u0439\u0442\u0435 \u0447\u0435\u0441\u0442\u043d\u044b\u0435 \u043e\u0442\u0437\u044b\u0432\u044b \u0438\u0433\u0440\u043e\u043a\u043e\u0432 \u043e Crazy Time. \u0423\u0437\u043d\u0430\u0439\u0442\u0435 \u043e\u0431 \u0443\u0434\u0430\u0447\u043d\u044b\u0445 \u0441\u0442\u0440\u0430\u0442\u0435\u0433\u0438\u044f\u0445, \u0432\u043e\u043b\u043d\u0443\u044e\u0449\u0438\u0445 \u043c\u043e\u043c\u0435\u043d\u0442\u0430\u0445 \u0438 \u0430\u0437\u0430\u0440\u0442\u043d\u044b\u0445 \u043f\u0440\u0438\u043a\u043b\u044e\u0447\u0435\u043d\u0438\u044f\u0445 \u0432 \u043d\u0430\u0448\u0435\u043c \u043e\u043d\u043b\u0430\u0439\u043d \u043a\u0430\u0437\u0438\u043d\u043e.","robots":{"index":"index","follow":"follow","max-snippet":"max-snippet:-1","max-image-preview":"max-image-preview:large","max-video-preview":"max-video-preview:-1"},"canonical":"https:\/\/historycrazytime.info\/tr\/crazy-time-reviews\/","og_locale":"tr_TR","og_type":"article","og_title":"\u041e\u0442\u0437\u044b\u0432\u044b \u043e\u0431 \u0438\u0433\u0440\u0435 Crazy Time: \u0440\u0435\u0430\u043b\u044c\u043d\u044b\u0435 \u0432\u043f\u0435\u0447\u0430\u0442\u043b\u0435\u043d\u0438\u044f \u0438\u0433\u0440\u043e\u043a\u043e\u0432","og_description":"\u0427\u0438\u0442\u0430\u0439\u0442\u0435 \u0447\u0435\u0441\u0442\u043d\u044b\u0435 \u043e\u0442\u0437\u044b\u0432\u044b \u0438\u0433\u0440\u043e\u043a\u043e\u0432 \u043e Crazy Time. \u0423\u0437\u043d\u0430\u0439\u0442\u0435 \u043e\u0431 \u0443\u0434\u0430\u0447\u043d\u044b\u0445 \u0441\u0442\u0440\u0430\u0442\u0435\u0433\u0438\u044f\u0445, \u0432\u043e\u043b\u043d\u0443\u044e\u0449\u0438\u0445 \u043c\u043e\u043c\u0435\u043d\u0442\u0430\u0445 \u0438 \u0430\u0437\u0430\u0440\u0442\u043d\u044b\u0445 \u043f\u0440\u0438\u043a\u043b\u044e\u0447\u0435\u043d\u0438\u044f\u0445 \u0432 \u043d\u0430\u0448\u0435\u043c \u043e\u043d\u043b\u0430\u0439\u043d \u043a\u0430\u0437\u0438\u043d\u043e.","og_url":"https:\/\/historycrazytime.info\/tr\/crazy-time-reviews\/","og_site_name":"Crazy Time","article_modified_time":"2023-12-27T17:52:14+00:00","twitter_card":"summary_large_image","twitter_misc":{"Tahmini okuma s\u00fcresi":"53 dakika"},"schema":{"@context":"https:\/\/schema.org","@graph":[{"@type":"WebPage","@id":"https:\/\/historycrazytime.info\/crazy-time-reviews\/","url":"https:\/\/historycrazytime.info\/crazy-time-reviews\/","name":"\u041e\u0442\u0437\u044b\u0432\u044b \u043e\u0431 \u0438\u0433\u0440\u0435 Crazy Time: \u0440\u0435\u0430\u043b\u044c\u043d\u044b\u0435 \u0432\u043f\u0435\u0447\u0430\u0442\u043b\u0435\u043d\u0438\u044f \u0438\u0433\u0440\u043e\u043a\u043e\u0432","isPartOf":{"@id":"https:\/\/historycrazytime.info\/#website"},"datePublished":"2023-12-09T15:15:05+00:00","dateModified":"2023-12-27T17:52:14+00:00","description":"\u0427\u0438\u0442\u0430\u0439\u0442\u0435 \u0447\u0435\u0441\u0442\u043d\u044b\u0435 \u043e\u0442\u0437\u044b\u0432\u044b \u0438\u0433\u0440\u043e\u043a\u043e\u0432 \u043e Crazy Time. \u0423\u0437\u043d\u0430\u0439\u0442\u0435 \u043e\u0431 \u0443\u0434\u0430\u0447\u043d\u044b\u0445 \u0441\u0442\u0440\u0430\u0442\u0435\u0433\u0438\u044f\u0445, \u0432\u043e\u043b\u043d\u0443\u044e\u0449\u0438\u0445 \u043c\u043e\u043c\u0435\u043d\u0442\u0430\u0445 \u0438 \u0430\u0437\u0430\u0440\u0442\u043d\u044b\u0445 \u043f\u0440\u0438\u043a\u043b\u044e\u0447\u0435\u043d\u0438\u044f\u0445 \u0432 \u043d\u0430\u0448\u0435\u043c \u043e\u043d\u043b\u0430\u0439\u043d \u043a\u0430\u0437\u0438\u043d\u043e.","breadcrumb":{"@id":"https:\/\/historycrazytime.info\/crazy-time-reviews\/#breadcrumb"},"inLanguage":"tr-TR","potentialAction":[{"@type":"ReadAction","target":["https:\/\/historycrazytime.info\/crazy-time-reviews\/"]}]},{"@type":"BreadcrumbList","@id":"https:\/\/historycrazytime.info\/crazy-time-reviews\/#breadcrumb","itemListElement":[{"@type":"ListItem","position":1,"name":"Home","item":"https:\/\/historycrazytime.info\/"},{"@type":"ListItem","position":2,"name":"\u041e\u0442\u0437\u044b\u0432\u044b \u0438\u0433\u0440\u043e\u043a\u043e\u0432 \u043e Crazy Time \u0432 \u043e\u043d\u043b\u0430\u0439\u043d-\u043a\u0430\u0437\u0438\u043d\u043e"}]},{"@type":"WebSite","@id":"https:\/\/historycrazytime.info\/#website","url":"https:\/\/historycrazytime.info\/","name":"Crazy Time","description":"","publisher":{"@id":"https:\/\/historycrazytime.info\/#organization"},"potentialAction":[{"@type":"SearchAction","target":{"@type":"EntryPoint","urlTemplate":"https:\/\/historycrazytime.info\/?s={search_term_string}"},"query-input":{"@type":"PropertyValueSpecification","valueRequired":true,"valueName":"search_term_string"}}],"inLanguage":"tr-TR"},{"@type":"Organization","@id":"https:\/\/historycrazytime.info\/#organization","name":"Crazy Time","url":"https:\/\/historycrazytime.info\/","logo":{"@type":"ImageObject","inLanguage":"tr-TR","@id":"https:\/\/historycrazytime.info\/#\/schema\/logo\/image\/","url":"https:\/\/historycrazytime.info\/wp-content\/uploads\/crazy-time-logo.webp","contentUrl":"https:\/\/historycrazytime.info\/wp-content\/uploads\/crazy-time-logo.webp","width":640,"height":448,"caption":"Crazy Time"},"image":{"@id":"https:\/\/historycrazytime.info\/#\/schema\/logo\/image\/"}}]}},"_links":{"self":[{"href":"https:\/\/historycrazytime.info\/tr\/wp-json\/wp\/v2\/pages\/13","targetHints":{"allow":["GET"]}}],"collection":[{"href":"https:\/\/historycrazytime.info\/tr\/wp-json\/wp\/v2\/pages"}],"about":[{"href":"https:\/\/historycrazytime.info\/tr\/wp-json\/wp\/v2\/types\/page"}],"author":[{"embeddable":true,"href":"https:\/\/historycrazytime.info\/tr\/wp-json\/wp\/v2\/users\/1"}],"replies":[{"embeddable":true,"href":"https:\/\/historycrazytime.info\/tr\/wp-json\/wp\/v2\/comments?post=13"}],"version-history":[{"count":24,"href":"https:\/\/historycrazytime.info\/tr\/wp-json\/wp\/v2\/pages\/13\/revisions"}],"predecessor-version":[{"id":156,"href":"https:\/\/historycrazytime.info\/tr\/wp-json\/wp\/v2\/pages\/13\/revisions\/156"}],"wp:attachment":[{"href":"https:\/\/historycrazytime.info\/tr\/wp-json\/wp\/v2\/media?parent=13"}],"curies":[{"name":"wp","href":"https:\/\/api.w.org\/{rel}","templated":true}]}}