{"id":11,"date":"2023-12-09T12:28:50","date_gmt":"2023-12-09T12:28:50","guid":{"rendered":"https:\/\/historycrazytime.info\/?page_id=11"},"modified":"2023-12-27T18:13:06","modified_gmt":"2023-12-27T18:13:06","slug":"crazy-time-strategies","status":"publish","type":"page","link":"https:\/\/historycrazytime.info\/tr\/crazy-time-strategies\/","title":{"rendered":"Crazy Time Stratejileri"},"content":{"rendered":"<h2>Crazy Time Oyununda Heyecan Verici Bir \u015eekilde Nas\u0131l Kazan\u0131l\u0131r<\/h2>\n<p>Oyunda kazanman\u0131za yard\u0131mc\u0131 olacak strateji ve taktikleri payla\u015fmak isterim. \u00c7evrimi\u00e7i casinodaki Crazy Time, sadece bir oyun de\u011fil; ger\u00e7ek paralar kazanabilirsiniz! Do\u011fru oynayarak ve belirli bir algoritmay\u0131 takip ederek b\u00fcy\u00fck kazan\u00e7lar elde etmek m\u00fcmk\u00fcnd\u00fcr.<\/p>\n<p>Unutmay\u0131n, Crazy Time&#8217;da yanl\u0131\u015f bahis yaparak belirli bir miktar paray\u0131 kaybetme \u015fans\u0131n\u0131z var. Bu t\u00fcr \u015feyler, yanl\u0131\u015f sekt\u00f6rlerde oynad\u0131\u011f\u0131n\u0131zda ortaya \u00e7\u0131kar. Y\u00fcksek bahislerle daha fazla kazanma arzusuyla kendinizi, istenen Crazy Time sekt\u00f6r\u00fcnde her \u015feyi riske atarak kay\u0131plar ya\u015fayabilirsiniz. Ancak bu anlarda kay\u0131plar ya\u015fanabilir. Bu t\u00fcr duygusal ve yanl\u0131\u015f durumlar\u0131 \u00f6nlemek i\u00e7in Crazy Time oyunu stratejilerimizi ve taktiklerimizi sunuyoruz, b\u00f6ylece Crazy Time bahislerinden k\u00e2r elde edebilirsiniz.<\/p>\n<p>Soru ortaya \u00e7\u0131k\u0131yor: nas\u0131l kazan\u0131l\u0131r? \u00c7evrimi\u00e7i Crazy Time slotlar\u0131nda ger\u00e7ek paralar kazanmak i\u00e7in nas\u0131l bir yakla\u015f\u0131m\u0131m var? Birka\u00e7 yakla\u015f\u0131m\u0131m var. Size nas\u0131l kazanaca\u011f\u0131n\u0131z\u0131 anlataca\u011f\u0131z, siz de kendi y\u00f6nteminizi se\u00e7eceksiniz.<\/p>\n<p>\u00c7evrimi\u00e7i casinoda Crazy Time oynarken, riskleri azaltmak ve kazan\u00e7lar\u0131 en \u00fcst d\u00fczeye \u00e7\u0131karmak i\u00e7in birden \u00e7ok alana bahis yapmak \u00e7ok daha avantajl\u0131d\u0131r.<\/p>\n<h2>Metod &#8220;Dikkat &#8211; Ba\u015far\u0131ya Giden Yol&#8221;<\/h2>\n<p>\u00c7ok fazla stres ya\u015famak istemeyenler i\u00e7in bir se\u00e7enek. Ama\u00e7, kazan\u00e7lar\u0131 ad\u0131m ad\u0131m art\u0131rmakt\u0131r. H\u0131zl\u0131 bir \u015fekilde \u00e7ok para kazanmayacaks\u0131n\u0131z, ancak depozitinizi istikrarl\u0131 bir \u015fekilde art\u0131rabileceksiniz.<\/p>\n<p>Hedef, x1, x2 ve x5 gibi basit sekt\u00f6rlere ini\u015f olas\u0131l\u0131\u011f\u0131n\u0131 art\u0131rmakt\u0131r, \u00e7\u00fcnk\u00fc bunlar topluca% 75&#8217;ten fazla bir olas\u0131l\u0131\u011fa sahiptir. Bu, \u00fc\u00e7 oyundan ikisinde minimum bahsi kurtarma \u015fans\u0131 oldu\u011fu anlam\u0131na gelir.<\/p>\n<p>Ard\u0131ndan, tahtada bir sekt\u00f6r \u00e7arpan\u0131 belirir. Onun sayesinde, oyun dengemizi art\u0131rarak b\u00fcy\u00fck bir miktar para kazanabiliriz. x2 sekt\u00f6r\u00fcne 2 dolar koyarak, sekt\u00f6r \u00e7arpan\u0131 ile x7 elde ederiz ve x14 ile sona ereriz.<\/p>\n<p>Kabul edin, \u00e7evrimi\u00e7i casinoda bahisler i\u00e7in iyi bir kazan\u00e7. Crazy Time&#8217;da normal bir x2 bahsi ile oyun dengemizi art\u0131rabiliriz.<\/p>\n<p>Oyunun uzun s\u00fcrmesine ve dikkat gerektirmesine ra\u011fmen, Crazy Time oynamaktan maksimum keyif alacaks\u0131n\u0131z, hatta minimal riskle oynasan\u0131z bile.<\/p>\n<h2>Plan &#8220;Risk, Maliyetleri Hakl\u0131 \u00c7\u0131kar\u0131r&#8221;<\/h2>\n<p>Bu stratejinin amac\u0131, m\u00fcmk\u00fcn oldu\u011funca \u00e7ok alanda maksimum kazan\u00e7 elde etmektir.<\/p>\n<p>Hepsine ayn\u0131 anda minimum bahsi koyun. \u00c7evrimi\u00e7i casinoda bu &#8220;E\u011flence Zaman\u0131&#8221; stratejisini kullanmak i\u00e7in oyun bakiyenizin yeterince b\u00fcy\u00fck olup olmad\u0131\u011f\u0131na emin olun. K\u00fc\u00e7\u00fck kazan\u00e7lar b\u00fcy\u00fck kay\u0131plar\u0131 dengeleyecektir. Bu Crazy Time stratejisi, bonus oyununu tetikleme \u015fans\u0131n\u0131 art\u0131rmay\u0131 ama\u00e7lar. Bu, \u00e7\u00fcnk\u00fc bonus seviyeleri x25000&#8217;e kadar \u00e7arpanlar\u0131 biriktirebilir ve t\u00fcm yat\u0131r\u0131mlar\u0131 bu seviyeye kadar geri getirebilir. A\u00e7\u0131k\u00e7as\u0131, bu, \u00f6ncekine g\u00f6re daha riskli bir stratejidir, ancak kazan\u00e7 miktar\u0131 \u00f6nemli \u00f6l\u00e7\u00fcde daha y\u00fcksektir.<\/p>\n<h2>Plan &#8220;Cesur Talihin Yan\u0131ndad\u0131r&#8221;<\/h2>\n<p>Crazy Time&#8217;da kazanmak \u00fc\u00e7\u00fcnc\u00fc ba\u015far\u0131l\u0131 y\u00f6ntemdir. \u00c7evrimi\u00e7i Crazy Time oynarken risk almal\u0131 ve \u015fans\u0131n yan\u0131n\u0131zda olmas\u0131n\u0131 ummal\u0131s\u0131n\u0131z. Dengenize g\u00fcveniyorsan\u0131z ve risk almaktan korkmuyorsan\u0131z, bu se\u00e7enek sizin i\u00e7indir.<\/p>\n<p>Bonus oyunlar\u0131na b\u00fcy\u00fck miktarlarda bahis yap\u0131n ve b\u00fcy\u00fck miktarlarda oynamadan \u00f6nce k\u00fc\u00e7\u00fck \u015feylere para harcamay\u0131n. Birka\u00e7 kat daha fazla bahis yap\u0131n. Favori Crazy Time sekt\u00f6r\u00fcne s\u00fcrekli olarak yakla\u015f\u0131n.<\/p>\n<p>Crazy Time sekt\u00f6r \u00e7ekili\u015finde kendimize ait bir sinyali se\u00e7me \u015fans\u0131m\u0131z oldu\u011funu belirtmek \u00f6nemlidir. Bu, kazanma \u015fans\u0131m\u0131z\u0131 i\u00e7g\u00fcd\u00fclerimizin bize s\u00f6yledi\u011fi kadar art\u0131rmam\u0131za olanak tan\u0131r.<\/p>\n<p>Sonu\u00e7: Crazy Time oynamak i\u00e7in kullanabilece\u011finiz temel strateji ve taktikleri bir araya getirdik. Hangi strateji ve taktikleri kullanaca\u011f\u0131n\u0131z size ba\u011fl\u0131. Herkesin Crazy Time Casino&#8217;da oynarken harika vakit ge\u00e7irmesini dileriz. Kazan\u0131n ve kimse ma\u011flup olmu\u015f olarak kalmayacak.<\/p>\n","protected":false},"excerpt":{"rendered":"<p>Crazy Time Oyununda Heyecan Verici Bir \u015eekilde Nas\u0131l Kazan\u0131l\u0131r Oyunda kazanman\u0131za yard\u0131mc\u0131 olacak strateji ve taktikleri payla\u015fmak isterim. \u00c7evrimi\u00e7i casinodaki Crazy Time, sadece bir oyun de\u011fil; ger\u00e7ek paralar kazanabilirsiniz! Do\u011fru oynayarak ve belirli bir algoritmay\u0131 takip ederek b\u00fcy\u00fck kazan\u00e7lar elde etmek m\u00fcmk\u00fcnd\u00fcr. Unutmay\u0131n, Crazy Time&#8217;da yanl\u0131\u015f bahis yaparak belirli bir miktar paray\u0131 kaybetme \u015fans\u0131n\u0131z var. Bu t\u00fcr \u015feyler, yanl\u0131\u015f sekt\u00f6rlerde oynad\u0131\u011f\u0131n\u0131zda ortaya \u00e7\u0131kar. Y\u00fcksek bahislerle daha fazla kazanma arzusuyla kendinizi, istenen Crazy Time sekt\u00f6r\u00fcnde her&hellip; <\/p>\n","protected":false},"author":1,"featured_media":0,"parent":0,"menu_order":0,"comment_status":"closed","ping_status":"closed","template":"","meta":{"footnotes":""},"class_list":["post-11","page","type-page","status-publish","hentry"],"yoast_head":"<!-- This site is optimized with the Yoast SEO plugin v27.2 - https:\/\/yoast.com\/product\/yoast-seo-wordpress\/ -->\n<title>\u041b\u0443\u0447\u0448\u0438\u0435 \u0441\u0442\u0440\u0430\u0442\u0435\u0433\u0438\u0438 \u0434\u043b\u044f Crazy Time: \u043a\u0430\u043a \u0443\u0432\u0435\u043b\u0438\u0447\u0438\u0442\u044c \u0448\u0430\u043d\u0441\u044b \u043d\u0430 \u0432\u044b\u0438\u0433\u0440\u044b\u0448<\/title>\n<meta name=\"description\" content=\"Crazy Time oynamak i\u00e7in etkili stratejileri ke\u015ffedin. B\u00fcy\u00fck bir kazan\u00e7 elde etme \u015fanslar\u0131n\u0131z\u0131 art\u0131r\u0131n ve casinomuzda ak\u0131ll\u0131ca kumar oynay\u0131n.\" \/>\n<meta name=\"robots\" content=\"index, follow, max-snippet:-1, max-image-preview:large, max-video-preview:-1\" \/>\n<link rel=\"canonical\" href=\"https:\/\/historycrazytime.info\/tr\/crazy-time-strategies\/\" \/>\n<meta property=\"og:locale\" content=\"tr_TR\" \/>\n<meta property=\"og:locale:alternate\" content=\"en_US\" \/>\n<meta property=\"og:locale:alternate\" content=\"ru_RU\" \/>\n<meta property=\"og:locale:alternate\" content=\"pt_PT\" \/>\n<meta property=\"og:locale:alternate\" content=\"es_ES\" \/>\n<meta property=\"og:locale:alternate\" content=\"ro_RO\" \/>\n<meta property=\"og:locale:alternate\" content=\"sr_RS\" \/>\n<meta property=\"og:locale:alternate\" content=\"bg_BG\" \/>\n<meta property=\"og:locale:alternate\" content=\"hu_HU\" \/>\n<meta property=\"og:locale:alternate\" content=\"pl_PL\" \/>\n<meta property=\"og:locale:alternate\" content=\"el\" \/>\n<meta property=\"og:type\" content=\"article\" \/>\n<meta property=\"og:title\" content=\"\u041b\u0443\u0447\u0448\u0438\u0435 \u0441\u0442\u0440\u0430\u0442\u0435\u0433\u0438\u0438 \u0434\u043b\u044f Crazy Time: \u043a\u0430\u043a \u0443\u0432\u0435\u043b\u0438\u0447\u0438\u0442\u044c \u0448\u0430\u043d\u0441\u044b \u043d\u0430 \u0432\u044b\u0438\u0433\u0440\u044b\u0448\" \/>\n<meta property=\"og:description\" content=\"\u0418\u0437\u0443\u0447\u0438\u0442\u0435 \u044d\u0444\u0444\u0435\u043a\u0442\u0438\u0432\u043d\u044b\u0435 \u0441\u0442\u0440\u0430\u0442\u0435\u0433\u0438\u0438 \u0438\u0433\u0440\u044b \u0432 Crazy Time. \u041f\u043e\u0432\u044b\u0448\u0430\u0439\u0442\u0435 \u0441\u0432\u043e\u0438 \u0448\u0430\u043d\u0441\u044b \u043d\u0430 \u043a\u0440\u0443\u043f\u043d\u044b\u0439 \u0432\u044b\u0438\u0433\u0440\u044b\u0448 \u0438 \u043d\u0430\u0441\u043b\u0430\u0436\u0434\u0430\u0439\u0442\u0435\u0441\u044c \u0430\u0437\u0430\u0440\u0442\u043e\u043c \u0441 \u0443\u043c\u043e\u043c \u0432 \u043d\u0430\u0448\u0435\u043c \u043a\u0430\u0437\u0438\u043d\u043e.\" \/>\n<meta property=\"og:url\" content=\"https:\/\/historycrazytime.info\/tr\/crazy-time-strategies\/\" \/>\n<meta property=\"og:site_name\" content=\"Crazy Time\" \/>\n<meta property=\"article:modified_time\" content=\"2023-12-27T18:13:06+00:00\" \/>\n<meta name=\"twitter:card\" content=\"summary_large_image\" \/>\n<meta name=\"twitter:label1\" content=\"Tahmini okuma s\u00fcresi\" \/>\n\t<meta name=\"twitter:data1\" content=\"26 dakika\" \/>\n<script type=\"application\/ld+json\" class=\"yoast-schema-graph\">{\"@context\":\"https:\/\/schema.org\",\"@graph\":[{\"@type\":\"WebPage\",\"@id\":\"https:\/\/historycrazytime.info\/crazy-time-strategies\/\",\"url\":\"https:\/\/historycrazytime.info\/crazy-time-strategies\/\",\"name\":\"\u041b\u0443\u0447\u0448\u0438\u0435 \u0441\u0442\u0440\u0430\u0442\u0435\u0433\u0438\u0438 \u0434\u043b\u044f Crazy Time: \u043a\u0430\u043a \u0443\u0432\u0435\u043b\u0438\u0447\u0438\u0442\u044c \u0448\u0430\u043d\u0441\u044b \u043d\u0430 \u0432\u044b\u0438\u0433\u0440\u044b\u0448\",\"isPartOf\":{\"@id\":\"https:\/\/historycrazytime.info\/#website\"},\"datePublished\":\"2023-12-09T12:28:50+00:00\",\"dateModified\":\"2023-12-27T18:13:06+00:00\",\"description\":\"\u0418\u0437\u0443\u0447\u0438\u0442\u0435 \u044d\u0444\u0444\u0435\u043a\u0442\u0438\u0432\u043d\u044b\u0435 \u0441\u0442\u0440\u0430\u0442\u0435\u0433\u0438\u0438 \u0438\u0433\u0440\u044b \u0432 Crazy Time. \u041f\u043e\u0432\u044b\u0448\u0430\u0439\u0442\u0435 \u0441\u0432\u043e\u0438 \u0448\u0430\u043d\u0441\u044b \u043d\u0430 \u043a\u0440\u0443\u043f\u043d\u044b\u0439 \u0432\u044b\u0438\u0433\u0440\u044b\u0448 \u0438 \u043d\u0430\u0441\u043b\u0430\u0436\u0434\u0430\u0439\u0442\u0435\u0441\u044c \u0430\u0437\u0430\u0440\u0442\u043e\u043c \u0441 \u0443\u043c\u043e\u043c \u0432 \u043d\u0430\u0448\u0435\u043c \u043a\u0430\u0437\u0438\u043d\u043e.\",\"breadcrumb\":{\"@id\":\"https:\/\/historycrazytime.info\/crazy-time-strategies\/#breadcrumb\"},\"inLanguage\":\"tr-TR\",\"potentialAction\":[{\"@type\":\"ReadAction\",\"target\":[\"https:\/\/historycrazytime.info\/crazy-time-strategies\/\"]}]},{\"@type\":\"BreadcrumbList\",\"@id\":\"https:\/\/historycrazytime.info\/crazy-time-strategies\/#breadcrumb\",\"itemListElement\":[{\"@type\":\"ListItem\",\"position\":1,\"name\":\"Home\",\"item\":\"https:\/\/historycrazytime.info\/\"},{\"@type\":\"ListItem\",\"position\":2,\"name\":\"\u0421\u0442\u0440\u0430\u0442\u0435\u0433\u0438\u0438 Crazy Time\"}]},{\"@type\":\"WebSite\",\"@id\":\"https:\/\/historycrazytime.info\/#website\",\"url\":\"https:\/\/historycrazytime.info\/\",\"name\":\"Crazy Time\",\"description\":\"\",\"publisher\":{\"@id\":\"https:\/\/historycrazytime.info\/#organization\"},\"potentialAction\":[{\"@type\":\"SearchAction\",\"target\":{\"@type\":\"EntryPoint\",\"urlTemplate\":\"https:\/\/historycrazytime.info\/?s={search_term_string}\"},\"query-input\":{\"@type\":\"PropertyValueSpecification\",\"valueRequired\":true,\"valueName\":\"search_term_string\"}}],\"inLanguage\":\"tr-TR\"},{\"@type\":\"Organization\",\"@id\":\"https:\/\/historycrazytime.info\/#organization\",\"name\":\"Crazy Time\",\"url\":\"https:\/\/historycrazytime.info\/\",\"logo\":{\"@type\":\"ImageObject\",\"inLanguage\":\"tr-TR\",\"@id\":\"https:\/\/historycrazytime.info\/#\/schema\/logo\/image\/\",\"url\":\"https:\/\/historycrazytime.info\/wp-content\/uploads\/crazy-time-logo.webp\",\"contentUrl\":\"https:\/\/historycrazytime.info\/wp-content\/uploads\/crazy-time-logo.webp\",\"width\":640,\"height\":448,\"caption\":\"Crazy Time\"},\"image\":{\"@id\":\"https:\/\/historycrazytime.info\/#\/schema\/logo\/image\/\"}}]}<\/script>\n<!-- \/ Yoast SEO plugin. -->","yoast_head_json":{"title":"\u041b\u0443\u0447\u0448\u0438\u0435 \u0441\u0442\u0440\u0430\u0442\u0435\u0433\u0438\u0438 \u0434\u043b\u044f Crazy Time: \u043a\u0430\u043a \u0443\u0432\u0435\u043b\u0438\u0447\u0438\u0442\u044c \u0448\u0430\u043d\u0441\u044b \u043d\u0430 \u0432\u044b\u0438\u0433\u0440\u044b\u0448","description":"Crazy Time oynamak i\u00e7in etkili stratejileri ke\u015ffedin. B\u00fcy\u00fck bir kazan\u00e7 elde etme \u015fanslar\u0131n\u0131z\u0131 art\u0131r\u0131n ve casinomuzda ak\u0131ll\u0131ca kumar oynay\u0131n.","robots":{"index":"index","follow":"follow","max-snippet":"max-snippet:-1","max-image-preview":"max-image-preview:large","max-video-preview":"max-video-preview:-1"},"canonical":"https:\/\/historycrazytime.info\/tr\/crazy-time-strategies\/","og_locale":"tr_TR","og_type":"article","og_title":"\u041b\u0443\u0447\u0448\u0438\u0435 \u0441\u0442\u0440\u0430\u0442\u0435\u0433\u0438\u0438 \u0434\u043b\u044f Crazy Time: \u043a\u0430\u043a \u0443\u0432\u0435\u043b\u0438\u0447\u0438\u0442\u044c \u0448\u0430\u043d\u0441\u044b \u043d\u0430 \u0432\u044b\u0438\u0433\u0440\u044b\u0448","og_description":"\u0418\u0437\u0443\u0447\u0438\u0442\u0435 \u044d\u0444\u0444\u0435\u043a\u0442\u0438\u0432\u043d\u044b\u0435 \u0441\u0442\u0440\u0430\u0442\u0435\u0433\u0438\u0438 \u0438\u0433\u0440\u044b \u0432 Crazy Time. \u041f\u043e\u0432\u044b\u0448\u0430\u0439\u0442\u0435 \u0441\u0432\u043e\u0438 \u0448\u0430\u043d\u0441\u044b \u043d\u0430 \u043a\u0440\u0443\u043f\u043d\u044b\u0439 \u0432\u044b\u0438\u0433\u0440\u044b\u0448 \u0438 \u043d\u0430\u0441\u043b\u0430\u0436\u0434\u0430\u0439\u0442\u0435\u0441\u044c \u0430\u0437\u0430\u0440\u0442\u043e\u043c \u0441 \u0443\u043c\u043e\u043c \u0432 \u043d\u0430\u0448\u0435\u043c \u043a\u0430\u0437\u0438\u043d\u043e.","og_url":"https:\/\/historycrazytime.info\/tr\/crazy-time-strategies\/","og_site_name":"Crazy Time","article_modified_time":"2023-12-27T18:13:06+00:00","twitter_card":"summary_large_image","twitter_misc":{"Tahmini okuma s\u00fcresi":"26 dakika"},"schema":{"@context":"https:\/\/schema.org","@graph":[{"@type":"WebPage","@id":"https:\/\/historycrazytime.info\/crazy-time-strategies\/","url":"https:\/\/historycrazytime.info\/crazy-time-strategies\/","name":"\u041b\u0443\u0447\u0448\u0438\u0435 \u0441\u0442\u0440\u0430\u0442\u0435\u0433\u0438\u0438 \u0434\u043b\u044f Crazy Time: \u043a\u0430\u043a \u0443\u0432\u0435\u043b\u0438\u0447\u0438\u0442\u044c \u0448\u0430\u043d\u0441\u044b \u043d\u0430 \u0432\u044b\u0438\u0433\u0440\u044b\u0448","isPartOf":{"@id":"https:\/\/historycrazytime.info\/#website"},"datePublished":"2023-12-09T12:28:50+00:00","dateModified":"2023-12-27T18:13:06+00:00","description":"\u0418\u0437\u0443\u0447\u0438\u0442\u0435 \u044d\u0444\u0444\u0435\u043a\u0442\u0438\u0432\u043d\u044b\u0435 \u0441\u0442\u0440\u0430\u0442\u0435\u0433\u0438\u0438 \u0438\u0433\u0440\u044b \u0432 Crazy Time. \u041f\u043e\u0432\u044b\u0448\u0430\u0439\u0442\u0435 \u0441\u0432\u043e\u0438 \u0448\u0430\u043d\u0441\u044b \u043d\u0430 \u043a\u0440\u0443\u043f\u043d\u044b\u0439 \u0432\u044b\u0438\u0433\u0440\u044b\u0448 \u0438 \u043d\u0430\u0441\u043b\u0430\u0436\u0434\u0430\u0439\u0442\u0435\u0441\u044c \u0430\u0437\u0430\u0440\u0442\u043e\u043c \u0441 \u0443\u043c\u043e\u043c \u0432 \u043d\u0430\u0448\u0435\u043c \u043a\u0430\u0437\u0438\u043d\u043e.","breadcrumb":{"@id":"https:\/\/historycrazytime.info\/crazy-time-strategies\/#breadcrumb"},"inLanguage":"tr-TR","potentialAction":[{"@type":"ReadAction","target":["https:\/\/historycrazytime.info\/crazy-time-strategies\/"]}]},{"@type":"BreadcrumbList","@id":"https:\/\/historycrazytime.info\/crazy-time-strategies\/#breadcrumb","itemListElement":[{"@type":"ListItem","position":1,"name":"Home","item":"https:\/\/historycrazytime.info\/"},{"@type":"ListItem","position":2,"name":"\u0421\u0442\u0440\u0430\u0442\u0435\u0433\u0438\u0438 Crazy Time"}]},{"@type":"WebSite","@id":"https:\/\/historycrazytime.info\/#website","url":"https:\/\/historycrazytime.info\/","name":"Crazy Time","description":"","publisher":{"@id":"https:\/\/historycrazytime.info\/#organization"},"potentialAction":[{"@type":"SearchAction","target":{"@type":"EntryPoint","urlTemplate":"https:\/\/historycrazytime.info\/?s={search_term_string}"},"query-input":{"@type":"PropertyValueSpecification","valueRequired":true,"valueName":"search_term_string"}}],"inLanguage":"tr-TR"},{"@type":"Organization","@id":"https:\/\/historycrazytime.info\/#organization","name":"Crazy Time","url":"https:\/\/historycrazytime.info\/","logo":{"@type":"ImageObject","inLanguage":"tr-TR","@id":"https:\/\/historycrazytime.info\/#\/schema\/logo\/image\/","url":"https:\/\/historycrazytime.info\/wp-content\/uploads\/crazy-time-logo.webp","contentUrl":"https:\/\/historycrazytime.info\/wp-content\/uploads\/crazy-time-logo.webp","width":640,"height":448,"caption":"Crazy Time"},"image":{"@id":"https:\/\/historycrazytime.info\/#\/schema\/logo\/image\/"}}]}},"_links":{"self":[{"href":"https:\/\/historycrazytime.info\/tr\/wp-json\/wp\/v2\/pages\/11","targetHints":{"allow":["GET"]}}],"collection":[{"href":"https:\/\/historycrazytime.info\/tr\/wp-json\/wp\/v2\/pages"}],"about":[{"href":"https:\/\/historycrazytime.info\/tr\/wp-json\/wp\/v2\/types\/page"}],"author":[{"embeddable":true,"href":"https:\/\/historycrazytime.info\/tr\/wp-json\/wp\/v2\/users\/1"}],"replies":[{"embeddable":true,"href":"https:\/\/historycrazytime.info\/tr\/wp-json\/wp\/v2\/comments?post=11"}],"version-history":[{"count":33,"href":"https:\/\/historycrazytime.info\/tr\/wp-json\/wp\/v2\/pages\/11\/revisions"}],"predecessor-version":[{"id":144,"href":"https:\/\/historycrazytime.info\/tr\/wp-json\/wp\/v2\/pages\/11\/revisions\/144"}],"wp:attachment":[{"href":"https:\/\/historycrazytime.info\/tr\/wp-json\/wp\/v2\/media?parent=11"}],"curies":[{"name":"wp","href":"https:\/\/api.w.org\/{rel}","templated":true}]}}