{"id":6,"date":"2023-12-09T00:29:38","date_gmt":"2023-12-09T00:29:38","guid":{"rendered":"https:\/\/historycrazytime.info\/?page_id=6"},"modified":"2023-12-27T18:09:19","modified_gmt":"2023-12-27T18:09:19","slug":"crazy-time","status":"publish","type":"page","link":"https:\/\/historycrazytime.info\/ro\/","title":{"rendered":"Descoper\u0103 u\u0219i deschise c\u0103tre o excitare palpitant\u0103: Joac\u0103 Crazy Time la cazinoul nostru online!"},"content":{"rendered":"<p>Crazy Time nu este doar un joc de noroc. Este un spectacol complet \u0219i un joc popular cu o roat\u0103 a banilor care seam\u0103n\u0103 cu Roata Norocului cunoscut\u0103 de toat\u0103 lumea. Gazda \u00eenv\u00e2rte o roat\u0103 mare \u00een pozi\u021bie vertical\u0103, av\u00e2nd 54 de sectoare. Scopul este s\u0103 previzi unde se va opri roata la sf\u00e2r\u0219itul \u00eenv\u00e2rtirii. Niciun algoritm de calculator. Niciun truc. Doar hazard \u0219i noroc!<\/p>\n<p>Jocul Crazy Time este un clasic al cazinourilor. \u00cen fiecare an, \u00een diferite cazinouri online, acest joc se afl\u0103 constant printre cele mai populare sloturi, atr\u0103g\u00e2nd milioane de juc\u0103tori din \u00eentreaga lume.<\/p>\n<p>\u00cen plus, exist\u0103 \u0219i un slot video deasupra, care \u00ee\u021bi ofer\u0103 \u0219ansa de a ob\u021bine bonusuri specifice. \u00cen Crazy Time, juc\u0103torii conduc jocul a\u0219a cum face \u0219i dealerul, cre\u00e2nd o atmosfer\u0103 unic\u0103, asem\u0103n\u0103toare cu cea a unui cazino real.<\/p>\n<p>Slotul Crazy Time iese \u00een eviden\u021b\u0103 fa\u021b\u0103 de jocurile similare datorit\u0103 zonelor sale de bonus variate, reprezent\u00e2nd mini-jocuri separate care aduc c\u00e2\u0219tiguri extrem de mari c\u00e2\u0219tig\u0103torilor.<\/p>\n<h2>Caracteristici cheie ale jocului Crazy Time<\/h2>\n<p>Ac\u021biunea are loc \u00eentr-un cazino virtual cu un dealer live. C\u00e2nd gazda \u00eenv\u00e2rte roata, juc\u0103torii plaseaz\u0103 pariuri pe sectoare. Cei care ghicesc sectorul c\u00e2\u0219tig\u0103. \u00cen joc, pot fi folosite multe tactici diferite. Suma c\u00e2\u0219tigat\u0103 poate cre\u0219te de mai multe ori datorit\u0103 apari\u021biei unor multiplicatori mari pe roat\u0103. Alte caracteristici ale jocului online Crazy Time includ:<\/p>\n<ul>\n<li>Interac\u021biune prin chat cu dealerul \u0219i al\u021bi juc\u0103tori;<\/li>\n<li>C\u00e2\u0219tigarea unor sume mai mari de bani dec\u00e2t \u00een alte jocuri sau sloturi;<\/li>\n<li>Numeroase pariuri sau mini-jocuri oferite \u00eenaintea fiec\u0103rei \u00eenv\u00e2rtiri;<\/li>\n<li>Pentru a acoperi cheltuielile cu pariurile, po\u021bi paria pe toate sectoarele;<\/li>\n<li>Jocul are un stil de cazino, cre\u00e2nd o atmosfer\u0103 unic\u0103;<\/li>\n<li>Rat\u0103 mare de returnare a juc\u0103torului (96,08%).<\/li>\n<\/ul>\n<h2>Reguli ale jocului Crazy Time:<\/h2>\n<p>Roata \u00eentreag\u0103 const\u0103 \u00een opt grupuri.<\/p>\n<p>Unul dintre aceste opt grupuri reprezint\u0103 multiplicatorii de c\u00e2\u0219tig (x1, x2, x5, x10), \u00een timp ce celelalte grupuri reprezint\u0103 mini-jocuri precum Cash Hunt, Pachinko, Coin Flip \u0219i Crazy Time.<\/p>\n<p>Se pot plasa pariuri pe celule individuale, toate celulele sau doar unele dintre ele. Suma pariului poate fi ajustat\u0103 separat pentru fiecare celul\u0103. Merit\u0103 men\u021bionat c\u0103 sectoarele cu multiplicatori obi\u0219nui\u021bi au mult mai mul\u021bi bonusuri, de exemplu, sectoarele x1 &#8211; 21, sectoarele x2 &#8211; 14, sectoarele x5 &#8211; 7 \u0219i sectoarele x10 &#8211; 4. Astfel, ele apar mai frecvent.<\/p>\n<p>La \u00eenceputul jocului, dealerul accept\u0103 pariurile de la juc\u0103tori, iar roata \u00eencepe s\u0103 se \u00eenv\u00e2rt\u0103 c\u00e2nd sunt plasate toate pariurile.<\/p>\n<p>\u00cen acest moment, \u00eencepe s\u0103 se \u00eenv\u00e2rt\u0103 \u0219i slotul video. Acesta adaug\u0103 un multiplicator la un sector aleatoriu, fie c\u0103 este un num\u0103r sau un joc bonus. Dac\u0103 sectorul \u0219i multiplicatorul se potrivesc orizontal dup\u0103 \u00eenv\u00e2rtire, multiplicatorul este activat; \u00een caz contrar, runda se \u00eencheie f\u0103r\u0103 bonus.<br \/>\n\u00cen acest moment, roata se opre\u0219te. Juc\u0103torul ale c\u0103rui pariu a ghicit c\u00e2\u0219tig\u0103.<\/p>\n<p>\u00cen col\u021bul din dreapta jos al ecranului jocului, po\u021bi vedea istoricul sectoarelor jucate. Po\u021bi urm\u0103ri jocul Crazy Time f\u0103r\u0103 riscuri f\u0103r\u0103 s\u0103 cite\u0219ti regulile. Acest lucru \u00ee\u021bi permite s\u0103 \u00een\u021belegi mai bine caracteristicile jocurilor online, f\u0103c\u00e2ndu-l comod. Deoarece nu exist\u0103 o versiune demo a jocului Crazy Time, aceasta este o excelent\u0103 alternativ\u0103 pentru petrecerea timpului de joc.<\/p>\n<h2>Jocuri Bonus \u00een Cazinoul Crazy Time<\/h2>\n<p>Fiecare sector bonus reprezint\u0103 un mini-joc separat. Mini-jocurile Crazy Time cu bonusuri ofer\u0103 cele mai mari c\u00e2\u0219tiguri. Sunt patru \u00een Crazy Time:<\/p>\n<h3>Cash Hunt:<\/h3>\n<p>Acest mini-joc const\u0103 \u00eentr-un c\u00e2mp de 108 de celule cu multiplicatori aleatorii. \u00cen timpul alocat, trebuie s\u0103 alegi una dintre ele. La sf\u00e2r\u0219it, sun\u0103 un semnal, indic\u00e2nd suma final\u0103.<\/p>\n<h3>Pachinko:<\/h3>\n<p>C\u00e2nd apare Pachinko, pe ecran apare un zid cu numeroase dibluri. \u0218aisprezece valori sunt afi\u0219ate \u00een partea de jos, fiecare dintre ele fiind un multiplicator. Dealerul determin\u0103 c\u00e2\u0219tigul final c\u00e2nd bila cade. Multiplicatorul maxim poate fi x10,000.<\/p>\n<h3>Coin Flip:<\/h3>\n<p>Coin Flip este un joc de aruncare a monedei. Pe ecran sunt afi\u0219ate dou\u0103 cercuri: albastru \u0219i ro\u0219u. \u00cen aceste cercuri este afi\u0219at un multiplicator de c\u00e2\u0219tig ales aleatoriu. Dealerul lanseaz\u0103 o cip\u0103 colorat\u0103. \u00cen func\u021bie de rezultate, jocul va determina o victorie sau o \u00eenfr\u00e2ngere. Multiplicatorul maxim permis este x100.<\/p>\n<h3>Crazy Time:<\/h3>\n<p>C\u00e2nd apare Crazy Time, dealerul se mut\u0103 \u00eentr-o alt\u0103 camer\u0103 cu o roat\u0103 \u0219i mai mare. Juc\u0103torul trebuie s\u0103 aleag\u0103 unul dintre cele trei markere aflate deasupra ro\u021bii. Aleg\u00e2nd unul dintre markere, trebuie s\u0103 prinzi c\u00e2t mai mul\u021bi multiplicatori posibili. Mini-jocul Crazy Time ofer\u0103 un bonus maxim de x20,000.<\/p>\n<h3>Aminte\u0219te-\u021bi de Slotul Video<\/h3>\n<p>Dac\u0103 a ap\u0103rut un multiplicator pe slotul video \u00eentr-unul dintre jocurile bonus \u00eenainte de acest lucru, c\u00e2\u0219tigurile vor cre\u0219te \u00een func\u021bie de valoarea jocului. Slotul online Crazy Time ofer\u0103 c\u00e2\u0219tiguri incredibil de mari.<\/p>\n<h2>Sfaturi utile pentru Crazy Time<\/h2>\n<p>Iat\u0103 c\u00e2teva detalii utile despre jocul online Crazy Time care cu siguran\u021b\u0103 \u00ee\u021bi vor fi de folos dac\u0103 decizi s\u0103 joci pentru bani reali \u00eentr-un cazino online:<\/p>\n<ul>\n<li>Slotul video poate avea un multiplicator maxim de x50.<\/li>\n<li>Multiplicarea maxim\u0103 a unei singure pariuri este x20,000. Acest lucru se \u00eent\u00e2mpl\u0103 \u00een jocul bonus Crazy Time cu func\u021bii Double\/Triple.<\/li>\n<li>Intervalul de pariere variaz\u0103 de la 5 cen\u021bi la 50 de dolari.<\/li>\n<li>Juc\u0103torii cu noroc mare pot c\u00e2\u0219tiga p\u00e2n\u0103 la cinci sute de ori suma pariului lor.<\/li>\n<\/ul>\n","protected":false},"excerpt":{"rendered":"<p>Crazy Time nu este doar un joc de noroc. Este un spectacol complet \u0219i un joc popular cu o roat\u0103 a banilor care seam\u0103n\u0103 cu Roata Norocului cunoscut\u0103 de toat\u0103 lumea. Gazda \u00eenv\u00e2rte o roat\u0103 mare \u00een pozi\u021bie vertical\u0103, av\u00e2nd 54 de sectoare. Scopul este s\u0103 previzi unde se va opri roata la sf\u00e2r\u0219itul \u00eenv\u00e2rtirii. Niciun algoritm de calculator. Niciun truc. Doar hazard \u0219i noroc! Jocul Crazy Time este un clasic al cazinourilor. \u00cen fiecare&hellip; <\/p>\n","protected":false},"author":1,"featured_media":0,"parent":0,"menu_order":0,"comment_status":"closed","ping_status":"closed","template":"","meta":{"footnotes":""},"class_list":["post-6","page","type-page","status-publish","hentry"],"yoast_head":"<!-- This site is optimized with the Yoast SEO plugin v27.2 - https:\/\/yoast.com\/product\/yoast-seo-wordpress\/ -->\n<title>\u0418\u0433\u0440\u0430\u0439\u0442\u0435 \u0432 Crazy Time: \u0430\u0437\u0430\u0440\u0442 \u0438 \u0432\u043e\u043b\u043d\u0435\u043d\u0438\u0435 \u0432 \u043e\u043d\u043b\u0430\u0439\u043d \u043a\u0430\u0437\u0438\u043d\u043e<\/title>\n<meta name=\"description\" content=\"Descoper\u0103 lumea captivant\u0103 a Crazy Time \u00een cazinoul nostru online. Grafic\u0103 uimitoare, c\u00e2\u0219tiguri mari \u0219i experien\u021be de neuitat te a\u0219teapt\u0103!\" \/>\n<meta name=\"robots\" content=\"index, follow, max-snippet:-1, max-image-preview:large, max-video-preview:-1\" \/>\n<link rel=\"canonical\" href=\"https:\/\/historycrazytime.info\/ro\/\" \/>\n<meta property=\"og:locale\" content=\"en_US\" \/>\n<meta property=\"og:locale:alternate\" content=\"en_US\" \/>\n<meta property=\"og:locale:alternate\" content=\"ru_RU\" \/>\n<meta property=\"og:locale:alternate\" content=\"pt_PT\" \/>\n<meta property=\"og:locale:alternate\" content=\"es_ES\" \/>\n<meta property=\"og:locale:alternate\" content=\"sr_RS\" \/>\n<meta property=\"og:locale:alternate\" content=\"bg_BG\" \/>\n<meta property=\"og:locale:alternate\" content=\"hu_HU\" \/>\n<meta property=\"og:locale:alternate\" content=\"pl_PL\" \/>\n<meta property=\"og:locale:alternate\" content=\"el\" \/>\n<meta property=\"og:locale:alternate\" content=\"tr_TR\" \/>\n<meta property=\"og:type\" content=\"article\" \/>\n<meta property=\"og:title\" content=\"\u0418\u0433\u0440\u0430\u0439\u0442\u0435 \u0432 Crazy Time: \u0430\u0437\u0430\u0440\u0442 \u0438 \u0432\u043e\u043b\u043d\u0435\u043d\u0438\u0435 \u0432 \u043e\u043d\u043b\u0430\u0439\u043d \u043a\u0430\u0437\u0438\u043d\u043e\" \/>\n<meta property=\"og:description\" content=\"\u041e\u0442\u043a\u0440\u043e\u0439\u0442\u0435 \u0434\u043b\u044f \u0441\u0435\u0431\u044f \u0437\u0430\u0445\u0432\u0430\u0442\u044b\u0432\u0430\u044e\u0449\u0438\u0439 \u043c\u0438\u0440 Crazy Time \u0432 \u043d\u0430\u0448\u0435\u043c \u043e\u043d\u043b\u0430\u0439\u043d \u043a\u0430\u0437\u0438\u043d\u043e. \u0412\u0435\u043b\u0438\u043a\u043e\u043b\u0435\u043f\u043d\u0430\u044f \u0433\u0440\u0430\u0444\u0438\u043a\u0430, \u043a\u0440\u0443\u043f\u043d\u044b\u0435 \u0432\u044b\u0438\u0433\u0440\u044b\u0448\u0438 \u0438 \u043d\u0435\u0437\u0430\u0431\u044b\u0432\u0430\u0435\u043c\u044b\u0435 \u0432\u043f\u0435\u0447\u0430\u0442\u043b\u0435\u043d\u0438\u044f \u0436\u0434\u0443\u0442 \u0432\u0430\u0441!\" \/>\n<meta property=\"og:url\" content=\"https:\/\/historycrazytime.info\/ro\/\" \/>\n<meta property=\"og:site_name\" content=\"Crazy Time\" \/>\n<meta property=\"article:modified_time\" content=\"2023-12-27T18:09:19+00:00\" \/>\n<meta name=\"twitter:card\" content=\"summary_large_image\" \/>\n<meta name=\"twitter:label1\" content=\"Est. reading time\" \/>\n\t<meta name=\"twitter:data1\" content=\"35 minutes\" \/>\n<script type=\"application\/ld+json\" class=\"yoast-schema-graph\">{\"@context\":\"https:\/\/schema.org\",\"@graph\":[{\"@type\":\"WebPage\",\"@id\":\"https:\/\/historycrazytime.info\/\",\"url\":\"https:\/\/historycrazytime.info\/\",\"name\":\"\u0418\u0433\u0440\u0430\u0439\u0442\u0435 \u0432 Crazy Time: \u0430\u0437\u0430\u0440\u0442 \u0438 \u0432\u043e\u043b\u043d\u0435\u043d\u0438\u0435 \u0432 \u043e\u043d\u043b\u0430\u0439\u043d \u043a\u0430\u0437\u0438\u043d\u043e\",\"isPartOf\":{\"@id\":\"https:\/\/historycrazytime.info\/#website\"},\"datePublished\":\"2023-12-09T00:29:38+00:00\",\"dateModified\":\"2023-12-27T18:09:19+00:00\",\"description\":\"\u041e\u0442\u043a\u0440\u043e\u0439\u0442\u0435 \u0434\u043b\u044f \u0441\u0435\u0431\u044f \u0437\u0430\u0445\u0432\u0430\u0442\u044b\u0432\u0430\u044e\u0449\u0438\u0439 \u043c\u0438\u0440 Crazy Time \u0432 \u043d\u0430\u0448\u0435\u043c \u043e\u043d\u043b\u0430\u0439\u043d \u043a\u0430\u0437\u0438\u043d\u043e. \u0412\u0435\u043b\u0438\u043a\u043e\u043b\u0435\u043f\u043d\u0430\u044f \u0433\u0440\u0430\u0444\u0438\u043a\u0430, \u043a\u0440\u0443\u043f\u043d\u044b\u0435 \u0432\u044b\u0438\u0433\u0440\u044b\u0448\u0438 \u0438 \u043d\u0435\u0437\u0430\u0431\u044b\u0432\u0430\u0435\u043c\u044b\u0435 \u0432\u043f\u0435\u0447\u0430\u0442\u043b\u0435\u043d\u0438\u044f \u0436\u0434\u0443\u0442 \u0432\u0430\u0441!\",\"breadcrumb\":{\"@id\":\"https:\/\/historycrazytime.info\/#breadcrumb\"},\"inLanguage\":\"en-US\",\"potentialAction\":[{\"@type\":\"ReadAction\",\"target\":[\"https:\/\/historycrazytime.info\/\"]}]},{\"@type\":\"BreadcrumbList\",\"@id\":\"https:\/\/historycrazytime.info\/#breadcrumb\",\"itemListElement\":[{\"@type\":\"ListItem\",\"position\":1,\"name\":\"Home\",\"item\":\"https:\/\/historycrazytime.info\/\"},{\"@type\":\"ListItem\",\"position\":2,\"name\":\"\u041e\u0442\u043a\u0440\u043e\u0439 \u0434\u0432\u0435\u0440\u0438 \u0443\u0432\u043b\u0435\u043a\u0430\u0442\u0435\u043b\u044c\u043d\u043e\u0433\u043e \u0430\u0437\u0430\u0440\u0442\u0430: \u0438\u0433\u0440\u0430\u0439 \u0432 Crazy Time \u0432 \u043e\u043d\u043b\u0430\u0439\u043d \u043a\u0430\u0437\u0438\u043d\u043e!\"}]},{\"@type\":\"WebSite\",\"@id\":\"https:\/\/historycrazytime.info\/#website\",\"url\":\"https:\/\/historycrazytime.info\/\",\"name\":\"Crazy Time\",\"description\":\"\",\"publisher\":{\"@id\":\"https:\/\/historycrazytime.info\/#organization\"},\"potentialAction\":[{\"@type\":\"SearchAction\",\"target\":{\"@type\":\"EntryPoint\",\"urlTemplate\":\"https:\/\/historycrazytime.info\/?s={search_term_string}\"},\"query-input\":{\"@type\":\"PropertyValueSpecification\",\"valueRequired\":true,\"valueName\":\"search_term_string\"}}],\"inLanguage\":\"en-US\"},{\"@type\":\"Organization\",\"@id\":\"https:\/\/historycrazytime.info\/#organization\",\"name\":\"Crazy Time\",\"url\":\"https:\/\/historycrazytime.info\/\",\"logo\":{\"@type\":\"ImageObject\",\"inLanguage\":\"en-US\",\"@id\":\"https:\/\/historycrazytime.info\/#\/schema\/logo\/image\/\",\"url\":\"https:\/\/historycrazytime.info\/wp-content\/uploads\/crazy-time-logo.webp\",\"contentUrl\":\"https:\/\/historycrazytime.info\/wp-content\/uploads\/crazy-time-logo.webp\",\"width\":640,\"height\":448,\"caption\":\"Crazy Time\"},\"image\":{\"@id\":\"https:\/\/historycrazytime.info\/#\/schema\/logo\/image\/\"}}]}<\/script>\n<!-- \/ Yoast SEO plugin. -->","yoast_head_json":{"title":"\u0418\u0433\u0440\u0430\u0439\u0442\u0435 \u0432 Crazy Time: \u0430\u0437\u0430\u0440\u0442 \u0438 \u0432\u043e\u043b\u043d\u0435\u043d\u0438\u0435 \u0432 \u043e\u043d\u043b\u0430\u0439\u043d \u043a\u0430\u0437\u0438\u043d\u043e","description":"Descoper\u0103 lumea captivant\u0103 a Crazy Time \u00een cazinoul nostru online. Grafic\u0103 uimitoare, c\u00e2\u0219tiguri mari \u0219i experien\u021be de neuitat te a\u0219teapt\u0103!","robots":{"index":"index","follow":"follow","max-snippet":"max-snippet:-1","max-image-preview":"max-image-preview:large","max-video-preview":"max-video-preview:-1"},"canonical":"https:\/\/historycrazytime.info\/ro\/","og_locale":"en_US","og_type":"article","og_title":"\u0418\u0433\u0440\u0430\u0439\u0442\u0435 \u0432 Crazy Time: \u0430\u0437\u0430\u0440\u0442 \u0438 \u0432\u043e\u043b\u043d\u0435\u043d\u0438\u0435 \u0432 \u043e\u043d\u043b\u0430\u0439\u043d \u043a\u0430\u0437\u0438\u043d\u043e","og_description":"\u041e\u0442\u043a\u0440\u043e\u0439\u0442\u0435 \u0434\u043b\u044f \u0441\u0435\u0431\u044f \u0437\u0430\u0445\u0432\u0430\u0442\u044b\u0432\u0430\u044e\u0449\u0438\u0439 \u043c\u0438\u0440 Crazy Time \u0432 \u043d\u0430\u0448\u0435\u043c \u043e\u043d\u043b\u0430\u0439\u043d \u043a\u0430\u0437\u0438\u043d\u043e. \u0412\u0435\u043b\u0438\u043a\u043e\u043b\u0435\u043f\u043d\u0430\u044f \u0433\u0440\u0430\u0444\u0438\u043a\u0430, \u043a\u0440\u0443\u043f\u043d\u044b\u0435 \u0432\u044b\u0438\u0433\u0440\u044b\u0448\u0438 \u0438 \u043d\u0435\u0437\u0430\u0431\u044b\u0432\u0430\u0435\u043c\u044b\u0435 \u0432\u043f\u0435\u0447\u0430\u0442\u043b\u0435\u043d\u0438\u044f \u0436\u0434\u0443\u0442 \u0432\u0430\u0441!","og_url":"https:\/\/historycrazytime.info\/ro\/","og_site_name":"Crazy Time","article_modified_time":"2023-12-27T18:09:19+00:00","twitter_card":"summary_large_image","twitter_misc":{"Est. reading time":"35 minutes"},"schema":{"@context":"https:\/\/schema.org","@graph":[{"@type":"WebPage","@id":"https:\/\/historycrazytime.info\/","url":"https:\/\/historycrazytime.info\/","name":"\u0418\u0433\u0440\u0430\u0439\u0442\u0435 \u0432 Crazy Time: \u0430\u0437\u0430\u0440\u0442 \u0438 \u0432\u043e\u043b\u043d\u0435\u043d\u0438\u0435 \u0432 \u043e\u043d\u043b\u0430\u0439\u043d \u043a\u0430\u0437\u0438\u043d\u043e","isPartOf":{"@id":"https:\/\/historycrazytime.info\/#website"},"datePublished":"2023-12-09T00:29:38+00:00","dateModified":"2023-12-27T18:09:19+00:00","description":"\u041e\u0442\u043a\u0440\u043e\u0439\u0442\u0435 \u0434\u043b\u044f \u0441\u0435\u0431\u044f \u0437\u0430\u0445\u0432\u0430\u0442\u044b\u0432\u0430\u044e\u0449\u0438\u0439 \u043c\u0438\u0440 Crazy Time \u0432 \u043d\u0430\u0448\u0435\u043c \u043e\u043d\u043b\u0430\u0439\u043d \u043a\u0430\u0437\u0438\u043d\u043e. \u0412\u0435\u043b\u0438\u043a\u043e\u043b\u0435\u043f\u043d\u0430\u044f \u0433\u0440\u0430\u0444\u0438\u043a\u0430, \u043a\u0440\u0443\u043f\u043d\u044b\u0435 \u0432\u044b\u0438\u0433\u0440\u044b\u0448\u0438 \u0438 \u043d\u0435\u0437\u0430\u0431\u044b\u0432\u0430\u0435\u043c\u044b\u0435 \u0432\u043f\u0435\u0447\u0430\u0442\u043b\u0435\u043d\u0438\u044f \u0436\u0434\u0443\u0442 \u0432\u0430\u0441!","breadcrumb":{"@id":"https:\/\/historycrazytime.info\/#breadcrumb"},"inLanguage":"en-US","potentialAction":[{"@type":"ReadAction","target":["https:\/\/historycrazytime.info\/"]}]},{"@type":"BreadcrumbList","@id":"https:\/\/historycrazytime.info\/#breadcrumb","itemListElement":[{"@type":"ListItem","position":1,"name":"Home","item":"https:\/\/historycrazytime.info\/"},{"@type":"ListItem","position":2,"name":"\u041e\u0442\u043a\u0440\u043e\u0439 \u0434\u0432\u0435\u0440\u0438 \u0443\u0432\u043b\u0435\u043a\u0430\u0442\u0435\u043b\u044c\u043d\u043e\u0433\u043e \u0430\u0437\u0430\u0440\u0442\u0430: \u0438\u0433\u0440\u0430\u0439 \u0432 Crazy Time \u0432 \u043e\u043d\u043b\u0430\u0439\u043d \u043a\u0430\u0437\u0438\u043d\u043e!"}]},{"@type":"WebSite","@id":"https:\/\/historycrazytime.info\/#website","url":"https:\/\/historycrazytime.info\/","name":"Crazy Time","description":"","publisher":{"@id":"https:\/\/historycrazytime.info\/#organization"},"potentialAction":[{"@type":"SearchAction","target":{"@type":"EntryPoint","urlTemplate":"https:\/\/historycrazytime.info\/?s={search_term_string}"},"query-input":{"@type":"PropertyValueSpecification","valueRequired":true,"valueName":"search_term_string"}}],"inLanguage":"en-US"},{"@type":"Organization","@id":"https:\/\/historycrazytime.info\/#organization","name":"Crazy Time","url":"https:\/\/historycrazytime.info\/","logo":{"@type":"ImageObject","inLanguage":"en-US","@id":"https:\/\/historycrazytime.info\/#\/schema\/logo\/image\/","url":"https:\/\/historycrazytime.info\/wp-content\/uploads\/crazy-time-logo.webp","contentUrl":"https:\/\/historycrazytime.info\/wp-content\/uploads\/crazy-time-logo.webp","width":640,"height":448,"caption":"Crazy Time"},"image":{"@id":"https:\/\/historycrazytime.info\/#\/schema\/logo\/image\/"}}]}},"_links":{"self":[{"href":"https:\/\/historycrazytime.info\/ro\/wp-json\/wp\/v2\/pages\/6","targetHints":{"allow":["GET"]}}],"collection":[{"href":"https:\/\/historycrazytime.info\/ro\/wp-json\/wp\/v2\/pages"}],"about":[{"href":"https:\/\/historycrazytime.info\/ro\/wp-json\/wp\/v2\/types\/page"}],"author":[{"embeddable":true,"href":"https:\/\/historycrazytime.info\/ro\/wp-json\/wp\/v2\/users\/1"}],"replies":[{"embeddable":true,"href":"https:\/\/historycrazytime.info\/ro\/wp-json\/wp\/v2\/comments?post=6"}],"version-history":[{"count":26,"href":"https:\/\/historycrazytime.info\/ro\/wp-json\/wp\/v2\/pages\/6\/revisions"}],"predecessor-version":[{"id":160,"href":"https:\/\/historycrazytime.info\/ro\/wp-json\/wp\/v2\/pages\/6\/revisions\/160"}],"wp:attachment":[{"href":"https:\/\/historycrazytime.info\/ro\/wp-json\/wp\/v2\/media?parent=6"}],"curies":[{"name":"wp","href":"https:\/\/api.w.org\/{rel}","templated":true}]}}