{"id":15,"date":"2023-12-09T15:16:19","date_gmt":"2023-12-09T15:16:19","guid":{"rendered":"https:\/\/historycrazytime.info\/?page_id=15"},"modified":"2023-12-27T18:31:16","modified_gmt":"2023-12-27T18:31:16","slug":"crazy-time-game-faq","status":"publish","type":"page","link":"https:\/\/historycrazytime.info\/ro\/crazy-time-game-faq\/","title":{"rendered":"\u00centreb\u0103ri frecvente despre jocul Crazy Time"},"content":{"rendered":"<h3>Care poate fi pariu minim?<\/h3>\n<p>\u00cen Crazy Time, pariu minim este de 10 cen\u021bi, iar cel maxim este de 1000 de dolari.<\/p>\n<h3>Exist\u0103 un chat \u00een jocul online?<\/h3>\n<p>Pute\u021bi comunica cu gazda jocului \u0219i cu ceilal\u021bi juc\u0103tori. Cu toate acestea, aminti\u021bi-v\u0103 s\u0103 respecta\u021bi regulile de etichet\u0103 \u00een chatul Crazy Time.<\/p>\n<h3>Cum arat\u0103 statistica interfe\u021bei de joc?<\/h3>\n<p>Sec\u021biunea de statistic\u0103 afi\u0219eaz\u0103 rezultatele c\u00e2\u0219tig\u0103toare pentru ultimele dou\u0103 runde ale jocului.<\/p>\n<h3>Cum afl\u0103m num\u0103rul jocului?<\/h3>\n<p>Fiecare rund\u0103 a jocului Crazy Time are propriul num\u0103r. Iat\u0103 un exemplu de num\u0103r #10 la 21:10:10. Acest num\u0103r indic\u0103 Ora Medie Greenwich a \u00eenceputului jocului, inclusiv minutele \u0219i secundele. Utiliza\u021bi acest num\u0103r de joc dac\u0103 dori\u021bi s\u0103 lua\u021bi leg\u0103tura cu serviciul de asisten\u021b\u0103 clien\u021bi referitor la o rund\u0103 specific\u0103.<\/p>\n<h3>Cum func\u021bioneaz\u0103 modul multiplayer al Crazy Time?<\/h3>\n<p>Pute\u021bi s\u0103 v\u0103 al\u0103tura\u021bi mai multor mese \u0219i s\u0103 le juca\u021bi simultan \u00eentr-o fereastr\u0103 a browserului dac\u0103 nu dori\u021bi s\u0103 v\u0103 opri\u021bi la una singur\u0103.<\/p>\n<h3>Exist\u0103 un mod de joc automat \u00een Crazy Time?<\/h3>\n<p>Da, este posibil. Modul de auto-play v\u0103 permite s\u0103 repeta\u021bi pariu selectat sau num\u0103rul de runde de joc dup\u0103 plasarea unui pariu. Pentru a \u00eencepe auto-play, introduce\u021bi pariurile \u00een grila de pariere \u0219i ap\u0103sa\u021bi butonul &#8220;Auto-play&#8221;.<\/p>\n","protected":false},"excerpt":{"rendered":"<p>Care poate fi pariu minim? \u00cen Crazy Time, pariu minim este de 10 cen\u021bi, iar cel maxim este de 1000 de dolari. Exist\u0103 un chat \u00een jocul online? Pute\u021bi comunica cu gazda jocului \u0219i cu ceilal\u021bi juc\u0103tori. Cu toate acestea, aminti\u021bi-v\u0103 s\u0103 respecta\u021bi regulile de etichet\u0103 \u00een chatul Crazy Time. Cum arat\u0103 statistica interfe\u021bei de joc? Sec\u021biunea de statistic\u0103 afi\u0219eaz\u0103 rezultatele c\u00e2\u0219tig\u0103toare pentru ultimele dou\u0103 runde ale jocului. Cum afl\u0103m num\u0103rul jocului? Fiecare rund\u0103 a&hellip; <\/p>\n","protected":false},"author":1,"featured_media":0,"parent":0,"menu_order":0,"comment_status":"closed","ping_status":"closed","template":"","meta":{"footnotes":""},"class_list":["post-15","page","type-page","status-publish","hentry"],"yoast_head":"<!-- This site is optimized with the Yoast SEO plugin v27.2 - https:\/\/yoast.com\/product\/yoast-seo-wordpress\/ -->\n<title>\u0427\u0430\u0441\u0442\u043e \u0437\u0430\u0434\u0430\u0432\u0430\u0435\u043c\u044b\u0435 \u0432\u043e\u043f\u0440\u043e\u0441\u044b \u043e Crazy Time: \u043e\u0442\u0432\u0435\u0442\u044b \u043e\u0442 \u044d\u043a\u0441\u043f\u0435\u0440\u0442\u043e\u0432<\/title>\n<meta name=\"description\" content=\"G\u0103si\u021bi r\u0103spunsuri la \u00eentreb\u0103rile frecvente despre Crazy Time. Sfaturi de la exper\u021bi, informa\u021bii valoroase \u0219i suport pentru juc\u0103tori \u00eentr-un singur loc.\" \/>\n<meta name=\"robots\" content=\"index, follow, max-snippet:-1, max-image-preview:large, max-video-preview:-1\" \/>\n<link rel=\"canonical\" href=\"https:\/\/historycrazytime.info\/ro\/crazy-time-game-faq\/\" \/>\n<meta property=\"og:locale\" content=\"en_US\" \/>\n<meta property=\"og:locale:alternate\" content=\"en_US\" \/>\n<meta property=\"og:locale:alternate\" content=\"ru_RU\" \/>\n<meta property=\"og:locale:alternate\" content=\"pt_PT\" \/>\n<meta property=\"og:locale:alternate\" content=\"es_ES\" \/>\n<meta property=\"og:locale:alternate\" content=\"sr_RS\" \/>\n<meta property=\"og:locale:alternate\" content=\"bg_BG\" \/>\n<meta property=\"og:locale:alternate\" content=\"hu_HU\" \/>\n<meta property=\"og:locale:alternate\" content=\"pl_PL\" \/>\n<meta property=\"og:locale:alternate\" content=\"el\" \/>\n<meta property=\"og:locale:alternate\" content=\"tr_TR\" \/>\n<meta property=\"og:type\" content=\"article\" \/>\n<meta property=\"og:title\" content=\"\u0427\u0430\u0441\u0442\u043e \u0437\u0430\u0434\u0430\u0432\u0430\u0435\u043c\u044b\u0435 \u0432\u043e\u043f\u0440\u043e\u0441\u044b \u043e Crazy Time: \u043e\u0442\u0432\u0435\u0442\u044b \u043e\u0442 \u044d\u043a\u0441\u043f\u0435\u0440\u0442\u043e\u0432\" \/>\n<meta property=\"og:description\" content=\"\u041d\u0430\u0439\u0434\u0438\u0442\u0435 \u043e\u0442\u0432\u0435\u0442\u044b \u043d\u0430 \u0447\u0430\u0441\u0442\u043e \u0437\u0430\u0434\u0430\u0432\u0430\u0435\u043c\u044b\u0435 \u0432\u043e\u043f\u0440\u043e\u0441\u044b \u043e Crazy Time. \u042d\u043a\u0441\u043f\u0435\u0440\u0442\u043d\u044b\u0435 \u0441\u043e\u0432\u0435\u0442\u044b, \u043f\u043e\u043b\u0435\u0437\u043d\u0430\u044f \u0438\u043d\u0444\u043e\u0440\u043c\u0430\u0446\u0438\u044f \u0438 \u043f\u043e\u0434\u0434\u0435\u0440\u0436\u043a\u0430 \u0438\u0433\u0440\u043e\u043a\u043e\u0432 \u0432 \u043e\u0434\u043d\u043e\u043c \u043c\u0435\u0441\u0442\u0435.\" \/>\n<meta property=\"og:url\" content=\"https:\/\/historycrazytime.info\/ro\/crazy-time-game-faq\/\" \/>\n<meta property=\"og:site_name\" content=\"Crazy Time\" \/>\n<meta property=\"article:modified_time\" content=\"2023-12-27T18:31:16+00:00\" \/>\n<meta name=\"twitter:card\" content=\"summary_large_image\" \/>\n<meta name=\"twitter:label1\" content=\"Est. reading time\" \/>\n\t<meta name=\"twitter:data1\" content=\"8 minutes\" \/>\n<script type=\"application\/ld+json\" class=\"yoast-schema-graph\">{\"@context\":\"https:\/\/schema.org\",\"@graph\":[{\"@type\":\"WebPage\",\"@id\":\"https:\/\/historycrazytime.info\/crazy-time-game-faq\/\",\"url\":\"https:\/\/historycrazytime.info\/crazy-time-game-faq\/\",\"name\":\"\u0427\u0430\u0441\u0442\u043e \u0437\u0430\u0434\u0430\u0432\u0430\u0435\u043c\u044b\u0435 \u0432\u043e\u043f\u0440\u043e\u0441\u044b \u043e Crazy Time: \u043e\u0442\u0432\u0435\u0442\u044b \u043e\u0442 \u044d\u043a\u0441\u043f\u0435\u0440\u0442\u043e\u0432\",\"isPartOf\":{\"@id\":\"https:\/\/historycrazytime.info\/#website\"},\"datePublished\":\"2023-12-09T15:16:19+00:00\",\"dateModified\":\"2023-12-27T18:31:16+00:00\",\"description\":\"\u041d\u0430\u0439\u0434\u0438\u0442\u0435 \u043e\u0442\u0432\u0435\u0442\u044b \u043d\u0430 \u0447\u0430\u0441\u0442\u043e \u0437\u0430\u0434\u0430\u0432\u0430\u0435\u043c\u044b\u0435 \u0432\u043e\u043f\u0440\u043e\u0441\u044b \u043e Crazy Time. \u042d\u043a\u0441\u043f\u0435\u0440\u0442\u043d\u044b\u0435 \u0441\u043e\u0432\u0435\u0442\u044b, \u043f\u043e\u043b\u0435\u0437\u043d\u0430\u044f \u0438\u043d\u0444\u043e\u0440\u043c\u0430\u0446\u0438\u044f \u0438 \u043f\u043e\u0434\u0434\u0435\u0440\u0436\u043a\u0430 \u0438\u0433\u0440\u043e\u043a\u043e\u0432 \u0432 \u043e\u0434\u043d\u043e\u043c \u043c\u0435\u0441\u0442\u0435.\",\"breadcrumb\":{\"@id\":\"https:\/\/historycrazytime.info\/crazy-time-game-faq\/#breadcrumb\"},\"inLanguage\":\"en-US\",\"potentialAction\":[{\"@type\":\"ReadAction\",\"target\":[\"https:\/\/historycrazytime.info\/crazy-time-game-faq\/\"]}]},{\"@type\":\"BreadcrumbList\",\"@id\":\"https:\/\/historycrazytime.info\/crazy-time-game-faq\/#breadcrumb\",\"itemListElement\":[{\"@type\":\"ListItem\",\"position\":1,\"name\":\"Home\",\"item\":\"https:\/\/historycrazytime.info\/\"},{\"@type\":\"ListItem\",\"position\":2,\"name\":\"FAQ: \u0427\u0430\u0441\u0442\u043e \u0437\u0430\u0434\u0430\u0432\u0430\u0435\u043c\u044b\u0435 \u0432\u043e\u043f\u0440\u043e\u0441\u044b \u043e Crazy Time Game\"}]},{\"@type\":\"WebSite\",\"@id\":\"https:\/\/historycrazytime.info\/#website\",\"url\":\"https:\/\/historycrazytime.info\/\",\"name\":\"Crazy Time\",\"description\":\"\",\"publisher\":{\"@id\":\"https:\/\/historycrazytime.info\/#organization\"},\"potentialAction\":[{\"@type\":\"SearchAction\",\"target\":{\"@type\":\"EntryPoint\",\"urlTemplate\":\"https:\/\/historycrazytime.info\/?s={search_term_string}\"},\"query-input\":{\"@type\":\"PropertyValueSpecification\",\"valueRequired\":true,\"valueName\":\"search_term_string\"}}],\"inLanguage\":\"en-US\"},{\"@type\":\"Organization\",\"@id\":\"https:\/\/historycrazytime.info\/#organization\",\"name\":\"Crazy Time\",\"url\":\"https:\/\/historycrazytime.info\/\",\"logo\":{\"@type\":\"ImageObject\",\"inLanguage\":\"en-US\",\"@id\":\"https:\/\/historycrazytime.info\/#\/schema\/logo\/image\/\",\"url\":\"https:\/\/historycrazytime.info\/wp-content\/uploads\/crazy-time-logo.webp\",\"contentUrl\":\"https:\/\/historycrazytime.info\/wp-content\/uploads\/crazy-time-logo.webp\",\"width\":640,\"height\":448,\"caption\":\"Crazy Time\"},\"image\":{\"@id\":\"https:\/\/historycrazytime.info\/#\/schema\/logo\/image\/\"}}]}<\/script>\n<!-- \/ Yoast SEO plugin. -->","yoast_head_json":{"title":"\u0427\u0430\u0441\u0442\u043e \u0437\u0430\u0434\u0430\u0432\u0430\u0435\u043c\u044b\u0435 \u0432\u043e\u043f\u0440\u043e\u0441\u044b \u043e Crazy Time: \u043e\u0442\u0432\u0435\u0442\u044b \u043e\u0442 \u044d\u043a\u0441\u043f\u0435\u0440\u0442\u043e\u0432","description":"G\u0103si\u021bi r\u0103spunsuri la \u00eentreb\u0103rile frecvente despre Crazy Time. Sfaturi de la exper\u021bi, informa\u021bii valoroase \u0219i suport pentru juc\u0103tori \u00eentr-un singur loc.","robots":{"index":"index","follow":"follow","max-snippet":"max-snippet:-1","max-image-preview":"max-image-preview:large","max-video-preview":"max-video-preview:-1"},"canonical":"https:\/\/historycrazytime.info\/ro\/crazy-time-game-faq\/","og_locale":"en_US","og_type":"article","og_title":"\u0427\u0430\u0441\u0442\u043e \u0437\u0430\u0434\u0430\u0432\u0430\u0435\u043c\u044b\u0435 \u0432\u043e\u043f\u0440\u043e\u0441\u044b \u043e Crazy Time: \u043e\u0442\u0432\u0435\u0442\u044b \u043e\u0442 \u044d\u043a\u0441\u043f\u0435\u0440\u0442\u043e\u0432","og_description":"\u041d\u0430\u0439\u0434\u0438\u0442\u0435 \u043e\u0442\u0432\u0435\u0442\u044b \u043d\u0430 \u0447\u0430\u0441\u0442\u043e \u0437\u0430\u0434\u0430\u0432\u0430\u0435\u043c\u044b\u0435 \u0432\u043e\u043f\u0440\u043e\u0441\u044b \u043e Crazy Time. \u042d\u043a\u0441\u043f\u0435\u0440\u0442\u043d\u044b\u0435 \u0441\u043e\u0432\u0435\u0442\u044b, \u043f\u043e\u043b\u0435\u0437\u043d\u0430\u044f \u0438\u043d\u0444\u043e\u0440\u043c\u0430\u0446\u0438\u044f \u0438 \u043f\u043e\u0434\u0434\u0435\u0440\u0436\u043a\u0430 \u0438\u0433\u0440\u043e\u043a\u043e\u0432 \u0432 \u043e\u0434\u043d\u043e\u043c \u043c\u0435\u0441\u0442\u0435.","og_url":"https:\/\/historycrazytime.info\/ro\/crazy-time-game-faq\/","og_site_name":"Crazy Time","article_modified_time":"2023-12-27T18:31:16+00:00","twitter_card":"summary_large_image","twitter_misc":{"Est. reading time":"8 minutes"},"schema":{"@context":"https:\/\/schema.org","@graph":[{"@type":"WebPage","@id":"https:\/\/historycrazytime.info\/crazy-time-game-faq\/","url":"https:\/\/historycrazytime.info\/crazy-time-game-faq\/","name":"\u0427\u0430\u0441\u0442\u043e \u0437\u0430\u0434\u0430\u0432\u0430\u0435\u043c\u044b\u0435 \u0432\u043e\u043f\u0440\u043e\u0441\u044b \u043e Crazy Time: \u043e\u0442\u0432\u0435\u0442\u044b \u043e\u0442 \u044d\u043a\u0441\u043f\u0435\u0440\u0442\u043e\u0432","isPartOf":{"@id":"https:\/\/historycrazytime.info\/#website"},"datePublished":"2023-12-09T15:16:19+00:00","dateModified":"2023-12-27T18:31:16+00:00","description":"\u041d\u0430\u0439\u0434\u0438\u0442\u0435 \u043e\u0442\u0432\u0435\u0442\u044b \u043d\u0430 \u0447\u0430\u0441\u0442\u043e \u0437\u0430\u0434\u0430\u0432\u0430\u0435\u043c\u044b\u0435 \u0432\u043e\u043f\u0440\u043e\u0441\u044b \u043e Crazy Time. \u042d\u043a\u0441\u043f\u0435\u0440\u0442\u043d\u044b\u0435 \u0441\u043e\u0432\u0435\u0442\u044b, \u043f\u043e\u043b\u0435\u0437\u043d\u0430\u044f \u0438\u043d\u0444\u043e\u0440\u043c\u0430\u0446\u0438\u044f \u0438 \u043f\u043e\u0434\u0434\u0435\u0440\u0436\u043a\u0430 \u0438\u0433\u0440\u043e\u043a\u043e\u0432 \u0432 \u043e\u0434\u043d\u043e\u043c \u043c\u0435\u0441\u0442\u0435.","breadcrumb":{"@id":"https:\/\/historycrazytime.info\/crazy-time-game-faq\/#breadcrumb"},"inLanguage":"en-US","potentialAction":[{"@type":"ReadAction","target":["https:\/\/historycrazytime.info\/crazy-time-game-faq\/"]}]},{"@type":"BreadcrumbList","@id":"https:\/\/historycrazytime.info\/crazy-time-game-faq\/#breadcrumb","itemListElement":[{"@type":"ListItem","position":1,"name":"Home","item":"https:\/\/historycrazytime.info\/"},{"@type":"ListItem","position":2,"name":"FAQ: \u0427\u0430\u0441\u0442\u043e \u0437\u0430\u0434\u0430\u0432\u0430\u0435\u043c\u044b\u0435 \u0432\u043e\u043f\u0440\u043e\u0441\u044b \u043e Crazy Time Game"}]},{"@type":"WebSite","@id":"https:\/\/historycrazytime.info\/#website","url":"https:\/\/historycrazytime.info\/","name":"Crazy Time","description":"","publisher":{"@id":"https:\/\/historycrazytime.info\/#organization"},"potentialAction":[{"@type":"SearchAction","target":{"@type":"EntryPoint","urlTemplate":"https:\/\/historycrazytime.info\/?s={search_term_string}"},"query-input":{"@type":"PropertyValueSpecification","valueRequired":true,"valueName":"search_term_string"}}],"inLanguage":"en-US"},{"@type":"Organization","@id":"https:\/\/historycrazytime.info\/#organization","name":"Crazy Time","url":"https:\/\/historycrazytime.info\/","logo":{"@type":"ImageObject","inLanguage":"en-US","@id":"https:\/\/historycrazytime.info\/#\/schema\/logo\/image\/","url":"https:\/\/historycrazytime.info\/wp-content\/uploads\/crazy-time-logo.webp","contentUrl":"https:\/\/historycrazytime.info\/wp-content\/uploads\/crazy-time-logo.webp","width":640,"height":448,"caption":"Crazy Time"},"image":{"@id":"https:\/\/historycrazytime.info\/#\/schema\/logo\/image\/"}}]}},"_links":{"self":[{"href":"https:\/\/historycrazytime.info\/ro\/wp-json\/wp\/v2\/pages\/15","targetHints":{"allow":["GET"]}}],"collection":[{"href":"https:\/\/historycrazytime.info\/ro\/wp-json\/wp\/v2\/pages"}],"about":[{"href":"https:\/\/historycrazytime.info\/ro\/wp-json\/wp\/v2\/types\/page"}],"author":[{"embeddable":true,"href":"https:\/\/historycrazytime.info\/ro\/wp-json\/wp\/v2\/users\/1"}],"replies":[{"embeddable":true,"href":"https:\/\/historycrazytime.info\/ro\/wp-json\/wp\/v2\/comments?post=15"}],"version-history":[{"count":25,"href":"https:\/\/historycrazytime.info\/ro\/wp-json\/wp\/v2\/pages\/15\/revisions"}],"predecessor-version":[{"id":132,"href":"https:\/\/historycrazytime.info\/ro\/wp-json\/wp\/v2\/pages\/15\/revisions\/132"}],"wp:attachment":[{"href":"https:\/\/historycrazytime.info\/ro\/wp-json\/wp\/v2\/media?parent=15"}],"curies":[{"name":"wp","href":"https:\/\/api.w.org\/{rel}","templated":true}]}}