{"id":13,"date":"2023-12-09T15:15:05","date_gmt":"2023-12-09T15:15:05","guid":{"rendered":"https:\/\/historycrazytime.info\/?page_id=13"},"modified":"2023-12-27T17:52:14","modified_gmt":"2023-12-27T17:52:14","slug":"crazy-time-reviews","status":"publish","type":"page","link":"https:\/\/historycrazytime.info\/ro\/crazy-time-reviews\/","title":{"rendered":"Recenzii ale juc\u0103torilor despre Crazy Time \u00een cazinoul online"},"content":{"rendered":"<h3>Recenzie: Prima mea experien\u021b\u0103 \u00een Crazy Time la un cazino online<\/h3>\n<p>Un prieten mi-a vorbit despre slotul Crazy Time. Joc diverse jocuri de mult timp, dar aceasta a fost prima mea experien\u021b\u0103 \u00eentr-un cazino online real. La \u00eenceput, nu am crezut c\u00e2nd prietenul meu mi-a spus c\u0103 exist\u0103 astfel de lucruri online, dar aici chiar exist\u0103 un gazd\u0103 real\u0103 \u0219i un chat. Nu am c\u00e2\u0219tigat majoritatea banilor imediat, dar am luat un risc \u0219i am plasat o miz\u0103 la Pachinko. \u00cen final, miza mea a adus un c\u00e2\u0219tig uria\u0219 de 600 de dolari cu o miz\u0103 de doar 5 dolari. Recomand, camarazi.<\/p>\n<p>Arkadiy, 28 de ani.<\/p>\n<h3>Recenzie: Po\u021bi face cu adev\u0103rat bani cu Crazy Time<\/h3>\n<p>Prietenii mi-au recomandat la petrecerile de la universitate. Nu am fost \u00een mod deosebit \u00eencrez\u0103tor \u00een a face bani; am avut mai mult noroc cu sloturile obi\u0219nuite. Dar Crazy Time func\u021bioneaz\u0103. \u00cencerc\u00e2nd s\u0103 pariez pe totul deodat\u0103, am c\u00e2\u0219tigat mul\u021bi bani. V\u0103 sugerez s\u0103 face\u021bi acela\u0219i lucru. M\u0103 g\u00e2ndesc deja s\u0103-mi cump\u0103r primul automobil pe cont propriu, f\u0103r\u0103 p\u0103rin\u021bi.<\/p>\n<p>Nikolay, 18 ani.<\/p>\n<h3>Recenzie: Cel mai eficient joc pentru c\u00e2\u0219tig \u2013 Crazy Time<\/h3>\n<p>Am \u00eencercat Crazy Time doar pentru c\u0103 am vrut \u00eentotdeauna s\u0103 vizitez un cazino. \u00cen plus, exist\u0103 un dealer \u0219i posibilitatea de a discuta cu juc\u0103torii, ceea ce este deosebit de pl\u0103cut atunci c\u00e2nd e\u0219ti acas\u0103 cu un pahar de vin. Se simte ca \u0219i cum ai juca nu online, ci \u00eentr-un cazino real. Lucrul interesant este c\u0103, \u00een ciuda lipsei unui obiectiv, am f\u0103cut periodic un profit. \u00cen ciuda pierderilor, am c\u00e2\u0219tigat \u00eentre 20 \u0219i 30 de dolari, ceea ce a fost foarte satisf\u0103c\u0103tor. Pentru cei care vor s\u0103 fac\u0103 bani, Crazy Time va fi cea mai bun\u0103 op\u021biune, \u0219i recomand s\u0103 v\u0103 cufunda\u021bi \u00een atmosfer\u0103.<\/p>\n<p>Alena, 34 de ani.<\/p>\n<h3>Recenzie: Joc Crazy Time de trei luni \u0219i p\u00e2n\u0103 acum, totul este bine<\/h3>\n<p>Joc Crazy Time de trei luni acum. Un prieten a spus c\u0103 la \u00eenceput a c\u00e2\u0219tigat \u0219i apoi a pierdut. Dar c\u00e2nd a \u00eenv\u0103\u021bat s\u0103 joace, totul a mers bine. C\u00e2\u0219tigul maxim a fost de 1500 de dolari \u00eentr-un singur caz. Recomand tuturor s\u0103 aib\u0103 parte de o experien\u021b\u0103 de neuitat!<\/p>\n<p>Mikhail, 48 de ani.<\/p>\n<h3>Recenzie: De obicei pariez pe toate c\u00e2mpurile \u00een Crazy Time<\/h3>\n<p>Un sergent din unitatea noastr\u0103 militar\u0103 a jucat \u0219i ne-a ar\u0103tat. De obicei pariaz\u0103 pe diferite sporturi, dar nu a jucat niciodat\u0103 \u00eentr-un cazino online. A auzit pentru prima dat\u0103 despre Crazy Time. Singurul lucru care mi-a pl\u0103cut este c\u0103 po\u021bi economisi cu adev\u0103rat. Pot s\u0103 v\u0103 sf\u0103tuiesc \u0219i eu, pentru a c\u00e2\u0219tiga \u00een aceast\u0103 or\u0103 nebun\u0103 &#8211; paria\u021bi pe tot. Astfel, am c\u00e2\u0219tigat constant \u00eentre 30 \u0219i 40 de dolari pe zi f\u0103r\u0103 probleme. Retragerea din depozit este excelent\u0103; totul e bine. Recomand tuturor s\u0103 joace Crazy Time.<\/p>\n<p>Andrey, 22 de ani.<\/p>\n<h3>Chiar dac\u0103 nu sunt un fan al jocurilor de noroc, mi-a pl\u0103cut Crazy Time<\/h3>\n<p>Chiar dac\u0103 nu sunt un fan al jocurilor de noroc, Crazy Time m-a ajutat s\u0103 m\u0103 relaxez \u0219i s\u0103 c\u00e2\u0219tig bani dup\u0103 divor\u021b. \u00cei sunt recunosc\u0103tor tat\u0103lui so\u021biei mele pentru recomand\u0103ri. Exist\u0103 multe moduri de a juca \u00een Crazy Time, iar fiecare are propria strategie. Am c\u00e2\u0219tigat 1200 de dolari \u00eentr-o lun\u0103 datorit\u0103 strategiei mele de joc.<\/p>\n<p>Victor, 34 de ani.<\/p>\n<h3>Recenzie: Crazy Time &#8211; Nu doar captivant, ci \u0219i profitabil<\/h3>\n<p>Crazy Time nu este doar captivant, ci \u0219i foarte interesant. Mai mult dec\u00e2t at\u00e2t, lucrul principal este c\u0103 po\u021bi face bani buni dac\u0103 \u00ee\u021bi folose\u0219ti mintea. C\u00e2\u0219tig 40 de dolari pentru fiecare 10 dolari.<\/p>\n<p>Alexander, 31 de ani.<\/p>\n<h3>Recenzie: A doua mea leaf\u0103 din slotul Crazy Time<\/h3>\n<p>Colegul meu mi-a ar\u0103tat acest slot online. A c\u00e2\u0219tigat \u00een Crazy Time \u00een ultimele cinci luni. Mi-am pl\u0103tit \u00eenapoi \u00eemprumutul pentru ma\u0219ina pe care am cump\u0103rat-o recent. Dac\u0103 dezvol\u021bi o strategie \u0219i te \u021bii de ea, po\u021bi ob\u021bine a doua ta leaf\u0103 \u00eentr-o lun\u0103 juc\u00e2nd.<\/p>\n<p>Maxim, 24 de ani.<\/p>\n<h3>Recenzie: Am scheme reale pentru jocul Crazy Time<\/h3>\n<p>Joc foarte precaut pentru c\u0103 nu-mi place s\u0103 iau riscuri \u0219i nu cred \u00een toate aceste c\u00e2\u0219tiguri. Cu toate acestea, un prieten mi-a sugerat jocul &#8220;Crazy Time&#8221;. La \u00eenceput am pariat doar, am privit, iar apoi am c\u0103utat strategii, \u00eencep\u00e2nd \u00een cele din urm\u0103 s\u0103 fac profit. Cu toate c\u0103 nu planific s\u0103 dezvolt o strategie, exist\u0103 planuri de lucru. Ini\u021bial pariam 5 dolari pe fiecare pariu, dar acum pariez 10 dolari pe fiecare pariu, \u0219i c\u00e2\u0219tig \u00een jur de 600 de dolari pe lun\u0103.<\/p>\n<p>Alexey, 44 de ani.<\/p>\n<h3>Recenzie: Slotul Crazy Time &#8211; Foarte recomandat<\/h3>\n<p>Un prieten mi-a recomandat s\u0103 petrec un timp bun. Acum joc aproape \u00een fiecare zi. Este u\u0219or s\u0103 c\u00e2\u0219tigi cu Crazy Time dac\u0103 \u0219tii cum s\u0103 o faci. \u0218i apoi banii vor veni singuri la tine. Recomand tuturor.<\/p>\n<p>Denis, 32 de ani.<\/p>\n<h3>Recenzie: C\u00e2\u0219tigarea \u00een Crazy Time este u\u0219oar\u0103<\/h3>\n<p>Recomandat de un cunoscut. La \u00eenceput am crezut c\u0103 este doar o modalitate de a-mi pierde to\u021bi banii, dar apoi mi-au dat sfaturi despre cum s\u0103 plasez mai bine pariurile, \u0219i banii au \u00eenceput s\u0103 vin\u0103. Recomand Crazy Time pentru c\u0103 este u\u0219or, captivant \u0219i interesant s\u0103 c\u00e2\u0219tigi.<\/p>\n<p>Inna, 19 ani.<\/p>\n<h3>Recenzie: Crazy Time &#8211; Un cazino interactiv complet.<\/h3>\n<p>Am descoperit recent jocul Crazy Time. C\u0103utam ceva nou \u0219i interesant \u0219i am g\u0103sit un \u00eentreg cazino interactiv \u00een care po\u021bi comunica cu dealerul, s\u0103 vorbe\u0219ti cu al\u021bi juc\u0103tori \u0219i s\u0103 ob\u021bii c\u00e2\u0219tiguri fabuloase. Acum juc\u0103m \u00eempreun\u0103. Am decis s\u0103 fac un credit ipotecar pentru c\u0103 acum \u00eel pot pl\u0103ti cu Crazy Time. Recomand tuturor s\u0103 se al\u0103ture jocului pentru c\u0103 toate c\u00e2\u0219tigurile mele acoper\u0103 cheltuielile cu pariurile.<\/p>\n<p>Sergey, 24 de ani.<\/p>\n<h3>Recenzie: Mi-a pl\u0103cut senza\u021bia de cazino \u00een Crazy Time<\/h3>\n<p>Am intrat recent \u00een joc. \u00cen Crazy Time, mi-a pl\u0103cut senza\u021bia de cazino, iar c\u00e2\u0219tigurile m-au surprins. Ob\u021binerea unui venit suplimentar de la 2 la 4 mii de dolari pe lun\u0103 f\u0103r\u0103 prea mult efort este foarte pl\u0103cut\u0103. Sugerez tuturor s\u0103 joace Crazy Time.<\/p>\n<p>Victoria, 32 de ani.<\/p>\n<h3>Recenzie: Ob\u021bin un profit bun de la Crazy Time<\/h3>\n<p>Eram foarte \u00eengrijorat c\u00e2nd un prieten mi-a sugerat jocul \u0219i mi-a dat sfaturi mult timp. Apoi am \u00eencercat acest Crazy Time. La \u00eenceput, c\u00e2\u0219tigurile erau doar egale cu pariurile, dar c\u00e2nd am \u00eenv\u0103\u021bat cum s\u0103 joc, am \u00eenceput s\u0103 fac bani buni cu Crazy Time. Am retras deja 6000 \u00een patru luni. Recomand Crazy Time juc\u0103torilor.<\/p>\n<p>Boris, 29 de ani.<\/p>\n<h3>Recenzie: Am g\u0103sit jocul online Crazy Time<\/h3>\n<p>Am decis s\u0103 joc jocul Crazy Time, pe care l-am g\u0103sit online. Am plasat o sum\u0103 mare, iar depozitul a fost suficient. Cel mai interesant a fost c\u0103 am \u00eenceput s\u0103 c\u00e2\u0219tig \u00een Crazy Time. Am c\u00e2\u0219tigat o mul\u021bime de bani, iar av\u00e2nd \u00een vedere c\u0103 tot ce-mi trebuie este timp pentru asta, Crazy Time este un joc online excelent care aduce bani.<\/p>\n<p>Igor, 54 de ani.<\/p>\n<h3>Recenzie: Am c\u00e2\u0219tigat pentru c\u0103 am f\u0103cut pariu corect<\/h3>\n<p>Un prieten mi-a sugerat jocul Crazy Time. Aveam nevoie de bani, dar nu voiam s\u0103 iau un \u00eemprumut. \u0218i aici a c\u00e2\u0219tigat pentru c\u0103 a f\u0103cut pariu corect. Recomand Crazy Time tuturor. Plasat corect, c\u00e2\u0219tigat bine, retras bani.<\/p>\n<p>Semyon, 29 de ani.<\/p>\n<h3>Recenzie: Prietenul mi-a recomandat slotul Crazy Time<\/h3>\n<p>Un coleg mi-a sugerat jocul Crazy Time. Am \u00eenceput s\u0103 joc la cazinou. Pariurile au fost minime, dar mai t\u00e2rziu au devenit mai \u00eendr\u0103zne\u021be, \u0219i acum pot ob\u021bine de la 10 la 20 de dolari per sector. Exist\u0103 mereu c\u00e2\u0219tiguri, \u0219i de obicei, se c\u00e2\u0219tig\u0103 sume mari de bani. Este important s\u0103 nu acorda\u021bi aten\u021bie e\u0219ecurilor, pentru c\u0103 totul poate fi recuperat. Juc\u00e2nd Crazy Time este sigur \u0219i profitabil.<\/p>\n<p>Sergey, 32 de ani.<\/p>\n<h3>Recenzie: Crazy Time ofer\u0103 multe oportunit\u0103\u021bi de c\u00e2\u0219tig<\/h3>\n<p>Am aflat despre jocul Crazy Time de la prieteni. La \u00eenceput am ezitat, dar apoi am decis s\u0103 \u00eencerc. De\u0219i am pierdut prima dat\u0103, am \u00een\u021beles cum s\u0103 joc, \u0219i acum joc \u0219i mai mult pentru c\u0103 c\u00e2\u0219tig bani. \u00cen Crazy Time, exist\u0103 multe oportunit\u0103\u021bi de c\u00e2\u0219tig, \u0219i este foarte captivant.<\/p>\n<p>Daniil, 27 de ani.<\/p>\n<h3>Recenzie: Am c\u00e2\u0219tigat o sum\u0103 mare de bani \u00een Crazy Time<\/h3>\n<p>C\u0103utam noi emo\u021bii, am g\u0103sit jocul Crazy Time. Joc Crazy Time constant, c\u00e2\u0219tig bani mari, m\u0103 distrez foarte mult \u0219i \u00eel recomand tuturor celor pe care-i cunosc. Nu vei fi dezam\u0103git dac\u0103 \u00eencerci Crazy Time.<\/p>\n<p>Petr, 24 de ani.<\/p>\n<h3>Recenzie:\u00a0Utilizarea corect\u0103 a Crazy Time<\/h3>\n<p>Am luat cuno\u0219tin\u021b\u0103 de jocul Crazy Time. Ini\u021bial am ezitat, dar dup\u0103 ce am v\u0103zut cum un prieten c\u00e2\u0219tig\u0103 \u0219i retrage bani, am decis s\u0103 \u00eencerc \u0219i eu. De\u0219i nu am jucat niciodat\u0103, prietenul mi-a dat rapid instruc\u021biuni despre cum s\u0103 joc Crazy Time. Acum pariez, c\u00e2\u0219tig \u0219i \u00eencep s\u0103 retrag singur. Deoarece distribui to\u021bi banii \u00eentre diferite sectoare, primesc constant venit din fiecare rund\u0103. Astfel, Crazy Time \u00ee\u021bi permite s\u0103 faci bani.<\/p>\n<p>Sasha, 36 de ani.<\/p>\n","protected":false},"excerpt":{"rendered":"<p>Recenzie: Prima mea experien\u021b\u0103 \u00een Crazy Time la un cazino online Un prieten mi-a vorbit despre slotul Crazy Time. Joc diverse jocuri de mult timp, dar aceasta a fost prima mea experien\u021b\u0103 \u00eentr-un cazino online real. La \u00eenceput, nu am crezut c\u00e2nd prietenul meu mi-a spus c\u0103 exist\u0103 astfel de lucruri online, dar aici chiar exist\u0103 un gazd\u0103 real\u0103 \u0219i un chat. Nu am c\u00e2\u0219tigat majoritatea banilor imediat, dar am luat un risc \u0219i am&hellip; <\/p>\n","protected":false},"author":1,"featured_media":0,"parent":0,"menu_order":0,"comment_status":"closed","ping_status":"closed","template":"","meta":{"footnotes":""},"class_list":["post-13","page","type-page","status-publish","hentry"],"yoast_head":"<!-- This site is optimized with the Yoast SEO plugin v27.2 - https:\/\/yoast.com\/product\/yoast-seo-wordpress\/ -->\n<title>\u041e\u0442\u0437\u044b\u0432\u044b \u043e\u0431 \u0438\u0433\u0440\u0435 Crazy Time: \u0440\u0435\u0430\u043b\u044c\u043d\u044b\u0435 \u0432\u043f\u0435\u0447\u0430\u0442\u043b\u0435\u043d\u0438\u044f \u0438\u0433\u0440\u043e\u043a\u043e\u0432<\/title>\n<meta name=\"description\" content=\"Cite\u0219te recenzii sincere ale juc\u0103torilor despre Crazy Time. Afl\u0103 despre strategii de succes, momente captivante \u0219i aventuri palpitante \u00een cazinoul nostru online.\" \/>\n<meta name=\"robots\" content=\"index, follow, max-snippet:-1, max-image-preview:large, max-video-preview:-1\" \/>\n<link rel=\"canonical\" href=\"https:\/\/historycrazytime.info\/ro\/crazy-time-reviews\/\" \/>\n<meta property=\"og:locale\" content=\"en_US\" \/>\n<meta property=\"og:locale:alternate\" content=\"en_US\" \/>\n<meta property=\"og:locale:alternate\" content=\"ru_RU\" \/>\n<meta property=\"og:locale:alternate\" content=\"pt_PT\" \/>\n<meta property=\"og:locale:alternate\" content=\"es_ES\" \/>\n<meta property=\"og:locale:alternate\" content=\"sr_RS\" \/>\n<meta property=\"og:locale:alternate\" content=\"bg_BG\" \/>\n<meta property=\"og:locale:alternate\" content=\"hu_HU\" \/>\n<meta property=\"og:locale:alternate\" content=\"pl_PL\" \/>\n<meta property=\"og:locale:alternate\" content=\"el\" \/>\n<meta property=\"og:locale:alternate\" content=\"tr_TR\" \/>\n<meta property=\"og:type\" content=\"article\" \/>\n<meta property=\"og:title\" content=\"\u041e\u0442\u0437\u044b\u0432\u044b \u043e\u0431 \u0438\u0433\u0440\u0435 Crazy Time: \u0440\u0435\u0430\u043b\u044c\u043d\u044b\u0435 \u0432\u043f\u0435\u0447\u0430\u0442\u043b\u0435\u043d\u0438\u044f \u0438\u0433\u0440\u043e\u043a\u043e\u0432\" \/>\n<meta property=\"og:description\" content=\"\u0427\u0438\u0442\u0430\u0439\u0442\u0435 \u0447\u0435\u0441\u0442\u043d\u044b\u0435 \u043e\u0442\u0437\u044b\u0432\u044b \u0438\u0433\u0440\u043e\u043a\u043e\u0432 \u043e Crazy Time. \u0423\u0437\u043d\u0430\u0439\u0442\u0435 \u043e\u0431 \u0443\u0434\u0430\u0447\u043d\u044b\u0445 \u0441\u0442\u0440\u0430\u0442\u0435\u0433\u0438\u044f\u0445, \u0432\u043e\u043b\u043d\u0443\u044e\u0449\u0438\u0445 \u043c\u043e\u043c\u0435\u043d\u0442\u0430\u0445 \u0438 \u0430\u0437\u0430\u0440\u0442\u043d\u044b\u0445 \u043f\u0440\u0438\u043a\u043b\u044e\u0447\u0435\u043d\u0438\u044f\u0445 \u0432 \u043d\u0430\u0448\u0435\u043c \u043e\u043d\u043b\u0430\u0439\u043d \u043a\u0430\u0437\u0438\u043d\u043e.\" \/>\n<meta property=\"og:url\" content=\"https:\/\/historycrazytime.info\/ro\/crazy-time-reviews\/\" \/>\n<meta property=\"og:site_name\" content=\"Crazy Time\" \/>\n<meta property=\"article:modified_time\" content=\"2023-12-27T17:52:14+00:00\" \/>\n<meta name=\"twitter:card\" content=\"summary_large_image\" \/>\n<meta name=\"twitter:label1\" content=\"Est. reading time\" \/>\n\t<meta name=\"twitter:data1\" content=\"53 minutes\" \/>\n<script type=\"application\/ld+json\" class=\"yoast-schema-graph\">{\"@context\":\"https:\/\/schema.org\",\"@graph\":[{\"@type\":\"WebPage\",\"@id\":\"https:\/\/historycrazytime.info\/crazy-time-reviews\/\",\"url\":\"https:\/\/historycrazytime.info\/crazy-time-reviews\/\",\"name\":\"\u041e\u0442\u0437\u044b\u0432\u044b \u043e\u0431 \u0438\u0433\u0440\u0435 Crazy Time: \u0440\u0435\u0430\u043b\u044c\u043d\u044b\u0435 \u0432\u043f\u0435\u0447\u0430\u0442\u043b\u0435\u043d\u0438\u044f \u0438\u0433\u0440\u043e\u043a\u043e\u0432\",\"isPartOf\":{\"@id\":\"https:\/\/historycrazytime.info\/#website\"},\"datePublished\":\"2023-12-09T15:15:05+00:00\",\"dateModified\":\"2023-12-27T17:52:14+00:00\",\"description\":\"\u0427\u0438\u0442\u0430\u0439\u0442\u0435 \u0447\u0435\u0441\u0442\u043d\u044b\u0435 \u043e\u0442\u0437\u044b\u0432\u044b \u0438\u0433\u0440\u043e\u043a\u043e\u0432 \u043e Crazy Time. \u0423\u0437\u043d\u0430\u0439\u0442\u0435 \u043e\u0431 \u0443\u0434\u0430\u0447\u043d\u044b\u0445 \u0441\u0442\u0440\u0430\u0442\u0435\u0433\u0438\u044f\u0445, \u0432\u043e\u043b\u043d\u0443\u044e\u0449\u0438\u0445 \u043c\u043e\u043c\u0435\u043d\u0442\u0430\u0445 \u0438 \u0430\u0437\u0430\u0440\u0442\u043d\u044b\u0445 \u043f\u0440\u0438\u043a\u043b\u044e\u0447\u0435\u043d\u0438\u044f\u0445 \u0432 \u043d\u0430\u0448\u0435\u043c \u043e\u043d\u043b\u0430\u0439\u043d \u043a\u0430\u0437\u0438\u043d\u043e.\",\"breadcrumb\":{\"@id\":\"https:\/\/historycrazytime.info\/crazy-time-reviews\/#breadcrumb\"},\"inLanguage\":\"en-US\",\"potentialAction\":[{\"@type\":\"ReadAction\",\"target\":[\"https:\/\/historycrazytime.info\/crazy-time-reviews\/\"]}]},{\"@type\":\"BreadcrumbList\",\"@id\":\"https:\/\/historycrazytime.info\/crazy-time-reviews\/#breadcrumb\",\"itemListElement\":[{\"@type\":\"ListItem\",\"position\":1,\"name\":\"Home\",\"item\":\"https:\/\/historycrazytime.info\/\"},{\"@type\":\"ListItem\",\"position\":2,\"name\":\"\u041e\u0442\u0437\u044b\u0432\u044b \u0438\u0433\u0440\u043e\u043a\u043e\u0432 \u043e Crazy Time \u0432 \u043e\u043d\u043b\u0430\u0439\u043d-\u043a\u0430\u0437\u0438\u043d\u043e\"}]},{\"@type\":\"WebSite\",\"@id\":\"https:\/\/historycrazytime.info\/#website\",\"url\":\"https:\/\/historycrazytime.info\/\",\"name\":\"Crazy Time\",\"description\":\"\",\"publisher\":{\"@id\":\"https:\/\/historycrazytime.info\/#organization\"},\"potentialAction\":[{\"@type\":\"SearchAction\",\"target\":{\"@type\":\"EntryPoint\",\"urlTemplate\":\"https:\/\/historycrazytime.info\/?s={search_term_string}\"},\"query-input\":{\"@type\":\"PropertyValueSpecification\",\"valueRequired\":true,\"valueName\":\"search_term_string\"}}],\"inLanguage\":\"en-US\"},{\"@type\":\"Organization\",\"@id\":\"https:\/\/historycrazytime.info\/#organization\",\"name\":\"Crazy Time\",\"url\":\"https:\/\/historycrazytime.info\/\",\"logo\":{\"@type\":\"ImageObject\",\"inLanguage\":\"en-US\",\"@id\":\"https:\/\/historycrazytime.info\/#\/schema\/logo\/image\/\",\"url\":\"https:\/\/historycrazytime.info\/wp-content\/uploads\/crazy-time-logo.webp\",\"contentUrl\":\"https:\/\/historycrazytime.info\/wp-content\/uploads\/crazy-time-logo.webp\",\"width\":640,\"height\":448,\"caption\":\"Crazy Time\"},\"image\":{\"@id\":\"https:\/\/historycrazytime.info\/#\/schema\/logo\/image\/\"}}]}<\/script>\n<!-- \/ Yoast SEO plugin. -->","yoast_head_json":{"title":"\u041e\u0442\u0437\u044b\u0432\u044b \u043e\u0431 \u0438\u0433\u0440\u0435 Crazy Time: \u0440\u0435\u0430\u043b\u044c\u043d\u044b\u0435 \u0432\u043f\u0435\u0447\u0430\u0442\u043b\u0435\u043d\u0438\u044f \u0438\u0433\u0440\u043e\u043a\u043e\u0432","description":"Cite\u0219te recenzii sincere ale juc\u0103torilor despre Crazy Time. Afl\u0103 despre strategii de succes, momente captivante \u0219i aventuri palpitante \u00een cazinoul nostru online.","robots":{"index":"index","follow":"follow","max-snippet":"max-snippet:-1","max-image-preview":"max-image-preview:large","max-video-preview":"max-video-preview:-1"},"canonical":"https:\/\/historycrazytime.info\/ro\/crazy-time-reviews\/","og_locale":"en_US","og_type":"article","og_title":"\u041e\u0442\u0437\u044b\u0432\u044b \u043e\u0431 \u0438\u0433\u0440\u0435 Crazy Time: \u0440\u0435\u0430\u043b\u044c\u043d\u044b\u0435 \u0432\u043f\u0435\u0447\u0430\u0442\u043b\u0435\u043d\u0438\u044f \u0438\u0433\u0440\u043e\u043a\u043e\u0432","og_description":"\u0427\u0438\u0442\u0430\u0439\u0442\u0435 \u0447\u0435\u0441\u0442\u043d\u044b\u0435 \u043e\u0442\u0437\u044b\u0432\u044b \u0438\u0433\u0440\u043e\u043a\u043e\u0432 \u043e Crazy Time. \u0423\u0437\u043d\u0430\u0439\u0442\u0435 \u043e\u0431 \u0443\u0434\u0430\u0447\u043d\u044b\u0445 \u0441\u0442\u0440\u0430\u0442\u0435\u0433\u0438\u044f\u0445, \u0432\u043e\u043b\u043d\u0443\u044e\u0449\u0438\u0445 \u043c\u043e\u043c\u0435\u043d\u0442\u0430\u0445 \u0438 \u0430\u0437\u0430\u0440\u0442\u043d\u044b\u0445 \u043f\u0440\u0438\u043a\u043b\u044e\u0447\u0435\u043d\u0438\u044f\u0445 \u0432 \u043d\u0430\u0448\u0435\u043c \u043e\u043d\u043b\u0430\u0439\u043d \u043a\u0430\u0437\u0438\u043d\u043e.","og_url":"https:\/\/historycrazytime.info\/ro\/crazy-time-reviews\/","og_site_name":"Crazy Time","article_modified_time":"2023-12-27T17:52:14+00:00","twitter_card":"summary_large_image","twitter_misc":{"Est. reading time":"53 minutes"},"schema":{"@context":"https:\/\/schema.org","@graph":[{"@type":"WebPage","@id":"https:\/\/historycrazytime.info\/crazy-time-reviews\/","url":"https:\/\/historycrazytime.info\/crazy-time-reviews\/","name":"\u041e\u0442\u0437\u044b\u0432\u044b \u043e\u0431 \u0438\u0433\u0440\u0435 Crazy Time: \u0440\u0435\u0430\u043b\u044c\u043d\u044b\u0435 \u0432\u043f\u0435\u0447\u0430\u0442\u043b\u0435\u043d\u0438\u044f \u0438\u0433\u0440\u043e\u043a\u043e\u0432","isPartOf":{"@id":"https:\/\/historycrazytime.info\/#website"},"datePublished":"2023-12-09T15:15:05+00:00","dateModified":"2023-12-27T17:52:14+00:00","description":"\u0427\u0438\u0442\u0430\u0439\u0442\u0435 \u0447\u0435\u0441\u0442\u043d\u044b\u0435 \u043e\u0442\u0437\u044b\u0432\u044b \u0438\u0433\u0440\u043e\u043a\u043e\u0432 \u043e Crazy Time. \u0423\u0437\u043d\u0430\u0439\u0442\u0435 \u043e\u0431 \u0443\u0434\u0430\u0447\u043d\u044b\u0445 \u0441\u0442\u0440\u0430\u0442\u0435\u0433\u0438\u044f\u0445, \u0432\u043e\u043b\u043d\u0443\u044e\u0449\u0438\u0445 \u043c\u043e\u043c\u0435\u043d\u0442\u0430\u0445 \u0438 \u0430\u0437\u0430\u0440\u0442\u043d\u044b\u0445 \u043f\u0440\u0438\u043a\u043b\u044e\u0447\u0435\u043d\u0438\u044f\u0445 \u0432 \u043d\u0430\u0448\u0435\u043c \u043e\u043d\u043b\u0430\u0439\u043d \u043a\u0430\u0437\u0438\u043d\u043e.","breadcrumb":{"@id":"https:\/\/historycrazytime.info\/crazy-time-reviews\/#breadcrumb"},"inLanguage":"en-US","potentialAction":[{"@type":"ReadAction","target":["https:\/\/historycrazytime.info\/crazy-time-reviews\/"]}]},{"@type":"BreadcrumbList","@id":"https:\/\/historycrazytime.info\/crazy-time-reviews\/#breadcrumb","itemListElement":[{"@type":"ListItem","position":1,"name":"Home","item":"https:\/\/historycrazytime.info\/"},{"@type":"ListItem","position":2,"name":"\u041e\u0442\u0437\u044b\u0432\u044b \u0438\u0433\u0440\u043e\u043a\u043e\u0432 \u043e Crazy Time \u0432 \u043e\u043d\u043b\u0430\u0439\u043d-\u043a\u0430\u0437\u0438\u043d\u043e"}]},{"@type":"WebSite","@id":"https:\/\/historycrazytime.info\/#website","url":"https:\/\/historycrazytime.info\/","name":"Crazy Time","description":"","publisher":{"@id":"https:\/\/historycrazytime.info\/#organization"},"potentialAction":[{"@type":"SearchAction","target":{"@type":"EntryPoint","urlTemplate":"https:\/\/historycrazytime.info\/?s={search_term_string}"},"query-input":{"@type":"PropertyValueSpecification","valueRequired":true,"valueName":"search_term_string"}}],"inLanguage":"en-US"},{"@type":"Organization","@id":"https:\/\/historycrazytime.info\/#organization","name":"Crazy Time","url":"https:\/\/historycrazytime.info\/","logo":{"@type":"ImageObject","inLanguage":"en-US","@id":"https:\/\/historycrazytime.info\/#\/schema\/logo\/image\/","url":"https:\/\/historycrazytime.info\/wp-content\/uploads\/crazy-time-logo.webp","contentUrl":"https:\/\/historycrazytime.info\/wp-content\/uploads\/crazy-time-logo.webp","width":640,"height":448,"caption":"Crazy Time"},"image":{"@id":"https:\/\/historycrazytime.info\/#\/schema\/logo\/image\/"}}]}},"_links":{"self":[{"href":"https:\/\/historycrazytime.info\/ro\/wp-json\/wp\/v2\/pages\/13","targetHints":{"allow":["GET"]}}],"collection":[{"href":"https:\/\/historycrazytime.info\/ro\/wp-json\/wp\/v2\/pages"}],"about":[{"href":"https:\/\/historycrazytime.info\/ro\/wp-json\/wp\/v2\/types\/page"}],"author":[{"embeddable":true,"href":"https:\/\/historycrazytime.info\/ro\/wp-json\/wp\/v2\/users\/1"}],"replies":[{"embeddable":true,"href":"https:\/\/historycrazytime.info\/ro\/wp-json\/wp\/v2\/comments?post=13"}],"version-history":[{"count":24,"href":"https:\/\/historycrazytime.info\/ro\/wp-json\/wp\/v2\/pages\/13\/revisions"}],"predecessor-version":[{"id":156,"href":"https:\/\/historycrazytime.info\/ro\/wp-json\/wp\/v2\/pages\/13\/revisions\/156"}],"wp:attachment":[{"href":"https:\/\/historycrazytime.info\/ro\/wp-json\/wp\/v2\/media?parent=13"}],"curies":[{"name":"wp","href":"https:\/\/api.w.org\/{rel}","templated":true}]}}