{"id":11,"date":"2023-12-09T12:28:50","date_gmt":"2023-12-09T12:28:50","guid":{"rendered":"https:\/\/historycrazytime.info\/?page_id=11"},"modified":"2023-12-27T18:13:06","modified_gmt":"2023-12-27T18:13:06","slug":"crazy-time-strategies","status":"publish","type":"page","link":"https:\/\/historycrazytime.info\/ro\/crazy-time-strategies\/","title":{"rendered":"Strategii pentru Crazy Time"},"content":{"rendered":"<h2>Cum s\u0103 c\u00e2\u0219tigi \u00een jocul fascinant Crazy Time<\/h2>\n<p>A\u0219 dori s\u0103 \u00eemp\u0103rt\u0103\u0219esc strategii \u0219i tactici care te vor ajuta s\u0103 c\u00e2\u0219tigi \u00een acest joc. Crazy Time \u00een cazinoul online este mai mult dec\u00e2t un joc; po\u021bi c\u00e2\u0219tiga bani reali! Este posibil s\u0103 c\u00e2\u0219tigi mare juc\u00e2nd corect \u0219i urm\u00e2nd un algoritm specific.<\/p>\n<p>\u021aine minte, \u00een Crazy Time, exist\u0103 \u0219ansa s\u0103 pierzi o anumit\u0103 sum\u0103 de bani prin pariuri gre\u0219ite. Asemenea lucruri se \u00eent\u00e2mpl\u0103 atunci c\u00e2nd joci \u00een sectoarele gre\u0219ite. Po\u021bi fi tentat s\u0103 c\u00e2\u0219tigi \u0219i mai mult cu pariuri mari, risc\u00e2nd \u00een cele din urm\u0103 totul pe sectorul mult dorit Crazy Time. Cu toate acestea, pierderile pot ap\u0103rea \u00een acel moment. Prezent\u0103m viziunea noastr\u0103 asupra strategiilor \u0219i tacticilor de joc Crazy Time pentru a preveni astfel de situa\u021bii emo\u021bionale \u0219i incorecte, permi\u021b\u00e2ndu-\u021bi s\u0103 profi\u021bi de pariurile Crazy Time.<\/p>\n<p>Apare \u00eentrebarea: cum s\u0103 c\u00e2\u0219tigi? Cum s\u0103 c\u00e2\u0219tigi bani reali juc\u00e2nd la sloturile Crazy Time online? Am c\u00e2teva abord\u0103ri. \u00ce\u021bi vom spune cum s\u0103 c\u00e2\u0219tigi, iar tu \u00ee\u021bi alegi metoda.<\/p>\n<p>Mai merit\u0103 men\u021bionat c\u0103 atunci c\u00e2nd joci \u00een cazinoul online Crazy Time, este mult mai avantajos s\u0103 plasezi pariuri \u00een mai multe zone pentru a reduce riscurile \u0219i a maximiza c\u00e2\u0219tigurile.<\/p>\n<h2>Metoda &#8220;Pruden\u021ba &#8211; Drumul c\u0103tre Succes&#8221;<\/h2>\n<p>O alegere pentru cei care nu vor s\u0103 se streseze prea mult. Scopul este s\u0103 cre\u0219ti treptat c\u00e2\u0219tigurile pas cu pas. Nu vei c\u00e2\u0219tiga rapid o mul\u021bime de bani, dar vei putea s\u0103-\u021bi m\u0103re\u0219ti constant depozitul.<\/p>\n<p>Scopul este s\u0103 cre\u0219ti probabilitatea de a ateriza pe sectoare simple x1, x2 \u0219i x5, deoarece au colectiv o probabilitate de peste 75%. Acest lucru \u00eenseamn\u0103 c\u0103 exist\u0103 \u0219ansa de a recupera pariul minim \u00een dou\u0103 din trei jocuri.<\/p>\n<p>Dup\u0103 aceea, apare un multiplicator de sector pe tabl\u0103. Datorit\u0103 lui, putem c\u00e2\u0219tiga o sum\u0103 mare de bani, cresc\u00e2nd balan\u021ba noastr\u0103 de joc. Plas\u00e2nd 2 dolari pe sectorul x2, ob\u021binem x7 cu multiplicatorul de sector \u0219i ajungem la x14.<\/p>\n<p>E de acord, un c\u00e2\u0219tig bun pentru pariuri \u00eentr-un cazinou online. \u00cen Crazy Time, putem s\u0103 ne m\u0103rim balan\u021ba de joc cu un pariu regulat x2.<\/p>\n<p>\u00cen ciuda faptului c\u0103 jocul dureaz\u0103 mult timp \u0219i necesit\u0103 pruden\u021b\u0103, vei ob\u021bine satisfac\u021bie maxim\u0103 juc\u00e2nd Crazy Time, chiar \u0219i dac\u0103 joci cu riscuri minime.<\/p>\n<h2>Planul &#8220;Riscul Justific\u0103 Costurile&#8221;<\/h2>\n<p>Scopul acestei strategii este de a ob\u021bine c\u00e2\u0219tiguri maxime \u00een c\u00e2t mai multe zone posibile.<\/p>\n<p>Plaseaz\u0103 pariul minim pe toate odat\u0103. Asigur\u0103-te c\u0103 balan\u021ba ta de joc este destul de mare pentru a folosi aceast\u0103 strategie &#8220;Fun Time&#8221; \u00een cazinoul online. Merit\u0103 men\u021bionat c\u0103 c\u00e2\u0219tigurile mici vor compensa pierderile mari. Aceast\u0103 strategie Crazy Time \u00ee\u0219i propune s\u0103 creasc\u0103 num\u0103rul de pariuri, cresc\u00e2nd \u0219ansa declan\u0219\u0103rii unui joc bonus. Acest lucru se realizeaz\u0103 pentru c\u0103 nivelurile bonus pot acumula multiplicatori p\u00e2n\u0103 la x25000 \u0219i returna toate investi\u021biile p\u00e2n\u0103 la acest nivel. Sincer, aceasta este o strategie mai risipitoare dec\u00e2t cea anterioar\u0103, dar suma c\u00e2\u0219tigurilor este semnificativ mai mare.<\/p>\n<h2>Planul &#8220;Norocul \u00cei Ajut\u0103 pe Curajo\u0219i&#8221;<\/h2>\n<p>C\u00e2\u0219tigarea \u00een Crazy Time este a treia metod\u0103 de succes. C\u00e2nd joci Crazy Time online, trebuie s\u0103 iei riscuri \u0219i s\u0103 sper\u0103m c\u0103 norocul este de partea ta. Dac\u0103 ai \u00eencredere \u00een balan\u021ba ta \u0219i nu-\u021bi este fric\u0103 s\u0103 iei riscuri, aceast\u0103 op\u021biune este pentru tine.<\/p>\n<p>Pariaz\u0103 mult \u00een jocurile bonus f\u0103r\u0103 a cheltui bani pe lucruri mici \u00eenainte de a juca sume mari. Pariaz\u0103 de mai multe ori. Apropie-te continuu de sectorul preferat Crazy Time.<\/p>\n<p>Este demn de remarcat faptul c\u0103 \u00een desenul sectorului Crazy Time \u00een sine, avem ocazia de a alege una dintre cele trei semnale, permi\u021b\u00e2ndu-ne s\u0103 \u00ee\u021bi m\u0103rim \u0219ansele de c\u00e2\u0219tig \u00een m\u0103sura \u00een care ne sugereaz\u0103 intui\u021bia.<\/p>\n<p>Concluzie: am adunat principalele strategii \u0219i tactici pentru jocul Crazy Time pe care le po\u021bi folosi pentru a c\u00e2\u0219tiga bani reali. Este la tine s\u0103 alegi ce strategie \u0219i tactici s\u0103 folose\u0219ti. Le dorim tuturor o experien\u021b\u0103 minunat\u0103 juc\u00e2nd la Crazy Time Casino. C\u00e2\u0219tiga\u021bi, \u0219i nimeni nu va r\u0103m\u00e2ne ne\u00eenvins.<\/p>\n","protected":false},"excerpt":{"rendered":"<p>Cum s\u0103 c\u00e2\u0219tigi \u00een jocul fascinant Crazy Time A\u0219 dori s\u0103 \u00eemp\u0103rt\u0103\u0219esc strategii \u0219i tactici care te vor ajuta s\u0103 c\u00e2\u0219tigi \u00een acest joc. Crazy Time \u00een cazinoul online este mai mult dec\u00e2t un joc; po\u021bi c\u00e2\u0219tiga bani reali! Este posibil s\u0103 c\u00e2\u0219tigi mare juc\u00e2nd corect \u0219i urm\u00e2nd un algoritm specific. \u021aine minte, \u00een Crazy Time, exist\u0103 \u0219ansa s\u0103 pierzi o anumit\u0103 sum\u0103 de bani prin pariuri gre\u0219ite. Asemenea lucruri se \u00eent\u00e2mpl\u0103 atunci c\u00e2nd joci&hellip; <\/p>\n","protected":false},"author":1,"featured_media":0,"parent":0,"menu_order":0,"comment_status":"closed","ping_status":"closed","template":"","meta":{"footnotes":""},"class_list":["post-11","page","type-page","status-publish","hentry"],"yoast_head":"<!-- This site is optimized with the Yoast SEO plugin v27.2 - https:\/\/yoast.com\/product\/yoast-seo-wordpress\/ -->\n<title>\u041b\u0443\u0447\u0448\u0438\u0435 \u0441\u0442\u0440\u0430\u0442\u0435\u0433\u0438\u0438 \u0434\u043b\u044f Crazy Time: \u043a\u0430\u043a \u0443\u0432\u0435\u043b\u0438\u0447\u0438\u0442\u044c \u0448\u0430\u043d\u0441\u044b \u043d\u0430 \u0432\u044b\u0438\u0433\u0440\u044b\u0448<\/title>\n<meta name=\"description\" content=\"Descoper\u0103 strategii eficiente pentru a juca Crazy Time. Spore\u0219te-\u021bi \u0219ansele de a ob\u021bine un c\u00e2\u0219tig mare \u0219i bucur\u0103-te de jocuri inteligente \u00een cazinoul nostru.\" \/>\n<meta name=\"robots\" content=\"index, follow, max-snippet:-1, max-image-preview:large, max-video-preview:-1\" \/>\n<link rel=\"canonical\" href=\"https:\/\/historycrazytime.info\/ro\/crazy-time-strategies\/\" \/>\n<meta property=\"og:locale\" content=\"en_US\" \/>\n<meta property=\"og:locale:alternate\" content=\"en_US\" \/>\n<meta property=\"og:locale:alternate\" content=\"ru_RU\" \/>\n<meta property=\"og:locale:alternate\" content=\"pt_PT\" \/>\n<meta property=\"og:locale:alternate\" content=\"es_ES\" \/>\n<meta property=\"og:locale:alternate\" content=\"sr_RS\" \/>\n<meta property=\"og:locale:alternate\" content=\"bg_BG\" \/>\n<meta property=\"og:locale:alternate\" content=\"hu_HU\" \/>\n<meta property=\"og:locale:alternate\" content=\"pl_PL\" \/>\n<meta property=\"og:locale:alternate\" content=\"el\" \/>\n<meta property=\"og:locale:alternate\" content=\"tr_TR\" \/>\n<meta property=\"og:type\" content=\"article\" \/>\n<meta property=\"og:title\" content=\"\u041b\u0443\u0447\u0448\u0438\u0435 \u0441\u0442\u0440\u0430\u0442\u0435\u0433\u0438\u0438 \u0434\u043b\u044f Crazy Time: \u043a\u0430\u043a \u0443\u0432\u0435\u043b\u0438\u0447\u0438\u0442\u044c \u0448\u0430\u043d\u0441\u044b \u043d\u0430 \u0432\u044b\u0438\u0433\u0440\u044b\u0448\" \/>\n<meta property=\"og:description\" content=\"\u0418\u0437\u0443\u0447\u0438\u0442\u0435 \u044d\u0444\u0444\u0435\u043a\u0442\u0438\u0432\u043d\u044b\u0435 \u0441\u0442\u0440\u0430\u0442\u0435\u0433\u0438\u0438 \u0438\u0433\u0440\u044b \u0432 Crazy Time. \u041f\u043e\u0432\u044b\u0448\u0430\u0439\u0442\u0435 \u0441\u0432\u043e\u0438 \u0448\u0430\u043d\u0441\u044b \u043d\u0430 \u043a\u0440\u0443\u043f\u043d\u044b\u0439 \u0432\u044b\u0438\u0433\u0440\u044b\u0448 \u0438 \u043d\u0430\u0441\u043b\u0430\u0436\u0434\u0430\u0439\u0442\u0435\u0441\u044c \u0430\u0437\u0430\u0440\u0442\u043e\u043c \u0441 \u0443\u043c\u043e\u043c \u0432 \u043d\u0430\u0448\u0435\u043c \u043a\u0430\u0437\u0438\u043d\u043e.\" \/>\n<meta property=\"og:url\" content=\"https:\/\/historycrazytime.info\/ro\/crazy-time-strategies\/\" \/>\n<meta property=\"og:site_name\" content=\"Crazy Time\" \/>\n<meta property=\"article:modified_time\" content=\"2023-12-27T18:13:06+00:00\" \/>\n<meta name=\"twitter:card\" content=\"summary_large_image\" \/>\n<meta name=\"twitter:label1\" content=\"Est. reading time\" \/>\n\t<meta name=\"twitter:data1\" content=\"26 minutes\" \/>\n<script type=\"application\/ld+json\" class=\"yoast-schema-graph\">{\"@context\":\"https:\/\/schema.org\",\"@graph\":[{\"@type\":\"WebPage\",\"@id\":\"https:\/\/historycrazytime.info\/crazy-time-strategies\/\",\"url\":\"https:\/\/historycrazytime.info\/crazy-time-strategies\/\",\"name\":\"\u041b\u0443\u0447\u0448\u0438\u0435 \u0441\u0442\u0440\u0430\u0442\u0435\u0433\u0438\u0438 \u0434\u043b\u044f Crazy Time: \u043a\u0430\u043a \u0443\u0432\u0435\u043b\u0438\u0447\u0438\u0442\u044c \u0448\u0430\u043d\u0441\u044b \u043d\u0430 \u0432\u044b\u0438\u0433\u0440\u044b\u0448\",\"isPartOf\":{\"@id\":\"https:\/\/historycrazytime.info\/#website\"},\"datePublished\":\"2023-12-09T12:28:50+00:00\",\"dateModified\":\"2023-12-27T18:13:06+00:00\",\"description\":\"\u0418\u0437\u0443\u0447\u0438\u0442\u0435 \u044d\u0444\u0444\u0435\u043a\u0442\u0438\u0432\u043d\u044b\u0435 \u0441\u0442\u0440\u0430\u0442\u0435\u0433\u0438\u0438 \u0438\u0433\u0440\u044b \u0432 Crazy Time. \u041f\u043e\u0432\u044b\u0448\u0430\u0439\u0442\u0435 \u0441\u0432\u043e\u0438 \u0448\u0430\u043d\u0441\u044b \u043d\u0430 \u043a\u0440\u0443\u043f\u043d\u044b\u0439 \u0432\u044b\u0438\u0433\u0440\u044b\u0448 \u0438 \u043d\u0430\u0441\u043b\u0430\u0436\u0434\u0430\u0439\u0442\u0435\u0441\u044c \u0430\u0437\u0430\u0440\u0442\u043e\u043c \u0441 \u0443\u043c\u043e\u043c \u0432 \u043d\u0430\u0448\u0435\u043c \u043a\u0430\u0437\u0438\u043d\u043e.\",\"breadcrumb\":{\"@id\":\"https:\/\/historycrazytime.info\/crazy-time-strategies\/#breadcrumb\"},\"inLanguage\":\"en-US\",\"potentialAction\":[{\"@type\":\"ReadAction\",\"target\":[\"https:\/\/historycrazytime.info\/crazy-time-strategies\/\"]}]},{\"@type\":\"BreadcrumbList\",\"@id\":\"https:\/\/historycrazytime.info\/crazy-time-strategies\/#breadcrumb\",\"itemListElement\":[{\"@type\":\"ListItem\",\"position\":1,\"name\":\"Home\",\"item\":\"https:\/\/historycrazytime.info\/\"},{\"@type\":\"ListItem\",\"position\":2,\"name\":\"\u0421\u0442\u0440\u0430\u0442\u0435\u0433\u0438\u0438 Crazy Time\"}]},{\"@type\":\"WebSite\",\"@id\":\"https:\/\/historycrazytime.info\/#website\",\"url\":\"https:\/\/historycrazytime.info\/\",\"name\":\"Crazy Time\",\"description\":\"\",\"publisher\":{\"@id\":\"https:\/\/historycrazytime.info\/#organization\"},\"potentialAction\":[{\"@type\":\"SearchAction\",\"target\":{\"@type\":\"EntryPoint\",\"urlTemplate\":\"https:\/\/historycrazytime.info\/?s={search_term_string}\"},\"query-input\":{\"@type\":\"PropertyValueSpecification\",\"valueRequired\":true,\"valueName\":\"search_term_string\"}}],\"inLanguage\":\"en-US\"},{\"@type\":\"Organization\",\"@id\":\"https:\/\/historycrazytime.info\/#organization\",\"name\":\"Crazy Time\",\"url\":\"https:\/\/historycrazytime.info\/\",\"logo\":{\"@type\":\"ImageObject\",\"inLanguage\":\"en-US\",\"@id\":\"https:\/\/historycrazytime.info\/#\/schema\/logo\/image\/\",\"url\":\"https:\/\/historycrazytime.info\/wp-content\/uploads\/crazy-time-logo.webp\",\"contentUrl\":\"https:\/\/historycrazytime.info\/wp-content\/uploads\/crazy-time-logo.webp\",\"width\":640,\"height\":448,\"caption\":\"Crazy Time\"},\"image\":{\"@id\":\"https:\/\/historycrazytime.info\/#\/schema\/logo\/image\/\"}}]}<\/script>\n<!-- \/ Yoast SEO plugin. -->","yoast_head_json":{"title":"\u041b\u0443\u0447\u0448\u0438\u0435 \u0441\u0442\u0440\u0430\u0442\u0435\u0433\u0438\u0438 \u0434\u043b\u044f Crazy Time: \u043a\u0430\u043a \u0443\u0432\u0435\u043b\u0438\u0447\u0438\u0442\u044c \u0448\u0430\u043d\u0441\u044b \u043d\u0430 \u0432\u044b\u0438\u0433\u0440\u044b\u0448","description":"Descoper\u0103 strategii eficiente pentru a juca Crazy Time. Spore\u0219te-\u021bi \u0219ansele de a ob\u021bine un c\u00e2\u0219tig mare \u0219i bucur\u0103-te de jocuri inteligente \u00een cazinoul nostru.","robots":{"index":"index","follow":"follow","max-snippet":"max-snippet:-1","max-image-preview":"max-image-preview:large","max-video-preview":"max-video-preview:-1"},"canonical":"https:\/\/historycrazytime.info\/ro\/crazy-time-strategies\/","og_locale":"en_US","og_type":"article","og_title":"\u041b\u0443\u0447\u0448\u0438\u0435 \u0441\u0442\u0440\u0430\u0442\u0435\u0433\u0438\u0438 \u0434\u043b\u044f Crazy Time: \u043a\u0430\u043a \u0443\u0432\u0435\u043b\u0438\u0447\u0438\u0442\u044c \u0448\u0430\u043d\u0441\u044b \u043d\u0430 \u0432\u044b\u0438\u0433\u0440\u044b\u0448","og_description":"\u0418\u0437\u0443\u0447\u0438\u0442\u0435 \u044d\u0444\u0444\u0435\u043a\u0442\u0438\u0432\u043d\u044b\u0435 \u0441\u0442\u0440\u0430\u0442\u0435\u0433\u0438\u0438 \u0438\u0433\u0440\u044b \u0432 Crazy Time. \u041f\u043e\u0432\u044b\u0448\u0430\u0439\u0442\u0435 \u0441\u0432\u043e\u0438 \u0448\u0430\u043d\u0441\u044b \u043d\u0430 \u043a\u0440\u0443\u043f\u043d\u044b\u0439 \u0432\u044b\u0438\u0433\u0440\u044b\u0448 \u0438 \u043d\u0430\u0441\u043b\u0430\u0436\u0434\u0430\u0439\u0442\u0435\u0441\u044c \u0430\u0437\u0430\u0440\u0442\u043e\u043c \u0441 \u0443\u043c\u043e\u043c \u0432 \u043d\u0430\u0448\u0435\u043c \u043a\u0430\u0437\u0438\u043d\u043e.","og_url":"https:\/\/historycrazytime.info\/ro\/crazy-time-strategies\/","og_site_name":"Crazy Time","article_modified_time":"2023-12-27T18:13:06+00:00","twitter_card":"summary_large_image","twitter_misc":{"Est. reading time":"26 minutes"},"schema":{"@context":"https:\/\/schema.org","@graph":[{"@type":"WebPage","@id":"https:\/\/historycrazytime.info\/crazy-time-strategies\/","url":"https:\/\/historycrazytime.info\/crazy-time-strategies\/","name":"\u041b\u0443\u0447\u0448\u0438\u0435 \u0441\u0442\u0440\u0430\u0442\u0435\u0433\u0438\u0438 \u0434\u043b\u044f Crazy Time: \u043a\u0430\u043a \u0443\u0432\u0435\u043b\u0438\u0447\u0438\u0442\u044c \u0448\u0430\u043d\u0441\u044b \u043d\u0430 \u0432\u044b\u0438\u0433\u0440\u044b\u0448","isPartOf":{"@id":"https:\/\/historycrazytime.info\/#website"},"datePublished":"2023-12-09T12:28:50+00:00","dateModified":"2023-12-27T18:13:06+00:00","description":"\u0418\u0437\u0443\u0447\u0438\u0442\u0435 \u044d\u0444\u0444\u0435\u043a\u0442\u0438\u0432\u043d\u044b\u0435 \u0441\u0442\u0440\u0430\u0442\u0435\u0433\u0438\u0438 \u0438\u0433\u0440\u044b \u0432 Crazy Time. \u041f\u043e\u0432\u044b\u0448\u0430\u0439\u0442\u0435 \u0441\u0432\u043e\u0438 \u0448\u0430\u043d\u0441\u044b \u043d\u0430 \u043a\u0440\u0443\u043f\u043d\u044b\u0439 \u0432\u044b\u0438\u0433\u0440\u044b\u0448 \u0438 \u043d\u0430\u0441\u043b\u0430\u0436\u0434\u0430\u0439\u0442\u0435\u0441\u044c \u0430\u0437\u0430\u0440\u0442\u043e\u043c \u0441 \u0443\u043c\u043e\u043c \u0432 \u043d\u0430\u0448\u0435\u043c \u043a\u0430\u0437\u0438\u043d\u043e.","breadcrumb":{"@id":"https:\/\/historycrazytime.info\/crazy-time-strategies\/#breadcrumb"},"inLanguage":"en-US","potentialAction":[{"@type":"ReadAction","target":["https:\/\/historycrazytime.info\/crazy-time-strategies\/"]}]},{"@type":"BreadcrumbList","@id":"https:\/\/historycrazytime.info\/crazy-time-strategies\/#breadcrumb","itemListElement":[{"@type":"ListItem","position":1,"name":"Home","item":"https:\/\/historycrazytime.info\/"},{"@type":"ListItem","position":2,"name":"\u0421\u0442\u0440\u0430\u0442\u0435\u0433\u0438\u0438 Crazy Time"}]},{"@type":"WebSite","@id":"https:\/\/historycrazytime.info\/#website","url":"https:\/\/historycrazytime.info\/","name":"Crazy Time","description":"","publisher":{"@id":"https:\/\/historycrazytime.info\/#organization"},"potentialAction":[{"@type":"SearchAction","target":{"@type":"EntryPoint","urlTemplate":"https:\/\/historycrazytime.info\/?s={search_term_string}"},"query-input":{"@type":"PropertyValueSpecification","valueRequired":true,"valueName":"search_term_string"}}],"inLanguage":"en-US"},{"@type":"Organization","@id":"https:\/\/historycrazytime.info\/#organization","name":"Crazy Time","url":"https:\/\/historycrazytime.info\/","logo":{"@type":"ImageObject","inLanguage":"en-US","@id":"https:\/\/historycrazytime.info\/#\/schema\/logo\/image\/","url":"https:\/\/historycrazytime.info\/wp-content\/uploads\/crazy-time-logo.webp","contentUrl":"https:\/\/historycrazytime.info\/wp-content\/uploads\/crazy-time-logo.webp","width":640,"height":448,"caption":"Crazy Time"},"image":{"@id":"https:\/\/historycrazytime.info\/#\/schema\/logo\/image\/"}}]}},"_links":{"self":[{"href":"https:\/\/historycrazytime.info\/ro\/wp-json\/wp\/v2\/pages\/11","targetHints":{"allow":["GET"]}}],"collection":[{"href":"https:\/\/historycrazytime.info\/ro\/wp-json\/wp\/v2\/pages"}],"about":[{"href":"https:\/\/historycrazytime.info\/ro\/wp-json\/wp\/v2\/types\/page"}],"author":[{"embeddable":true,"href":"https:\/\/historycrazytime.info\/ro\/wp-json\/wp\/v2\/users\/1"}],"replies":[{"embeddable":true,"href":"https:\/\/historycrazytime.info\/ro\/wp-json\/wp\/v2\/comments?post=11"}],"version-history":[{"count":33,"href":"https:\/\/historycrazytime.info\/ro\/wp-json\/wp\/v2\/pages\/11\/revisions"}],"predecessor-version":[{"id":144,"href":"https:\/\/historycrazytime.info\/ro\/wp-json\/wp\/v2\/pages\/11\/revisions\/144"}],"wp:attachment":[{"href":"https:\/\/historycrazytime.info\/ro\/wp-json\/wp\/v2\/media?parent=11"}],"curies":[{"name":"wp","href":"https:\/\/api.w.org\/{rel}","templated":true}]}}