{"id":6,"date":"2023-12-09T00:29:38","date_gmt":"2023-12-09T00:29:38","guid":{"rendered":"https:\/\/historycrazytime.info\/?page_id=6"},"modified":"2023-12-27T18:09:19","modified_gmt":"2023-12-27T18:09:19","slug":"crazy-time","status":"publish","type":"page","link":"https:\/\/historycrazytime.info\/pt\/","title":{"rendered":"Desbloqueie as Portas para Emo\u00e7\u00f5es Empolgantes: Jogue Crazy Time no Nosso Cassino Online!"},"content":{"rendered":"<p>Crazy Time \u00e9 mais do que apenas um jogo de azar. \u00c9 um programa de jogo completo e um jogo popular com uma roda da fortuna que se assemelha \u00e0 Roda da Fortuna familiar para todos. O apresentador gira uma roda grande em p\u00e9, verticalmente, com 54 setores. O objetivo \u00e9 prever onde a roda vai parar no final do giro. Sem algoritmos de computador. Sem trapa\u00e7a. Apenas aleatoriedade e sorte!<\/p>\n<p>O jogo Crazy Time \u00e9 um cl\u00e1ssico de cassino. Todo ano, em v\u00e1rios cassinos online, este jogo consistentemente se destaca entre os slots mais populares, atraindo milh\u00f5es de jogadores em todo o mundo.<\/p>\n<p>Al\u00e9m disso, h\u00e1 um slot de v\u00eddeo no topo que oferece a chance de obter b\u00f4nus espec\u00edficos. Em Crazy Time, os jogadores lideram o jogo assim como o dealer, criando uma atmosfera \u00fanica que lembra um cassino real.<\/p>\n<p>O Slot Crazy Time se destaca de jogos semelhantes porque possui v\u00e1rias zonas de b\u00f4nus, representando mini-jogos separados que trazem ganhos extremamente grandes para os vencedores.<\/p>\n<h2>Principais Caracter\u00edsticas do Jogo Crazy Time<\/h2>\n<p>A a\u00e7\u00e3o ocorre em um cassino virtual com um dealer ao vivo. Quando o apresentador gira a roda, os jogadores fazem apostas nos setores. Aqueles que acertam o setor ganham. No jogo, muitas t\u00e1ticas diferentes podem ser usadas. A quantia ganha pode aumentar v\u00e1rias vezes devido ao aparecimento de grandes multiplicadores na roda. Outras caracter\u00edsticas do jogo online Crazy Time incluem:<\/p>\n<ul>\n<li>Intera\u00e7\u00e3o por chat com o dealer e outros jogadores;<\/li>\n<li>Ganhar mais dinheiro do que em outros jogos ou slots;<\/li>\n<li>Numerosas apostas ou mini-jogos oferecidos antes de cada giro;<\/li>\n<li>Para cobrir as despesas de apostas, voc\u00ea pode apostar em todos os setores;<\/li>\n<li>O jogo tem um estilo de cassino, criando uma atmosfera \u00fanica;<\/li>\n<li>Taxa de retorno ao jogador alta (96,08%).<\/li>\n<\/ul>\n<h2>Regras do Jogo Crazy Time:<\/h2>\n<p>A roda inteira consiste em oito grupos.<\/p>\n<p>Um desses oito grupos representa multiplicadores de vit\u00f3ria (x1, x2, x5, x10), enquanto outros grupos representam mini-jogos como Cash Hunt, Pachinko, Coin Flip e Crazy Time.<\/p>\n<p>As apostas podem ser feitas em c\u00e9lulas individuais, todas as c\u00e9lulas ou algumas delas. O valor da aposta pode ser ajustado separadamente para cada c\u00e9lula. Vale a pena observar que setores com multiplicadores regulares t\u00eam muitos mais b\u00f4nus, por exemplo, setores x1 &#8211; 21, setores x2 &#8211; 14, setores x5 &#8211; 7 e setores x10 &#8211; 4. Assim, eles aparecem com mais frequ\u00eancia.<\/p>\n<p>No in\u00edcio do jogo, o dealer aceita apostas dos jogadores, e a roda come\u00e7a a girar quando todas as apostas s\u00e3o feitas.<\/p>\n<p>Neste momento, o slot de v\u00eddeo come\u00e7a a girar. Ele adiciona um multiplicador a um setor aleat\u00f3rio, seja um n\u00famero ou um jogo de b\u00f4nus. Se o setor e o multiplicador coincidirem horizontalmente ap\u00f3s a rodada, o multiplicador \u00e9 ativado; caso contr\u00e1rio, a rodada termina sem b\u00f4nus.<\/p>\n<p>Neste momento, a roda para. O jogador cuja aposta acertou ganha.<\/p>\n<p>No canto inferior direito da tela do jogo, voc\u00ea pode ver o hist\u00f3rico dos setores jogados. Voc\u00ea pode assistir ao jogo Crazy Time sem risco sem ler as regras. Isso permite entender melhor as caracter\u00edsticas dos jogos online, tornando-o conveniente. Como n\u00e3o h\u00e1 vers\u00e3o de demonstra\u00e7\u00e3o do jogo Crazy Time, esta \u00e9 uma excelente alternativa para passar o tempo jogando.<\/p>\n<h2>Jogos de B\u00f4nus no Cassino Crazy Time<\/h2>\n<p>Cada setor de b\u00f4nus representa um mini-jogo separado. Mini-jogos Crazy Time com b\u00f4nus oferecem os maiores ganhos. Existem quatro deles no Crazy Time:<\/p>\n<h3>Cash Hunt:<\/h3>\n<p>Este mini-jogo consiste em um campo de 108 c\u00e9lulas com multiplicadores aleat\u00f3rios. No tempo atribu\u00eddo, voc\u00ea precisa escolher uma delas. No final, um sinal soa, indicando o valor final.<\/p>\n<h3>Pachinko:<\/h3>\n<p>Quando o Pachinko aparece, uma parede com in\u00fameros pinos aparece na tela. Dezesseis valores s\u00e3o exibidos na parte inferior, cada um dos quais \u00e9 um multiplicador. O dealer determina a vit\u00f3ria final quando a bola cai. O multiplicador m\u00e1ximo pode ser x10.000.<\/p>\n<h3>Coin Flip:<\/h3>\n<p>Coin Flip \u00e9 um jogo de lan\u00e7amento de moeda. Dois c\u00edrculos s\u00e3o exibidos na tela: azul e vermelho. Um multiplicador de vit\u00f3ria selecionado aleatoriamente \u00e9 exibido nesses c\u00edrculos. O dealer lan\u00e7a uma ficha colorida. Dependendo dos resultados, o jogo determinar\u00e1 uma vit\u00f3ria ou derrota. O multiplicador m\u00e1ximo permitido \u00e9 x100.<\/p>\n<h3>Crazy Time:<\/h3>\n<p>Quando o Crazy Time aparece, o dealer se muda para outra sala com uma roda ainda maior. O jogador deve escolher uma das tr\u00eas marcas localizadas acima da roda. Escolhendo uma das marcas, voc\u00ea deve pegar o m\u00e1ximo poss\u00edvel de multiplicadores. O mini-jogo Crazy Time oferece um b\u00f4nus m\u00e1ximo de x20.000.<\/p>\n<h3>Lembre-se do Slot de V\u00eddeo<\/h3>\n<p>Se um multiplicador apareceu no slot de v\u00eddeo em um dos jogos de b\u00f4nus antes disso, os ganhos aumentar\u00e3o de acordo com o valor do jogo. O slot online Crazy Time tem ganhos incrivelmente grandes.<\/p>\n<h2>Dicas \u00dateis para o Crazy Time<\/h2>\n<p>Aqui est\u00e3o alguns detalhes \u00fateis sobre o jogo Crazy Time online que certamente ser\u00e3o \u00fateis se voc\u00ea decidir jogar com dinheiro real em um cassino online:<\/p>\n<ul>\n<li>O slot de v\u00eddeo pode ter um multiplicador m\u00e1ximo de x50.<\/li>\n<li>A multiplica\u00e7\u00e3o m\u00e1xima de uma \u00fanica aposta \u00e9 x20.000. No jogo de b\u00f4nus Crazy Time com caracter\u00edsticas Duplo\/Triplo, isso acontece.<\/li>\n<li>A faixa de apostas varia de 5 centavos a 50 d\u00f3lares.<\/li>\n<li>Jogadores com muita sorte podem ganhar at\u00e9 quinhentas vezes a sua aposta.<\/li>\n<\/ul>\n","protected":false},"excerpt":{"rendered":"<p>Crazy Time \u00e9 mais do que apenas um jogo de azar. \u00c9 um programa de jogo completo e um jogo popular com uma roda da fortuna que se assemelha \u00e0 Roda da Fortuna familiar para todos. O apresentador gira uma roda grande em p\u00e9, verticalmente, com 54 setores. O objetivo \u00e9 prever onde a roda vai parar no final do giro. Sem algoritmos de computador. Sem trapa\u00e7a. Apenas aleatoriedade e sorte! O jogo Crazy Time&hellip; <\/p>\n","protected":false},"author":1,"featured_media":0,"parent":0,"menu_order":0,"comment_status":"closed","ping_status":"closed","template":"","meta":{"footnotes":""},"class_list":["post-6","page","type-page","status-publish","hentry"],"yoast_head":"<!-- This site is optimized with the Yoast SEO plugin v27.2 - https:\/\/yoast.com\/product\/yoast-seo-wordpress\/ -->\n<title>\u0418\u0433\u0440\u0430\u0439\u0442\u0435 \u0432 Crazy Time: \u0430\u0437\u0430\u0440\u0442 \u0438 \u0432\u043e\u043b\u043d\u0435\u043d\u0438\u0435 \u0432 \u043e\u043d\u043b\u0430\u0439\u043d \u043a\u0430\u0437\u0438\u043d\u043e<\/title>\n<meta name=\"description\" content=\"Descubra o emocionante mundo do Crazy Time em nosso cassino online. Gr\u00e1ficos impressionantes, grandes vit\u00f3rias e experi\u00eancias inesquec\u00edveis est\u00e3o \u00e0 sua espera!\" \/>\n<meta name=\"robots\" content=\"index, follow, max-snippet:-1, max-image-preview:large, max-video-preview:-1\" \/>\n<link rel=\"canonical\" href=\"https:\/\/historycrazytime.info\/pt\/\" \/>\n<meta property=\"og:locale\" content=\"pt_PT\" \/>\n<meta property=\"og:locale:alternate\" content=\"en_US\" \/>\n<meta property=\"og:locale:alternate\" content=\"ru_RU\" \/>\n<meta property=\"og:locale:alternate\" content=\"es_ES\" \/>\n<meta property=\"og:locale:alternate\" content=\"ro_RO\" \/>\n<meta property=\"og:locale:alternate\" content=\"sr_RS\" \/>\n<meta property=\"og:locale:alternate\" content=\"bg_BG\" \/>\n<meta property=\"og:locale:alternate\" content=\"hu_HU\" \/>\n<meta property=\"og:locale:alternate\" content=\"pl_PL\" \/>\n<meta property=\"og:locale:alternate\" content=\"el\" \/>\n<meta property=\"og:locale:alternate\" content=\"tr_TR\" \/>\n<meta property=\"og:type\" content=\"article\" \/>\n<meta property=\"og:title\" content=\"\u0418\u0433\u0440\u0430\u0439\u0442\u0435 \u0432 Crazy Time: \u0430\u0437\u0430\u0440\u0442 \u0438 \u0432\u043e\u043b\u043d\u0435\u043d\u0438\u0435 \u0432 \u043e\u043d\u043b\u0430\u0439\u043d \u043a\u0430\u0437\u0438\u043d\u043e\" \/>\n<meta property=\"og:description\" content=\"\u041e\u0442\u043a\u0440\u043e\u0439\u0442\u0435 \u0434\u043b\u044f \u0441\u0435\u0431\u044f \u0437\u0430\u0445\u0432\u0430\u0442\u044b\u0432\u0430\u044e\u0449\u0438\u0439 \u043c\u0438\u0440 Crazy Time \u0432 \u043d\u0430\u0448\u0435\u043c \u043e\u043d\u043b\u0430\u0439\u043d \u043a\u0430\u0437\u0438\u043d\u043e. \u0412\u0435\u043b\u0438\u043a\u043e\u043b\u0435\u043f\u043d\u0430\u044f \u0433\u0440\u0430\u0444\u0438\u043a\u0430, \u043a\u0440\u0443\u043f\u043d\u044b\u0435 \u0432\u044b\u0438\u0433\u0440\u044b\u0448\u0438 \u0438 \u043d\u0435\u0437\u0430\u0431\u044b\u0432\u0430\u0435\u043c\u044b\u0435 \u0432\u043f\u0435\u0447\u0430\u0442\u043b\u0435\u043d\u0438\u044f \u0436\u0434\u0443\u0442 \u0432\u0430\u0441!\" \/>\n<meta property=\"og:url\" content=\"https:\/\/historycrazytime.info\/pt\/\" \/>\n<meta property=\"og:site_name\" content=\"Crazy Time\" \/>\n<meta property=\"article:modified_time\" content=\"2023-12-27T18:09:19+00:00\" \/>\n<meta name=\"twitter:card\" content=\"summary_large_image\" \/>\n<meta name=\"twitter:label1\" content=\"Tempo estimado de leitura\" \/>\n\t<meta name=\"twitter:data1\" content=\"35 minutos\" \/>\n<script type=\"application\/ld+json\" class=\"yoast-schema-graph\">{\"@context\":\"https:\/\/schema.org\",\"@graph\":[{\"@type\":\"WebPage\",\"@id\":\"https:\/\/historycrazytime.info\/\",\"url\":\"https:\/\/historycrazytime.info\/\",\"name\":\"\u0418\u0433\u0440\u0430\u0439\u0442\u0435 \u0432 Crazy Time: \u0430\u0437\u0430\u0440\u0442 \u0438 \u0432\u043e\u043b\u043d\u0435\u043d\u0438\u0435 \u0432 \u043e\u043d\u043b\u0430\u0439\u043d \u043a\u0430\u0437\u0438\u043d\u043e\",\"isPartOf\":{\"@id\":\"https:\/\/historycrazytime.info\/#website\"},\"datePublished\":\"2023-12-09T00:29:38+00:00\",\"dateModified\":\"2023-12-27T18:09:19+00:00\",\"description\":\"\u041e\u0442\u043a\u0440\u043e\u0439\u0442\u0435 \u0434\u043b\u044f \u0441\u0435\u0431\u044f \u0437\u0430\u0445\u0432\u0430\u0442\u044b\u0432\u0430\u044e\u0449\u0438\u0439 \u043c\u0438\u0440 Crazy Time \u0432 \u043d\u0430\u0448\u0435\u043c \u043e\u043d\u043b\u0430\u0439\u043d \u043a\u0430\u0437\u0438\u043d\u043e. \u0412\u0435\u043b\u0438\u043a\u043e\u043b\u0435\u043f\u043d\u0430\u044f \u0433\u0440\u0430\u0444\u0438\u043a\u0430, \u043a\u0440\u0443\u043f\u043d\u044b\u0435 \u0432\u044b\u0438\u0433\u0440\u044b\u0448\u0438 \u0438 \u043d\u0435\u0437\u0430\u0431\u044b\u0432\u0430\u0435\u043c\u044b\u0435 \u0432\u043f\u0435\u0447\u0430\u0442\u043b\u0435\u043d\u0438\u044f \u0436\u0434\u0443\u0442 \u0432\u0430\u0441!\",\"breadcrumb\":{\"@id\":\"https:\/\/historycrazytime.info\/#breadcrumb\"},\"inLanguage\":\"pt-PT\",\"potentialAction\":[{\"@type\":\"ReadAction\",\"target\":[\"https:\/\/historycrazytime.info\/\"]}]},{\"@type\":\"BreadcrumbList\",\"@id\":\"https:\/\/historycrazytime.info\/#breadcrumb\",\"itemListElement\":[{\"@type\":\"ListItem\",\"position\":1,\"name\":\"Home\",\"item\":\"https:\/\/historycrazytime.info\/\"},{\"@type\":\"ListItem\",\"position\":2,\"name\":\"\u041e\u0442\u043a\u0440\u043e\u0439 \u0434\u0432\u0435\u0440\u0438 \u0443\u0432\u043b\u0435\u043a\u0430\u0442\u0435\u043b\u044c\u043d\u043e\u0433\u043e \u0430\u0437\u0430\u0440\u0442\u0430: \u0438\u0433\u0440\u0430\u0439 \u0432 Crazy Time \u0432 \u043e\u043d\u043b\u0430\u0439\u043d \u043a\u0430\u0437\u0438\u043d\u043e!\"}]},{\"@type\":\"WebSite\",\"@id\":\"https:\/\/historycrazytime.info\/#website\",\"url\":\"https:\/\/historycrazytime.info\/\",\"name\":\"Crazy Time\",\"description\":\"\",\"publisher\":{\"@id\":\"https:\/\/historycrazytime.info\/#organization\"},\"potentialAction\":[{\"@type\":\"SearchAction\",\"target\":{\"@type\":\"EntryPoint\",\"urlTemplate\":\"https:\/\/historycrazytime.info\/?s={search_term_string}\"},\"query-input\":{\"@type\":\"PropertyValueSpecification\",\"valueRequired\":true,\"valueName\":\"search_term_string\"}}],\"inLanguage\":\"pt-PT\"},{\"@type\":\"Organization\",\"@id\":\"https:\/\/historycrazytime.info\/#organization\",\"name\":\"Crazy Time\",\"url\":\"https:\/\/historycrazytime.info\/\",\"logo\":{\"@type\":\"ImageObject\",\"inLanguage\":\"pt-PT\",\"@id\":\"https:\/\/historycrazytime.info\/#\/schema\/logo\/image\/\",\"url\":\"https:\/\/historycrazytime.info\/wp-content\/uploads\/crazy-time-logo.webp\",\"contentUrl\":\"https:\/\/historycrazytime.info\/wp-content\/uploads\/crazy-time-logo.webp\",\"width\":640,\"height\":448,\"caption\":\"Crazy Time\"},\"image\":{\"@id\":\"https:\/\/historycrazytime.info\/#\/schema\/logo\/image\/\"}}]}<\/script>\n<!-- \/ Yoast SEO plugin. -->","yoast_head_json":{"title":"\u0418\u0433\u0440\u0430\u0439\u0442\u0435 \u0432 Crazy Time: \u0430\u0437\u0430\u0440\u0442 \u0438 \u0432\u043e\u043b\u043d\u0435\u043d\u0438\u0435 \u0432 \u043e\u043d\u043b\u0430\u0439\u043d \u043a\u0430\u0437\u0438\u043d\u043e","description":"Descubra o emocionante mundo do Crazy Time em nosso cassino online. Gr\u00e1ficos impressionantes, grandes vit\u00f3rias e experi\u00eancias inesquec\u00edveis est\u00e3o \u00e0 sua espera!","robots":{"index":"index","follow":"follow","max-snippet":"max-snippet:-1","max-image-preview":"max-image-preview:large","max-video-preview":"max-video-preview:-1"},"canonical":"https:\/\/historycrazytime.info\/pt\/","og_locale":"pt_PT","og_type":"article","og_title":"\u0418\u0433\u0440\u0430\u0439\u0442\u0435 \u0432 Crazy Time: \u0430\u0437\u0430\u0440\u0442 \u0438 \u0432\u043e\u043b\u043d\u0435\u043d\u0438\u0435 \u0432 \u043e\u043d\u043b\u0430\u0439\u043d \u043a\u0430\u0437\u0438\u043d\u043e","og_description":"\u041e\u0442\u043a\u0440\u043e\u0439\u0442\u0435 \u0434\u043b\u044f \u0441\u0435\u0431\u044f \u0437\u0430\u0445\u0432\u0430\u0442\u044b\u0432\u0430\u044e\u0449\u0438\u0439 \u043c\u0438\u0440 Crazy Time \u0432 \u043d\u0430\u0448\u0435\u043c \u043e\u043d\u043b\u0430\u0439\u043d \u043a\u0430\u0437\u0438\u043d\u043e. \u0412\u0435\u043b\u0438\u043a\u043e\u043b\u0435\u043f\u043d\u0430\u044f \u0433\u0440\u0430\u0444\u0438\u043a\u0430, \u043a\u0440\u0443\u043f\u043d\u044b\u0435 \u0432\u044b\u0438\u0433\u0440\u044b\u0448\u0438 \u0438 \u043d\u0435\u0437\u0430\u0431\u044b\u0432\u0430\u0435\u043c\u044b\u0435 \u0432\u043f\u0435\u0447\u0430\u0442\u043b\u0435\u043d\u0438\u044f \u0436\u0434\u0443\u0442 \u0432\u0430\u0441!","og_url":"https:\/\/historycrazytime.info\/pt\/","og_site_name":"Crazy Time","article_modified_time":"2023-12-27T18:09:19+00:00","twitter_card":"summary_large_image","twitter_misc":{"Tempo estimado de leitura":"35 minutos"},"schema":{"@context":"https:\/\/schema.org","@graph":[{"@type":"WebPage","@id":"https:\/\/historycrazytime.info\/","url":"https:\/\/historycrazytime.info\/","name":"\u0418\u0433\u0440\u0430\u0439\u0442\u0435 \u0432 Crazy Time: \u0430\u0437\u0430\u0440\u0442 \u0438 \u0432\u043e\u043b\u043d\u0435\u043d\u0438\u0435 \u0432 \u043e\u043d\u043b\u0430\u0439\u043d \u043a\u0430\u0437\u0438\u043d\u043e","isPartOf":{"@id":"https:\/\/historycrazytime.info\/#website"},"datePublished":"2023-12-09T00:29:38+00:00","dateModified":"2023-12-27T18:09:19+00:00","description":"\u041e\u0442\u043a\u0440\u043e\u0439\u0442\u0435 \u0434\u043b\u044f \u0441\u0435\u0431\u044f \u0437\u0430\u0445\u0432\u0430\u0442\u044b\u0432\u0430\u044e\u0449\u0438\u0439 \u043c\u0438\u0440 Crazy Time \u0432 \u043d\u0430\u0448\u0435\u043c \u043e\u043d\u043b\u0430\u0439\u043d \u043a\u0430\u0437\u0438\u043d\u043e. \u0412\u0435\u043b\u0438\u043a\u043e\u043b\u0435\u043f\u043d\u0430\u044f \u0433\u0440\u0430\u0444\u0438\u043a\u0430, \u043a\u0440\u0443\u043f\u043d\u044b\u0435 \u0432\u044b\u0438\u0433\u0440\u044b\u0448\u0438 \u0438 \u043d\u0435\u0437\u0430\u0431\u044b\u0432\u0430\u0435\u043c\u044b\u0435 \u0432\u043f\u0435\u0447\u0430\u0442\u043b\u0435\u043d\u0438\u044f \u0436\u0434\u0443\u0442 \u0432\u0430\u0441!","breadcrumb":{"@id":"https:\/\/historycrazytime.info\/#breadcrumb"},"inLanguage":"pt-PT","potentialAction":[{"@type":"ReadAction","target":["https:\/\/historycrazytime.info\/"]}]},{"@type":"BreadcrumbList","@id":"https:\/\/historycrazytime.info\/#breadcrumb","itemListElement":[{"@type":"ListItem","position":1,"name":"Home","item":"https:\/\/historycrazytime.info\/"},{"@type":"ListItem","position":2,"name":"\u041e\u0442\u043a\u0440\u043e\u0439 \u0434\u0432\u0435\u0440\u0438 \u0443\u0432\u043b\u0435\u043a\u0430\u0442\u0435\u043b\u044c\u043d\u043e\u0433\u043e \u0430\u0437\u0430\u0440\u0442\u0430: \u0438\u0433\u0440\u0430\u0439 \u0432 Crazy Time \u0432 \u043e\u043d\u043b\u0430\u0439\u043d \u043a\u0430\u0437\u0438\u043d\u043e!"}]},{"@type":"WebSite","@id":"https:\/\/historycrazytime.info\/#website","url":"https:\/\/historycrazytime.info\/","name":"Crazy Time","description":"","publisher":{"@id":"https:\/\/historycrazytime.info\/#organization"},"potentialAction":[{"@type":"SearchAction","target":{"@type":"EntryPoint","urlTemplate":"https:\/\/historycrazytime.info\/?s={search_term_string}"},"query-input":{"@type":"PropertyValueSpecification","valueRequired":true,"valueName":"search_term_string"}}],"inLanguage":"pt-PT"},{"@type":"Organization","@id":"https:\/\/historycrazytime.info\/#organization","name":"Crazy Time","url":"https:\/\/historycrazytime.info\/","logo":{"@type":"ImageObject","inLanguage":"pt-PT","@id":"https:\/\/historycrazytime.info\/#\/schema\/logo\/image\/","url":"https:\/\/historycrazytime.info\/wp-content\/uploads\/crazy-time-logo.webp","contentUrl":"https:\/\/historycrazytime.info\/wp-content\/uploads\/crazy-time-logo.webp","width":640,"height":448,"caption":"Crazy Time"},"image":{"@id":"https:\/\/historycrazytime.info\/#\/schema\/logo\/image\/"}}]}},"_links":{"self":[{"href":"https:\/\/historycrazytime.info\/pt\/wp-json\/wp\/v2\/pages\/6","targetHints":{"allow":["GET"]}}],"collection":[{"href":"https:\/\/historycrazytime.info\/pt\/wp-json\/wp\/v2\/pages"}],"about":[{"href":"https:\/\/historycrazytime.info\/pt\/wp-json\/wp\/v2\/types\/page"}],"author":[{"embeddable":true,"href":"https:\/\/historycrazytime.info\/pt\/wp-json\/wp\/v2\/users\/1"}],"replies":[{"embeddable":true,"href":"https:\/\/historycrazytime.info\/pt\/wp-json\/wp\/v2\/comments?post=6"}],"version-history":[{"count":26,"href":"https:\/\/historycrazytime.info\/pt\/wp-json\/wp\/v2\/pages\/6\/revisions"}],"predecessor-version":[{"id":160,"href":"https:\/\/historycrazytime.info\/pt\/wp-json\/wp\/v2\/pages\/6\/revisions\/160"}],"wp:attachment":[{"href":"https:\/\/historycrazytime.info\/pt\/wp-json\/wp\/v2\/media?parent=6"}],"curies":[{"name":"wp","href":"https:\/\/api.w.org\/{rel}","templated":true}]}}