{"id":15,"date":"2023-12-09T15:16:19","date_gmt":"2023-12-09T15:16:19","guid":{"rendered":"https:\/\/historycrazytime.info\/?page_id=15"},"modified":"2023-12-27T18:31:16","modified_gmt":"2023-12-27T18:31:16","slug":"crazy-time-game-faq","status":"publish","type":"page","link":"https:\/\/historycrazytime.info\/pt\/crazy-time-game-faq\/","title":{"rendered":"FAQ: Perguntas Frequentes sobre o Jogo Crazy Time"},"content":{"rendered":"<h3>Qual pode ser a aposta m\u00ednima?<\/h3>\n<p>Em Crazy Time, a aposta m\u00ednima \u00e9 de 10 centavos, e a m\u00e1xima \u00e9 de 1000 d\u00f3lares.<\/p>\n<h3>Existe um chat no jogo online?<\/h3>\n<p>Voc\u00ea pode se comunicar com o apresentador do jogo e outros jogadores. No entanto, lembre-se de seguir as regras de etiqueta no chat do Crazy Time.<\/p>\n<h3>Como \u00e9 a interface estat\u00edstica do jogo?<\/h3>\n<p>A se\u00e7\u00e3o de estat\u00edsticas exibe os resultados vencedores dos \u00faltimos dois rounds do jogo.<\/p>\n<h3>Como descobrir o n\u00famero do jogo?<\/h3>\n<p>Cada rodada do jogo Crazy Time tem seu pr\u00f3prio n\u00famero. Aqui est\u00e1 um exemplo de um n\u00famero #10 \u00e0s 21:10:10. Este n\u00famero indica o Hor\u00e1rio M\u00e9dio de Greenwich do in\u00edcio do jogo, incluindo minutos e segundos. Use este n\u00famero do jogo se voc\u00ea deseja entrar em contato com o suporte ao cliente em rela\u00e7\u00e3o a uma rodada espec\u00edfica.<\/p>\n<h3>Como funciona o modo multijogador do Crazy Time?<\/h3>\n<p>Voc\u00ea pode ingressar em v\u00e1rias mesas e jogar simultaneamente em uma janela do navegador se n\u00e3o quiser parar em uma.<\/p>\n<h3>Existe um modo de jogo autom\u00e1tico no Crazy Time?<\/h3>\n<p>Sim, \u00e9 poss\u00edvel. O modo de jogo autom\u00e1tico permite repetir a aposta selecionada ou o n\u00famero de rodadas do jogo ap\u00f3s fazer uma aposta. Para iniciar o jogo autom\u00e1tico, insira as apostas na grade de apostas e pressione o bot\u00e3o &#8220;Auto-play&#8221;.<\/p>\n","protected":false},"excerpt":{"rendered":"<p>Qual pode ser a aposta m\u00ednima? Em Crazy Time, a aposta m\u00ednima \u00e9 de 10 centavos, e a m\u00e1xima \u00e9 de 1000 d\u00f3lares. Existe um chat no jogo online? Voc\u00ea pode se comunicar com o apresentador do jogo e outros jogadores. No entanto, lembre-se de seguir as regras de etiqueta no chat do Crazy Time. Como \u00e9 a interface estat\u00edstica do jogo? A se\u00e7\u00e3o de estat\u00edsticas exibe os resultados vencedores dos \u00faltimos dois rounds do&hellip; <\/p>\n","protected":false},"author":1,"featured_media":0,"parent":0,"menu_order":0,"comment_status":"closed","ping_status":"closed","template":"","meta":{"footnotes":""},"class_list":["post-15","page","type-page","status-publish","hentry"],"yoast_head":"<!-- This site is optimized with the Yoast SEO plugin v27.2 - https:\/\/yoast.com\/product\/yoast-seo-wordpress\/ -->\n<title>\u0427\u0430\u0441\u0442\u043e \u0437\u0430\u0434\u0430\u0432\u0430\u0435\u043c\u044b\u0435 \u0432\u043e\u043f\u0440\u043e\u0441\u044b \u043e Crazy Time: \u043e\u0442\u0432\u0435\u0442\u044b \u043e\u0442 \u044d\u043a\u0441\u043f\u0435\u0440\u0442\u043e\u0432<\/title>\n<meta name=\"description\" content=\"Encontre respostas para perguntas frequentes sobre Crazy Time. Conselhos de especialistas, informa\u00e7\u00f5es valiosas e suporte ao jogador em um s\u00f3 lugar.\" \/>\n<meta name=\"robots\" content=\"index, follow, max-snippet:-1, max-image-preview:large, max-video-preview:-1\" \/>\n<link rel=\"canonical\" href=\"https:\/\/historycrazytime.info\/pt\/crazy-time-game-faq\/\" \/>\n<meta property=\"og:locale\" content=\"pt_PT\" \/>\n<meta property=\"og:locale:alternate\" content=\"en_US\" \/>\n<meta property=\"og:locale:alternate\" content=\"ru_RU\" \/>\n<meta property=\"og:locale:alternate\" content=\"es_ES\" \/>\n<meta property=\"og:locale:alternate\" content=\"ro_RO\" \/>\n<meta property=\"og:locale:alternate\" content=\"sr_RS\" \/>\n<meta property=\"og:locale:alternate\" content=\"bg_BG\" \/>\n<meta property=\"og:locale:alternate\" content=\"hu_HU\" \/>\n<meta property=\"og:locale:alternate\" content=\"pl_PL\" \/>\n<meta property=\"og:locale:alternate\" content=\"el\" \/>\n<meta property=\"og:locale:alternate\" content=\"tr_TR\" \/>\n<meta property=\"og:type\" content=\"article\" \/>\n<meta property=\"og:title\" content=\"\u0427\u0430\u0441\u0442\u043e \u0437\u0430\u0434\u0430\u0432\u0430\u0435\u043c\u044b\u0435 \u0432\u043e\u043f\u0440\u043e\u0441\u044b \u043e Crazy Time: \u043e\u0442\u0432\u0435\u0442\u044b \u043e\u0442 \u044d\u043a\u0441\u043f\u0435\u0440\u0442\u043e\u0432\" \/>\n<meta property=\"og:description\" content=\"\u041d\u0430\u0439\u0434\u0438\u0442\u0435 \u043e\u0442\u0432\u0435\u0442\u044b \u043d\u0430 \u0447\u0430\u0441\u0442\u043e \u0437\u0430\u0434\u0430\u0432\u0430\u0435\u043c\u044b\u0435 \u0432\u043e\u043f\u0440\u043e\u0441\u044b \u043e Crazy Time. \u042d\u043a\u0441\u043f\u0435\u0440\u0442\u043d\u044b\u0435 \u0441\u043e\u0432\u0435\u0442\u044b, \u043f\u043e\u043b\u0435\u0437\u043d\u0430\u044f \u0438\u043d\u0444\u043e\u0440\u043c\u0430\u0446\u0438\u044f \u0438 \u043f\u043e\u0434\u0434\u0435\u0440\u0436\u043a\u0430 \u0438\u0433\u0440\u043e\u043a\u043e\u0432 \u0432 \u043e\u0434\u043d\u043e\u043c \u043c\u0435\u0441\u0442\u0435.\" \/>\n<meta property=\"og:url\" content=\"https:\/\/historycrazytime.info\/pt\/crazy-time-game-faq\/\" \/>\n<meta property=\"og:site_name\" content=\"Crazy Time\" \/>\n<meta property=\"article:modified_time\" content=\"2023-12-27T18:31:16+00:00\" \/>\n<meta name=\"twitter:card\" content=\"summary_large_image\" \/>\n<meta name=\"twitter:label1\" content=\"Tempo estimado de leitura\" \/>\n\t<meta name=\"twitter:data1\" content=\"8 minutos\" \/>\n<script type=\"application\/ld+json\" class=\"yoast-schema-graph\">{\"@context\":\"https:\/\/schema.org\",\"@graph\":[{\"@type\":\"WebPage\",\"@id\":\"https:\/\/historycrazytime.info\/crazy-time-game-faq\/\",\"url\":\"https:\/\/historycrazytime.info\/crazy-time-game-faq\/\",\"name\":\"\u0427\u0430\u0441\u0442\u043e \u0437\u0430\u0434\u0430\u0432\u0430\u0435\u043c\u044b\u0435 \u0432\u043e\u043f\u0440\u043e\u0441\u044b \u043e Crazy Time: \u043e\u0442\u0432\u0435\u0442\u044b \u043e\u0442 \u044d\u043a\u0441\u043f\u0435\u0440\u0442\u043e\u0432\",\"isPartOf\":{\"@id\":\"https:\/\/historycrazytime.info\/#website\"},\"datePublished\":\"2023-12-09T15:16:19+00:00\",\"dateModified\":\"2023-12-27T18:31:16+00:00\",\"description\":\"\u041d\u0430\u0439\u0434\u0438\u0442\u0435 \u043e\u0442\u0432\u0435\u0442\u044b \u043d\u0430 \u0447\u0430\u0441\u0442\u043e \u0437\u0430\u0434\u0430\u0432\u0430\u0435\u043c\u044b\u0435 \u0432\u043e\u043f\u0440\u043e\u0441\u044b \u043e Crazy Time. \u042d\u043a\u0441\u043f\u0435\u0440\u0442\u043d\u044b\u0435 \u0441\u043e\u0432\u0435\u0442\u044b, \u043f\u043e\u043b\u0435\u0437\u043d\u0430\u044f \u0438\u043d\u0444\u043e\u0440\u043c\u0430\u0446\u0438\u044f \u0438 \u043f\u043e\u0434\u0434\u0435\u0440\u0436\u043a\u0430 \u0438\u0433\u0440\u043e\u043a\u043e\u0432 \u0432 \u043e\u0434\u043d\u043e\u043c \u043c\u0435\u0441\u0442\u0435.\",\"breadcrumb\":{\"@id\":\"https:\/\/historycrazytime.info\/crazy-time-game-faq\/#breadcrumb\"},\"inLanguage\":\"pt-PT\",\"potentialAction\":[{\"@type\":\"ReadAction\",\"target\":[\"https:\/\/historycrazytime.info\/crazy-time-game-faq\/\"]}]},{\"@type\":\"BreadcrumbList\",\"@id\":\"https:\/\/historycrazytime.info\/crazy-time-game-faq\/#breadcrumb\",\"itemListElement\":[{\"@type\":\"ListItem\",\"position\":1,\"name\":\"Home\",\"item\":\"https:\/\/historycrazytime.info\/\"},{\"@type\":\"ListItem\",\"position\":2,\"name\":\"FAQ: \u0427\u0430\u0441\u0442\u043e \u0437\u0430\u0434\u0430\u0432\u0430\u0435\u043c\u044b\u0435 \u0432\u043e\u043f\u0440\u043e\u0441\u044b \u043e Crazy Time Game\"}]},{\"@type\":\"WebSite\",\"@id\":\"https:\/\/historycrazytime.info\/#website\",\"url\":\"https:\/\/historycrazytime.info\/\",\"name\":\"Crazy Time\",\"description\":\"\",\"publisher\":{\"@id\":\"https:\/\/historycrazytime.info\/#organization\"},\"potentialAction\":[{\"@type\":\"SearchAction\",\"target\":{\"@type\":\"EntryPoint\",\"urlTemplate\":\"https:\/\/historycrazytime.info\/?s={search_term_string}\"},\"query-input\":{\"@type\":\"PropertyValueSpecification\",\"valueRequired\":true,\"valueName\":\"search_term_string\"}}],\"inLanguage\":\"pt-PT\"},{\"@type\":\"Organization\",\"@id\":\"https:\/\/historycrazytime.info\/#organization\",\"name\":\"Crazy Time\",\"url\":\"https:\/\/historycrazytime.info\/\",\"logo\":{\"@type\":\"ImageObject\",\"inLanguage\":\"pt-PT\",\"@id\":\"https:\/\/historycrazytime.info\/#\/schema\/logo\/image\/\",\"url\":\"https:\/\/historycrazytime.info\/wp-content\/uploads\/crazy-time-logo.webp\",\"contentUrl\":\"https:\/\/historycrazytime.info\/wp-content\/uploads\/crazy-time-logo.webp\",\"width\":640,\"height\":448,\"caption\":\"Crazy Time\"},\"image\":{\"@id\":\"https:\/\/historycrazytime.info\/#\/schema\/logo\/image\/\"}}]}<\/script>\n<!-- \/ Yoast SEO plugin. -->","yoast_head_json":{"title":"\u0427\u0430\u0441\u0442\u043e \u0437\u0430\u0434\u0430\u0432\u0430\u0435\u043c\u044b\u0435 \u0432\u043e\u043f\u0440\u043e\u0441\u044b \u043e Crazy Time: \u043e\u0442\u0432\u0435\u0442\u044b \u043e\u0442 \u044d\u043a\u0441\u043f\u0435\u0440\u0442\u043e\u0432","description":"Encontre respostas para perguntas frequentes sobre Crazy Time. Conselhos de especialistas, informa\u00e7\u00f5es valiosas e suporte ao jogador em um s\u00f3 lugar.","robots":{"index":"index","follow":"follow","max-snippet":"max-snippet:-1","max-image-preview":"max-image-preview:large","max-video-preview":"max-video-preview:-1"},"canonical":"https:\/\/historycrazytime.info\/pt\/crazy-time-game-faq\/","og_locale":"pt_PT","og_type":"article","og_title":"\u0427\u0430\u0441\u0442\u043e \u0437\u0430\u0434\u0430\u0432\u0430\u0435\u043c\u044b\u0435 \u0432\u043e\u043f\u0440\u043e\u0441\u044b \u043e Crazy Time: \u043e\u0442\u0432\u0435\u0442\u044b \u043e\u0442 \u044d\u043a\u0441\u043f\u0435\u0440\u0442\u043e\u0432","og_description":"\u041d\u0430\u0439\u0434\u0438\u0442\u0435 \u043e\u0442\u0432\u0435\u0442\u044b \u043d\u0430 \u0447\u0430\u0441\u0442\u043e \u0437\u0430\u0434\u0430\u0432\u0430\u0435\u043c\u044b\u0435 \u0432\u043e\u043f\u0440\u043e\u0441\u044b \u043e Crazy Time. \u042d\u043a\u0441\u043f\u0435\u0440\u0442\u043d\u044b\u0435 \u0441\u043e\u0432\u0435\u0442\u044b, \u043f\u043e\u043b\u0435\u0437\u043d\u0430\u044f \u0438\u043d\u0444\u043e\u0440\u043c\u0430\u0446\u0438\u044f \u0438 \u043f\u043e\u0434\u0434\u0435\u0440\u0436\u043a\u0430 \u0438\u0433\u0440\u043e\u043a\u043e\u0432 \u0432 \u043e\u0434\u043d\u043e\u043c \u043c\u0435\u0441\u0442\u0435.","og_url":"https:\/\/historycrazytime.info\/pt\/crazy-time-game-faq\/","og_site_name":"Crazy Time","article_modified_time":"2023-12-27T18:31:16+00:00","twitter_card":"summary_large_image","twitter_misc":{"Tempo estimado de leitura":"8 minutos"},"schema":{"@context":"https:\/\/schema.org","@graph":[{"@type":"WebPage","@id":"https:\/\/historycrazytime.info\/crazy-time-game-faq\/","url":"https:\/\/historycrazytime.info\/crazy-time-game-faq\/","name":"\u0427\u0430\u0441\u0442\u043e \u0437\u0430\u0434\u0430\u0432\u0430\u0435\u043c\u044b\u0435 \u0432\u043e\u043f\u0440\u043e\u0441\u044b \u043e Crazy Time: \u043e\u0442\u0432\u0435\u0442\u044b \u043e\u0442 \u044d\u043a\u0441\u043f\u0435\u0440\u0442\u043e\u0432","isPartOf":{"@id":"https:\/\/historycrazytime.info\/#website"},"datePublished":"2023-12-09T15:16:19+00:00","dateModified":"2023-12-27T18:31:16+00:00","description":"\u041d\u0430\u0439\u0434\u0438\u0442\u0435 \u043e\u0442\u0432\u0435\u0442\u044b \u043d\u0430 \u0447\u0430\u0441\u0442\u043e \u0437\u0430\u0434\u0430\u0432\u0430\u0435\u043c\u044b\u0435 \u0432\u043e\u043f\u0440\u043e\u0441\u044b \u043e Crazy Time. \u042d\u043a\u0441\u043f\u0435\u0440\u0442\u043d\u044b\u0435 \u0441\u043e\u0432\u0435\u0442\u044b, \u043f\u043e\u043b\u0435\u0437\u043d\u0430\u044f \u0438\u043d\u0444\u043e\u0440\u043c\u0430\u0446\u0438\u044f \u0438 \u043f\u043e\u0434\u0434\u0435\u0440\u0436\u043a\u0430 \u0438\u0433\u0440\u043e\u043a\u043e\u0432 \u0432 \u043e\u0434\u043d\u043e\u043c \u043c\u0435\u0441\u0442\u0435.","breadcrumb":{"@id":"https:\/\/historycrazytime.info\/crazy-time-game-faq\/#breadcrumb"},"inLanguage":"pt-PT","potentialAction":[{"@type":"ReadAction","target":["https:\/\/historycrazytime.info\/crazy-time-game-faq\/"]}]},{"@type":"BreadcrumbList","@id":"https:\/\/historycrazytime.info\/crazy-time-game-faq\/#breadcrumb","itemListElement":[{"@type":"ListItem","position":1,"name":"Home","item":"https:\/\/historycrazytime.info\/"},{"@type":"ListItem","position":2,"name":"FAQ: \u0427\u0430\u0441\u0442\u043e \u0437\u0430\u0434\u0430\u0432\u0430\u0435\u043c\u044b\u0435 \u0432\u043e\u043f\u0440\u043e\u0441\u044b \u043e Crazy Time Game"}]},{"@type":"WebSite","@id":"https:\/\/historycrazytime.info\/#website","url":"https:\/\/historycrazytime.info\/","name":"Crazy Time","description":"","publisher":{"@id":"https:\/\/historycrazytime.info\/#organization"},"potentialAction":[{"@type":"SearchAction","target":{"@type":"EntryPoint","urlTemplate":"https:\/\/historycrazytime.info\/?s={search_term_string}"},"query-input":{"@type":"PropertyValueSpecification","valueRequired":true,"valueName":"search_term_string"}}],"inLanguage":"pt-PT"},{"@type":"Organization","@id":"https:\/\/historycrazytime.info\/#organization","name":"Crazy Time","url":"https:\/\/historycrazytime.info\/","logo":{"@type":"ImageObject","inLanguage":"pt-PT","@id":"https:\/\/historycrazytime.info\/#\/schema\/logo\/image\/","url":"https:\/\/historycrazytime.info\/wp-content\/uploads\/crazy-time-logo.webp","contentUrl":"https:\/\/historycrazytime.info\/wp-content\/uploads\/crazy-time-logo.webp","width":640,"height":448,"caption":"Crazy Time"},"image":{"@id":"https:\/\/historycrazytime.info\/#\/schema\/logo\/image\/"}}]}},"_links":{"self":[{"href":"https:\/\/historycrazytime.info\/pt\/wp-json\/wp\/v2\/pages\/15","targetHints":{"allow":["GET"]}}],"collection":[{"href":"https:\/\/historycrazytime.info\/pt\/wp-json\/wp\/v2\/pages"}],"about":[{"href":"https:\/\/historycrazytime.info\/pt\/wp-json\/wp\/v2\/types\/page"}],"author":[{"embeddable":true,"href":"https:\/\/historycrazytime.info\/pt\/wp-json\/wp\/v2\/users\/1"}],"replies":[{"embeddable":true,"href":"https:\/\/historycrazytime.info\/pt\/wp-json\/wp\/v2\/comments?post=15"}],"version-history":[{"count":25,"href":"https:\/\/historycrazytime.info\/pt\/wp-json\/wp\/v2\/pages\/15\/revisions"}],"predecessor-version":[{"id":132,"href":"https:\/\/historycrazytime.info\/pt\/wp-json\/wp\/v2\/pages\/15\/revisions\/132"}],"wp:attachment":[{"href":"https:\/\/historycrazytime.info\/pt\/wp-json\/wp\/v2\/media?parent=15"}],"curies":[{"name":"wp","href":"https:\/\/api.w.org\/{rel}","templated":true}]}}