{"id":13,"date":"2023-12-09T15:15:05","date_gmt":"2023-12-09T15:15:05","guid":{"rendered":"https:\/\/historycrazytime.info\/?page_id=13"},"modified":"2023-12-27T17:52:14","modified_gmt":"2023-12-27T17:52:14","slug":"crazy-time-reviews","status":"publish","type":"page","link":"https:\/\/historycrazytime.info\/pt\/crazy-time-reviews\/","title":{"rendered":"Avalia\u00e7\u00f5es dos jogadores sobre Crazy Time no cassino online"},"content":{"rendered":"<h2>Revis\u00e3o: Minha Primeira Experi\u00eancia no Crazy Time em um Cassino Online<\/h2>\n<p>Um amigo me falou sobre a slot Crazy Time. Eu jogo v\u00e1rios jogos h\u00e1 muito tempo, mas essa foi minha primeira experi\u00eancia em um cassino online real. No in\u00edcio, eu n\u00e3o acreditei quando meu amigo disse que existem essas coisas online, mas realmente h\u00e1 um apresentador e um chat aqui. Eu n\u00e3o ganhei a maior parte do meu dinheiro imediatamente, mas arrisquei e fiz uma aposta no Pachinko. No final, minha aposta trouxe incr\u00edveis 600 d\u00f3lares com apenas uma aposta de 5 d\u00f3lares. Eu recomendo, camaradas.<\/p>\n<p>Arkadiy, 28 anos.<\/p>\n<h3>Revis\u00e3o: Voc\u00ea Pode Realmente Ganhar Dinheiro com Crazy Time<\/h3>\n<p>Amigos recomendaram nas festas da universidade. Eu n\u00e3o estava particularmente confiante em ganhar dinheiro; eu tinha mais sorte com as slots regulares. Mas Crazy Time funciona. Tentando apostar em tudo de uma vez, eu ganhei muito dinheiro. Eu tamb\u00e9m sugiro que voc\u00ea fa\u00e7a o mesmo. J\u00e1 estou pensando em comprar meu primeiro carro por conta pr\u00f3pria, sem os pais.<\/p>\n<p>Nikolay, 18 anos.<\/p>\n<h3>Revis\u00e3o: O Jogo Mais Eficaz para Ganhar Dinheiro &#8211; Crazy Time<\/h3>\n<p>Eu experimentei Crazy Time simplesmente porque sempre quis visitar um cassino. Al\u00e9m disso, h\u00e1 um crupi\u00ea e a oportunidade de conversar com os jogadores, o que \u00e9 especialmente agrad\u00e1vel quando voc\u00ea est\u00e1 em casa com uma ta\u00e7a de vinho. Parece que voc\u00ea est\u00e1 jogando n\u00e3o online, mas em um cassino real. O interessante \u00e9 que, apesar de n\u00e3o ter um objetivo, eu periodicamente obtinha lucro. Apesar das perdas, ganhei de 20 a 30 d\u00f3lares, o que foi muito satisfat\u00f3rio. Para aqueles que querem ganhar dinheiro, Crazy Time ser\u00e1 a melhor op\u00e7\u00e3o, e eu recomendo se envolver na atmosfera.<\/p>\n<p>Alena, 34 anos.<\/p>\n<h3>Revis\u00e3o: Tenho Jogado Crazy Time por Tr\u00eas Meses, e At\u00e9 Agora, Tudo Bem<\/h3>\n<p>Tenho jogado Crazy Time h\u00e1 tr\u00eas meses agora. Um amigo disse que inicialmente ganhou e depois perdeu. Mas quando aprendeu a jogar, tudo correu bem. A vit\u00f3ria m\u00e1xima foi de 1500 d\u00f3lares em um caso. Eu recomendo a todos para terem um tempo inesquec\u00edvel!<\/p>\n<p>Mikhail, 48 anos.<\/p>\n<h3>Revis\u00e3o: Normalmente, Aposto em Todos os Campos no Crazy Time<\/h3>\n<p>Um sargento da nossa unidade militar jogava e nos mostrou. Eles normalmente apostam em diferentes esportes, mas nunca jogaram em um cassino online. Ouvi falar do Crazy Time pela primeira vez. A \u00fanica coisa que gostei \u00e9 que voc\u00ea realmente pode economizar. Eu tamb\u00e9m posso aconselhar voc\u00ea, para ganhar nesta hora louca &#8211; aposte em tudo. Dessa forma, eu consistentemente ganhava de 30 a 40 d\u00f3lares por dia sem problemas. O saque do dep\u00f3sito \u00e9 excelente; tudo est\u00e1 bom. Eu recomendo a todos jogar Crazy Time.<\/p>\n<p>Andrey, 22 anos.<\/p>\n<h3>Mesmo n\u00e3o sendo f\u00e3 de jogos de azar, gostei do Crazy Time<\/h3>\n<p>Mesmo n\u00e3o sendo f\u00e3 de jogos de azar, o Crazy Time me ajudou a relaxar e at\u00e9 ganhar dinheiro ap\u00f3s meu div\u00f3rcio. Sou grato ao meu sogro pelas recomenda\u00e7\u00f5es. H\u00e1 muitas maneiras de jogar Crazy Time, e cada um tem sua pr\u00f3pria estrat\u00e9gia. Eu ganhei 1200 d\u00f3lares em um m\u00eas gra\u00e7as \u00e0 minha estrat\u00e9gia de jogo.<\/p>\n<p>Victor, 34 anos.<\/p>\n<h3>Revis\u00e3o: Crazy Time &#8211; N\u00e3o Apenas Emocionante, Mas Tamb\u00e9m Lucrativo<\/h3>\n<p>Crazy Time n\u00e3o \u00e9 apenas emocionante, mas tamb\u00e9m muito interessante. Al\u00e9m disso, o principal \u00e9 que voc\u00ea pode ganhar dinheiro se usar a cabe\u00e7a. Eu ganho 40 d\u00f3lares para cada 10 d\u00f3lares.<\/p>\n<p>Alexander, 31 anos.<\/p>\n<h3>Revis\u00e3o: Meu Segundo Sal\u00e1rio na Slot Crazy Time<\/h3>\n<p>Meu colega me mostrou esta slot online. Ele vem ganhando no Crazy Time nos \u00faltimos cinco meses. Paguei o empr\u00e9stimo do carro que comprei recentemente. Se voc\u00ea desenvolver uma estrat\u00e9gia e aderir a ela, pode obter um segundo sal\u00e1rio em um m\u00eas jogando.<\/p>\n<p>Maxim, 24 anos.<\/p>\n<h3>Revis\u00e3o: Tenho Esquemas Reais para Jogar Crazy Time<\/h3>\n<p>Eu jogo com muita cautela porque n\u00e3o gosto de correr riscos e n\u00e3o acredito em todos esses ganhos. No entanto, um amigo sugeriu o jogo &#8220;Crazy Time&#8221;. No in\u00edcio, ele apenas apostava, assistia e depois procurava estrat\u00e9gias, eventualmente come\u00e7ando a lucrar. Embora eu n\u00e3o planeje desenvolver uma estrat\u00e9gia, h\u00e1 planos de trabalho. Eu apostava inicialmente 5 d\u00f3lares em cada aposta, mas agora aposto 10 d\u00f3lares em cada aposta, e ganho cerca de 600 por m\u00eas.<\/p>\n<p>Alexey, 44 anos.<\/p>\n<h3>Revis\u00e3o: Slot Crazy Time &#8211; Altamente Recomendada<\/h3>\n<p>Um amigo recomendou um bom momento. Eu jogo quase todos os dias agora. Ganhar com Crazy Time \u00e9 f\u00e1cil se voc\u00ea souber como fazer. E ent\u00e3o o dinheiro vir\u00e1 at\u00e9 voc\u00ea. Eu recomendo a todos.<\/p>\n<p>Denis, 32 anos.<\/p>\n<h3>Revis\u00e3o: Ganhar no Crazy Time \u00e9 F\u00e1cil<\/h3>\n<p>Recomendado por um conhecido. No in\u00edcio, pensei que era apenas uma maneira de perder todo o meu dinheiro, mas depois me aconselharam sobre como fazer apostas melhores, e o dinheiro come\u00e7ou a entrar. Eu recomendo o Crazy Time porque \u00e9 f\u00e1cil, emocionante e interessante ganhar.<\/p>\n<p>Inna, 19 anos.<\/p>\n<h3>Revis\u00e3o: Crazy Time &#8211; Um Cassino Interativo Completo.<\/h3>\n<p>Descobri recentemente o jogo Crazy Time. Estava procurando algo novo e interessante e encontrei um cassino online interativo onde voc\u00ea pode se comunicar com o crupi\u00ea, conversar com outros jogadores e obter ganhos fabulosos. Jogamos juntos agora. Decidi fazer um financiamento porque agora posso pag\u00e1-lo com Crazy Time. Eu recomendo a todos que participem do jogo, porque todos os meus ganhos cobrem as despesas com apostas.<\/p>\n<p>Sergey, 24 anos.<\/p>\n<h3>Revis\u00e3o: Gostei da Sensa\u00e7\u00e3o de Cassino no Crazy Time<\/h3>\n<p>Entrei no jogo recentemente. No Crazy Time, gostei da sensa\u00e7\u00e3o de cassino, e fiquei surpreso com os ganhos. Ganhar uma renda extra de 2 a 4 mil d\u00f3lares por m\u00eas sem muito esfor\u00e7o \u00e9 muito agrad\u00e1vel. Sugiro que todos joguem Crazy Time.<\/p>\n<p>Victoria, 32 anos.<\/p>\n<h3>Revis\u00e3o: Obtenho Bom Lucro com Crazy Time<\/h3>\n<p>Fiquei muito preocupado quando meu amigo sugeriu o jogo e deu conselhos por muito tempo. Ent\u00e3o, experimentei este Crazy Time. No in\u00edcio, os ganhos eram apenas iguais \u00e0s apostas, mas quando aprendi a jogar, comecei a ganhar dinheiro com Crazy Time. J\u00e1 retirei 6000 em quatro meses. Eu recomendo o Crazy Time para os jogadores.<\/p>\n<p>Boris, 29 anos.<\/p>\n<h3>Revis\u00e3o: Encontrei o Jogo Online Crazy Time<\/h3>\n<p>Decidi jogar o jogo Crazy Time, que encontrei online. Fiz uma aposta grande, e o dep\u00f3sito foi suficiente. A coisa mais interessante foi que ele come\u00e7ou a ganhar no Crazy Time. Ganhei muito dinheiro, e considerando que tudo o que eu preciso \u00e9 de tempo para fazer isso, Crazy Time \u00e9 um excelente jogo online que traz dinheiro.<\/p>\n<p>Igor, 54 anos.<\/p>\n<h3>Revis\u00e3o: Ganhei Porque Fiz a Aposta Certa<\/h3>\n<p>Um amigo sugeriu o jogo Crazy Time. Precisava de dinheiro, mas n\u00e3o queria pegar um empr\u00e9stimo. E aqui ele ganhou porque fez a aposta certa. Eu sugiro o Crazy Time para todos. Aposte corretamente, ganhe bem, retire o dinheiro.<\/p>\n<p>Semyon, 29 anos.<\/p>\n<h3>Revis\u00e3o: Amigo Recomendou a Slot Crazy Time<\/h3>\n<p>Um colega sugeriu a slot Crazy Time. Comecei a jogar no cassino. As apostas eram m\u00ednimas, mas depois ficaram mais audaciosas, e agora posso ganhar de 10 a 20 d\u00f3lares por setor. Sempre h\u00e1 vit\u00f3rias, e geralmente, grandes somas de dinheiro s\u00e3o ganhas. \u00c9 importante n\u00e3o prestar aten\u00e7\u00e3o \u00e0s falhas porque tudo pode ser recuperado. Jogar Crazy Time \u00e9 seguro e lucrativo.<\/p>\n<p>Sergey, 32 anos.<\/p>\n<h3>Revis\u00e3o: Crazy Time Oferece Muitas Oportunidades de Ganhar<\/h3>\n<p>Conheci o jogo Crazy Time atrav\u00e9s de amigos. Inicialmente hesitei, mas depois decidi experimentar. Embora tenha perdido na primeira vez, entendi como jogar, e agora jogo ainda mais porque ganho dinheiro. No Crazy Time, h\u00e1 muitas oportunidades de ganhar, e \u00e9 muito emocionante.<\/p>\n<p>Daniil, 27 anos.<\/p>\n<h3>Revis\u00e3o: Ganhei uma Grande Quantia de Dinheiro no Crazy Time<\/h3>\n<p>Procurando novas emo\u00e7\u00f5es, encontrei o jogo Crazy Time. Jogo Crazy Time constantemente, ganho muito dinheiro, me divirto muito e recomendo a todos que conhe\u00e7o. Voc\u00ea n\u00e3o ficar\u00e1 desapontado se experimentar o Crazy Time.<\/p>\n<p>Petr, 24 anos.<\/p>\n<h3>Revis\u00e3o: Uso Adequado do Crazy Time<\/h3>\n<p>Conheci o jogo Crazy Time. Inicialmente hesitei, mas depois de ver como um amigo ganha e retira dinheiro, decidi experimentar por mim mesmo. Embora nunca tenha jogado, o amigo rapidamente me deu instru\u00e7\u00f5es sobre como jogar Crazy Time. Agora eu aposto, ganho e comecei a retirar dinheiro. Como distribuo todo o dinheiro entre diferentes setores, recebo constantemente renda de cada rodada. Assim, o Crazy Time permite que voc\u00ea ganhe dinheiro.<\/p>\n<p>Sasha, 36 anos.<\/p>\n","protected":false},"excerpt":{"rendered":"<p>Revis\u00e3o: Minha Primeira Experi\u00eancia no Crazy Time em um Cassino Online Um amigo me falou sobre a slot Crazy Time. Eu jogo v\u00e1rios jogos h\u00e1 muito tempo, mas essa foi minha primeira experi\u00eancia em um cassino online real. No in\u00edcio, eu n\u00e3o acreditei quando meu amigo disse que existem essas coisas online, mas realmente h\u00e1 um apresentador e um chat aqui. Eu n\u00e3o ganhei a maior parte do meu dinheiro imediatamente, mas arrisquei e fiz&hellip; <\/p>\n","protected":false},"author":1,"featured_media":0,"parent":0,"menu_order":0,"comment_status":"closed","ping_status":"closed","template":"","meta":{"footnotes":""},"class_list":["post-13","page","type-page","status-publish","hentry"],"yoast_head":"<!-- This site is optimized with the Yoast SEO plugin v27.2 - https:\/\/yoast.com\/product\/yoast-seo-wordpress\/ -->\n<title>\u041e\u0442\u0437\u044b\u0432\u044b \u043e\u0431 \u0438\u0433\u0440\u0435 Crazy Time: \u0440\u0435\u0430\u043b\u044c\u043d\u044b\u0435 \u0432\u043f\u0435\u0447\u0430\u0442\u043b\u0435\u043d\u0438\u044f \u0438\u0433\u0440\u043e\u043a\u043e\u0432<\/title>\n<meta name=\"description\" content=\"Leia avalia\u00e7\u00f5es honestas dos jogadores sobre o Crazy Time. Saiba sobre estrat\u00e9gias bem-sucedidas, momentos emocionantes e aventuras emocionantes em nosso cassino online.\" \/>\n<meta name=\"robots\" content=\"index, follow, max-snippet:-1, max-image-preview:large, max-video-preview:-1\" \/>\n<link rel=\"canonical\" href=\"https:\/\/historycrazytime.info\/pt\/crazy-time-reviews\/\" \/>\n<meta property=\"og:locale\" content=\"pt_PT\" \/>\n<meta property=\"og:locale:alternate\" content=\"en_US\" \/>\n<meta property=\"og:locale:alternate\" content=\"ru_RU\" \/>\n<meta property=\"og:locale:alternate\" content=\"es_ES\" \/>\n<meta property=\"og:locale:alternate\" content=\"ro_RO\" \/>\n<meta property=\"og:locale:alternate\" content=\"sr_RS\" \/>\n<meta property=\"og:locale:alternate\" content=\"bg_BG\" \/>\n<meta property=\"og:locale:alternate\" content=\"hu_HU\" \/>\n<meta property=\"og:locale:alternate\" content=\"pl_PL\" \/>\n<meta property=\"og:locale:alternate\" content=\"el\" \/>\n<meta property=\"og:locale:alternate\" content=\"tr_TR\" \/>\n<meta property=\"og:type\" content=\"article\" \/>\n<meta property=\"og:title\" content=\"\u041e\u0442\u0437\u044b\u0432\u044b \u043e\u0431 \u0438\u0433\u0440\u0435 Crazy Time: \u0440\u0435\u0430\u043b\u044c\u043d\u044b\u0435 \u0432\u043f\u0435\u0447\u0430\u0442\u043b\u0435\u043d\u0438\u044f \u0438\u0433\u0440\u043e\u043a\u043e\u0432\" \/>\n<meta property=\"og:description\" content=\"\u0427\u0438\u0442\u0430\u0439\u0442\u0435 \u0447\u0435\u0441\u0442\u043d\u044b\u0435 \u043e\u0442\u0437\u044b\u0432\u044b \u0438\u0433\u0440\u043e\u043a\u043e\u0432 \u043e Crazy Time. \u0423\u0437\u043d\u0430\u0439\u0442\u0435 \u043e\u0431 \u0443\u0434\u0430\u0447\u043d\u044b\u0445 \u0441\u0442\u0440\u0430\u0442\u0435\u0433\u0438\u044f\u0445, \u0432\u043e\u043b\u043d\u0443\u044e\u0449\u0438\u0445 \u043c\u043e\u043c\u0435\u043d\u0442\u0430\u0445 \u0438 \u0430\u0437\u0430\u0440\u0442\u043d\u044b\u0445 \u043f\u0440\u0438\u043a\u043b\u044e\u0447\u0435\u043d\u0438\u044f\u0445 \u0432 \u043d\u0430\u0448\u0435\u043c \u043e\u043d\u043b\u0430\u0439\u043d \u043a\u0430\u0437\u0438\u043d\u043e.\" \/>\n<meta property=\"og:url\" content=\"https:\/\/historycrazytime.info\/pt\/crazy-time-reviews\/\" \/>\n<meta property=\"og:site_name\" content=\"Crazy Time\" \/>\n<meta property=\"article:modified_time\" content=\"2023-12-27T17:52:14+00:00\" \/>\n<meta name=\"twitter:card\" content=\"summary_large_image\" \/>\n<meta name=\"twitter:label1\" content=\"Tempo estimado de leitura\" \/>\n\t<meta name=\"twitter:data1\" content=\"53 minutos\" \/>\n<script type=\"application\/ld+json\" class=\"yoast-schema-graph\">{\"@context\":\"https:\/\/schema.org\",\"@graph\":[{\"@type\":\"WebPage\",\"@id\":\"https:\/\/historycrazytime.info\/crazy-time-reviews\/\",\"url\":\"https:\/\/historycrazytime.info\/crazy-time-reviews\/\",\"name\":\"\u041e\u0442\u0437\u044b\u0432\u044b \u043e\u0431 \u0438\u0433\u0440\u0435 Crazy Time: \u0440\u0435\u0430\u043b\u044c\u043d\u044b\u0435 \u0432\u043f\u0435\u0447\u0430\u0442\u043b\u0435\u043d\u0438\u044f \u0438\u0433\u0440\u043e\u043a\u043e\u0432\",\"isPartOf\":{\"@id\":\"https:\/\/historycrazytime.info\/#website\"},\"datePublished\":\"2023-12-09T15:15:05+00:00\",\"dateModified\":\"2023-12-27T17:52:14+00:00\",\"description\":\"\u0427\u0438\u0442\u0430\u0439\u0442\u0435 \u0447\u0435\u0441\u0442\u043d\u044b\u0435 \u043e\u0442\u0437\u044b\u0432\u044b \u0438\u0433\u0440\u043e\u043a\u043e\u0432 \u043e Crazy Time. \u0423\u0437\u043d\u0430\u0439\u0442\u0435 \u043e\u0431 \u0443\u0434\u0430\u0447\u043d\u044b\u0445 \u0441\u0442\u0440\u0430\u0442\u0435\u0433\u0438\u044f\u0445, \u0432\u043e\u043b\u043d\u0443\u044e\u0449\u0438\u0445 \u043c\u043e\u043c\u0435\u043d\u0442\u0430\u0445 \u0438 \u0430\u0437\u0430\u0440\u0442\u043d\u044b\u0445 \u043f\u0440\u0438\u043a\u043b\u044e\u0447\u0435\u043d\u0438\u044f\u0445 \u0432 \u043d\u0430\u0448\u0435\u043c \u043e\u043d\u043b\u0430\u0439\u043d \u043a\u0430\u0437\u0438\u043d\u043e.\",\"breadcrumb\":{\"@id\":\"https:\/\/historycrazytime.info\/crazy-time-reviews\/#breadcrumb\"},\"inLanguage\":\"pt-PT\",\"potentialAction\":[{\"@type\":\"ReadAction\",\"target\":[\"https:\/\/historycrazytime.info\/crazy-time-reviews\/\"]}]},{\"@type\":\"BreadcrumbList\",\"@id\":\"https:\/\/historycrazytime.info\/crazy-time-reviews\/#breadcrumb\",\"itemListElement\":[{\"@type\":\"ListItem\",\"position\":1,\"name\":\"Home\",\"item\":\"https:\/\/historycrazytime.info\/\"},{\"@type\":\"ListItem\",\"position\":2,\"name\":\"\u041e\u0442\u0437\u044b\u0432\u044b \u0438\u0433\u0440\u043e\u043a\u043e\u0432 \u043e Crazy Time \u0432 \u043e\u043d\u043b\u0430\u0439\u043d-\u043a\u0430\u0437\u0438\u043d\u043e\"}]},{\"@type\":\"WebSite\",\"@id\":\"https:\/\/historycrazytime.info\/#website\",\"url\":\"https:\/\/historycrazytime.info\/\",\"name\":\"Crazy Time\",\"description\":\"\",\"publisher\":{\"@id\":\"https:\/\/historycrazytime.info\/#organization\"},\"potentialAction\":[{\"@type\":\"SearchAction\",\"target\":{\"@type\":\"EntryPoint\",\"urlTemplate\":\"https:\/\/historycrazytime.info\/?s={search_term_string}\"},\"query-input\":{\"@type\":\"PropertyValueSpecification\",\"valueRequired\":true,\"valueName\":\"search_term_string\"}}],\"inLanguage\":\"pt-PT\"},{\"@type\":\"Organization\",\"@id\":\"https:\/\/historycrazytime.info\/#organization\",\"name\":\"Crazy Time\",\"url\":\"https:\/\/historycrazytime.info\/\",\"logo\":{\"@type\":\"ImageObject\",\"inLanguage\":\"pt-PT\",\"@id\":\"https:\/\/historycrazytime.info\/#\/schema\/logo\/image\/\",\"url\":\"https:\/\/historycrazytime.info\/wp-content\/uploads\/crazy-time-logo.webp\",\"contentUrl\":\"https:\/\/historycrazytime.info\/wp-content\/uploads\/crazy-time-logo.webp\",\"width\":640,\"height\":448,\"caption\":\"Crazy Time\"},\"image\":{\"@id\":\"https:\/\/historycrazytime.info\/#\/schema\/logo\/image\/\"}}]}<\/script>\n<!-- \/ Yoast SEO plugin. -->","yoast_head_json":{"title":"\u041e\u0442\u0437\u044b\u0432\u044b \u043e\u0431 \u0438\u0433\u0440\u0435 Crazy Time: \u0440\u0435\u0430\u043b\u044c\u043d\u044b\u0435 \u0432\u043f\u0435\u0447\u0430\u0442\u043b\u0435\u043d\u0438\u044f \u0438\u0433\u0440\u043e\u043a\u043e\u0432","description":"Leia avalia\u00e7\u00f5es honestas dos jogadores sobre o Crazy Time. Saiba sobre estrat\u00e9gias bem-sucedidas, momentos emocionantes e aventuras emocionantes em nosso cassino online.","robots":{"index":"index","follow":"follow","max-snippet":"max-snippet:-1","max-image-preview":"max-image-preview:large","max-video-preview":"max-video-preview:-1"},"canonical":"https:\/\/historycrazytime.info\/pt\/crazy-time-reviews\/","og_locale":"pt_PT","og_type":"article","og_title":"\u041e\u0442\u0437\u044b\u0432\u044b \u043e\u0431 \u0438\u0433\u0440\u0435 Crazy Time: \u0440\u0435\u0430\u043b\u044c\u043d\u044b\u0435 \u0432\u043f\u0435\u0447\u0430\u0442\u043b\u0435\u043d\u0438\u044f \u0438\u0433\u0440\u043e\u043a\u043e\u0432","og_description":"\u0427\u0438\u0442\u0430\u0439\u0442\u0435 \u0447\u0435\u0441\u0442\u043d\u044b\u0435 \u043e\u0442\u0437\u044b\u0432\u044b \u0438\u0433\u0440\u043e\u043a\u043e\u0432 \u043e Crazy Time. \u0423\u0437\u043d\u0430\u0439\u0442\u0435 \u043e\u0431 \u0443\u0434\u0430\u0447\u043d\u044b\u0445 \u0441\u0442\u0440\u0430\u0442\u0435\u0433\u0438\u044f\u0445, \u0432\u043e\u043b\u043d\u0443\u044e\u0449\u0438\u0445 \u043c\u043e\u043c\u0435\u043d\u0442\u0430\u0445 \u0438 \u0430\u0437\u0430\u0440\u0442\u043d\u044b\u0445 \u043f\u0440\u0438\u043a\u043b\u044e\u0447\u0435\u043d\u0438\u044f\u0445 \u0432 \u043d\u0430\u0448\u0435\u043c \u043e\u043d\u043b\u0430\u0439\u043d \u043a\u0430\u0437\u0438\u043d\u043e.","og_url":"https:\/\/historycrazytime.info\/pt\/crazy-time-reviews\/","og_site_name":"Crazy Time","article_modified_time":"2023-12-27T17:52:14+00:00","twitter_card":"summary_large_image","twitter_misc":{"Tempo estimado de leitura":"53 minutos"},"schema":{"@context":"https:\/\/schema.org","@graph":[{"@type":"WebPage","@id":"https:\/\/historycrazytime.info\/crazy-time-reviews\/","url":"https:\/\/historycrazytime.info\/crazy-time-reviews\/","name":"\u041e\u0442\u0437\u044b\u0432\u044b \u043e\u0431 \u0438\u0433\u0440\u0435 Crazy Time: \u0440\u0435\u0430\u043b\u044c\u043d\u044b\u0435 \u0432\u043f\u0435\u0447\u0430\u0442\u043b\u0435\u043d\u0438\u044f \u0438\u0433\u0440\u043e\u043a\u043e\u0432","isPartOf":{"@id":"https:\/\/historycrazytime.info\/#website"},"datePublished":"2023-12-09T15:15:05+00:00","dateModified":"2023-12-27T17:52:14+00:00","description":"\u0427\u0438\u0442\u0430\u0439\u0442\u0435 \u0447\u0435\u0441\u0442\u043d\u044b\u0435 \u043e\u0442\u0437\u044b\u0432\u044b \u0438\u0433\u0440\u043e\u043a\u043e\u0432 \u043e Crazy Time. \u0423\u0437\u043d\u0430\u0439\u0442\u0435 \u043e\u0431 \u0443\u0434\u0430\u0447\u043d\u044b\u0445 \u0441\u0442\u0440\u0430\u0442\u0435\u0433\u0438\u044f\u0445, \u0432\u043e\u043b\u043d\u0443\u044e\u0449\u0438\u0445 \u043c\u043e\u043c\u0435\u043d\u0442\u0430\u0445 \u0438 \u0430\u0437\u0430\u0440\u0442\u043d\u044b\u0445 \u043f\u0440\u0438\u043a\u043b\u044e\u0447\u0435\u043d\u0438\u044f\u0445 \u0432 \u043d\u0430\u0448\u0435\u043c \u043e\u043d\u043b\u0430\u0439\u043d \u043a\u0430\u0437\u0438\u043d\u043e.","breadcrumb":{"@id":"https:\/\/historycrazytime.info\/crazy-time-reviews\/#breadcrumb"},"inLanguage":"pt-PT","potentialAction":[{"@type":"ReadAction","target":["https:\/\/historycrazytime.info\/crazy-time-reviews\/"]}]},{"@type":"BreadcrumbList","@id":"https:\/\/historycrazytime.info\/crazy-time-reviews\/#breadcrumb","itemListElement":[{"@type":"ListItem","position":1,"name":"Home","item":"https:\/\/historycrazytime.info\/"},{"@type":"ListItem","position":2,"name":"\u041e\u0442\u0437\u044b\u0432\u044b \u0438\u0433\u0440\u043e\u043a\u043e\u0432 \u043e Crazy Time \u0432 \u043e\u043d\u043b\u0430\u0439\u043d-\u043a\u0430\u0437\u0438\u043d\u043e"}]},{"@type":"WebSite","@id":"https:\/\/historycrazytime.info\/#website","url":"https:\/\/historycrazytime.info\/","name":"Crazy Time","description":"","publisher":{"@id":"https:\/\/historycrazytime.info\/#organization"},"potentialAction":[{"@type":"SearchAction","target":{"@type":"EntryPoint","urlTemplate":"https:\/\/historycrazytime.info\/?s={search_term_string}"},"query-input":{"@type":"PropertyValueSpecification","valueRequired":true,"valueName":"search_term_string"}}],"inLanguage":"pt-PT"},{"@type":"Organization","@id":"https:\/\/historycrazytime.info\/#organization","name":"Crazy Time","url":"https:\/\/historycrazytime.info\/","logo":{"@type":"ImageObject","inLanguage":"pt-PT","@id":"https:\/\/historycrazytime.info\/#\/schema\/logo\/image\/","url":"https:\/\/historycrazytime.info\/wp-content\/uploads\/crazy-time-logo.webp","contentUrl":"https:\/\/historycrazytime.info\/wp-content\/uploads\/crazy-time-logo.webp","width":640,"height":448,"caption":"Crazy Time"},"image":{"@id":"https:\/\/historycrazytime.info\/#\/schema\/logo\/image\/"}}]}},"_links":{"self":[{"href":"https:\/\/historycrazytime.info\/pt\/wp-json\/wp\/v2\/pages\/13","targetHints":{"allow":["GET"]}}],"collection":[{"href":"https:\/\/historycrazytime.info\/pt\/wp-json\/wp\/v2\/pages"}],"about":[{"href":"https:\/\/historycrazytime.info\/pt\/wp-json\/wp\/v2\/types\/page"}],"author":[{"embeddable":true,"href":"https:\/\/historycrazytime.info\/pt\/wp-json\/wp\/v2\/users\/1"}],"replies":[{"embeddable":true,"href":"https:\/\/historycrazytime.info\/pt\/wp-json\/wp\/v2\/comments?post=13"}],"version-history":[{"count":24,"href":"https:\/\/historycrazytime.info\/pt\/wp-json\/wp\/v2\/pages\/13\/revisions"}],"predecessor-version":[{"id":156,"href":"https:\/\/historycrazytime.info\/pt\/wp-json\/wp\/v2\/pages\/13\/revisions\/156"}],"wp:attachment":[{"href":"https:\/\/historycrazytime.info\/pt\/wp-json\/wp\/v2\/media?parent=13"}],"curies":[{"name":"wp","href":"https:\/\/api.w.org\/{rel}","templated":true}]}}