{"id":11,"date":"2023-12-09T12:28:50","date_gmt":"2023-12-09T12:28:50","guid":{"rendered":"https:\/\/historycrazytime.info\/?page_id=11"},"modified":"2023-12-27T18:13:06","modified_gmt":"2023-12-27T18:13:06","slug":"crazy-time-strategies","status":"publish","type":"page","link":"https:\/\/historycrazytime.info\/pt\/crazy-time-strategies\/","title":{"rendered":"Estrat\u00e9gias do Crazy Time"},"content":{"rendered":"<h2>Como Ganhar no Empolgante Jogo Crazy Time<\/h2>\n<p>Gostaria de compartilhar estrat\u00e9gias e t\u00e1ticas que o ajudar\u00e3o a vencer no jogo. Crazy Time no cassino online \u00e9 mais do que apenas um jogo; voc\u00ea pode ganhar dinheiro real! \u00c9 poss\u00edvel ganhar muito jogando corretamente e seguindo um algoritmo espec\u00edfico.<\/p>\n<p>Lembre-se, em Crazy Time, h\u00e1 uma chance de que voc\u00ea possa perder uma certa quantia de dinheiro fazendo a aposta errada. Isso acontece quando voc\u00ea joga nos setores errados. Voc\u00ea pode ser tentado a ganhar ainda mais com apostas altas, arriscando tudo eventualmente no cobi\u00e7ado setor Crazy Time. No entanto, perdas podem ocorrer naquele momento. Apresentamos nossa vis\u00e3o das estrat\u00e9gias e t\u00e1ticas do jogo Crazy Time para evitar situa\u00e7\u00f5es emocionais e incorretas, permitindo que voc\u00ea lucre com as apostas de Crazy Time.<\/p>\n<p>A pergunta surge: como ganhar? Como ganhar dinheiro real jogando Crazy Time slots online? Eu tenho algumas abordagens. Vamos contar como ganhar, e voc\u00ea escolhe a sua.<\/p>\n<p>Vale ressaltar que, ao jogar no cassino online Crazy Time, \u00e9 muito mais vantajoso fazer apostas em v\u00e1rias \u00e1reas para reduzir os riscos e maximizar os ganhos.<\/p>\n<h2>M\u00e9todo &#8220;Cautela &#8211; O Caminho para o Sucesso&#8221;<\/h2>\n<p>Uma escolha para aqueles que n\u00e3o querem se estressar muito. O objetivo \u00e9 aumentar gradualmente os ganhos passo a passo. Voc\u00ea n\u00e3o ganhar\u00e1 muito dinheiro rapidamente, mas ser\u00e1 capaz de aumentar constantemente seu dep\u00f3sito.<\/p>\n<p>O objetivo \u00e9 aumentar a probabilidade de cair nos setores simples x1, x2 e x5, pois coletivamente t\u00eam uma probabilidade superior a 75%. Isso significa que h\u00e1 uma chance de recuperar a aposta m\u00ednima em dois de cada tr\u00eas jogos.<\/p>\n<p>Depois disso, um multiplicador de setor aparece no quadro. Gra\u00e7as a ele, podemos ganhar uma grande quantia de dinheiro, aumentando nosso saldo de jogo. Ao colocar 2 d\u00f3lares no setor x2, conseguimos x7 com o multiplicador de setor e terminamos com x14.<\/p>\n<p>Concorda, uma boa vit\u00f3ria para apostas em um cassino online. Em Crazy Time, podemos aumentar nosso saldo de jogo com uma aposta regular x2.<\/p>\n<p>Apesar do jogo levar muito tempo e exigir cautela, voc\u00ea obter\u00e1 o m\u00e1ximo de prazer ao jogar Crazy Time, mesmo que jogue com riscos m\u00ednimos.<\/p>\n<h2>Plano &#8220;O Risco Justifica os Custos&#8221;<\/h2>\n<p>O objetivo desta estrat\u00e9gia \u00e9 alcan\u00e7ar ganhos m\u00e1ximos em tantas \u00e1reas quanto poss\u00edvel.<\/p>\n<p>Fa\u00e7a a aposta m\u00ednima em todas de uma vez. Certifique-se de que seu saldo de jogo \u00e9 grande o suficiente para usar esta estrat\u00e9gia &#8220;Tempo Divertido&#8221; no cassino online. Vale ressaltar que pequenas vit\u00f3rias compensar\u00e3o grandes perdas. Esta estrat\u00e9gia Crazy Time visa aumentar o n\u00famero de apostas, aumentando a chance de acionar um jogo de b\u00f4nus. Isso \u00e9 alcan\u00e7ado porque os n\u00edveis de b\u00f4nus podem acumular multiplicadores at\u00e9 x25000 e devolver todos os investimentos at\u00e9 esse n\u00edvel. Francamente, esta \u00e9 uma estrat\u00e9gia mais arriscada do que a anterior, mas o valor das vit\u00f3rias \u00e9 significativamente maior.<\/p>\n<h2>Plano &#8220;A Sorte Favorece os Corajosos&#8221;<\/h2>\n<p>Ganhar em Crazy Time \u00e9 o terceiro m\u00e9todo bem-sucedido. Quando voc\u00ea joga Crazy Time online, deve correr riscos e esperar que a sorte esteja ao seu lado. Se voc\u00ea tem confian\u00e7a em seu saldo e n\u00e3o tem medo de correr riscos, esta op\u00e7\u00e3o \u00e9 para voc\u00ea.<\/p>\n<p>Aposte muito nos jogos de b\u00f4nus sem gastar dinheiro em pequenas coisas antes de jogar grandes somas. Aposte v\u00e1rias vezes mais. Aborde continuamente o setor Crazy Time favorito.<\/p>\n<p>\u00c9 digno de nota que no pr\u00f3prio sorteio do setor Crazy Time, temos a oportunidade de escolher um dos tr\u00eas sinais, permitindo-nos aumentar nossas chances de ganhar na medida em que nossa intui\u00e7\u00e3o sugere.<\/p>\n<p>Conclus\u00e3o: reunimos as principais estrat\u00e9gias e t\u00e1ticas para jogar Crazy Time que voc\u00ea pode usar para ganhar dinheiro real. Cabe a voc\u00ea escolher qual estrat\u00e9gia e t\u00e1tica usar. Desejamos a todos um \u00f3timo momento jogando no Cassino Crazy Time. Ganhe, e ningu\u00e9m sair\u00e1 derrotado.<\/p>\n","protected":false},"excerpt":{"rendered":"<p>Como Ganhar no Empolgante Jogo Crazy Time Gostaria de compartilhar estrat\u00e9gias e t\u00e1ticas que o ajudar\u00e3o a vencer no jogo. Crazy Time no cassino online \u00e9 mais do que apenas um jogo; voc\u00ea pode ganhar dinheiro real! \u00c9 poss\u00edvel ganhar muito jogando corretamente e seguindo um algoritmo espec\u00edfico. Lembre-se, em Crazy Time, h\u00e1 uma chance de que voc\u00ea possa perder uma certa quantia de dinheiro fazendo a aposta errada. Isso acontece quando voc\u00ea joga nos&hellip; <\/p>\n","protected":false},"author":1,"featured_media":0,"parent":0,"menu_order":0,"comment_status":"closed","ping_status":"closed","template":"","meta":{"footnotes":""},"class_list":["post-11","page","type-page","status-publish","hentry"],"yoast_head":"<!-- This site is optimized with the Yoast SEO plugin v27.2 - https:\/\/yoast.com\/product\/yoast-seo-wordpress\/ -->\n<title>\u041b\u0443\u0447\u0448\u0438\u0435 \u0441\u0442\u0440\u0430\u0442\u0435\u0433\u0438\u0438 \u0434\u043b\u044f Crazy Time: \u043a\u0430\u043a \u0443\u0432\u0435\u043b\u0438\u0447\u0438\u0442\u044c \u0448\u0430\u043d\u0441\u044b \u043d\u0430 \u0432\u044b\u0438\u0433\u0440\u044b\u0448<\/title>\n<meta name=\"description\" content=\"Explore estrat\u00e9gias eficazes para jogar Crazy Time. Aumente suas chances de uma grande vit\u00f3ria e desfrute de um jogo inteligente em nosso cassino.\" \/>\n<meta name=\"robots\" content=\"index, follow, max-snippet:-1, max-image-preview:large, max-video-preview:-1\" \/>\n<link rel=\"canonical\" href=\"https:\/\/historycrazytime.info\/pt\/crazy-time-strategies\/\" \/>\n<meta property=\"og:locale\" content=\"pt_PT\" \/>\n<meta property=\"og:locale:alternate\" content=\"en_US\" \/>\n<meta property=\"og:locale:alternate\" content=\"ru_RU\" \/>\n<meta property=\"og:locale:alternate\" content=\"es_ES\" \/>\n<meta property=\"og:locale:alternate\" content=\"ro_RO\" \/>\n<meta property=\"og:locale:alternate\" content=\"sr_RS\" \/>\n<meta property=\"og:locale:alternate\" content=\"bg_BG\" \/>\n<meta property=\"og:locale:alternate\" content=\"hu_HU\" \/>\n<meta property=\"og:locale:alternate\" content=\"pl_PL\" \/>\n<meta property=\"og:locale:alternate\" content=\"el\" \/>\n<meta property=\"og:locale:alternate\" content=\"tr_TR\" \/>\n<meta property=\"og:type\" content=\"article\" \/>\n<meta property=\"og:title\" content=\"\u041b\u0443\u0447\u0448\u0438\u0435 \u0441\u0442\u0440\u0430\u0442\u0435\u0433\u0438\u0438 \u0434\u043b\u044f Crazy Time: \u043a\u0430\u043a \u0443\u0432\u0435\u043b\u0438\u0447\u0438\u0442\u044c \u0448\u0430\u043d\u0441\u044b \u043d\u0430 \u0432\u044b\u0438\u0433\u0440\u044b\u0448\" \/>\n<meta property=\"og:description\" content=\"\u0418\u0437\u0443\u0447\u0438\u0442\u0435 \u044d\u0444\u0444\u0435\u043a\u0442\u0438\u0432\u043d\u044b\u0435 \u0441\u0442\u0440\u0430\u0442\u0435\u0433\u0438\u0438 \u0438\u0433\u0440\u044b \u0432 Crazy Time. \u041f\u043e\u0432\u044b\u0448\u0430\u0439\u0442\u0435 \u0441\u0432\u043e\u0438 \u0448\u0430\u043d\u0441\u044b \u043d\u0430 \u043a\u0440\u0443\u043f\u043d\u044b\u0439 \u0432\u044b\u0438\u0433\u0440\u044b\u0448 \u0438 \u043d\u0430\u0441\u043b\u0430\u0436\u0434\u0430\u0439\u0442\u0435\u0441\u044c \u0430\u0437\u0430\u0440\u0442\u043e\u043c \u0441 \u0443\u043c\u043e\u043c \u0432 \u043d\u0430\u0448\u0435\u043c \u043a\u0430\u0437\u0438\u043d\u043e.\" \/>\n<meta property=\"og:url\" content=\"https:\/\/historycrazytime.info\/pt\/crazy-time-strategies\/\" \/>\n<meta property=\"og:site_name\" content=\"Crazy Time\" \/>\n<meta property=\"article:modified_time\" content=\"2023-12-27T18:13:06+00:00\" \/>\n<meta name=\"twitter:card\" content=\"summary_large_image\" \/>\n<meta name=\"twitter:label1\" content=\"Tempo estimado de leitura\" \/>\n\t<meta name=\"twitter:data1\" content=\"26 minutos\" \/>\n<script type=\"application\/ld+json\" class=\"yoast-schema-graph\">{\"@context\":\"https:\/\/schema.org\",\"@graph\":[{\"@type\":\"WebPage\",\"@id\":\"https:\/\/historycrazytime.info\/crazy-time-strategies\/\",\"url\":\"https:\/\/historycrazytime.info\/crazy-time-strategies\/\",\"name\":\"\u041b\u0443\u0447\u0448\u0438\u0435 \u0441\u0442\u0440\u0430\u0442\u0435\u0433\u0438\u0438 \u0434\u043b\u044f Crazy Time: \u043a\u0430\u043a \u0443\u0432\u0435\u043b\u0438\u0447\u0438\u0442\u044c \u0448\u0430\u043d\u0441\u044b \u043d\u0430 \u0432\u044b\u0438\u0433\u0440\u044b\u0448\",\"isPartOf\":{\"@id\":\"https:\/\/historycrazytime.info\/#website\"},\"datePublished\":\"2023-12-09T12:28:50+00:00\",\"dateModified\":\"2023-12-27T18:13:06+00:00\",\"description\":\"\u0418\u0437\u0443\u0447\u0438\u0442\u0435 \u044d\u0444\u0444\u0435\u043a\u0442\u0438\u0432\u043d\u044b\u0435 \u0441\u0442\u0440\u0430\u0442\u0435\u0433\u0438\u0438 \u0438\u0433\u0440\u044b \u0432 Crazy Time. \u041f\u043e\u0432\u044b\u0448\u0430\u0439\u0442\u0435 \u0441\u0432\u043e\u0438 \u0448\u0430\u043d\u0441\u044b \u043d\u0430 \u043a\u0440\u0443\u043f\u043d\u044b\u0439 \u0432\u044b\u0438\u0433\u0440\u044b\u0448 \u0438 \u043d\u0430\u0441\u043b\u0430\u0436\u0434\u0430\u0439\u0442\u0435\u0441\u044c \u0430\u0437\u0430\u0440\u0442\u043e\u043c \u0441 \u0443\u043c\u043e\u043c \u0432 \u043d\u0430\u0448\u0435\u043c \u043a\u0430\u0437\u0438\u043d\u043e.\",\"breadcrumb\":{\"@id\":\"https:\/\/historycrazytime.info\/crazy-time-strategies\/#breadcrumb\"},\"inLanguage\":\"pt-PT\",\"potentialAction\":[{\"@type\":\"ReadAction\",\"target\":[\"https:\/\/historycrazytime.info\/crazy-time-strategies\/\"]}]},{\"@type\":\"BreadcrumbList\",\"@id\":\"https:\/\/historycrazytime.info\/crazy-time-strategies\/#breadcrumb\",\"itemListElement\":[{\"@type\":\"ListItem\",\"position\":1,\"name\":\"Home\",\"item\":\"https:\/\/historycrazytime.info\/\"},{\"@type\":\"ListItem\",\"position\":2,\"name\":\"\u0421\u0442\u0440\u0430\u0442\u0435\u0433\u0438\u0438 Crazy Time\"}]},{\"@type\":\"WebSite\",\"@id\":\"https:\/\/historycrazytime.info\/#website\",\"url\":\"https:\/\/historycrazytime.info\/\",\"name\":\"Crazy Time\",\"description\":\"\",\"publisher\":{\"@id\":\"https:\/\/historycrazytime.info\/#organization\"},\"potentialAction\":[{\"@type\":\"SearchAction\",\"target\":{\"@type\":\"EntryPoint\",\"urlTemplate\":\"https:\/\/historycrazytime.info\/?s={search_term_string}\"},\"query-input\":{\"@type\":\"PropertyValueSpecification\",\"valueRequired\":true,\"valueName\":\"search_term_string\"}}],\"inLanguage\":\"pt-PT\"},{\"@type\":\"Organization\",\"@id\":\"https:\/\/historycrazytime.info\/#organization\",\"name\":\"Crazy Time\",\"url\":\"https:\/\/historycrazytime.info\/\",\"logo\":{\"@type\":\"ImageObject\",\"inLanguage\":\"pt-PT\",\"@id\":\"https:\/\/historycrazytime.info\/#\/schema\/logo\/image\/\",\"url\":\"https:\/\/historycrazytime.info\/wp-content\/uploads\/crazy-time-logo.webp\",\"contentUrl\":\"https:\/\/historycrazytime.info\/wp-content\/uploads\/crazy-time-logo.webp\",\"width\":640,\"height\":448,\"caption\":\"Crazy Time\"},\"image\":{\"@id\":\"https:\/\/historycrazytime.info\/#\/schema\/logo\/image\/\"}}]}<\/script>\n<!-- \/ Yoast SEO plugin. -->","yoast_head_json":{"title":"\u041b\u0443\u0447\u0448\u0438\u0435 \u0441\u0442\u0440\u0430\u0442\u0435\u0433\u0438\u0438 \u0434\u043b\u044f Crazy Time: \u043a\u0430\u043a \u0443\u0432\u0435\u043b\u0438\u0447\u0438\u0442\u044c \u0448\u0430\u043d\u0441\u044b \u043d\u0430 \u0432\u044b\u0438\u0433\u0440\u044b\u0448","description":"Explore estrat\u00e9gias eficazes para jogar Crazy Time. Aumente suas chances de uma grande vit\u00f3ria e desfrute de um jogo inteligente em nosso cassino.","robots":{"index":"index","follow":"follow","max-snippet":"max-snippet:-1","max-image-preview":"max-image-preview:large","max-video-preview":"max-video-preview:-1"},"canonical":"https:\/\/historycrazytime.info\/pt\/crazy-time-strategies\/","og_locale":"pt_PT","og_type":"article","og_title":"\u041b\u0443\u0447\u0448\u0438\u0435 \u0441\u0442\u0440\u0430\u0442\u0435\u0433\u0438\u0438 \u0434\u043b\u044f Crazy Time: \u043a\u0430\u043a \u0443\u0432\u0435\u043b\u0438\u0447\u0438\u0442\u044c \u0448\u0430\u043d\u0441\u044b \u043d\u0430 \u0432\u044b\u0438\u0433\u0440\u044b\u0448","og_description":"\u0418\u0437\u0443\u0447\u0438\u0442\u0435 \u044d\u0444\u0444\u0435\u043a\u0442\u0438\u0432\u043d\u044b\u0435 \u0441\u0442\u0440\u0430\u0442\u0435\u0433\u0438\u0438 \u0438\u0433\u0440\u044b \u0432 Crazy Time. \u041f\u043e\u0432\u044b\u0448\u0430\u0439\u0442\u0435 \u0441\u0432\u043e\u0438 \u0448\u0430\u043d\u0441\u044b \u043d\u0430 \u043a\u0440\u0443\u043f\u043d\u044b\u0439 \u0432\u044b\u0438\u0433\u0440\u044b\u0448 \u0438 \u043d\u0430\u0441\u043b\u0430\u0436\u0434\u0430\u0439\u0442\u0435\u0441\u044c \u0430\u0437\u0430\u0440\u0442\u043e\u043c \u0441 \u0443\u043c\u043e\u043c \u0432 \u043d\u0430\u0448\u0435\u043c \u043a\u0430\u0437\u0438\u043d\u043e.","og_url":"https:\/\/historycrazytime.info\/pt\/crazy-time-strategies\/","og_site_name":"Crazy Time","article_modified_time":"2023-12-27T18:13:06+00:00","twitter_card":"summary_large_image","twitter_misc":{"Tempo estimado de leitura":"26 minutos"},"schema":{"@context":"https:\/\/schema.org","@graph":[{"@type":"WebPage","@id":"https:\/\/historycrazytime.info\/crazy-time-strategies\/","url":"https:\/\/historycrazytime.info\/crazy-time-strategies\/","name":"\u041b\u0443\u0447\u0448\u0438\u0435 \u0441\u0442\u0440\u0430\u0442\u0435\u0433\u0438\u0438 \u0434\u043b\u044f Crazy Time: \u043a\u0430\u043a \u0443\u0432\u0435\u043b\u0438\u0447\u0438\u0442\u044c \u0448\u0430\u043d\u0441\u044b \u043d\u0430 \u0432\u044b\u0438\u0433\u0440\u044b\u0448","isPartOf":{"@id":"https:\/\/historycrazytime.info\/#website"},"datePublished":"2023-12-09T12:28:50+00:00","dateModified":"2023-12-27T18:13:06+00:00","description":"\u0418\u0437\u0443\u0447\u0438\u0442\u0435 \u044d\u0444\u0444\u0435\u043a\u0442\u0438\u0432\u043d\u044b\u0435 \u0441\u0442\u0440\u0430\u0442\u0435\u0433\u0438\u0438 \u0438\u0433\u0440\u044b \u0432 Crazy Time. \u041f\u043e\u0432\u044b\u0448\u0430\u0439\u0442\u0435 \u0441\u0432\u043e\u0438 \u0448\u0430\u043d\u0441\u044b \u043d\u0430 \u043a\u0440\u0443\u043f\u043d\u044b\u0439 \u0432\u044b\u0438\u0433\u0440\u044b\u0448 \u0438 \u043d\u0430\u0441\u043b\u0430\u0436\u0434\u0430\u0439\u0442\u0435\u0441\u044c \u0430\u0437\u0430\u0440\u0442\u043e\u043c \u0441 \u0443\u043c\u043e\u043c \u0432 \u043d\u0430\u0448\u0435\u043c \u043a\u0430\u0437\u0438\u043d\u043e.","breadcrumb":{"@id":"https:\/\/historycrazytime.info\/crazy-time-strategies\/#breadcrumb"},"inLanguage":"pt-PT","potentialAction":[{"@type":"ReadAction","target":["https:\/\/historycrazytime.info\/crazy-time-strategies\/"]}]},{"@type":"BreadcrumbList","@id":"https:\/\/historycrazytime.info\/crazy-time-strategies\/#breadcrumb","itemListElement":[{"@type":"ListItem","position":1,"name":"Home","item":"https:\/\/historycrazytime.info\/"},{"@type":"ListItem","position":2,"name":"\u0421\u0442\u0440\u0430\u0442\u0435\u0433\u0438\u0438 Crazy Time"}]},{"@type":"WebSite","@id":"https:\/\/historycrazytime.info\/#website","url":"https:\/\/historycrazytime.info\/","name":"Crazy Time","description":"","publisher":{"@id":"https:\/\/historycrazytime.info\/#organization"},"potentialAction":[{"@type":"SearchAction","target":{"@type":"EntryPoint","urlTemplate":"https:\/\/historycrazytime.info\/?s={search_term_string}"},"query-input":{"@type":"PropertyValueSpecification","valueRequired":true,"valueName":"search_term_string"}}],"inLanguage":"pt-PT"},{"@type":"Organization","@id":"https:\/\/historycrazytime.info\/#organization","name":"Crazy Time","url":"https:\/\/historycrazytime.info\/","logo":{"@type":"ImageObject","inLanguage":"pt-PT","@id":"https:\/\/historycrazytime.info\/#\/schema\/logo\/image\/","url":"https:\/\/historycrazytime.info\/wp-content\/uploads\/crazy-time-logo.webp","contentUrl":"https:\/\/historycrazytime.info\/wp-content\/uploads\/crazy-time-logo.webp","width":640,"height":448,"caption":"Crazy Time"},"image":{"@id":"https:\/\/historycrazytime.info\/#\/schema\/logo\/image\/"}}]}},"_links":{"self":[{"href":"https:\/\/historycrazytime.info\/pt\/wp-json\/wp\/v2\/pages\/11","targetHints":{"allow":["GET"]}}],"collection":[{"href":"https:\/\/historycrazytime.info\/pt\/wp-json\/wp\/v2\/pages"}],"about":[{"href":"https:\/\/historycrazytime.info\/pt\/wp-json\/wp\/v2\/types\/page"}],"author":[{"embeddable":true,"href":"https:\/\/historycrazytime.info\/pt\/wp-json\/wp\/v2\/users\/1"}],"replies":[{"embeddable":true,"href":"https:\/\/historycrazytime.info\/pt\/wp-json\/wp\/v2\/comments?post=11"}],"version-history":[{"count":33,"href":"https:\/\/historycrazytime.info\/pt\/wp-json\/wp\/v2\/pages\/11\/revisions"}],"predecessor-version":[{"id":144,"href":"https:\/\/historycrazytime.info\/pt\/wp-json\/wp\/v2\/pages\/11\/revisions\/144"}],"wp:attachment":[{"href":"https:\/\/historycrazytime.info\/pt\/wp-json\/wp\/v2\/media?parent=11"}],"curies":[{"name":"wp","href":"https:\/\/api.w.org\/{rel}","templated":true}]}}