{"id":6,"date":"2023-12-09T00:29:38","date_gmt":"2023-12-09T00:29:38","guid":{"rendered":"https:\/\/historycrazytime.info\/?page_id=6"},"modified":"2023-12-27T18:09:19","modified_gmt":"2023-12-27T18:09:19","slug":"crazy-time","status":"publish","type":"page","link":"https:\/\/historycrazytime.info\/pl\/","title":{"rendered":"Otw\u00f3rz drzwi do ekscytuj\u0105cej rozrywki: Zagraj w gr\u0119 Crazy Time w naszym kasynie online!"},"content":{"rendered":"<p>Crazy Time to wi\u0119cej ni\u017c zwyk\u0142a gra hazardowa. To kompletny show telewizyjny i popularna gra z ko\u0142em fortuny, kt\u00f3re przypomina Ko\u0142o Fortuny znan\u0105 wszystkim. Gospodarz kr\u0119ci du\u017cym pionowo stoj\u0105cym ko\u0142em z 54 sektorami. Celem jest przewidzenie, gdzie ko\u0142o zatrzyma si\u0119 na ko\u0144cu kr\u0119cenia. Bez algorytm\u00f3w komputerowych. Bez oszustw. Tylko przypadkowo\u015b\u0107 i szcz\u0119\u015bcie!<\/p>\n<p>Gra Crazy Time to klasyczna gra kasynowa. Ka\u017cdego roku w r\u00f3\u017cnych kasynach online ta gra systematycznie zajmuje czo\u0142owe miejsce w\u015br\u00f3d najbardziej popularnych automat\u00f3w, przyci\u0105gaj\u0105c miliony graczy na ca\u0142ym \u015bwiecie.<\/p>\n<p>Dodatkowo na g\u00f3rze znajduje si\u0119 wideo slot, kt\u00f3ry daje szans\u0119 na zdobycie konkretnych bonus\u00f3w. W grze Crazy Time gracze prowadz\u0105 gr\u0119 tak jak krupier, tworz\u0105c unikaln\u0105 atmosfer\u0119 przypominaj\u0105c\u0105 prawdziwe kasyno.<\/p>\n<p>Crazy Time Slot wyr\u00f3\u017cnia si\u0119 spo\u015br\u00f3d podobnych gier, poniewa\u017c ma r\u00f3\u017cne strefy bonusowe, reprezentuj\u0105ce oddzielne mini-gry, kt\u00f3re przynosz\u0105 ogromne wygrane zwyci\u0119zcom.<\/p>\n<h2>G\u0142\u00f3wne cechy gry Crazy Time<\/h2>\n<p>Akcja ma miejsce w wirtualnym kasynie z krupierem na \u017cywo. Gdy gospodarz kr\u0119ci ko\u0142em, gracze stawiaj\u0105 zak\u0142ady na sektory. Ci, kt\u00f3rzy zgadn\u0105, kt\u00f3ry sektor wyl\u0105dowa\u0142, wygrywaj\u0105. W grze mo\u017cna u\u017cywa\u0107 wielu r\u00f3\u017cnych taktyk. Kwota wygranej mo\u017ce wzrosn\u0105\u0107 kilkakrotnie ze wzgl\u0119du na pojawienie si\u0119 du\u017cych mno\u017cnik\u00f3w na kole. Inne cechy gry online Crazy Time to:<\/p>\n<ul>\n<li>Interakcja czatu z krupierem i innymi graczami;<\/li>\n<li>Mo\u017cliwo\u015b\u0107 wygrania wi\u0119kszej sumy pieni\u0119dzy ni\u017c w innych grach czy automatach;<\/li>\n<li>Numerous bets or mini-games offered before each spin;<\/li>\n<li>Aby pokry\u0107 wydatki na zak\u0142ady, mo\u017cna obstawia\u0107 na wszystkich sektorach;<\/li>\n<li>Gra ma styl kasyna, tworz\u0105c unikaln\u0105 atmosfer\u0119;<\/li>\n<li>Wysoki wska\u017anik zwrotu do gracza (96,08%).<\/li>\n<\/ul>\n<h2>Zasady gry Crazy Time:<\/h2>\n<p>Ca\u0142e ko\u0142o sk\u0142ada si\u0119 z o\u015bmiu grup.<\/p>\n<p>Jedna z tych o\u015bmiu grup przedstawia mno\u017cniki wygranej (x1, x2, x5, x10), podczas gdy inne grupy reprezentuj\u0105 mini-gry, takie jak Cash Hunt, Pachinko, Coin Flip i Crazy Time.<\/p>\n<p>Zak\u0142ady mo\u017cna stawia\u0107 na poszczeg\u00f3lnych kom\u00f3rkach, wszystkich kom\u00f3rkach lub niekt\u00f3rych z nich. Kwota zak\u0142adu mo\u017ce by\u0107 dostosowana osobno dla ka\u017cdej kom\u00f3rki. Warto zauwa\u017cy\u0107, \u017ce sektory z regularnymi mno\u017cnikami maj\u0105 znacznie wi\u0119cej bonus\u00f3w, na przyk\u0142ad sektory x1 &#8211; 21, sektory x2 &#8211; 14, sektory x5 &#8211; 7 i sektory x10 &#8211; 4. W zwi\u0105zku z tym pojawiaj\u0105 si\u0119 one cz\u0119\u015bciej.<\/p>\n<p>Na pocz\u0105tku gry krupier przyjmuje zak\u0142ady od graczy, a ko\u0142o zaczyna si\u0119 kr\u0119ci\u0107, gdy wszystkie zak\u0142ady s\u0105 postawione.<\/p>\n<p>W tym momencie zaczyna si\u0119 obraca\u0107 wideo slot. Dodaje on mno\u017cnik do jednego losowego sektora, czy to liczby, czy gry bonusowej. Je\u015bli sektor i mno\u017cnik pasuj\u0105 poziomo po kr\u0119ceniu, mno\u017cnik jest aktywowany; w przeciwnym razie runda ko\u0144czy si\u0119 bez bonusu.<\/p>\n<p>W tym momencie ko\u0142o si\u0119 zatrzymuje. Gracz, kt\u00f3rego zak\u0142ad zgad\u0142, wygrywa.<\/p>\n<p>W prawym dolnym rogu ekranu gry mo\u017cna zobaczy\u0107 histori\u0119 rozegranych sektor\u00f3w. Mo\u017cna \u015bledzi\u0107 gr\u0119 Crazy Time bez ryzyka, nie czytaj\u0105c zasad. Umo\u017cliwia to lepsze zrozumienie cech gier online, co jest wygodne. Poniewa\u017c nie ma wersji demonstracyjnej gry Crazy Time, jest to doskona\u0142a alternatywa dla sp\u0119dzania czasu na graniu.<\/p>\n<h2>Gry bonusowe w kasynie Crazy Time<\/h2>\n<p>Ka\u017cdy sektor bonusowy reprezentuje oddzieln\u0105 mini-gr\u0119. Mini-gry Crazy Time z bonusami oferuj\u0105 najwi\u0119ksze wygrane. Jest ich cztery w Crazy Time:<\/p>\n<h3>Cash Hunt:<\/h3>\n<p>Ta mini-gra sk\u0142ada si\u0119 z pola 108 kom\u00f3rek z losowymi mno\u017cnikami. W wyznaczonym czasie trzeba wybra\u0107 jedn\u0105 z nich. Na koniec d\u017awi\u0119czy sygna\u0142, oznaczaj\u0105cy ko\u0144cow\u0105 kwot\u0119.<\/p>\n<h3>Pachinko:<\/h3>\n<p>Gdy pojawia si\u0119 Pachinko, na ekranie pojawia si\u0119 \u015bciana z licznymi ko\u0142kami. Na dole wy\u015bwietlanych jest szesna\u015bcie warto\u015bci, z kt\u00f3rych ka\u017cda to mno\u017cnik. Krupier okre\u015bla ostateczny wygrany, gdy kula spada. Maksymalny mno\u017cnik mo\u017ce wynosi\u0107 x10,000.<\/p>\n<h3>Coin Flip:<\/h3>\n<p>Coin Flip to gra w rzut monet\u0105. Na ekranie wy\u015bwietlane s\u0105 dwa okr\u0119gi: niebieski i czerwony. Losowo wybrany mno\u017cnik wygranej jest wy\u015bwietlany w tych okr\u0119gach. Krupier wypuszcza kolorowy \u017ceton. W zale\u017cno\u015bci od wynik\u00f3w gra ustali wygran\u0105 lub przegran\u0105. Maksymalny dozwolony mno\u017cnik wynosi x100.<\/p>\n<h3>Crazy Time:<\/h3>\n<p>Gdy pojawia si\u0119 Crazy Time, krupier przenosi si\u0119 do innego pomieszczenia z jeszcze wi\u0119kszym ko\u0142em. Gracz musi wybra\u0107 jeden z trzech marker\u00f3w znajduj\u0105cych si\u0119 nad ko\u0142em. Wybieraj\u0105c jeden z marker\u00f3w, musisz z\u0142apa\u0107 jak najwi\u0119cej mno\u017cnik\u00f3w. Mini-gra Crazy Time oferuje maksymalny bonus x20,000.<\/p>\n<h3>Pami\u0119taj o wideo slocie<\/h3>\n<p>Je\u015bli w jednej z gier bonusowych na wideo slocie pojawi\u0142 si\u0119 mno\u017cnik, wygrane zwi\u0119ksz\u0105 si\u0119 zgodnie z warto\u015bci\u0105 gry. Gra online Crazy Time oferuje niesamowicie du\u017ce wygrane.<\/p>\n<h2>Przydatne wskaz\u00f3wki dotycz\u0105ce Crazy Time<\/h2>\n<p>Oto kilka przydatnych informacji na temat gry online Crazy Time, kt\u00f3re z pewno\u015bci\u0105 si\u0119 przydadz\u0105, je\u015bli zdecydujesz si\u0119 gra\u0107 na prawdziwe pieni\u0105dze w kasynie online:<\/p>\n<ul>\n<li>Wideo slot mo\u017ce mie\u0107 maksymalny mno\u017cnik x50.<\/li>\n<li>Maksymalne pomno\u017cenie pojedynczego zak\u0142adu to x20,000. W grze bonusowej Crazy Time z funkcj\u0105 Double\/Triple, to si\u0119 zdarza.<\/li>\n<li>Zakres zak\u0142ad\u00f3w wynosi od 5 cent\u00f3w do 50 dolar\u00f3w.<\/li>\n<li>Gracze maj\u0105cy du\u017co szcz\u0119\u015bcia mog\u0105 wygra\u0107 nawet pi\u0119ciokrotno\u015b\u0107 swojego zak\u0142adu.<\/li>\n<\/ul>\n","protected":false},"excerpt":{"rendered":"<p>Crazy Time to wi\u0119cej ni\u017c zwyk\u0142a gra hazardowa. To kompletny show telewizyjny i popularna gra z ko\u0142em fortuny, kt\u00f3re przypomina Ko\u0142o Fortuny znan\u0105 wszystkim. Gospodarz kr\u0119ci du\u017cym pionowo stoj\u0105cym ko\u0142em z 54 sektorami. Celem jest przewidzenie, gdzie ko\u0142o zatrzyma si\u0119 na ko\u0144cu kr\u0119cenia. Bez algorytm\u00f3w komputerowych. Bez oszustw. Tylko przypadkowo\u015b\u0107 i szcz\u0119\u015bcie! Gra Crazy Time to klasyczna gra kasynowa. Ka\u017cdego roku w r\u00f3\u017cnych kasynach online ta gra systematycznie zajmuje czo\u0142owe miejsce w\u015br\u00f3d najbardziej popularnych automat\u00f3w,&hellip; <\/p>\n","protected":false},"author":1,"featured_media":0,"parent":0,"menu_order":0,"comment_status":"closed","ping_status":"closed","template":"","meta":{"footnotes":""},"class_list":["post-6","page","type-page","status-publish","hentry"],"yoast_head":"<!-- This site is optimized with the Yoast SEO plugin v27.2 - https:\/\/yoast.com\/product\/yoast-seo-wordpress\/ -->\n<title>\u0418\u0433\u0440\u0430\u0439\u0442\u0435 \u0432 Crazy Time: \u0430\u0437\u0430\u0440\u0442 \u0438 \u0432\u043e\u043b\u043d\u0435\u043d\u0438\u0435 \u0432 \u043e\u043d\u043b\u0430\u0439\u043d \u043a\u0430\u0437\u0438\u043d\u043e<\/title>\n<meta name=\"description\" content=\"Odkryj ekscytuj\u0105cy \u015bwiat Crazy Time w naszym kasynie online. Oczekuj\u0105 na Ciebie osza\u0142amiaj\u0105ce grafiki, du\u017ce wygrane i niezapomniane prze\u017cycia!\" \/>\n<meta name=\"robots\" content=\"index, follow, max-snippet:-1, max-image-preview:large, max-video-preview:-1\" \/>\n<link rel=\"canonical\" href=\"https:\/\/historycrazytime.info\/pl\/\" \/>\n<meta property=\"og:locale\" content=\"pl_PL\" \/>\n<meta property=\"og:locale:alternate\" content=\"en_US\" \/>\n<meta property=\"og:locale:alternate\" content=\"ru_RU\" \/>\n<meta property=\"og:locale:alternate\" content=\"pt_PT\" \/>\n<meta property=\"og:locale:alternate\" content=\"es_ES\" \/>\n<meta property=\"og:locale:alternate\" content=\"ro_RO\" \/>\n<meta property=\"og:locale:alternate\" content=\"sr_RS\" \/>\n<meta property=\"og:locale:alternate\" content=\"bg_BG\" \/>\n<meta property=\"og:locale:alternate\" content=\"hu_HU\" \/>\n<meta property=\"og:locale:alternate\" content=\"el\" \/>\n<meta property=\"og:locale:alternate\" content=\"tr_TR\" \/>\n<meta property=\"og:type\" content=\"article\" \/>\n<meta property=\"og:title\" content=\"\u0418\u0433\u0440\u0430\u0439\u0442\u0435 \u0432 Crazy Time: \u0430\u0437\u0430\u0440\u0442 \u0438 \u0432\u043e\u043b\u043d\u0435\u043d\u0438\u0435 \u0432 \u043e\u043d\u043b\u0430\u0439\u043d \u043a\u0430\u0437\u0438\u043d\u043e\" \/>\n<meta property=\"og:description\" content=\"\u041e\u0442\u043a\u0440\u043e\u0439\u0442\u0435 \u0434\u043b\u044f \u0441\u0435\u0431\u044f \u0437\u0430\u0445\u0432\u0430\u0442\u044b\u0432\u0430\u044e\u0449\u0438\u0439 \u043c\u0438\u0440 Crazy Time \u0432 \u043d\u0430\u0448\u0435\u043c \u043e\u043d\u043b\u0430\u0439\u043d \u043a\u0430\u0437\u0438\u043d\u043e. \u0412\u0435\u043b\u0438\u043a\u043e\u043b\u0435\u043f\u043d\u0430\u044f \u0433\u0440\u0430\u0444\u0438\u043a\u0430, \u043a\u0440\u0443\u043f\u043d\u044b\u0435 \u0432\u044b\u0438\u0433\u0440\u044b\u0448\u0438 \u0438 \u043d\u0435\u0437\u0430\u0431\u044b\u0432\u0430\u0435\u043c\u044b\u0435 \u0432\u043f\u0435\u0447\u0430\u0442\u043b\u0435\u043d\u0438\u044f \u0436\u0434\u0443\u0442 \u0432\u0430\u0441!\" \/>\n<meta property=\"og:url\" content=\"https:\/\/historycrazytime.info\/pl\/\" \/>\n<meta property=\"og:site_name\" content=\"Crazy Time\" \/>\n<meta property=\"article:modified_time\" content=\"2023-12-27T18:09:19+00:00\" \/>\n<meta name=\"twitter:card\" content=\"summary_large_image\" \/>\n<meta name=\"twitter:label1\" content=\"Szacowany czas czytania\" \/>\n\t<meta name=\"twitter:data1\" content=\"35 minut\" \/>\n<script type=\"application\/ld+json\" class=\"yoast-schema-graph\">{\"@context\":\"https:\/\/schema.org\",\"@graph\":[{\"@type\":\"WebPage\",\"@id\":\"https:\/\/historycrazytime.info\/\",\"url\":\"https:\/\/historycrazytime.info\/\",\"name\":\"\u0418\u0433\u0440\u0430\u0439\u0442\u0435 \u0432 Crazy Time: \u0430\u0437\u0430\u0440\u0442 \u0438 \u0432\u043e\u043b\u043d\u0435\u043d\u0438\u0435 \u0432 \u043e\u043d\u043b\u0430\u0439\u043d \u043a\u0430\u0437\u0438\u043d\u043e\",\"isPartOf\":{\"@id\":\"https:\/\/historycrazytime.info\/#website\"},\"datePublished\":\"2023-12-09T00:29:38+00:00\",\"dateModified\":\"2023-12-27T18:09:19+00:00\",\"description\":\"\u041e\u0442\u043a\u0440\u043e\u0439\u0442\u0435 \u0434\u043b\u044f \u0441\u0435\u0431\u044f \u0437\u0430\u0445\u0432\u0430\u0442\u044b\u0432\u0430\u044e\u0449\u0438\u0439 \u043c\u0438\u0440 Crazy Time \u0432 \u043d\u0430\u0448\u0435\u043c \u043e\u043d\u043b\u0430\u0439\u043d \u043a\u0430\u0437\u0438\u043d\u043e. \u0412\u0435\u043b\u0438\u043a\u043e\u043b\u0435\u043f\u043d\u0430\u044f \u0433\u0440\u0430\u0444\u0438\u043a\u0430, \u043a\u0440\u0443\u043f\u043d\u044b\u0435 \u0432\u044b\u0438\u0433\u0440\u044b\u0448\u0438 \u0438 \u043d\u0435\u0437\u0430\u0431\u044b\u0432\u0430\u0435\u043c\u044b\u0435 \u0432\u043f\u0435\u0447\u0430\u0442\u043b\u0435\u043d\u0438\u044f \u0436\u0434\u0443\u0442 \u0432\u0430\u0441!\",\"breadcrumb\":{\"@id\":\"https:\/\/historycrazytime.info\/#breadcrumb\"},\"inLanguage\":\"pl-PL\",\"potentialAction\":[{\"@type\":\"ReadAction\",\"target\":[\"https:\/\/historycrazytime.info\/\"]}]},{\"@type\":\"BreadcrumbList\",\"@id\":\"https:\/\/historycrazytime.info\/#breadcrumb\",\"itemListElement\":[{\"@type\":\"ListItem\",\"position\":1,\"name\":\"Home\",\"item\":\"https:\/\/historycrazytime.info\/\"},{\"@type\":\"ListItem\",\"position\":2,\"name\":\"\u041e\u0442\u043a\u0440\u043e\u0439 \u0434\u0432\u0435\u0440\u0438 \u0443\u0432\u043b\u0435\u043a\u0430\u0442\u0435\u043b\u044c\u043d\u043e\u0433\u043e \u0430\u0437\u0430\u0440\u0442\u0430: \u0438\u0433\u0440\u0430\u0439 \u0432 Crazy Time \u0432 \u043e\u043d\u043b\u0430\u0439\u043d \u043a\u0430\u0437\u0438\u043d\u043e!\"}]},{\"@type\":\"WebSite\",\"@id\":\"https:\/\/historycrazytime.info\/#website\",\"url\":\"https:\/\/historycrazytime.info\/\",\"name\":\"Crazy Time\",\"description\":\"\",\"publisher\":{\"@id\":\"https:\/\/historycrazytime.info\/#organization\"},\"potentialAction\":[{\"@type\":\"SearchAction\",\"target\":{\"@type\":\"EntryPoint\",\"urlTemplate\":\"https:\/\/historycrazytime.info\/?s={search_term_string}\"},\"query-input\":{\"@type\":\"PropertyValueSpecification\",\"valueRequired\":true,\"valueName\":\"search_term_string\"}}],\"inLanguage\":\"pl-PL\"},{\"@type\":\"Organization\",\"@id\":\"https:\/\/historycrazytime.info\/#organization\",\"name\":\"Crazy Time\",\"url\":\"https:\/\/historycrazytime.info\/\",\"logo\":{\"@type\":\"ImageObject\",\"inLanguage\":\"pl-PL\",\"@id\":\"https:\/\/historycrazytime.info\/#\/schema\/logo\/image\/\",\"url\":\"https:\/\/historycrazytime.info\/wp-content\/uploads\/crazy-time-logo.webp\",\"contentUrl\":\"https:\/\/historycrazytime.info\/wp-content\/uploads\/crazy-time-logo.webp\",\"width\":640,\"height\":448,\"caption\":\"Crazy Time\"},\"image\":{\"@id\":\"https:\/\/historycrazytime.info\/#\/schema\/logo\/image\/\"}}]}<\/script>\n<!-- \/ Yoast SEO plugin. -->","yoast_head_json":{"title":"\u0418\u0433\u0440\u0430\u0439\u0442\u0435 \u0432 Crazy Time: \u0430\u0437\u0430\u0440\u0442 \u0438 \u0432\u043e\u043b\u043d\u0435\u043d\u0438\u0435 \u0432 \u043e\u043d\u043b\u0430\u0439\u043d \u043a\u0430\u0437\u0438\u043d\u043e","description":"Odkryj ekscytuj\u0105cy \u015bwiat Crazy Time w naszym kasynie online. Oczekuj\u0105 na Ciebie osza\u0142amiaj\u0105ce grafiki, du\u017ce wygrane i niezapomniane prze\u017cycia!","robots":{"index":"index","follow":"follow","max-snippet":"max-snippet:-1","max-image-preview":"max-image-preview:large","max-video-preview":"max-video-preview:-1"},"canonical":"https:\/\/historycrazytime.info\/pl\/","og_locale":"pl_PL","og_type":"article","og_title":"\u0418\u0433\u0440\u0430\u0439\u0442\u0435 \u0432 Crazy Time: \u0430\u0437\u0430\u0440\u0442 \u0438 \u0432\u043e\u043b\u043d\u0435\u043d\u0438\u0435 \u0432 \u043e\u043d\u043b\u0430\u0439\u043d \u043a\u0430\u0437\u0438\u043d\u043e","og_description":"\u041e\u0442\u043a\u0440\u043e\u0439\u0442\u0435 \u0434\u043b\u044f \u0441\u0435\u0431\u044f \u0437\u0430\u0445\u0432\u0430\u0442\u044b\u0432\u0430\u044e\u0449\u0438\u0439 \u043c\u0438\u0440 Crazy Time \u0432 \u043d\u0430\u0448\u0435\u043c \u043e\u043d\u043b\u0430\u0439\u043d \u043a\u0430\u0437\u0438\u043d\u043e. \u0412\u0435\u043b\u0438\u043a\u043e\u043b\u0435\u043f\u043d\u0430\u044f \u0433\u0440\u0430\u0444\u0438\u043a\u0430, \u043a\u0440\u0443\u043f\u043d\u044b\u0435 \u0432\u044b\u0438\u0433\u0440\u044b\u0448\u0438 \u0438 \u043d\u0435\u0437\u0430\u0431\u044b\u0432\u0430\u0435\u043c\u044b\u0435 \u0432\u043f\u0435\u0447\u0430\u0442\u043b\u0435\u043d\u0438\u044f \u0436\u0434\u0443\u0442 \u0432\u0430\u0441!","og_url":"https:\/\/historycrazytime.info\/pl\/","og_site_name":"Crazy Time","article_modified_time":"2023-12-27T18:09:19+00:00","twitter_card":"summary_large_image","twitter_misc":{"Szacowany czas czytania":"35 minut"},"schema":{"@context":"https:\/\/schema.org","@graph":[{"@type":"WebPage","@id":"https:\/\/historycrazytime.info\/","url":"https:\/\/historycrazytime.info\/","name":"\u0418\u0433\u0440\u0430\u0439\u0442\u0435 \u0432 Crazy Time: \u0430\u0437\u0430\u0440\u0442 \u0438 \u0432\u043e\u043b\u043d\u0435\u043d\u0438\u0435 \u0432 \u043e\u043d\u043b\u0430\u0439\u043d \u043a\u0430\u0437\u0438\u043d\u043e","isPartOf":{"@id":"https:\/\/historycrazytime.info\/#website"},"datePublished":"2023-12-09T00:29:38+00:00","dateModified":"2023-12-27T18:09:19+00:00","description":"\u041e\u0442\u043a\u0440\u043e\u0439\u0442\u0435 \u0434\u043b\u044f \u0441\u0435\u0431\u044f \u0437\u0430\u0445\u0432\u0430\u0442\u044b\u0432\u0430\u044e\u0449\u0438\u0439 \u043c\u0438\u0440 Crazy Time \u0432 \u043d\u0430\u0448\u0435\u043c \u043e\u043d\u043b\u0430\u0439\u043d \u043a\u0430\u0437\u0438\u043d\u043e. \u0412\u0435\u043b\u0438\u043a\u043e\u043b\u0435\u043f\u043d\u0430\u044f \u0433\u0440\u0430\u0444\u0438\u043a\u0430, \u043a\u0440\u0443\u043f\u043d\u044b\u0435 \u0432\u044b\u0438\u0433\u0440\u044b\u0448\u0438 \u0438 \u043d\u0435\u0437\u0430\u0431\u044b\u0432\u0430\u0435\u043c\u044b\u0435 \u0432\u043f\u0435\u0447\u0430\u0442\u043b\u0435\u043d\u0438\u044f \u0436\u0434\u0443\u0442 \u0432\u0430\u0441!","breadcrumb":{"@id":"https:\/\/historycrazytime.info\/#breadcrumb"},"inLanguage":"pl-PL","potentialAction":[{"@type":"ReadAction","target":["https:\/\/historycrazytime.info\/"]}]},{"@type":"BreadcrumbList","@id":"https:\/\/historycrazytime.info\/#breadcrumb","itemListElement":[{"@type":"ListItem","position":1,"name":"Home","item":"https:\/\/historycrazytime.info\/"},{"@type":"ListItem","position":2,"name":"\u041e\u0442\u043a\u0440\u043e\u0439 \u0434\u0432\u0435\u0440\u0438 \u0443\u0432\u043b\u0435\u043a\u0430\u0442\u0435\u043b\u044c\u043d\u043e\u0433\u043e \u0430\u0437\u0430\u0440\u0442\u0430: \u0438\u0433\u0440\u0430\u0439 \u0432 Crazy Time \u0432 \u043e\u043d\u043b\u0430\u0439\u043d \u043a\u0430\u0437\u0438\u043d\u043e!"}]},{"@type":"WebSite","@id":"https:\/\/historycrazytime.info\/#website","url":"https:\/\/historycrazytime.info\/","name":"Crazy Time","description":"","publisher":{"@id":"https:\/\/historycrazytime.info\/#organization"},"potentialAction":[{"@type":"SearchAction","target":{"@type":"EntryPoint","urlTemplate":"https:\/\/historycrazytime.info\/?s={search_term_string}"},"query-input":{"@type":"PropertyValueSpecification","valueRequired":true,"valueName":"search_term_string"}}],"inLanguage":"pl-PL"},{"@type":"Organization","@id":"https:\/\/historycrazytime.info\/#organization","name":"Crazy Time","url":"https:\/\/historycrazytime.info\/","logo":{"@type":"ImageObject","inLanguage":"pl-PL","@id":"https:\/\/historycrazytime.info\/#\/schema\/logo\/image\/","url":"https:\/\/historycrazytime.info\/wp-content\/uploads\/crazy-time-logo.webp","contentUrl":"https:\/\/historycrazytime.info\/wp-content\/uploads\/crazy-time-logo.webp","width":640,"height":448,"caption":"Crazy Time"},"image":{"@id":"https:\/\/historycrazytime.info\/#\/schema\/logo\/image\/"}}]}},"_links":{"self":[{"href":"https:\/\/historycrazytime.info\/pl\/wp-json\/wp\/v2\/pages\/6","targetHints":{"allow":["GET"]}}],"collection":[{"href":"https:\/\/historycrazytime.info\/pl\/wp-json\/wp\/v2\/pages"}],"about":[{"href":"https:\/\/historycrazytime.info\/pl\/wp-json\/wp\/v2\/types\/page"}],"author":[{"embeddable":true,"href":"https:\/\/historycrazytime.info\/pl\/wp-json\/wp\/v2\/users\/1"}],"replies":[{"embeddable":true,"href":"https:\/\/historycrazytime.info\/pl\/wp-json\/wp\/v2\/comments?post=6"}],"version-history":[{"count":26,"href":"https:\/\/historycrazytime.info\/pl\/wp-json\/wp\/v2\/pages\/6\/revisions"}],"predecessor-version":[{"id":160,"href":"https:\/\/historycrazytime.info\/pl\/wp-json\/wp\/v2\/pages\/6\/revisions\/160"}],"wp:attachment":[{"href":"https:\/\/historycrazytime.info\/pl\/wp-json\/wp\/v2\/media?parent=6"}],"curies":[{"name":"wp","href":"https:\/\/api.w.org\/{rel}","templated":true}]}}