{"id":13,"date":"2023-12-09T15:15:05","date_gmt":"2023-12-09T15:15:05","guid":{"rendered":"https:\/\/historycrazytime.info\/?page_id=13"},"modified":"2023-12-27T17:52:14","modified_gmt":"2023-12-27T17:52:14","slug":"crazy-time-reviews","status":"publish","type":"page","link":"https:\/\/historycrazytime.info\/pl\/crazy-time-reviews\/","title":{"rendered":"Opinie graczy na temat Crazy Time w kasynie online"},"content":{"rendered":"<h3>Recenzja: Moja Pierwsza Gra w Crazy Time w Kasynie Online<\/h3>\n<p>Znajomy opowiedzia\u0142 mi o slocie Crazy Time. Gra\u0142em w r\u00f3\u017cne gry od d\u0142u\u017cszego czasu, ale to by\u0142o moje pierwsze do\u015bwiadczenie w prawdziwym kasynie online. Na pocz\u0105tku nie wierzy\u0142em, kiedy m\u00f3j przyjaciel powiedzia\u0142, \u017ce takie rzeczy istniej\u0105 online, ale tutaj faktycznie jest prawdziwy prowadz\u0105cy i czat. Nie wygra\u0142em wi\u0119kszo\u015bci moich pieni\u0119dzy od razu, ale podj\u0105\u0142em ryzyko i postawi\u0142em zak\u0142ad na Pachinko. W ko\u0144cu m\u00f3j zak\u0142ad przyni\u00f3s\u0142 imponuj\u0105ce 600 dolar\u00f3w przy zak\u0142adzie zaledwie 5 dolar\u00f3w. Polecam to, towarzysze.<\/p>\n<p>Arkadiy, 28 lat.<\/p>\n<h3>Recenzja: Naprawd\u0119 Mo\u017cna Zarobi\u0107 na Crazy Time<\/h3>\n<p>Przyjaciele polecali to na imprezach uniwersyteckich. Nie by\u0142em szczeg\u00f3lnie pewien co do zarabiania; mia\u0142em wi\u0119cej szcz\u0119\u015bcia przy zwyk\u0142ych slotach. Ale Crazy Time dzia\u0142a. Pr\u00f3buj\u0105c obstawia\u0107 wszystko naraz, zarobi\u0142em sporo pieni\u0119dzy. R\u00f3wnie\u017c sugeruj\u0119, aby\u015b to samo zrobi\u0142. Ju\u017c my\u015bl\u0119 o kupnie swojego pierwszego samochodu na w\u0142asno\u015b\u0107, bez rodzic\u00f3w.<\/p>\n<p>Nikolay, 18 lat.<\/p>\n<h3>Recenzja: Najbardziej Skuteczna Gra do Zarabiania \u2013 Crazy Time<\/h3>\n<p>Spr\u00f3bowa\u0142em Crazy Time po prostu dlatego, \u017ce zawsze chcia\u0142em odwiedzi\u0107 kasyno. Ponadto jest tu krupier i mo\u017cliwo\u015b\u0107 rozmowy z graczami, co jest szczeg\u00f3lnie przyjemne, gdy jeste\u015b w domu z kieliszkiem wina. Czujesz, \u017ce grasz nie online, ale w prawdziwym kasynie. Ciekawe jest to, \u017ce pomimo braku celu okresowo osi\u0105ga\u0142em zyski. Pomimo strat, wygrywa\u0142em od 20 do 30 dolar\u00f3w, co by\u0142o bardzo satysfakcjonuj\u0105ce. Dla tych, kt\u00f3rzy chc\u0105 zarabia\u0107, Crazy Time b\u0119dzie najlepsz\u0105 opcj\u0105, a ja polecam zanurzenie si\u0119 w atmosfer\u0119.<\/p>\n<p>Alena, 34 lata.<\/p>\n<h3>Recenzja: Gram w Crazy Time Od Trzech Miesi\u0119cy, I Jak Na Razie Jest Dobrze<\/h3>\n<p>Gram w Crazy Time od trzech miesi\u0119cy teraz. Przyjaciel powiedzia\u0142, \u017ce pocz\u0105tkowo wygra\u0142, a potem przegra\u0142. Ale gdy nauczy\u0142 si\u0119 gra\u0107, wszystko posz\u0142o dobrze. Maksymalna wygrana wynios\u0142a 1500 dolar\u00f3w w jednym przypadku. Polecam wszystkim, aby mi\u0142o sp\u0119dzi\u0107 czas!<\/p>\n<p>Mikhail, 48 lat.<\/p>\n<h3>Recenzja: Zazwyczaj Stawiam na Wszystkie Pola w Crazy Time<\/h3>\n<p>Sier\u017cant z naszej jednostki wojskowej w to gra\u0142 i nam pokaza\u0142. Zazwyczaj obstawiaj\u0105 r\u00f3\u017cne sporty, ale nigdy nie grali w kasyno online. Po raz pierwszy us\u0142yszeli\u015bmy o Crazy Time. Jedyna rzecz, kt\u00f3ra mi si\u0119 podoba\u0142a, to to, \u017ce naprawd\u0119 mo\u017cna zaoszcz\u0119dzi\u0107. Mog\u0119 r\u00f3wnie\u017c ci doradzi\u0107, aby wygra\u0107 o tej szalonej porze \u2013 obstawiaj na wszystko. W ten spos\u00f3b konsekwentnie zarabia\u0142em od 30 do 40 dolar\u00f3w dziennie bez \u017cadnych problem\u00f3w. Wyp\u0142ata z depozytu jest doskona\u0142a; wszystko jest w porz\u0105dku. Polecam wszystkim gr\u0119 w Crazy Time.<\/p>\n<p>Andrey, 22 lata.<\/p>\n<h3>Chocia\u017c nie jestem fanem hazardu, Crazy Time mi si\u0119 spodoba\u0142<\/h3>\n<p>Chocia\u017c nie jestem fanem hazardu, Crazy Time pom\u00f3g\u0142 mi si\u0119 zrelaksowa\u0107 i nawet zarobi\u0107 po rozwodzie. Jestem wdzi\u0119czny te\u015bciowi za polecenia. Jest wiele sposob\u00f3w na gr\u0119 w Crazy Time, a ka\u017cdy ma swoj\u0105 strategi\u0119. Zarobi\u0142em 1200 dolar\u00f3w w jeden miesi\u0105c dzi\u0119ki mojej strategii gry.<\/p>\n<p>Victor, 34 lata.<\/p>\n<h3>Recenzja: Crazy Time &#8211; Nie tylko Ekscytuj\u0105ca, Ale Te\u017c Dochodowa<\/h3>\n<p>Crazy Time nie tylko ekscytuj\u0105ca, ale te\u017c bardzo interesuj\u0105ca. Co wi\u0119cej, g\u0142\u00f3wne to to, \u017ce mo\u017cna zarobi\u0107 dobr\u0105 kas\u0119, je\u015bli u\u017cywasz g\u0142owy. Wygrywam 40 dolar\u00f3w za ka\u017cde 10 dolar\u00f3w.<\/p>\n<p>Alexander, 31 lat.<\/p>\n<h3>Recenzja: Moja Druga Pensja z Automatu Crazy Time<\/h3>\n<p>M\u00f3j kolega pokaza\u0142 mi ten automat online. Wygra\u0142 w Crazy Time przez ostatnie pi\u0119\u0107 miesi\u0119cy. Sp\u0142aci\u0142em kredyt na samoch\u00f3d, kt\u00f3ry niedawno kupi\u0142em. Je\u015bli opracujesz strategi\u0119 i b\u0119dziesz jej trzyma\u0107 si\u0119, mo\u017cesz w ci\u0105gu miesi\u0105ca uzyska\u0107 drug\u0105 pensj\u0119, graj\u0105c.<\/p>\n<p>Maxim, 24 lata.<\/p>\n<h3>Recenzja: Mam Realne Schematy do Gry w Crazy Time<\/h3>\n<p>Gram bardzo ostro\u017cnie, bo nie lubi\u0119 podejmowa\u0107 ryzyka i nie wierz\u0119 we wszystkie te zarobki. Niemniej jednak znajomy zaproponowa\u0142 gr\u0119 &#8222;Crazy Time&#8221;. Na pocz\u0105tku tylko obstawia\u0142, obserwowa\u0142, a potem szuka\u0142 strategii, zaczynaj\u0105c ostatecznie osi\u0105ga\u0107 zyski. Chocia\u017c nie planuj\u0119 opracowywa\u0107 strategii, istniej\u0105 dzia\u0142aj\u0105ce plany. Pocz\u0105tkowo stawia\u0142em 5 dolar\u00f3w na ka\u017cdy zak\u0142ad, ale teraz stawiam 10 dolar\u00f3w i zarabiam oko\u0142o 600 miesi\u0119cznie.<\/p>\n<p>Alexey, 44 lata.<\/p>\n<h3>Recenzja: Automat Crazy Time &#8211; Gor\u0105co Polecam<\/h3>\n<p>Przyjaciel poleci\u0142 mi dobr\u0105 zabaw\u0119. Teraz gram prawie codziennie. Wygrywanie w Crazy Time jest \u0142atwe, je\u015bli wiesz, jak to zrobi\u0107. A potem pieni\u0105dze same przyjd\u0105 do ciebie. Polecam to ka\u017cdemu.<\/p>\n<p>Denis, 32 lata.<\/p>\n<h3>Recenzja: Wygrywanie w Crazy Time jest \u0141atwe<\/h3>\n<p>Polecone przez znajomego. Na pocz\u0105tku my\u015bla\u0142em, \u017ce to tylko spos\u00f3b na utrat\u0119 wszystkich moich pieni\u0119dzy, ale potem doradzili mi, jak lepiej obstawia\u0107, i zacz\u0119\u0142y p\u0142yn\u0105\u0107 pieni\u0105dze. Polecam Crazy Time, bo jest \u0142atwe, ekscytuj\u0105ce i interesuj\u0105ce do wygrania.<\/p>\n<p>Inna, 19 lat.<\/p>\n<h3>Recenzja: Crazy Time &#8211; Prawdziwe Kasyno na \u017bywo<\/h3>\n<p>Odkry\u0142em niedawno gr\u0119 Crazy Time. Szuka\u0142em czego\u015b nowego i interesuj\u0105cego i znalaz\u0142em ca\u0142e interaktywne kasyno, gdzie mo\u017cna komunikowa\u0107 si\u0119 z krupierami, rozmawia\u0107 z innymi graczami i zdobywa\u0107 bajeczne wygrane. Teraz gramy razem. Mo\u017cemy si\u0119 pochwali\u0107 wzrostem depozytu, i postanowi\u0142em wzi\u0105\u0107 kredyt hipoteczny, bo teraz mog\u0119 p\u0142aci\u0107 Crazy Time. Polecam to wszystkim, bo wszystkie moje wygrane pokrywaj\u0105 koszty zak\u0142ad\u00f3w.<\/p>\n<p>Sergey, 24 lata.<\/p>\n<h3>Recenzja: Spodoba\u0142o mi si\u0119 uczucie kasyna w Crazy Time<\/h3>\n<p>Ostatnio wesz\u0142em do gry. W Crazy Time spodoba\u0142o mi si\u0119 uczucie kasyna, a zyski mnie zaskoczy\u0142y. Zarabianie dodatkowego dochodu od 2 do 4 tysi\u0119cy dolar\u00f3w miesi\u0119cznie bez du\u017cego wysi\u0142ku jest bardzo przyjemne. Sugeruj\u0119, \u017ceby wszyscy zagrali w Crazy Time.<\/p>\n<p>Victoria, 32 lata.<\/p>\n<h3>Recenzja: Dobrze Zarabiam na Crazy Time<\/h3>\n<p>Bardzo si\u0119 martwi\u0142em, gdy znajomy zaproponowa\u0142 gr\u0119 i d\u0142ugo udziela\u0142 porad. Potem spr\u00f3bowa\u0142em tego Crazy Time. Na pocz\u0105tku wygrane by\u0142y tylko r\u00f3wne zak\u0142adom, ale gdy nauczy\u0142em si\u0119 gra\u0107, zacz\u0105\u0142em dobrze zarabia\u0107 na Crazy Time. Ju\u017c wyp\u0142aci\u0142em 6000 dolar\u00f3w w cztery miesi\u0105ce. Polecam Crazy Time graczom.<\/p>\n<p>Boris, 29 lat.<\/p>\n<h3>Recenzja: Odkry\u0142em Gr\u0119 Online Crazy Time<\/h3>\n<p>Postanowi\u0142em zagra\u0107 w gr\u0119 Crazy Time, kt\u00f3r\u0105 znalaz\u0142em online. Postawi\u0142em du\u017c\u0105 sum\u0119, a depozyt by\u0142 wystarczaj\u0105cy. Najciekawsze by\u0142o to, \u017ce zacz\u0105\u0142em wygrywa\u0107 w Crazy Time. Zarobi\u0142em sporo pieni\u0119dzy, a bior\u0105c pod uwag\u0119, \u017ce wszystko, co musz\u0119 zrobi\u0107, to po\u015bwi\u0119ci\u0107 czas, Crazy Time to doskona\u0142a gra online, kt\u00f3ra przynosi pieni\u0105dze.<\/p>\n<p>Igor, 54 lata.<\/p>\n<h3>Recenzja: Wygra\u0142em, Bo Postawi\u0142em Prawid\u0142owy Zak\u0142ad<\/h3>\n<p>Znajomy zaproponowa\u0142 gr\u0119 Crazy Time. Potrzebne by\u0142y pieni\u0105dze, ale nie chcia\u0142 bra\u0107 po\u017cyczki. I tu wygra\u0142, bo postawi\u0142 prawid\u0142owy zak\u0142ad. Polecam Crazy Time wszystkim. Postawiony poprawnie, dobrze wygrany, wyp\u0142acone pieni\u0105dze.<\/p>\n<p>Semyon, 29 lat.<\/p>\n<h3>Recenzja: Znajomy Poleci\u0142 Slot Crazy Time<\/h3>\n<p>Kolega zaproponowa\u0142 gr\u0119 Crazy Time. Zacz\u0105\u0142em gra\u0107 w kasynie. Zak\u0142ady by\u0142y minimalne, ale p\u00f3\u017aniej stawa\u0142y si\u0119 \u015bmielsze, i teraz mog\u0119 dosta\u0107 od 10 do 20 dolar\u00f3w za sektor. Zawsze s\u0105 wygrane, a zazwyczaj wygrywane s\u0105 du\u017ce sumy pieni\u0119dzy. Wa\u017cne jest, aby nie zwraca\u0107 uwagi na pora\u017cki, poniewa\u017c wszystko mo\u017cna odrobi\u0107. Gra w Crazy Time jest bezpieczna i dochodowa.<\/p>\n<p>Sergey, 32 lata.<\/p>\n<h3>Recenzja: Crazy Time Oferuje Wiele Okazji do Wygranej<\/h3>\n<p>Dowiedzia\u0142em si\u0119 o grze Crazy Time od znajomych. Pocz\u0105tkowo waha\u0142em si\u0119, ale potem postanowi\u0142em spr\u00f3bowa\u0107. Cho\u0107 przegra\u0142em pierwszy raz, zrozumia\u0142em, jak gra\u0107, i teraz gram jeszcze wi\u0119cej, bo wygrywam pieni\u0105dze. W Crazy Time jest wiele okazji do wygranej, i to bardzo ekscytuj\u0105ce.<\/p>\n<p>Daniil, 27 lat.<\/p>\n<h3>Recenzja: Wygra\u0142em Du\u017c\u0105 Sum\u0119 Pieni\u0119dzy w Crazy Time<\/h3>\n<p>Szukaj\u0105c nowych emocji, znalaz\u0142em gr\u0119 Crazy Time. Gram w Crazy Time ci\u0105gle, wygrywam du\u017co pieni\u0119dzy, \u015bwietnie si\u0119 bawi\u0119 i polecam to wszystkim, kt\u00f3rych znam. Nie b\u0119dziesz rozczarowany, je\u015bli spr\u00f3bujesz Crazy Time.<\/p>\n<p>Petr, 24 lata.<\/p>\n<h3>Komentarz: Prawid\u0142owe Korzystanie z Crazy Time<\/h3>\n<p>Zaznajomi\u0142em si\u0119 z gr\u0105 Crazy Time. Pocz\u0105tkowo waha\u0142em si\u0119, ale po zobaczeniu, jak przyjaciel wygrywa i wyp\u0142aca pieni\u0105dze, postanowi\u0142em spr\u00f3bowa\u0107 sam. Chocia\u017c nigdy wcze\u015bniej nie gra\u0142em, przyjaciel szybko udzieli\u0142 mi instrukcji, jak gra\u0107 w Crazy Time. Teraz stawiam zak\u0142ady, wygrywam i zacz\u0105\u0142em wyp\u0142aca\u0107 pieni\u0105dze samodzielnie. Poniewa\u017c rozk\u0142adam wszystkie pieni\u0105dze mi\u0119dzy r\u00f3\u017cne sektory, ci\u0105gle otrzymuj\u0119 doch\u00f3d z ka\u017cdej rundy. Tak wi\u0119c Crazy Time pozwala zarabia\u0107.<\/p>\n<p>Sasha, 36 lat.<\/p>\n","protected":false},"excerpt":{"rendered":"<p>Recenzja: Moja Pierwsza Gra w Crazy Time w Kasynie Online Znajomy opowiedzia\u0142 mi o slocie Crazy Time. Gra\u0142em w r\u00f3\u017cne gry od d\u0142u\u017cszego czasu, ale to by\u0142o moje pierwsze do\u015bwiadczenie w prawdziwym kasynie online. Na pocz\u0105tku nie wierzy\u0142em, kiedy m\u00f3j przyjaciel powiedzia\u0142, \u017ce takie rzeczy istniej\u0105 online, ale tutaj faktycznie jest prawdziwy prowadz\u0105cy i czat. Nie wygra\u0142em wi\u0119kszo\u015bci moich pieni\u0119dzy od razu, ale podj\u0105\u0142em ryzyko i postawi\u0142em zak\u0142ad na Pachinko. W ko\u0144cu m\u00f3j zak\u0142ad przyni\u00f3s\u0142&hellip; <\/p>\n","protected":false},"author":1,"featured_media":0,"parent":0,"menu_order":0,"comment_status":"closed","ping_status":"closed","template":"","meta":{"footnotes":""},"class_list":["post-13","page","type-page","status-publish","hentry"],"yoast_head":"<!-- This site is optimized with the Yoast SEO plugin v27.2 - https:\/\/yoast.com\/product\/yoast-seo-wordpress\/ -->\n<title>\u041e\u0442\u0437\u044b\u0432\u044b \u043e\u0431 \u0438\u0433\u0440\u0435 Crazy Time: \u0440\u0435\u0430\u043b\u044c\u043d\u044b\u0435 \u0432\u043f\u0435\u0447\u0430\u0442\u043b\u0435\u043d\u0438\u044f \u0438\u0433\u0440\u043e\u043a\u043e\u0432<\/title>\n<meta name=\"description\" content=\"\u0427\u0438\u0442\u0430\u0439\u0442\u0435 \u0447\u0435\u0441\u0442\u043d\u044b\u0435 \u043e\u0442\u0437\u044b\u0432\u044b \u0438\u0433\u0440\u043e\u043a\u043e\u0432 \u043e Crazy Time. \u0423\u0437\u043d\u0430\u0439\u0442\u0435 \u043e\u0431 \u0443\u0434\u0430\u0447\u043d\u044b\u0445 \u0441\u0442\u0440\u0430\u0442\u0435\u0433\u0438\u044f\u0445, \u0432\u043e\u043b\u043d\u0443\u044e\u0449\u0438\u0445 \u043c\u043e\u043c\u0435\u043d\u0442\u0430\u0445 \u0438 \u0430\u0437\u0430\u0440\u0442\u043d\u044b\u0445 \u043f\u0440\u0438\u043a\u043b\u044e\u0447\u0435\u043d\u0438\u044f\u0445 \u0432 \u043d\u0430\u0448\u0435\u043c \u043e\u043d\u043b\u0430\u0439\u043d \u043a\u0430\u0437\u0438\u043d\u043e.\" \/>\n<meta name=\"robots\" content=\"index, follow, max-snippet:-1, max-image-preview:large, max-video-preview:-1\" \/>\n<link rel=\"canonical\" href=\"https:\/\/historycrazytime.info\/pl\/crazy-time-reviews\/\" \/>\n<meta property=\"og:locale\" content=\"pl_PL\" \/>\n<meta property=\"og:locale:alternate\" content=\"en_US\" \/>\n<meta property=\"og:locale:alternate\" content=\"ru_RU\" \/>\n<meta property=\"og:locale:alternate\" content=\"pt_PT\" \/>\n<meta property=\"og:locale:alternate\" content=\"es_ES\" \/>\n<meta property=\"og:locale:alternate\" content=\"ro_RO\" \/>\n<meta property=\"og:locale:alternate\" content=\"sr_RS\" \/>\n<meta property=\"og:locale:alternate\" content=\"bg_BG\" \/>\n<meta property=\"og:locale:alternate\" content=\"hu_HU\" \/>\n<meta property=\"og:locale:alternate\" content=\"el\" \/>\n<meta property=\"og:locale:alternate\" content=\"tr_TR\" \/>\n<meta property=\"og:type\" content=\"article\" \/>\n<meta property=\"og:title\" content=\"\u041e\u0442\u0437\u044b\u0432\u044b \u043e\u0431 \u0438\u0433\u0440\u0435 Crazy Time: \u0440\u0435\u0430\u043b\u044c\u043d\u044b\u0435 \u0432\u043f\u0435\u0447\u0430\u0442\u043b\u0435\u043d\u0438\u044f \u0438\u0433\u0440\u043e\u043a\u043e\u0432\" \/>\n<meta property=\"og:description\" content=\"\u0427\u0438\u0442\u0430\u0439\u0442\u0435 \u0447\u0435\u0441\u0442\u043d\u044b\u0435 \u043e\u0442\u0437\u044b\u0432\u044b \u0438\u0433\u0440\u043e\u043a\u043e\u0432 \u043e Crazy Time. \u0423\u0437\u043d\u0430\u0439\u0442\u0435 \u043e\u0431 \u0443\u0434\u0430\u0447\u043d\u044b\u0445 \u0441\u0442\u0440\u0430\u0442\u0435\u0433\u0438\u044f\u0445, \u0432\u043e\u043b\u043d\u0443\u044e\u0449\u0438\u0445 \u043c\u043e\u043c\u0435\u043d\u0442\u0430\u0445 \u0438 \u0430\u0437\u0430\u0440\u0442\u043d\u044b\u0445 \u043f\u0440\u0438\u043a\u043b\u044e\u0447\u0435\u043d\u0438\u044f\u0445 \u0432 \u043d\u0430\u0448\u0435\u043c \u043e\u043d\u043b\u0430\u0439\u043d \u043a\u0430\u0437\u0438\u043d\u043e.\" \/>\n<meta property=\"og:url\" content=\"https:\/\/historycrazytime.info\/pl\/crazy-time-reviews\/\" \/>\n<meta property=\"og:site_name\" content=\"Crazy Time\" \/>\n<meta property=\"article:modified_time\" content=\"2023-12-27T17:52:14+00:00\" \/>\n<meta name=\"twitter:card\" content=\"summary_large_image\" \/>\n<meta name=\"twitter:label1\" content=\"Szacowany czas czytania\" \/>\n\t<meta name=\"twitter:data1\" content=\"53 minuty\" \/>\n<script type=\"application\/ld+json\" class=\"yoast-schema-graph\">{\"@context\":\"https:\/\/schema.org\",\"@graph\":[{\"@type\":\"WebPage\",\"@id\":\"https:\/\/historycrazytime.info\/crazy-time-reviews\/\",\"url\":\"https:\/\/historycrazytime.info\/crazy-time-reviews\/\",\"name\":\"\u041e\u0442\u0437\u044b\u0432\u044b \u043e\u0431 \u0438\u0433\u0440\u0435 Crazy Time: \u0440\u0435\u0430\u043b\u044c\u043d\u044b\u0435 \u0432\u043f\u0435\u0447\u0430\u0442\u043b\u0435\u043d\u0438\u044f \u0438\u0433\u0440\u043e\u043a\u043e\u0432\",\"isPartOf\":{\"@id\":\"https:\/\/historycrazytime.info\/#website\"},\"datePublished\":\"2023-12-09T15:15:05+00:00\",\"dateModified\":\"2023-12-27T17:52:14+00:00\",\"description\":\"\u0427\u0438\u0442\u0430\u0439\u0442\u0435 \u0447\u0435\u0441\u0442\u043d\u044b\u0435 \u043e\u0442\u0437\u044b\u0432\u044b \u0438\u0433\u0440\u043e\u043a\u043e\u0432 \u043e Crazy Time. \u0423\u0437\u043d\u0430\u0439\u0442\u0435 \u043e\u0431 \u0443\u0434\u0430\u0447\u043d\u044b\u0445 \u0441\u0442\u0440\u0430\u0442\u0435\u0433\u0438\u044f\u0445, \u0432\u043e\u043b\u043d\u0443\u044e\u0449\u0438\u0445 \u043c\u043e\u043c\u0435\u043d\u0442\u0430\u0445 \u0438 \u0430\u0437\u0430\u0440\u0442\u043d\u044b\u0445 \u043f\u0440\u0438\u043a\u043b\u044e\u0447\u0435\u043d\u0438\u044f\u0445 \u0432 \u043d\u0430\u0448\u0435\u043c \u043e\u043d\u043b\u0430\u0439\u043d \u043a\u0430\u0437\u0438\u043d\u043e.\",\"breadcrumb\":{\"@id\":\"https:\/\/historycrazytime.info\/crazy-time-reviews\/#breadcrumb\"},\"inLanguage\":\"pl-PL\",\"potentialAction\":[{\"@type\":\"ReadAction\",\"target\":[\"https:\/\/historycrazytime.info\/crazy-time-reviews\/\"]}]},{\"@type\":\"BreadcrumbList\",\"@id\":\"https:\/\/historycrazytime.info\/crazy-time-reviews\/#breadcrumb\",\"itemListElement\":[{\"@type\":\"ListItem\",\"position\":1,\"name\":\"Home\",\"item\":\"https:\/\/historycrazytime.info\/\"},{\"@type\":\"ListItem\",\"position\":2,\"name\":\"\u041e\u0442\u0437\u044b\u0432\u044b \u0438\u0433\u0440\u043e\u043a\u043e\u0432 \u043e Crazy Time \u0432 \u043e\u043d\u043b\u0430\u0439\u043d-\u043a\u0430\u0437\u0438\u043d\u043e\"}]},{\"@type\":\"WebSite\",\"@id\":\"https:\/\/historycrazytime.info\/#website\",\"url\":\"https:\/\/historycrazytime.info\/\",\"name\":\"Crazy Time\",\"description\":\"\",\"publisher\":{\"@id\":\"https:\/\/historycrazytime.info\/#organization\"},\"potentialAction\":[{\"@type\":\"SearchAction\",\"target\":{\"@type\":\"EntryPoint\",\"urlTemplate\":\"https:\/\/historycrazytime.info\/?s={search_term_string}\"},\"query-input\":{\"@type\":\"PropertyValueSpecification\",\"valueRequired\":true,\"valueName\":\"search_term_string\"}}],\"inLanguage\":\"pl-PL\"},{\"@type\":\"Organization\",\"@id\":\"https:\/\/historycrazytime.info\/#organization\",\"name\":\"Crazy Time\",\"url\":\"https:\/\/historycrazytime.info\/\",\"logo\":{\"@type\":\"ImageObject\",\"inLanguage\":\"pl-PL\",\"@id\":\"https:\/\/historycrazytime.info\/#\/schema\/logo\/image\/\",\"url\":\"https:\/\/historycrazytime.info\/wp-content\/uploads\/crazy-time-logo.webp\",\"contentUrl\":\"https:\/\/historycrazytime.info\/wp-content\/uploads\/crazy-time-logo.webp\",\"width\":640,\"height\":448,\"caption\":\"Crazy Time\"},\"image\":{\"@id\":\"https:\/\/historycrazytime.info\/#\/schema\/logo\/image\/\"}}]}<\/script>\n<!-- \/ Yoast SEO plugin. -->","yoast_head_json":{"title":"\u041e\u0442\u0437\u044b\u0432\u044b \u043e\u0431 \u0438\u0433\u0440\u0435 Crazy Time: \u0440\u0435\u0430\u043b\u044c\u043d\u044b\u0435 \u0432\u043f\u0435\u0447\u0430\u0442\u043b\u0435\u043d\u0438\u044f \u0438\u0433\u0440\u043e\u043a\u043e\u0432","description":"\u0427\u0438\u0442\u0430\u0439\u0442\u0435 \u0447\u0435\u0441\u0442\u043d\u044b\u0435 \u043e\u0442\u0437\u044b\u0432\u044b \u0438\u0433\u0440\u043e\u043a\u043e\u0432 \u043e Crazy Time. \u0423\u0437\u043d\u0430\u0439\u0442\u0435 \u043e\u0431 \u0443\u0434\u0430\u0447\u043d\u044b\u0445 \u0441\u0442\u0440\u0430\u0442\u0435\u0433\u0438\u044f\u0445, \u0432\u043e\u043b\u043d\u0443\u044e\u0449\u0438\u0445 \u043c\u043e\u043c\u0435\u043d\u0442\u0430\u0445 \u0438 \u0430\u0437\u0430\u0440\u0442\u043d\u044b\u0445 \u043f\u0440\u0438\u043a\u043b\u044e\u0447\u0435\u043d\u0438\u044f\u0445 \u0432 \u043d\u0430\u0448\u0435\u043c \u043e\u043d\u043b\u0430\u0439\u043d \u043a\u0430\u0437\u0438\u043d\u043e.","robots":{"index":"index","follow":"follow","max-snippet":"max-snippet:-1","max-image-preview":"max-image-preview:large","max-video-preview":"max-video-preview:-1"},"canonical":"https:\/\/historycrazytime.info\/pl\/crazy-time-reviews\/","og_locale":"pl_PL","og_type":"article","og_title":"\u041e\u0442\u0437\u044b\u0432\u044b \u043e\u0431 \u0438\u0433\u0440\u0435 Crazy Time: \u0440\u0435\u0430\u043b\u044c\u043d\u044b\u0435 \u0432\u043f\u0435\u0447\u0430\u0442\u043b\u0435\u043d\u0438\u044f \u0438\u0433\u0440\u043e\u043a\u043e\u0432","og_description":"\u0427\u0438\u0442\u0430\u0439\u0442\u0435 \u0447\u0435\u0441\u0442\u043d\u044b\u0435 \u043e\u0442\u0437\u044b\u0432\u044b \u0438\u0433\u0440\u043e\u043a\u043e\u0432 \u043e Crazy Time. \u0423\u0437\u043d\u0430\u0439\u0442\u0435 \u043e\u0431 \u0443\u0434\u0430\u0447\u043d\u044b\u0445 \u0441\u0442\u0440\u0430\u0442\u0435\u0433\u0438\u044f\u0445, \u0432\u043e\u043b\u043d\u0443\u044e\u0449\u0438\u0445 \u043c\u043e\u043c\u0435\u043d\u0442\u0430\u0445 \u0438 \u0430\u0437\u0430\u0440\u0442\u043d\u044b\u0445 \u043f\u0440\u0438\u043a\u043b\u044e\u0447\u0435\u043d\u0438\u044f\u0445 \u0432 \u043d\u0430\u0448\u0435\u043c \u043e\u043d\u043b\u0430\u0439\u043d \u043a\u0430\u0437\u0438\u043d\u043e.","og_url":"https:\/\/historycrazytime.info\/pl\/crazy-time-reviews\/","og_site_name":"Crazy Time","article_modified_time":"2023-12-27T17:52:14+00:00","twitter_card":"summary_large_image","twitter_misc":{"Szacowany czas czytania":"53 minuty"},"schema":{"@context":"https:\/\/schema.org","@graph":[{"@type":"WebPage","@id":"https:\/\/historycrazytime.info\/crazy-time-reviews\/","url":"https:\/\/historycrazytime.info\/crazy-time-reviews\/","name":"\u041e\u0442\u0437\u044b\u0432\u044b \u043e\u0431 \u0438\u0433\u0440\u0435 Crazy Time: \u0440\u0435\u0430\u043b\u044c\u043d\u044b\u0435 \u0432\u043f\u0435\u0447\u0430\u0442\u043b\u0435\u043d\u0438\u044f \u0438\u0433\u0440\u043e\u043a\u043e\u0432","isPartOf":{"@id":"https:\/\/historycrazytime.info\/#website"},"datePublished":"2023-12-09T15:15:05+00:00","dateModified":"2023-12-27T17:52:14+00:00","description":"\u0427\u0438\u0442\u0430\u0439\u0442\u0435 \u0447\u0435\u0441\u0442\u043d\u044b\u0435 \u043e\u0442\u0437\u044b\u0432\u044b \u0438\u0433\u0440\u043e\u043a\u043e\u0432 \u043e Crazy Time. \u0423\u0437\u043d\u0430\u0439\u0442\u0435 \u043e\u0431 \u0443\u0434\u0430\u0447\u043d\u044b\u0445 \u0441\u0442\u0440\u0430\u0442\u0435\u0433\u0438\u044f\u0445, \u0432\u043e\u043b\u043d\u0443\u044e\u0449\u0438\u0445 \u043c\u043e\u043c\u0435\u043d\u0442\u0430\u0445 \u0438 \u0430\u0437\u0430\u0440\u0442\u043d\u044b\u0445 \u043f\u0440\u0438\u043a\u043b\u044e\u0447\u0435\u043d\u0438\u044f\u0445 \u0432 \u043d\u0430\u0448\u0435\u043c \u043e\u043d\u043b\u0430\u0439\u043d \u043a\u0430\u0437\u0438\u043d\u043e.","breadcrumb":{"@id":"https:\/\/historycrazytime.info\/crazy-time-reviews\/#breadcrumb"},"inLanguage":"pl-PL","potentialAction":[{"@type":"ReadAction","target":["https:\/\/historycrazytime.info\/crazy-time-reviews\/"]}]},{"@type":"BreadcrumbList","@id":"https:\/\/historycrazytime.info\/crazy-time-reviews\/#breadcrumb","itemListElement":[{"@type":"ListItem","position":1,"name":"Home","item":"https:\/\/historycrazytime.info\/"},{"@type":"ListItem","position":2,"name":"\u041e\u0442\u0437\u044b\u0432\u044b \u0438\u0433\u0440\u043e\u043a\u043e\u0432 \u043e Crazy Time \u0432 \u043e\u043d\u043b\u0430\u0439\u043d-\u043a\u0430\u0437\u0438\u043d\u043e"}]},{"@type":"WebSite","@id":"https:\/\/historycrazytime.info\/#website","url":"https:\/\/historycrazytime.info\/","name":"Crazy Time","description":"","publisher":{"@id":"https:\/\/historycrazytime.info\/#organization"},"potentialAction":[{"@type":"SearchAction","target":{"@type":"EntryPoint","urlTemplate":"https:\/\/historycrazytime.info\/?s={search_term_string}"},"query-input":{"@type":"PropertyValueSpecification","valueRequired":true,"valueName":"search_term_string"}}],"inLanguage":"pl-PL"},{"@type":"Organization","@id":"https:\/\/historycrazytime.info\/#organization","name":"Crazy Time","url":"https:\/\/historycrazytime.info\/","logo":{"@type":"ImageObject","inLanguage":"pl-PL","@id":"https:\/\/historycrazytime.info\/#\/schema\/logo\/image\/","url":"https:\/\/historycrazytime.info\/wp-content\/uploads\/crazy-time-logo.webp","contentUrl":"https:\/\/historycrazytime.info\/wp-content\/uploads\/crazy-time-logo.webp","width":640,"height":448,"caption":"Crazy Time"},"image":{"@id":"https:\/\/historycrazytime.info\/#\/schema\/logo\/image\/"}}]}},"_links":{"self":[{"href":"https:\/\/historycrazytime.info\/pl\/wp-json\/wp\/v2\/pages\/13","targetHints":{"allow":["GET"]}}],"collection":[{"href":"https:\/\/historycrazytime.info\/pl\/wp-json\/wp\/v2\/pages"}],"about":[{"href":"https:\/\/historycrazytime.info\/pl\/wp-json\/wp\/v2\/types\/page"}],"author":[{"embeddable":true,"href":"https:\/\/historycrazytime.info\/pl\/wp-json\/wp\/v2\/users\/1"}],"replies":[{"embeddable":true,"href":"https:\/\/historycrazytime.info\/pl\/wp-json\/wp\/v2\/comments?post=13"}],"version-history":[{"count":24,"href":"https:\/\/historycrazytime.info\/pl\/wp-json\/wp\/v2\/pages\/13\/revisions"}],"predecessor-version":[{"id":156,"href":"https:\/\/historycrazytime.info\/pl\/wp-json\/wp\/v2\/pages\/13\/revisions\/156"}],"wp:attachment":[{"href":"https:\/\/historycrazytime.info\/pl\/wp-json\/wp\/v2\/media?parent=13"}],"curies":[{"name":"wp","href":"https:\/\/api.w.org\/{rel}","templated":true}]}}