{"id":11,"date":"2023-12-09T12:28:50","date_gmt":"2023-12-09T12:28:50","guid":{"rendered":"https:\/\/historycrazytime.info\/?page_id=11"},"modified":"2023-12-27T18:13:06","modified_gmt":"2023-12-27T18:13:06","slug":"crazy-time-strategies","status":"publish","type":"page","link":"https:\/\/historycrazytime.info\/pl\/crazy-time-strategies\/","title":{"rendered":"Strategie w grze Crazy Time"},"content":{"rendered":"<h2>Jak wygra\u0107 w ekscytuj\u0105cej grze Crazy Time<\/h2>\n<p>Chcia\u0142bym podzieli\u0107 si\u0119 strategiami i taktykami, kt\u00f3re pomog\u0105 ci wygra\u0107 w tej grze. Crazy Time w kasynie online to wi\u0119cej ni\u017c tylko gra; mo\u017cesz wygra\u0107 prawdziwe pieni\u0105dze! Mo\u017cliwe jest du\u017ce wygranie, graj\u0105c w\u0142a\u015bciwie i post\u0119puj\u0105c zgodnie z okre\u015blonym algorytmem.<\/p>\n<p>Pami\u0119taj, \u017ce w Crazy Time istnieje szansa, \u017ce stracisz pewn\u0105 ilo\u015b\u0107 pieni\u0119dzy, zawieraj\u0105c niew\u0142a\u015bciwy zak\u0142ad. Takie rzeczy zdarzaj\u0105 si\u0119, gdy grasz w niew\u0142a\u015bciwych sektorach. Mo\u017cesz by\u0107 kuszony, aby zarobi\u0107 jeszcze wi\u0119cej, obstawiaj\u0105c wysoko, ostatecznie ryzykuj\u0105c wszystkim na upragnionym sektorze Crazy Time. Jednak w tym momencie mog\u0105 wyst\u0105pi\u0107 straty. Przedstawiamy nasze spojrzenie na strategie i taktyki gry w Crazy Time, aby zapobiec takim emocjonalnym i nieprawid\u0142owym sytuacjom, pozwalaj\u0105c ci osi\u0105gn\u0105\u0107 zyski z zak\u0142ad\u00f3w w Crazy Time.<\/p>\n<p>Pojawia si\u0119 pytanie: jak wygra\u0107? Jak wygra\u0107 prawdziwe pieni\u0105dze, graj\u0105c w automaty Crazy Time online? Mam kilka podej\u015b\u0107. My opowiemy ci, jak wygra\u0107, a ty wybierzesz swoje.<\/p>\n<p>Warto zauwa\u017cy\u0107, \u017ce gdy grasz w kasynie online Crazy Time, znacznie korzystniej jest stawia\u0107 zak\u0142ady w wielu obszarach, aby zminimalizowa\u0107 ryzyko i maksymalizowa\u0107 wygrane.<\/p>\n<h2>Metoda &#8222;Ostro\u017cno\u015b\u0107 &#8211; Droga do Sukcesu&#8221;<\/h2>\n<p>To wyb\u00f3r dla tych, kt\u00f3rzy nie chc\u0105 zbyt si\u0119 stresowa\u0107. Celem jest stopniowe zwi\u0119kszanie wygranych krok po kroku. Nie wygrasz du\u017co pieni\u0119dzy szybko, ale b\u0119dziesz m\u00f3g\u0142 stabilnie zwi\u0119ksza\u0107 sw\u00f3j depozyt.<\/p>\n<p>Celem jest zwi\u0119kszenie prawdopodobie\u0144stwa l\u0105dowania na prostych sektorach x1, x2 i x5, poniewa\u017c \u0142\u0105cznie maj\u0105 one prawdopodobie\u0144stwo ponad 75%. Oznacza to szans\u0119 odzyskania minimalnej stawki w dw\u00f3ch z trzech gier.<\/p>\n<p>Nast\u0119pnie na planszy pojawia si\u0119 mno\u017cnik sektora. Dzi\u0119ki niemu mo\u017cemy wygra\u0107 du\u017c\u0105 sum\u0119 pieni\u0119dzy, zwi\u0119kszaj\u0105c nasz bilans gry. Stawiaj\u0105c 2 dolary na sektorze x2, uzyskujemy x7 z mno\u017cnikiem sektora i ko\u0144czymy z x14.<\/p>\n<p>Zgoda, to dobry wygrany za zak\u0142ady w kasynie online. W Crazy Time mo\u017cemy zwi\u0119kszy\u0107 nasz bilans gry za pomoc\u0105 zwyk\u0142ego zak\u0142adu x2.<\/p>\n<p>Mimo \u017ce gra trwa d\u0142ugo i wymaga ostro\u017cno\u015bci, czerpa\u0107 b\u0119dziesz maksymaln\u0105 przyjemno\u015b\u0107 z gry w Crazy Time, nawet je\u015bli grasz przy minimalnych ryzykach.<\/p>\n<h2>Plan &#8222;Ryzyko Uzasadnia Koszty&#8221;<\/h2>\n<p>Celem tej strategii jest osi\u0105gni\u0119cie maksymalnych wygranych w jak najwi\u0119kszej liczbie obszar\u00f3w.<\/p>\n<p>Postaw najni\u017cszy zak\u0142ad na wszystko naraz. Upewnij si\u0119, \u017ce tw\u00f3j bilans gry jest wystarczaj\u0105co du\u017cy, aby u\u017cy\u0107 tej strategii &#8222;Fun Time&#8221; w kasynie online. Warto zauwa\u017cy\u0107, \u017ce niewielkie wygrane zrekompensuj\u0105 du\u017ce straty. Ta strategia Crazy Time ma na celu zwi\u0119kszenie liczby zak\u0142ad\u00f3w, zwi\u0119kszaj\u0105c szans\u0119 na uruchomienie gry bonusowej. Osi\u0105ga si\u0119 to dlatego, \u017ce poziomy bonus\u00f3w mog\u0105 akumulowa\u0107 mno\u017cniki do x25000 i zwraca\u0107 wszystkie inwestycje do tego poziomu. Szczerze m\u00f3wi\u0105c, jest to bardziej ryzykowna strategia ni\u017c poprzednia, ale ilo\u015b\u0107 wygranych jest znacznie wi\u0119ksza.<\/p>\n<h2>Plan &#8222;Szcz\u0119\u015bcie Sprzyja Odwa\u017cnym&#8221;<\/h2>\n<p>Wygrywanie w Crazy Time to trzeci udany spos\u00f3b. Kiedy grasz w Crazy Time online, musisz podejmowa\u0107 ryzyko i mie\u0107 nadziej\u0119, \u017ce szcz\u0119\u015bcie jest po twojej stronie. Je\u015bli jeste\u015b pewny swojego bilansu i nie boisz si\u0119 ryzykowa\u0107, ta opcja jest dla ciebie.<\/p>\n<p>Postaw du\u017co na gry bonusowe, nie wydaj\u0105c pieni\u0119dzy na ma\u0142e rzeczy przed gr\u0105 na du\u017ce sumy. Postaw kilkakrotnie wi\u0119cej. Nieustannie zbli\u017caj si\u0119 do ulubionego sektora Crazy Time.<\/p>\n<p>Warto zauwa\u017cy\u0107, \u017ce w samej grze w sektorze Crazy Time mamy mo\u017cliwo\u015b\u0107 wyboru jednego z trzech sygna\u0142\u00f3w, co pozwala nam zwi\u0119kszy\u0107 szanse na wygran\u0105 do tego stopnia, na jaki wskazuje nasza intuicja.<\/p>\n<p>Podsumowanie: zebrali\u015bmy g\u0142\u00f3wne strategie i taktyki gry w Crazy Time, kt\u00f3re mo\u017cesz u\u017cy\u0107, aby wygra\u0107 prawdziwe pieni\u0105dze. To od ciebie zale\u017cy, kt\u00f3r\u0105 strategi\u0119 i taktyk\u0119 wybierzesz. \u017byczymy wszystkim \u015bwietnej zabawy przy grze w kasynie Crazy Time. Wygrywaj, a nikt nie b\u0119dzie pozostawiony pokonany.<\/p>\n","protected":false},"excerpt":{"rendered":"<p>Jak wygra\u0107 w ekscytuj\u0105cej grze Crazy Time Chcia\u0142bym podzieli\u0107 si\u0119 strategiami i taktykami, kt\u00f3re pomog\u0105 ci wygra\u0107 w tej grze. Crazy Time w kasynie online to wi\u0119cej ni\u017c tylko gra; mo\u017cesz wygra\u0107 prawdziwe pieni\u0105dze! Mo\u017cliwe jest du\u017ce wygranie, graj\u0105c w\u0142a\u015bciwie i post\u0119puj\u0105c zgodnie z okre\u015blonym algorytmem. Pami\u0119taj, \u017ce w Crazy Time istnieje szansa, \u017ce stracisz pewn\u0105 ilo\u015b\u0107 pieni\u0119dzy, zawieraj\u0105c niew\u0142a\u015bciwy zak\u0142ad. Takie rzeczy zdarzaj\u0105 si\u0119, gdy grasz w niew\u0142a\u015bciwych sektorach. Mo\u017cesz by\u0107 kuszony, aby zarobi\u0107&hellip; <\/p>\n","protected":false},"author":1,"featured_media":0,"parent":0,"menu_order":0,"comment_status":"closed","ping_status":"closed","template":"","meta":{"footnotes":""},"class_list":["post-11","page","type-page","status-publish","hentry"],"yoast_head":"<!-- This site is optimized with the Yoast SEO plugin v27.2 - https:\/\/yoast.com\/product\/yoast-seo-wordpress\/ -->\n<title>\u041b\u0443\u0447\u0448\u0438\u0435 \u0441\u0442\u0440\u0430\u0442\u0435\u0433\u0438\u0438 \u0434\u043b\u044f Crazy Time: \u043a\u0430\u043a \u0443\u0432\u0435\u043b\u0438\u0447\u0438\u0442\u044c \u0448\u0430\u043d\u0441\u044b \u043d\u0430 \u0432\u044b\u0438\u0433\u0440\u044b\u0448<\/title>\n<meta name=\"description\" content=\"Odkryj skuteczne strategie gry w Crazy Time. Zwi\u0119ksz swoje szanse na du\u017ce wygrane i ciesz si\u0119 m\u0105drym hazardem w naszym kasynie.\" \/>\n<meta name=\"robots\" content=\"index, follow, max-snippet:-1, max-image-preview:large, max-video-preview:-1\" \/>\n<link rel=\"canonical\" href=\"https:\/\/historycrazytime.info\/pl\/crazy-time-strategies\/\" \/>\n<meta property=\"og:locale\" content=\"pl_PL\" \/>\n<meta property=\"og:locale:alternate\" content=\"en_US\" \/>\n<meta property=\"og:locale:alternate\" content=\"ru_RU\" \/>\n<meta property=\"og:locale:alternate\" content=\"pt_PT\" \/>\n<meta property=\"og:locale:alternate\" content=\"es_ES\" \/>\n<meta property=\"og:locale:alternate\" content=\"ro_RO\" \/>\n<meta property=\"og:locale:alternate\" content=\"sr_RS\" \/>\n<meta property=\"og:locale:alternate\" content=\"bg_BG\" \/>\n<meta property=\"og:locale:alternate\" content=\"hu_HU\" \/>\n<meta property=\"og:locale:alternate\" content=\"el\" \/>\n<meta property=\"og:locale:alternate\" content=\"tr_TR\" \/>\n<meta property=\"og:type\" content=\"article\" \/>\n<meta property=\"og:title\" content=\"\u041b\u0443\u0447\u0448\u0438\u0435 \u0441\u0442\u0440\u0430\u0442\u0435\u0433\u0438\u0438 \u0434\u043b\u044f Crazy Time: \u043a\u0430\u043a \u0443\u0432\u0435\u043b\u0438\u0447\u0438\u0442\u044c \u0448\u0430\u043d\u0441\u044b \u043d\u0430 \u0432\u044b\u0438\u0433\u0440\u044b\u0448\" \/>\n<meta property=\"og:description\" content=\"\u0418\u0437\u0443\u0447\u0438\u0442\u0435 \u044d\u0444\u0444\u0435\u043a\u0442\u0438\u0432\u043d\u044b\u0435 \u0441\u0442\u0440\u0430\u0442\u0435\u0433\u0438\u0438 \u0438\u0433\u0440\u044b \u0432 Crazy Time. \u041f\u043e\u0432\u044b\u0448\u0430\u0439\u0442\u0435 \u0441\u0432\u043e\u0438 \u0448\u0430\u043d\u0441\u044b \u043d\u0430 \u043a\u0440\u0443\u043f\u043d\u044b\u0439 \u0432\u044b\u0438\u0433\u0440\u044b\u0448 \u0438 \u043d\u0430\u0441\u043b\u0430\u0436\u0434\u0430\u0439\u0442\u0435\u0441\u044c \u0430\u0437\u0430\u0440\u0442\u043e\u043c \u0441 \u0443\u043c\u043e\u043c \u0432 \u043d\u0430\u0448\u0435\u043c \u043a\u0430\u0437\u0438\u043d\u043e.\" \/>\n<meta property=\"og:url\" content=\"https:\/\/historycrazytime.info\/pl\/crazy-time-strategies\/\" \/>\n<meta property=\"og:site_name\" content=\"Crazy Time\" \/>\n<meta property=\"article:modified_time\" content=\"2023-12-27T18:13:06+00:00\" \/>\n<meta name=\"twitter:card\" content=\"summary_large_image\" \/>\n<meta name=\"twitter:label1\" content=\"Szacowany czas czytania\" \/>\n\t<meta name=\"twitter:data1\" content=\"26 minut\" \/>\n<script type=\"application\/ld+json\" class=\"yoast-schema-graph\">{\"@context\":\"https:\/\/schema.org\",\"@graph\":[{\"@type\":\"WebPage\",\"@id\":\"https:\/\/historycrazytime.info\/crazy-time-strategies\/\",\"url\":\"https:\/\/historycrazytime.info\/crazy-time-strategies\/\",\"name\":\"\u041b\u0443\u0447\u0448\u0438\u0435 \u0441\u0442\u0440\u0430\u0442\u0435\u0433\u0438\u0438 \u0434\u043b\u044f Crazy Time: \u043a\u0430\u043a \u0443\u0432\u0435\u043b\u0438\u0447\u0438\u0442\u044c \u0448\u0430\u043d\u0441\u044b \u043d\u0430 \u0432\u044b\u0438\u0433\u0440\u044b\u0448\",\"isPartOf\":{\"@id\":\"https:\/\/historycrazytime.info\/#website\"},\"datePublished\":\"2023-12-09T12:28:50+00:00\",\"dateModified\":\"2023-12-27T18:13:06+00:00\",\"description\":\"\u0418\u0437\u0443\u0447\u0438\u0442\u0435 \u044d\u0444\u0444\u0435\u043a\u0442\u0438\u0432\u043d\u044b\u0435 \u0441\u0442\u0440\u0430\u0442\u0435\u0433\u0438\u0438 \u0438\u0433\u0440\u044b \u0432 Crazy Time. \u041f\u043e\u0432\u044b\u0448\u0430\u0439\u0442\u0435 \u0441\u0432\u043e\u0438 \u0448\u0430\u043d\u0441\u044b \u043d\u0430 \u043a\u0440\u0443\u043f\u043d\u044b\u0439 \u0432\u044b\u0438\u0433\u0440\u044b\u0448 \u0438 \u043d\u0430\u0441\u043b\u0430\u0436\u0434\u0430\u0439\u0442\u0435\u0441\u044c \u0430\u0437\u0430\u0440\u0442\u043e\u043c \u0441 \u0443\u043c\u043e\u043c \u0432 \u043d\u0430\u0448\u0435\u043c \u043a\u0430\u0437\u0438\u043d\u043e.\",\"breadcrumb\":{\"@id\":\"https:\/\/historycrazytime.info\/crazy-time-strategies\/#breadcrumb\"},\"inLanguage\":\"pl-PL\",\"potentialAction\":[{\"@type\":\"ReadAction\",\"target\":[\"https:\/\/historycrazytime.info\/crazy-time-strategies\/\"]}]},{\"@type\":\"BreadcrumbList\",\"@id\":\"https:\/\/historycrazytime.info\/crazy-time-strategies\/#breadcrumb\",\"itemListElement\":[{\"@type\":\"ListItem\",\"position\":1,\"name\":\"Home\",\"item\":\"https:\/\/historycrazytime.info\/\"},{\"@type\":\"ListItem\",\"position\":2,\"name\":\"\u0421\u0442\u0440\u0430\u0442\u0435\u0433\u0438\u0438 Crazy Time\"}]},{\"@type\":\"WebSite\",\"@id\":\"https:\/\/historycrazytime.info\/#website\",\"url\":\"https:\/\/historycrazytime.info\/\",\"name\":\"Crazy Time\",\"description\":\"\",\"publisher\":{\"@id\":\"https:\/\/historycrazytime.info\/#organization\"},\"potentialAction\":[{\"@type\":\"SearchAction\",\"target\":{\"@type\":\"EntryPoint\",\"urlTemplate\":\"https:\/\/historycrazytime.info\/?s={search_term_string}\"},\"query-input\":{\"@type\":\"PropertyValueSpecification\",\"valueRequired\":true,\"valueName\":\"search_term_string\"}}],\"inLanguage\":\"pl-PL\"},{\"@type\":\"Organization\",\"@id\":\"https:\/\/historycrazytime.info\/#organization\",\"name\":\"Crazy Time\",\"url\":\"https:\/\/historycrazytime.info\/\",\"logo\":{\"@type\":\"ImageObject\",\"inLanguage\":\"pl-PL\",\"@id\":\"https:\/\/historycrazytime.info\/#\/schema\/logo\/image\/\",\"url\":\"https:\/\/historycrazytime.info\/wp-content\/uploads\/crazy-time-logo.webp\",\"contentUrl\":\"https:\/\/historycrazytime.info\/wp-content\/uploads\/crazy-time-logo.webp\",\"width\":640,\"height\":448,\"caption\":\"Crazy Time\"},\"image\":{\"@id\":\"https:\/\/historycrazytime.info\/#\/schema\/logo\/image\/\"}}]}<\/script>\n<!-- \/ Yoast SEO plugin. -->","yoast_head_json":{"title":"\u041b\u0443\u0447\u0448\u0438\u0435 \u0441\u0442\u0440\u0430\u0442\u0435\u0433\u0438\u0438 \u0434\u043b\u044f Crazy Time: \u043a\u0430\u043a \u0443\u0432\u0435\u043b\u0438\u0447\u0438\u0442\u044c \u0448\u0430\u043d\u0441\u044b \u043d\u0430 \u0432\u044b\u0438\u0433\u0440\u044b\u0448","description":"Odkryj skuteczne strategie gry w Crazy Time. Zwi\u0119ksz swoje szanse na du\u017ce wygrane i ciesz si\u0119 m\u0105drym hazardem w naszym kasynie.","robots":{"index":"index","follow":"follow","max-snippet":"max-snippet:-1","max-image-preview":"max-image-preview:large","max-video-preview":"max-video-preview:-1"},"canonical":"https:\/\/historycrazytime.info\/pl\/crazy-time-strategies\/","og_locale":"pl_PL","og_type":"article","og_title":"\u041b\u0443\u0447\u0448\u0438\u0435 \u0441\u0442\u0440\u0430\u0442\u0435\u0433\u0438\u0438 \u0434\u043b\u044f Crazy Time: \u043a\u0430\u043a \u0443\u0432\u0435\u043b\u0438\u0447\u0438\u0442\u044c \u0448\u0430\u043d\u0441\u044b \u043d\u0430 \u0432\u044b\u0438\u0433\u0440\u044b\u0448","og_description":"\u0418\u0437\u0443\u0447\u0438\u0442\u0435 \u044d\u0444\u0444\u0435\u043a\u0442\u0438\u0432\u043d\u044b\u0435 \u0441\u0442\u0440\u0430\u0442\u0435\u0433\u0438\u0438 \u0438\u0433\u0440\u044b \u0432 Crazy Time. \u041f\u043e\u0432\u044b\u0448\u0430\u0439\u0442\u0435 \u0441\u0432\u043e\u0438 \u0448\u0430\u043d\u0441\u044b \u043d\u0430 \u043a\u0440\u0443\u043f\u043d\u044b\u0439 \u0432\u044b\u0438\u0433\u0440\u044b\u0448 \u0438 \u043d\u0430\u0441\u043b\u0430\u0436\u0434\u0430\u0439\u0442\u0435\u0441\u044c \u0430\u0437\u0430\u0440\u0442\u043e\u043c \u0441 \u0443\u043c\u043e\u043c \u0432 \u043d\u0430\u0448\u0435\u043c \u043a\u0430\u0437\u0438\u043d\u043e.","og_url":"https:\/\/historycrazytime.info\/pl\/crazy-time-strategies\/","og_site_name":"Crazy Time","article_modified_time":"2023-12-27T18:13:06+00:00","twitter_card":"summary_large_image","twitter_misc":{"Szacowany czas czytania":"26 minut"},"schema":{"@context":"https:\/\/schema.org","@graph":[{"@type":"WebPage","@id":"https:\/\/historycrazytime.info\/crazy-time-strategies\/","url":"https:\/\/historycrazytime.info\/crazy-time-strategies\/","name":"\u041b\u0443\u0447\u0448\u0438\u0435 \u0441\u0442\u0440\u0430\u0442\u0435\u0433\u0438\u0438 \u0434\u043b\u044f Crazy Time: \u043a\u0430\u043a \u0443\u0432\u0435\u043b\u0438\u0447\u0438\u0442\u044c \u0448\u0430\u043d\u0441\u044b \u043d\u0430 \u0432\u044b\u0438\u0433\u0440\u044b\u0448","isPartOf":{"@id":"https:\/\/historycrazytime.info\/#website"},"datePublished":"2023-12-09T12:28:50+00:00","dateModified":"2023-12-27T18:13:06+00:00","description":"\u0418\u0437\u0443\u0447\u0438\u0442\u0435 \u044d\u0444\u0444\u0435\u043a\u0442\u0438\u0432\u043d\u044b\u0435 \u0441\u0442\u0440\u0430\u0442\u0435\u0433\u0438\u0438 \u0438\u0433\u0440\u044b \u0432 Crazy Time. \u041f\u043e\u0432\u044b\u0448\u0430\u0439\u0442\u0435 \u0441\u0432\u043e\u0438 \u0448\u0430\u043d\u0441\u044b \u043d\u0430 \u043a\u0440\u0443\u043f\u043d\u044b\u0439 \u0432\u044b\u0438\u0433\u0440\u044b\u0448 \u0438 \u043d\u0430\u0441\u043b\u0430\u0436\u0434\u0430\u0439\u0442\u0435\u0441\u044c \u0430\u0437\u0430\u0440\u0442\u043e\u043c \u0441 \u0443\u043c\u043e\u043c \u0432 \u043d\u0430\u0448\u0435\u043c \u043a\u0430\u0437\u0438\u043d\u043e.","breadcrumb":{"@id":"https:\/\/historycrazytime.info\/crazy-time-strategies\/#breadcrumb"},"inLanguage":"pl-PL","potentialAction":[{"@type":"ReadAction","target":["https:\/\/historycrazytime.info\/crazy-time-strategies\/"]}]},{"@type":"BreadcrumbList","@id":"https:\/\/historycrazytime.info\/crazy-time-strategies\/#breadcrumb","itemListElement":[{"@type":"ListItem","position":1,"name":"Home","item":"https:\/\/historycrazytime.info\/"},{"@type":"ListItem","position":2,"name":"\u0421\u0442\u0440\u0430\u0442\u0435\u0433\u0438\u0438 Crazy Time"}]},{"@type":"WebSite","@id":"https:\/\/historycrazytime.info\/#website","url":"https:\/\/historycrazytime.info\/","name":"Crazy Time","description":"","publisher":{"@id":"https:\/\/historycrazytime.info\/#organization"},"potentialAction":[{"@type":"SearchAction","target":{"@type":"EntryPoint","urlTemplate":"https:\/\/historycrazytime.info\/?s={search_term_string}"},"query-input":{"@type":"PropertyValueSpecification","valueRequired":true,"valueName":"search_term_string"}}],"inLanguage":"pl-PL"},{"@type":"Organization","@id":"https:\/\/historycrazytime.info\/#organization","name":"Crazy Time","url":"https:\/\/historycrazytime.info\/","logo":{"@type":"ImageObject","inLanguage":"pl-PL","@id":"https:\/\/historycrazytime.info\/#\/schema\/logo\/image\/","url":"https:\/\/historycrazytime.info\/wp-content\/uploads\/crazy-time-logo.webp","contentUrl":"https:\/\/historycrazytime.info\/wp-content\/uploads\/crazy-time-logo.webp","width":640,"height":448,"caption":"Crazy Time"},"image":{"@id":"https:\/\/historycrazytime.info\/#\/schema\/logo\/image\/"}}]}},"_links":{"self":[{"href":"https:\/\/historycrazytime.info\/pl\/wp-json\/wp\/v2\/pages\/11","targetHints":{"allow":["GET"]}}],"collection":[{"href":"https:\/\/historycrazytime.info\/pl\/wp-json\/wp\/v2\/pages"}],"about":[{"href":"https:\/\/historycrazytime.info\/pl\/wp-json\/wp\/v2\/types\/page"}],"author":[{"embeddable":true,"href":"https:\/\/historycrazytime.info\/pl\/wp-json\/wp\/v2\/users\/1"}],"replies":[{"embeddable":true,"href":"https:\/\/historycrazytime.info\/pl\/wp-json\/wp\/v2\/comments?post=11"}],"version-history":[{"count":33,"href":"https:\/\/historycrazytime.info\/pl\/wp-json\/wp\/v2\/pages\/11\/revisions"}],"predecessor-version":[{"id":144,"href":"https:\/\/historycrazytime.info\/pl\/wp-json\/wp\/v2\/pages\/11\/revisions\/144"}],"wp:attachment":[{"href":"https:\/\/historycrazytime.info\/pl\/wp-json\/wp\/v2\/media?parent=11"}],"curies":[{"name":"wp","href":"https:\/\/api.w.org\/{rel}","templated":true}]}}