{"id":6,"date":"2023-12-09T00:29:38","date_gmt":"2023-12-09T00:29:38","guid":{"rendered":"https:\/\/historycrazytime.info\/?page_id=6"},"modified":"2023-12-27T18:09:19","modified_gmt":"2023-12-27T18:09:19","slug":"crazy-time","status":"publish","type":"page","link":"https:\/\/historycrazytime.info\/hu\/","title":{"rendered":"Nyissd fel az izgalmas izgalmak ajtajait: J\u00e1tssz a Crazy Time j\u00e1t\u00e9kot online kaszin\u00f3nkban!"},"content":{"rendered":"<p>Crazy Time t\u00f6bb, mint egy szerencsej\u00e1t\u00e9k. Ez egy teljes j\u00e1t\u00e9km\u0171sor \u00e9s egy n\u00e9pszer\u0171 p\u00e9nzker\u00e9k, amely mindenki sz\u00e1m\u00e1ra ismert Kereke a Szerencse nev\u0171 j\u00e1t\u00e9kra eml\u00e9keztet. A h\u00e1zigazda egy nagy, f\u00fcgg\u0151legesen \u00e1ll\u00f3 ker\u00e9kkel p\u00f6rget, amelynek 54 szektora van. A c\u00e9l az, hogy megj\u00f3sold, hol fog meg\u00e1llni a ker\u00e9k a p\u00f6rget\u00e9s v\u00e9g\u00e9n. Nincsenek sz\u00e1m\u00edt\u00f3g\u00e9pes algoritmusok. Nincs csal\u00e1s. Csak v\u00e9letlenszer\u0171s\u00e9g \u00e9s szerencse!<\/p>\n<p>A Crazy Time j\u00e1t\u00e9k egy kaszin\u00f3 klasszikusa. \u00c9vr\u0151l \u00e9vre k\u00fcl\u00f6nb\u00f6z\u0151 online kaszin\u00f3kban ez a j\u00e1t\u00e9k \u00e1lland\u00f3an a legn\u00e9pszer\u0171bb nyer\u0151g\u00e9pek k\u00f6z\u00f6tt szerepel, milli\u00f3k j\u00e1t\u00e9kosnak tetszik vil\u00e1gszerte.<\/p>\n<p>Ezen fel\u00fcl egy olyan vide\u00f3slot is tal\u00e1lhat\u00f3, amely lehet\u0151s\u00e9get ad a k\u00fcl\u00f6nf\u00e9le b\u00f3nuszok megszerz\u00e9s\u00e9re. A Crazy Time-ban a j\u00e1t\u00e9kosok ir\u00e1ny\u00edtj\u00e1k a j\u00e1t\u00e9kot, mint a keresked\u0151, egyedi atmoszf\u00e9r\u00e1t teremtve, amely eml\u00e9keztet egy igazi kaszin\u00f3 hangulat\u00e1t.<\/p>\n<p>A Crazy Time Slot kiemelkedik hasonl\u00f3 j\u00e1t\u00e9kok k\u00f6z\u00fcl, mert k\u00fcl\u00f6nf\u00e9le b\u00f3nusz\u00f6vezetekkel rendelkezik, amelyek k\u00fcl\u00f6n\u00e1ll\u00f3 mini-j\u00e1t\u00e9kokat jelentenek, \u00e9s rendk\u00edv\u00fcl nagy nyerem\u00e9nyeket hoznak a gy\u0151zteseknek.<\/p>\n<h2>Crazy Time J\u00e1t\u00e9k F\u0151bb Jellemz\u0151i<\/h2>\n<p>A cselekm\u00e9ny egy virtu\u00e1lis kaszin\u00f3ban zajlik egy \u00e9l\u0151 keresked\u0151vel. Amikor a h\u00e1zigazda megp\u00f6rgeti a ker\u00e9k\u00e9t, a j\u00e1t\u00e9kosok t\u00e9teket helyeznek el a szektorokban. Azok, akik eltal\u00e1lj\u00e1k a lesz\u00e1llt szektort, nyernek. A j\u00e1t\u00e9kban sz\u00e1mos k\u00fcl\u00f6nb\u00f6z\u0151 taktika alkalmazhat\u00f3. A nyerem\u00e9ny \u00f6sszege t\u00f6bbsz\u00f6r\u00f6s\u00e9re n\u0151het a ker\u00e9ken megjelen\u0151 nagy szorz\u00f3k miatt. Az online Crazy Time j\u00e1t\u00e9k tov\u00e1bbi jellemz\u0151i:<\/p>\n<ul>\n<li>Chat interakci\u00f3 a keresked\u0151vel \u00e9s m\u00e1s j\u00e1t\u00e9kosokkal;<\/li>\n<li>T\u00f6bb p\u00e9nzt nyerni, mint m\u00e1s j\u00e1t\u00e9kokban vagy nyer\u0151g\u00e9pekben;<\/li>\n<li>Sz\u00e1mos t\u00e9t vagy mini-j\u00e1t\u00e9k k\u00edn\u00e1lata minden p\u00f6rget\u00e9s el\u0151tt;<\/li>\n<li>A t\u00e9t k\u00f6lts\u00e9geinek fedez\u00e9s\u00e9hez t\u00e9tet helyezhet minden szektorra;<\/li>\n<li>A j\u00e1t\u00e9k kaszin\u00f3 st\u00edlust k\u00f6vetve egyedi atmoszf\u00e9r\u00e1t teremt;<\/li>\n<li>Magas visszat\u00e9r\u00e9si ar\u00e1ny a j\u00e1t\u00e9kosnak (96,08%).<\/li>\n<\/ul>\n<h2>A Crazy Time J\u00e1t\u00e9k Szab\u00e1lyai:<\/h2>\n<p>Az eg\u00e9sz ker\u00e9k nyolc csoportb\u00f3l \u00e1ll.<\/p>\n<p>Ezek k\u00f6z\u00fcl egy nyolc csoport a nyerem\u00e9nyszorz\u00f3kat (x1, x2, x5, x10) k\u00e9pviseli, m\u00edg a t\u00f6bbi csoport mini-j\u00e1t\u00e9kokat jelent, mint p\u00e9ld\u00e1ul a Cash Hunt, Pachinko, Coin Flip \u00e9s a Crazy Time.<\/p>\n<p>T\u00e9tet helyezhet\u00fcnk egyes cell\u00e1kra, az \u00f6sszes cell\u00e1ra, vagy n\u00e9h\u00e1nyra. A t\u00e9t \u00f6sszeg\u00e9t k\u00fcl\u00f6n-k\u00fcl\u00f6n \u00e1ll\u00edthatjuk be minden cell\u00e1hoz. \u00c9rdemes megjegyezni, hogy az \u00e1tlagos szorz\u00f3kkal rendelkez\u0151 szektoroknak sokkal t\u00f6bb b\u00f3nuszuk van, p\u00e9ld\u00e1ul az x1 szektoroknak &#8211; 21, az x2 szektoroknak &#8211; 14, az x5 szektoroknak &#8211; 7, \u00e9s az x10 szektoroknak &#8211; 4. Teh\u00e1t gyakrabban jelennek meg.<\/p>\n<p>A j\u00e1t\u00e9k kezdet\u00e9n a keresked\u0151 fogad\u00e1sokat fogad el a j\u00e1t\u00e9kosokt\u00f3l, \u00e9s a ker\u00e9k akkor kezd el p\u00f6r\u00f6gni, amikor minden t\u00e9tet elhelyeztek.<\/p>\n<p>Ebben a pillanatban a vide\u00f3slot kezdi el p\u00f6r\u00f6gni. Ez egy szorz\u00f3t ad hozz\u00e1 egy v\u00e9letlenszer\u0171 szektorhoz, legyen az sz\u00e1m vagy b\u00f3nuszj\u00e1t\u00e9k. Ha a szektor \u00e9s a szorz\u00f3 v\u00edzszintesen egyezik meg a p\u00f6rget\u00e9s ut\u00e1n, a szorz\u00f3 aktiv\u00e1l\u00f3dik; k\u00fcl\u00f6nben a k\u00f6r b\u00f3nusz n\u00e9lk\u00fcl \u00e9r v\u00e9get.<\/p>\n<p>Ebben a pillanatban meg\u00e1ll a ker\u00e9k. Az a j\u00e1t\u00e9kos, akinek a t\u00e9tje eltal\u00e1lta, nyer.<\/p>\n<p>A j\u00e1t\u00e9k k\u00e9perny\u0151j\u00e9nek jobb als\u00f3 sark\u00e1ban l\u00e1thatjuk a lej\u00e1tszott szektorok t\u00f6rt\u00e9net\u00e9t. Megtekinthetj\u00fck a Crazy Time j\u00e1t\u00e9kot kock\u00e1zat n\u00e9lk\u00fcl, an\u00e9lk\u00fcl, hogy elolvasn\u00e1nk a szab\u00e1lyokat. Ez lehet\u0151v\u00e9 teszi az online j\u00e1t\u00e9kok jellemz\u0151inek jobb meg\u00e9rt\u00e9s\u00e9t, k\u00e9nyelmes id\u0151t\u00f6lt\u00e9st biztos\u00edtva. Mivel a Crazy Time j\u00e1t\u00e9knak nincs dem\u00f3 verzi\u00f3ja, ez kiv\u00e1l\u00f3 helyettes\u00edt\u0151je az id\u0151 j\u00e1t\u00e9kra sz\u00e1nt id\u0151 helyett.<\/p>\n<h2>B\u00f3nuszj\u00e1t\u00e9kok a Crazy Time Kaszin\u00f3ban<\/h2>\n<p>Minden b\u00f3nusz szektor k\u00fcl\u00f6n\u00e1ll\u00f3 mini-j\u00e1t\u00e9kot jelent. A Crazy Time b\u00f3nuszmini-j\u00e1t\u00e9kok hatalmas nyerem\u00e9nyeket k\u00edn\u00e1lnak. N\u00e9gy van k\u00f6z\u00fcl\u00fck a Crazy Time-ban:<\/p>\n<h3>Cash Hunt:<\/h3>\n<p>Ez a mini-j\u00e1t\u00e9k egy 108 cell\u00e1s ter\u00fcletb\u0151l \u00e1ll v\u00e9letlenszer\u0171 szorz\u00f3kkal. Az el\u0151\u00edrt id\u0151 alatt ki kell v\u00e1lasztanod egyet k\u00f6z\u00fcl\u00fck. A v\u00e9g\u00e9n egy jelz\u00e9s hangzik el, jelezve a v\u00e9gs\u0151 \u00f6sszeget.<\/p>\n<h3>Pachinko:<\/h3>\n<p>Amikor a Pachinko megjelenik, a k\u00e9perny\u0151n megjelenik egy fal, amely sz\u00e1mos t\u00fcsk\u00e9t tartalmaz. A k\u00e9perny\u0151 alj\u00e1n tizenhat \u00e9rt\u00e9k jelenik meg, mindegyik egy szorz\u00f3. A keresked\u0151 meghat\u00e1rozza a v\u00e9gs\u0151 nyerem\u00e9nyt, amikor a labda leesik. A maxim\u00e1lis szorz\u00f3 ak\u00e1r x10,000 is lehet.<\/p>\n<h3>Coin Flip:<\/h3>\n<p>A Coin Flip egy \u00e9rmehaj\u00edt\u00f3s j\u00e1t\u00e9k. A k\u00e9perny\u0151n k\u00e9t k\u00f6r jelenik meg: k\u00e9k \u00e9s piros. Ezekben a k\u00f6r\u00f6kben egy v\u00e9letlenszer\u0171en kiv\u00e1lasztott nyerem\u00e9nyszorz\u00f3 van megjelen\u00edtve. A keresked\u0151 elind\u00edt egy sz\u00ednes zetont. A eredm\u00e9nyekt\u0151l f\u00fcgg\u0151en a j\u00e1t\u00e9k eld\u00f6nti a nyer\u00e9st vagy a vesztes\u00e9get. A maxim\u00e1lis megengedett szorz\u00f3 x100.<\/p>\n<h3>Crazy Time:<\/h3>\n<p>Amikor a Crazy Time megjelenik, a keresked\u0151 \u00e1tker\u00fcl egy m\u00e1sik szob\u00e1ba, amelyben egy m\u00e9g nagyobb ker\u00e9k tal\u00e1lhat\u00f3. A j\u00e1t\u00e9kosnak v\u00e1lasztania kell a ker\u00e9k f\u00f6l\u00f6tt elhelyezett h\u00e1rom jelz\u0151 egyik\u00e9t. Az egyik jelz\u0151 kiv\u00e1laszt\u00e1s\u00e1val annyi szorz\u00f3t kell elkapnod, amennyit csak lehet. A Crazy Time mini-j\u00e1t\u00e9k ak\u00e1r x20,000 maxim\u00e1lis b\u00f3nuszt is k\u00edn\u00e1l.<\/p>\n<h3>Ne felejtsd el a Vide\u00f3slottot<\/h3>\n<p>Ha a vide\u00f3sloton megjelent egy szorz\u00f3 az egyik b\u00f3nuszj\u00e1t\u00e9k el\u0151tt, a nyerem\u00e9nyek a j\u00e1t\u00e9k \u00e9rt\u00e9k\u00e9nek megfelel\u0151en n\u0151nek. A Crazy Time online nyer\u0151g\u00e9p hihetetlen\u00fcl nagy nyerem\u00e9nyeket k\u00edn\u00e1l.<\/p>\n<h2>Hasznos Tippek a Crazy Time-hoz<\/h2>\n<p>\u00cdme n\u00e9h\u00e1ny hasznos r\u00e9szlet az online Crazy Time j\u00e1t\u00e9kkal kapcsolatban, amelyek biztosan j\u00f3l j\u00f6nnek, ha \u00fagy d\u00f6ntesz, hogy val\u00f3di p\u00e9nz\u00e9rt j\u00e1tszol egy online kaszin\u00f3ban:<\/p>\n<ul>\n<li>A vide\u00f3sloton ak\u00e1r x50 maxim\u00e1lis szorz\u00f3 is lehet.<\/li>\n<li>A t\u00e9t egyetlen szorz\u00e1sa ak\u00e1r x20,000 is lehet. A Crazy Time b\u00f3nuszj\u00e1t\u00e9kban a Double\/Triple funkci\u00f3kkal ez t\u00f6rt\u00e9nik.<\/li>\n<li>A t\u00e9tv\u00e1lt\u00f3 5 centt\u0151l 50 doll\u00e1rig terjed.<\/li>\n<li>A szerencs\u00e9s j\u00e1t\u00e9kosok ak\u00e1r \u00f6tsz\u00f6r\u00f6s\u00e9t is nyerhetik a t\u00e9tj\u00fcknek.<\/li>\n<\/ul>\n","protected":false},"excerpt":{"rendered":"<p>Crazy Time t\u00f6bb, mint egy szerencsej\u00e1t\u00e9k. Ez egy teljes j\u00e1t\u00e9km\u0171sor \u00e9s egy n\u00e9pszer\u0171 p\u00e9nzker\u00e9k, amely mindenki sz\u00e1m\u00e1ra ismert Kereke a Szerencse nev\u0171 j\u00e1t\u00e9kra eml\u00e9keztet. A h\u00e1zigazda egy nagy, f\u00fcgg\u0151legesen \u00e1ll\u00f3 ker\u00e9kkel p\u00f6rget, amelynek 54 szektora van. A c\u00e9l az, hogy megj\u00f3sold, hol fog meg\u00e1llni a ker\u00e9k a p\u00f6rget\u00e9s v\u00e9g\u00e9n. Nincsenek sz\u00e1m\u00edt\u00f3g\u00e9pes algoritmusok. Nincs csal\u00e1s. Csak v\u00e9letlenszer\u0171s\u00e9g \u00e9s szerencse! A Crazy Time j\u00e1t\u00e9k egy kaszin\u00f3 klasszikusa. \u00c9vr\u0151l \u00e9vre k\u00fcl\u00f6nb\u00f6z\u0151 online kaszin\u00f3kban ez a j\u00e1t\u00e9k \u00e1lland\u00f3an a&hellip; <\/p>\n","protected":false},"author":1,"featured_media":0,"parent":0,"menu_order":0,"comment_status":"closed","ping_status":"closed","template":"","meta":{"footnotes":""},"class_list":["post-6","page","type-page","status-publish","hentry"],"yoast_head":"<!-- This site is optimized with the Yoast SEO plugin v27.2 - https:\/\/yoast.com\/product\/yoast-seo-wordpress\/ -->\n<title>\u0418\u0433\u0440\u0430\u0439\u0442\u0435 \u0432 Crazy Time: \u0430\u0437\u0430\u0440\u0442 \u0438 \u0432\u043e\u043b\u043d\u0435\u043d\u0438\u0435 \u0432 \u043e\u043d\u043b\u0430\u0439\u043d \u043a\u0430\u0437\u0438\u043d\u043e<\/title>\n<meta name=\"description\" content=\"Fedezze fel a Crazy Time izgalmas vil\u00e1g\u00e1t online kaszin\u00f3nkban. Leny\u0171g\u00f6z\u0151 grafika, nagy nyerem\u00e9nyek \u00e9s felejthetetlen \u00e9lm\u00e9nyek v\u00e1rnak r\u00e1d!\" \/>\n<meta name=\"robots\" content=\"index, follow, max-snippet:-1, max-image-preview:large, max-video-preview:-1\" \/>\n<link rel=\"canonical\" href=\"https:\/\/historycrazytime.info\/hu\/\" \/>\n<meta property=\"og:locale\" content=\"hu_HU\" \/>\n<meta property=\"og:locale:alternate\" content=\"en_US\" \/>\n<meta property=\"og:locale:alternate\" content=\"ru_RU\" \/>\n<meta property=\"og:locale:alternate\" content=\"pt_PT\" \/>\n<meta property=\"og:locale:alternate\" content=\"es_ES\" \/>\n<meta property=\"og:locale:alternate\" content=\"ro_RO\" \/>\n<meta property=\"og:locale:alternate\" content=\"sr_RS\" \/>\n<meta property=\"og:locale:alternate\" content=\"bg_BG\" \/>\n<meta property=\"og:locale:alternate\" content=\"pl_PL\" \/>\n<meta property=\"og:locale:alternate\" content=\"el\" \/>\n<meta property=\"og:locale:alternate\" content=\"tr_TR\" \/>\n<meta property=\"og:type\" content=\"article\" \/>\n<meta property=\"og:title\" content=\"\u0418\u0433\u0440\u0430\u0439\u0442\u0435 \u0432 Crazy Time: \u0430\u0437\u0430\u0440\u0442 \u0438 \u0432\u043e\u043b\u043d\u0435\u043d\u0438\u0435 \u0432 \u043e\u043d\u043b\u0430\u0439\u043d \u043a\u0430\u0437\u0438\u043d\u043e\" \/>\n<meta property=\"og:description\" content=\"\u041e\u0442\u043a\u0440\u043e\u0439\u0442\u0435 \u0434\u043b\u044f \u0441\u0435\u0431\u044f \u0437\u0430\u0445\u0432\u0430\u0442\u044b\u0432\u0430\u044e\u0449\u0438\u0439 \u043c\u0438\u0440 Crazy Time \u0432 \u043d\u0430\u0448\u0435\u043c \u043e\u043d\u043b\u0430\u0439\u043d \u043a\u0430\u0437\u0438\u043d\u043e. \u0412\u0435\u043b\u0438\u043a\u043e\u043b\u0435\u043f\u043d\u0430\u044f \u0433\u0440\u0430\u0444\u0438\u043a\u0430, \u043a\u0440\u0443\u043f\u043d\u044b\u0435 \u0432\u044b\u0438\u0433\u0440\u044b\u0448\u0438 \u0438 \u043d\u0435\u0437\u0430\u0431\u044b\u0432\u0430\u0435\u043c\u044b\u0435 \u0432\u043f\u0435\u0447\u0430\u0442\u043b\u0435\u043d\u0438\u044f \u0436\u0434\u0443\u0442 \u0432\u0430\u0441!\" \/>\n<meta property=\"og:url\" content=\"https:\/\/historycrazytime.info\/hu\/\" \/>\n<meta property=\"og:site_name\" content=\"Crazy Time\" \/>\n<meta property=\"article:modified_time\" content=\"2023-12-27T18:09:19+00:00\" \/>\n<meta name=\"twitter:card\" content=\"summary_large_image\" \/>\n<meta name=\"twitter:label1\" content=\"Becs\u00fclt olvas\u00e1si id\u0151\" \/>\n\t<meta name=\"twitter:data1\" content=\"35 perc\" \/>\n<script type=\"application\/ld+json\" class=\"yoast-schema-graph\">{\"@context\":\"https:\/\/schema.org\",\"@graph\":[{\"@type\":\"WebPage\",\"@id\":\"https:\/\/historycrazytime.info\/\",\"url\":\"https:\/\/historycrazytime.info\/\",\"name\":\"\u0418\u0433\u0440\u0430\u0439\u0442\u0435 \u0432 Crazy Time: \u0430\u0437\u0430\u0440\u0442 \u0438 \u0432\u043e\u043b\u043d\u0435\u043d\u0438\u0435 \u0432 \u043e\u043d\u043b\u0430\u0439\u043d \u043a\u0430\u0437\u0438\u043d\u043e\",\"isPartOf\":{\"@id\":\"https:\/\/historycrazytime.info\/#website\"},\"datePublished\":\"2023-12-09T00:29:38+00:00\",\"dateModified\":\"2023-12-27T18:09:19+00:00\",\"description\":\"\u041e\u0442\u043a\u0440\u043e\u0439\u0442\u0435 \u0434\u043b\u044f \u0441\u0435\u0431\u044f \u0437\u0430\u0445\u0432\u0430\u0442\u044b\u0432\u0430\u044e\u0449\u0438\u0439 \u043c\u0438\u0440 Crazy Time \u0432 \u043d\u0430\u0448\u0435\u043c \u043e\u043d\u043b\u0430\u0439\u043d \u043a\u0430\u0437\u0438\u043d\u043e. \u0412\u0435\u043b\u0438\u043a\u043e\u043b\u0435\u043f\u043d\u0430\u044f \u0433\u0440\u0430\u0444\u0438\u043a\u0430, \u043a\u0440\u0443\u043f\u043d\u044b\u0435 \u0432\u044b\u0438\u0433\u0440\u044b\u0448\u0438 \u0438 \u043d\u0435\u0437\u0430\u0431\u044b\u0432\u0430\u0435\u043c\u044b\u0435 \u0432\u043f\u0435\u0447\u0430\u0442\u043b\u0435\u043d\u0438\u044f \u0436\u0434\u0443\u0442 \u0432\u0430\u0441!\",\"breadcrumb\":{\"@id\":\"https:\/\/historycrazytime.info\/#breadcrumb\"},\"inLanguage\":\"hu-HU\",\"potentialAction\":[{\"@type\":\"ReadAction\",\"target\":[\"https:\/\/historycrazytime.info\/\"]}]},{\"@type\":\"BreadcrumbList\",\"@id\":\"https:\/\/historycrazytime.info\/#breadcrumb\",\"itemListElement\":[{\"@type\":\"ListItem\",\"position\":1,\"name\":\"Home\",\"item\":\"https:\/\/historycrazytime.info\/\"},{\"@type\":\"ListItem\",\"position\":2,\"name\":\"\u041e\u0442\u043a\u0440\u043e\u0439 \u0434\u0432\u0435\u0440\u0438 \u0443\u0432\u043b\u0435\u043a\u0430\u0442\u0435\u043b\u044c\u043d\u043e\u0433\u043e \u0430\u0437\u0430\u0440\u0442\u0430: \u0438\u0433\u0440\u0430\u0439 \u0432 Crazy Time \u0432 \u043e\u043d\u043b\u0430\u0439\u043d \u043a\u0430\u0437\u0438\u043d\u043e!\"}]},{\"@type\":\"WebSite\",\"@id\":\"https:\/\/historycrazytime.info\/#website\",\"url\":\"https:\/\/historycrazytime.info\/\",\"name\":\"Crazy Time\",\"description\":\"\",\"publisher\":{\"@id\":\"https:\/\/historycrazytime.info\/#organization\"},\"potentialAction\":[{\"@type\":\"SearchAction\",\"target\":{\"@type\":\"EntryPoint\",\"urlTemplate\":\"https:\/\/historycrazytime.info\/?s={search_term_string}\"},\"query-input\":{\"@type\":\"PropertyValueSpecification\",\"valueRequired\":true,\"valueName\":\"search_term_string\"}}],\"inLanguage\":\"hu-HU\"},{\"@type\":\"Organization\",\"@id\":\"https:\/\/historycrazytime.info\/#organization\",\"name\":\"Crazy Time\",\"url\":\"https:\/\/historycrazytime.info\/\",\"logo\":{\"@type\":\"ImageObject\",\"inLanguage\":\"hu-HU\",\"@id\":\"https:\/\/historycrazytime.info\/#\/schema\/logo\/image\/\",\"url\":\"https:\/\/historycrazytime.info\/wp-content\/uploads\/crazy-time-logo.webp\",\"contentUrl\":\"https:\/\/historycrazytime.info\/wp-content\/uploads\/crazy-time-logo.webp\",\"width\":640,\"height\":448,\"caption\":\"Crazy Time\"},\"image\":{\"@id\":\"https:\/\/historycrazytime.info\/#\/schema\/logo\/image\/\"}}]}<\/script>\n<!-- \/ Yoast SEO plugin. -->","yoast_head_json":{"title":"\u0418\u0433\u0440\u0430\u0439\u0442\u0435 \u0432 Crazy Time: \u0430\u0437\u0430\u0440\u0442 \u0438 \u0432\u043e\u043b\u043d\u0435\u043d\u0438\u0435 \u0432 \u043e\u043d\u043b\u0430\u0439\u043d \u043a\u0430\u0437\u0438\u043d\u043e","description":"Fedezze fel a Crazy Time izgalmas vil\u00e1g\u00e1t online kaszin\u00f3nkban. Leny\u0171g\u00f6z\u0151 grafika, nagy nyerem\u00e9nyek \u00e9s felejthetetlen \u00e9lm\u00e9nyek v\u00e1rnak r\u00e1d!","robots":{"index":"index","follow":"follow","max-snippet":"max-snippet:-1","max-image-preview":"max-image-preview:large","max-video-preview":"max-video-preview:-1"},"canonical":"https:\/\/historycrazytime.info\/hu\/","og_locale":"hu_HU","og_type":"article","og_title":"\u0418\u0433\u0440\u0430\u0439\u0442\u0435 \u0432 Crazy Time: \u0430\u0437\u0430\u0440\u0442 \u0438 \u0432\u043e\u043b\u043d\u0435\u043d\u0438\u0435 \u0432 \u043e\u043d\u043b\u0430\u0439\u043d \u043a\u0430\u0437\u0438\u043d\u043e","og_description":"\u041e\u0442\u043a\u0440\u043e\u0439\u0442\u0435 \u0434\u043b\u044f \u0441\u0435\u0431\u044f \u0437\u0430\u0445\u0432\u0430\u0442\u044b\u0432\u0430\u044e\u0449\u0438\u0439 \u043c\u0438\u0440 Crazy Time \u0432 \u043d\u0430\u0448\u0435\u043c \u043e\u043d\u043b\u0430\u0439\u043d \u043a\u0430\u0437\u0438\u043d\u043e. \u0412\u0435\u043b\u0438\u043a\u043e\u043b\u0435\u043f\u043d\u0430\u044f \u0433\u0440\u0430\u0444\u0438\u043a\u0430, \u043a\u0440\u0443\u043f\u043d\u044b\u0435 \u0432\u044b\u0438\u0433\u0440\u044b\u0448\u0438 \u0438 \u043d\u0435\u0437\u0430\u0431\u044b\u0432\u0430\u0435\u043c\u044b\u0435 \u0432\u043f\u0435\u0447\u0430\u0442\u043b\u0435\u043d\u0438\u044f \u0436\u0434\u0443\u0442 \u0432\u0430\u0441!","og_url":"https:\/\/historycrazytime.info\/hu\/","og_site_name":"Crazy Time","article_modified_time":"2023-12-27T18:09:19+00:00","twitter_card":"summary_large_image","twitter_misc":{"Becs\u00fclt olvas\u00e1si id\u0151":"35 perc"},"schema":{"@context":"https:\/\/schema.org","@graph":[{"@type":"WebPage","@id":"https:\/\/historycrazytime.info\/","url":"https:\/\/historycrazytime.info\/","name":"\u0418\u0433\u0440\u0430\u0439\u0442\u0435 \u0432 Crazy Time: \u0430\u0437\u0430\u0440\u0442 \u0438 \u0432\u043e\u043b\u043d\u0435\u043d\u0438\u0435 \u0432 \u043e\u043d\u043b\u0430\u0439\u043d \u043a\u0430\u0437\u0438\u043d\u043e","isPartOf":{"@id":"https:\/\/historycrazytime.info\/#website"},"datePublished":"2023-12-09T00:29:38+00:00","dateModified":"2023-12-27T18:09:19+00:00","description":"\u041e\u0442\u043a\u0440\u043e\u0439\u0442\u0435 \u0434\u043b\u044f \u0441\u0435\u0431\u044f \u0437\u0430\u0445\u0432\u0430\u0442\u044b\u0432\u0430\u044e\u0449\u0438\u0439 \u043c\u0438\u0440 Crazy Time \u0432 \u043d\u0430\u0448\u0435\u043c \u043e\u043d\u043b\u0430\u0439\u043d \u043a\u0430\u0437\u0438\u043d\u043e. \u0412\u0435\u043b\u0438\u043a\u043e\u043b\u0435\u043f\u043d\u0430\u044f \u0433\u0440\u0430\u0444\u0438\u043a\u0430, \u043a\u0440\u0443\u043f\u043d\u044b\u0435 \u0432\u044b\u0438\u0433\u0440\u044b\u0448\u0438 \u0438 \u043d\u0435\u0437\u0430\u0431\u044b\u0432\u0430\u0435\u043c\u044b\u0435 \u0432\u043f\u0435\u0447\u0430\u0442\u043b\u0435\u043d\u0438\u044f \u0436\u0434\u0443\u0442 \u0432\u0430\u0441!","breadcrumb":{"@id":"https:\/\/historycrazytime.info\/#breadcrumb"},"inLanguage":"hu-HU","potentialAction":[{"@type":"ReadAction","target":["https:\/\/historycrazytime.info\/"]}]},{"@type":"BreadcrumbList","@id":"https:\/\/historycrazytime.info\/#breadcrumb","itemListElement":[{"@type":"ListItem","position":1,"name":"Home","item":"https:\/\/historycrazytime.info\/"},{"@type":"ListItem","position":2,"name":"\u041e\u0442\u043a\u0440\u043e\u0439 \u0434\u0432\u0435\u0440\u0438 \u0443\u0432\u043b\u0435\u043a\u0430\u0442\u0435\u043b\u044c\u043d\u043e\u0433\u043e \u0430\u0437\u0430\u0440\u0442\u0430: \u0438\u0433\u0440\u0430\u0439 \u0432 Crazy Time \u0432 \u043e\u043d\u043b\u0430\u0439\u043d \u043a\u0430\u0437\u0438\u043d\u043e!"}]},{"@type":"WebSite","@id":"https:\/\/historycrazytime.info\/#website","url":"https:\/\/historycrazytime.info\/","name":"Crazy Time","description":"","publisher":{"@id":"https:\/\/historycrazytime.info\/#organization"},"potentialAction":[{"@type":"SearchAction","target":{"@type":"EntryPoint","urlTemplate":"https:\/\/historycrazytime.info\/?s={search_term_string}"},"query-input":{"@type":"PropertyValueSpecification","valueRequired":true,"valueName":"search_term_string"}}],"inLanguage":"hu-HU"},{"@type":"Organization","@id":"https:\/\/historycrazytime.info\/#organization","name":"Crazy Time","url":"https:\/\/historycrazytime.info\/","logo":{"@type":"ImageObject","inLanguage":"hu-HU","@id":"https:\/\/historycrazytime.info\/#\/schema\/logo\/image\/","url":"https:\/\/historycrazytime.info\/wp-content\/uploads\/crazy-time-logo.webp","contentUrl":"https:\/\/historycrazytime.info\/wp-content\/uploads\/crazy-time-logo.webp","width":640,"height":448,"caption":"Crazy Time"},"image":{"@id":"https:\/\/historycrazytime.info\/#\/schema\/logo\/image\/"}}]}},"_links":{"self":[{"href":"https:\/\/historycrazytime.info\/hu\/wp-json\/wp\/v2\/pages\/6","targetHints":{"allow":["GET"]}}],"collection":[{"href":"https:\/\/historycrazytime.info\/hu\/wp-json\/wp\/v2\/pages"}],"about":[{"href":"https:\/\/historycrazytime.info\/hu\/wp-json\/wp\/v2\/types\/page"}],"author":[{"embeddable":true,"href":"https:\/\/historycrazytime.info\/hu\/wp-json\/wp\/v2\/users\/1"}],"replies":[{"embeddable":true,"href":"https:\/\/historycrazytime.info\/hu\/wp-json\/wp\/v2\/comments?post=6"}],"version-history":[{"count":26,"href":"https:\/\/historycrazytime.info\/hu\/wp-json\/wp\/v2\/pages\/6\/revisions"}],"predecessor-version":[{"id":160,"href":"https:\/\/historycrazytime.info\/hu\/wp-json\/wp\/v2\/pages\/6\/revisions\/160"}],"wp:attachment":[{"href":"https:\/\/historycrazytime.info\/hu\/wp-json\/wp\/v2\/media?parent=6"}],"curies":[{"name":"wp","href":"https:\/\/api.w.org\/{rel}","templated":true}]}}