{"id":23,"date":"2023-12-14T16:54:40","date_gmt":"2023-12-14T16:54:40","guid":{"rendered":"https:\/\/historycrazytime.info\/?page_id=23"},"modified":"2023-12-27T18:44:15","modified_gmt":"2023-12-27T18:44:15","slug":"play-online-casino","status":"publish","type":"page","link":"https:\/\/historycrazytime.info\/hu\/play-online-casino\/","title":{"rendered":"J\u00e1tssz az online kaszin\u00f3ban: fedezd fel a sz\u00f3rakoz\u00e1s \u00e9s szerencse vil\u00e1g\u00e1t!"},"content":{"rendered":"<p>\u00dcdv\u00f6z\u00f6lj\u00fck az Online Kaszin\u00f3 Izgalmas Vil\u00e1g\u00e1ban! Tapasztalja meg a kaland \u00e9s izgalom t\u00f6k\u00e9letes kever\u00e9k\u00e9t a lehet\u0151s\u00e9ggel, hogy virtu\u00e1lis termeinkben jelent\u0151s d\u00edjakat nyerjen. Virtu\u00e1lis szob\u00e1ink egyedi j\u00e1t\u00e9k\u00e9lm\u00e9nyt, kaland\u00e9rzetet \u00e9s izgalmas \u00e9rz\u00e9seket k\u00edn\u00e1lnak. Ebben a sz\u00f6vegben elmondjuk, mi\u00e9rt fontos regisztr\u00e1lni egy online kaszin\u00f3ban, biztos\u00edtunk lehet\u0151s\u00e9get a &#8222;Crazy Time&#8221; izgalmas j\u00e1t\u00e9k ingyenes kipr\u00f3b\u00e1l\u00e1s\u00e1ra, \u00e9s elmagyar\u00e1zzuk a regisztr\u00e1ci\u00f3s folyamatot, a befizet\u00e9st \u00e9s a nyerem\u00e9nyek kifizet\u00e9s\u00e9t.<\/p>\n<h2>Mi\u00e9rt fontos regisztr\u00e1lni egy online kaszin\u00f3ban?<\/h2>\n<p>A regisztr\u00e1ci\u00f3 az online kaszin\u00f3ban az izgalmas szerencsej\u00e1t\u00e9k vil\u00e1g\u00e1ba vezet\u0151 els\u0151 l\u00e9p\u00e9s. Itt tal\u00e1l egy hatalmas j\u00e1t\u00e9kv\u00e1laszt\u00e9kot, kiv\u00e1l\u00f3 grafik\u00e1t \u00e9s lehet\u0151s\u00e9get arra, hogy val\u00f3di p\u00e9nzt nyerjen. A regisztr\u00e1ci\u00f3 megnyitja az ajt\u00f3t a kiz\u00e1r\u00f3lag regisztr\u00e1lt j\u00e1t\u00e9kosoknak el\u00e9rhet\u0151 exkluz\u00edv b\u00f3nuszokhoz, prom\u00f3ci\u00f3khoz \u00e9s kiv\u00e1lts\u00e1gokhoz.<\/p>\n<h2>Ingyenes j\u00e1t\u00e9k a &#8222;Crazy Time&#8221;-ban<\/h2>\n<p>Az egyik leghangulatosabb j\u00e1t\u00e9k, amely el\u00e9rhet\u0151 az online kaszin\u00f3nkban, a &#8222;Crazy Time&#8221;. Ez egy leny\u0171g\u00f6z\u0151 \u00e9l\u0151 oszt\u00f3s show, \u00e9l\u00e9nk jelmezekkel, jelent\u0151s szorz\u00f3kkal \u00e9s v\u00e1ratlan kalandokkal. De a legfontosabb, hogy ezt a j\u00e1t\u00e9kot teljesen ingyen kipr\u00f3b\u00e1lhatja! Nincs sz\u00fcks\u00e9g arra, hogy kock\u00e1ztassa a p\u00e9nz\u00e9t, csak \u00e9lvezze a szerencsej\u00e1t\u00e9k izgalm\u00e1t \u00e9s atmoszf\u00e9r\u00e1j\u00e1t.<\/p>\n<h2>Regisztr\u00e1ci\u00f3s \u00e9s befizet\u00e9si folyamat<\/h2>\n<p>A regisztr\u00e1ci\u00f3s folyamat az online kaszin\u00f3nkban egyszer\u0171 \u00e9s biztons\u00e1gos. Ahhoz, hogy l\u00e9trehozzon egy fi\u00f3kot, csak alapvet\u0151 inform\u00e1ci\u00f3kat kell megadnia: keresztn\u00e9v, vezet\u00e9kn\u00e9v, e-mail \u00e9s jelsz\u00f3. A regisztr\u00e1ci\u00f3t k\u00f6vet\u0151en felk\u00e9rj\u00fck a befizet\u00e9s elv\u00e9gz\u00e9s\u00e9re.<\/p>\n<p>K\u00fcl\u00f6nf\u00e9le befizet\u00e9si m\u00f3dszereket k\u00edn\u00e1lunk, hogy a folyamat a lehet\u0151 legk\u00e9nyelmesebb legyen a j\u00e1t\u00e9kosainknak. Bankk\u00e1rty\u00e1k, e-p\u00e9nzt\u00e1rca, banki \u00e1tutal\u00e1sok \u00e9s m\u00e1s n\u00e9pszer\u0171 m\u00f3dszerek is haszn\u00e1lhat\u00f3k. Garant\u00e1ljuk a p\u00e9nz\u00fcgyi tranzakci\u00f3k teljes biztons\u00e1g\u00e1t \u00e9s a megadott inform\u00e1ci\u00f3k bizalmas kezel\u00e9s\u00e9t.<\/p>\n<h2>Kifizet\u00e9si m\u00f3dszerek<\/h2>\n<p>A nyerem\u00e9nyek kifizet\u00e9se egyszer\u0171 \u00e9s megb\u00edzhat\u00f3 folyamat n\u00e1lunk. K\u00fcl\u00f6nf\u00e9le kifizet\u00e9si m\u00f3dszereket k\u00edn\u00e1lunk, hogy minden j\u00e1t\u00e9kos kiv\u00e1laszthassa a legk\u00e9nyelmesebb lehet\u0151s\u00e9get. E-p\u00e9nzt\u00e1rca, bankk\u00e1rty\u00e1k, banki \u00e1tutal\u00e1sok &#8211; mindezek el\u00e9rhet\u0151k a nyerem\u00e9nyeik kifizet\u00e9s\u00e9hez.<\/p>\n<h2>Biztons\u00e1g \u00e9s tisztess\u00e9g<\/h2>\n<p>Tudjuk, hogy a j\u00e1t\u00e9kosok biztons\u00e1ga els\u0151dleges. Az online kaszin\u00f3nk fejlett adatv\u00e9delmi technol\u00f3gi\u00e1kat alkalmaz a szem\u00e9lyes inform\u00e1ci\u00f3k \u00e9s p\u00e9nz\u00fcgyi adatok maxim\u00e1lis v\u00e9delm\u00e9nek \u00e9rdek\u00e9ben. Emellett az \u00f6sszes j\u00e1t\u00e9kunk tisztess\u00e9ges algoritmusokon alapul, \u00e9s f\u00fcggetlen ellen\u0151rz\u0151k \u00e1ltal ellen\u0151rz\u00f6tt.<\/p>\n<h2>J\u00e1t\u00e9kos t\u00e1mogat\u00e1s<\/h2>\n<p>Online kaszin\u00f3nkban minden j\u00e1t\u00e9kost \u00e9rt\u00e9kel\u00fcnk. \u00dcgyf\u00e9lszolg\u00e1latunk 24\/7 el\u00e9rhet\u0151, hogy v\u00e1laszoljon a k\u00e9rd\u00e9seire, seg\u00edtsen a probl\u00e9mamegold\u00e1sban, \u00e9s biztos\u00edtsa a legjobb j\u00e1t\u00e9k\u00e9lm\u00e9nyt. L\u00e9pjen kapcsolatba vel\u00fcnk \u00e9l\u0151 chaten, e-mailben vagy telefonon, \u00e9s munkat\u00e1rsaink \u00f6r\u00f6mmel seg\u00edtenek \u00d6nnek.<\/p>\n<h2>\u00d6sszefoglal\u00e1s<\/h2>\n<p>Ne hagyja ki a lehet\u0151s\u00e9get, hogy belevesszen az online kaszin\u00f3 izgalmas vil\u00e1g\u00e1ba. Regisztr\u00e1ljon ma, \u00e9lvezze az ingyenes j\u00e1t\u00e9kot a &#8222;Crazy Time&#8221;-ban, \u00e9s \u00e9lje \u00e1t a szerencsej\u00e1t\u00e9k sz\u00f3rakoz\u00e1s\u00e1nak izgalm\u00e1t. Garant\u00e1ljuk a biztons\u00e1got, a tisztess\u00e9get \u00e9s egy izgalmas j\u00e1t\u00e9k\u00e9lm\u00e9nyt. Tal\u00e1n a szerencs\u00e9je \u00e9ppen itt v\u00e1rja!<\/p>\n","protected":false},"excerpt":{"rendered":"<p>\u00dcdv\u00f6z\u00f6lj\u00fck az Online Kaszin\u00f3 Izgalmas Vil\u00e1g\u00e1ban! Tapasztalja meg a kaland \u00e9s izgalom t\u00f6k\u00e9letes kever\u00e9k\u00e9t a lehet\u0151s\u00e9ggel, hogy virtu\u00e1lis termeinkben jelent\u0151s d\u00edjakat nyerjen. Virtu\u00e1lis szob\u00e1ink egyedi j\u00e1t\u00e9k\u00e9lm\u00e9nyt, kaland\u00e9rzetet \u00e9s izgalmas \u00e9rz\u00e9seket k\u00edn\u00e1lnak. Ebben a sz\u00f6vegben elmondjuk, mi\u00e9rt fontos regisztr\u00e1lni egy online kaszin\u00f3ban, biztos\u00edtunk lehet\u0151s\u00e9get a &#8222;Crazy Time&#8221; izgalmas j\u00e1t\u00e9k ingyenes kipr\u00f3b\u00e1l\u00e1s\u00e1ra, \u00e9s elmagyar\u00e1zzuk a regisztr\u00e1ci\u00f3s folyamatot, a befizet\u00e9st \u00e9s a nyerem\u00e9nyek kifizet\u00e9s\u00e9t. Mi\u00e9rt fontos regisztr\u00e1lni egy online kaszin\u00f3ban? A regisztr\u00e1ci\u00f3 az online kaszin\u00f3ban az izgalmas szerencsej\u00e1t\u00e9k&hellip; <\/p>\n","protected":false},"author":1,"featured_media":0,"parent":0,"menu_order":0,"comment_status":"closed","ping_status":"closed","template":"","meta":{"footnotes":""},"class_list":["post-23","page","type-page","status-publish","hentry"],"yoast_head":"<!-- This site is optimized with the Yoast SEO plugin v27.2 - https:\/\/yoast.com\/product\/yoast-seo-wordpress\/ -->\n<title>J\u00e1tssz a Crazy Time-mal Online: Es\u00e9lyeid a Szerencs\u00e9re<\/title>\n<meta name=\"description\" content=\"Mer\u00fclj el a szerencsej\u00e1t\u00e9k sz\u00f3rakoz\u00e1s vil\u00e1g\u00e1ban a Crazy Time-mal. Regisztr\u00e1lj ma, szerezd meg a b\u00f3nuszokat, \u00e9s j\u00e1tssz izgalmas j\u00e1t\u00e9kokat online kaszin\u00f3nkban.\" \/>\n<meta name=\"robots\" content=\"index, follow, max-snippet:-1, max-image-preview:large, max-video-preview:-1\" \/>\n<link rel=\"canonical\" href=\"https:\/\/historycrazytime.info\/hu\/play-online-casino\/\" \/>\n<meta property=\"og:locale\" content=\"hu_HU\" \/>\n<meta property=\"og:locale:alternate\" content=\"en_US\" \/>\n<meta property=\"og:locale:alternate\" content=\"ru_RU\" \/>\n<meta property=\"og:locale:alternate\" content=\"pt_PT\" \/>\n<meta property=\"og:locale:alternate\" content=\"es_ES\" \/>\n<meta property=\"og:locale:alternate\" content=\"ro_RO\" \/>\n<meta property=\"og:locale:alternate\" content=\"sr_RS\" \/>\n<meta property=\"og:locale:alternate\" content=\"bg_BG\" \/>\n<meta property=\"og:locale:alternate\" content=\"pl_PL\" \/>\n<meta property=\"og:locale:alternate\" content=\"el\" \/>\n<meta property=\"og:locale:alternate\" content=\"tr_TR\" \/>\n<meta property=\"og:type\" content=\"article\" \/>\n<meta property=\"og:title\" content=\"J\u00e1tssz a Crazy Time-mal Online: Es\u00e9lyeid a Szerencs\u00e9re\" \/>\n<meta property=\"og:description\" content=\"Mer\u00fclj el a szerencsej\u00e1t\u00e9k sz\u00f3rakoz\u00e1s vil\u00e1g\u00e1ban a Crazy Time-mal. Regisztr\u00e1lj ma, szerezd meg a b\u00f3nuszokat, \u00e9s j\u00e1tssz izgalmas j\u00e1t\u00e9kokat online kaszin\u00f3nkban.\" \/>\n<meta property=\"og:url\" content=\"https:\/\/historycrazytime.info\/hu\/play-online-casino\/\" \/>\n<meta property=\"og:site_name\" content=\"Crazy Time\" \/>\n<meta property=\"article:modified_time\" content=\"2023-12-27T18:44:15+00:00\" \/>\n<meta name=\"twitter:card\" content=\"summary_large_image\" \/>\n<meta name=\"twitter:label1\" content=\"Becs\u00fclt olvas\u00e1si id\u0151\" \/>\n\t<meta name=\"twitter:data1\" content=\"20 perc\" \/>\n<script type=\"application\/ld+json\" class=\"yoast-schema-graph\">{\"@context\":\"https:\/\/schema.org\",\"@graph\":[{\"@type\":\"WebPage\",\"@id\":\"https:\/\/historycrazytime.info\/hu\/play-online-casino\/\",\"url\":\"https:\/\/historycrazytime.info\/hu\/play-online-casino\/\",\"name\":\"J\u00e1tssz a Crazy Time-mal Online: Es\u00e9lyeid a Szerencs\u00e9re\",\"isPartOf\":{\"@id\":\"https:\/\/historycrazytime.info\/#website\"},\"datePublished\":\"2023-12-14T16:54:40+00:00\",\"dateModified\":\"2023-12-27T18:44:15+00:00\",\"description\":\"Mer\u00fclj el a szerencsej\u00e1t\u00e9k sz\u00f3rakoz\u00e1s vil\u00e1g\u00e1ban a Crazy Time-mal. Regisztr\u00e1lj ma, szerezd meg a b\u00f3nuszokat, \u00e9s j\u00e1tssz izgalmas j\u00e1t\u00e9kokat online kaszin\u00f3nkban.\",\"breadcrumb\":{\"@id\":\"https:\/\/historycrazytime.info\/hu\/play-online-casino\/#breadcrumb\"},\"inLanguage\":\"hu-HU\",\"potentialAction\":[{\"@type\":\"ReadAction\",\"target\":[\"https:\/\/historycrazytime.info\/hu\/play-online-casino\/\"]}]},{\"@type\":\"BreadcrumbList\",\"@id\":\"https:\/\/historycrazytime.info\/hu\/play-online-casino\/#breadcrumb\",\"itemListElement\":[{\"@type\":\"ListItem\",\"position\":1,\"name\":\"Home\",\"item\":\"https:\/\/historycrazytime.info\/\"},{\"@type\":\"ListItem\",\"position\":2,\"name\":\"J\u00e1tssz az online kaszin\u00f3ban: fedezd fel a sz\u00f3rakoz\u00e1s \u00e9s szerencse vil\u00e1g\u00e1t!\"}]},{\"@type\":\"WebSite\",\"@id\":\"https:\/\/historycrazytime.info\/#website\",\"url\":\"https:\/\/historycrazytime.info\/\",\"name\":\"Crazy Time\",\"description\":\"\",\"publisher\":{\"@id\":\"https:\/\/historycrazytime.info\/#organization\"},\"potentialAction\":[{\"@type\":\"SearchAction\",\"target\":{\"@type\":\"EntryPoint\",\"urlTemplate\":\"https:\/\/historycrazytime.info\/?s={search_term_string}\"},\"query-input\":{\"@type\":\"PropertyValueSpecification\",\"valueRequired\":true,\"valueName\":\"search_term_string\"}}],\"inLanguage\":\"hu-HU\"},{\"@type\":\"Organization\",\"@id\":\"https:\/\/historycrazytime.info\/#organization\",\"name\":\"Crazy Time\",\"url\":\"https:\/\/historycrazytime.info\/\",\"logo\":{\"@type\":\"ImageObject\",\"inLanguage\":\"hu-HU\",\"@id\":\"https:\/\/historycrazytime.info\/#\/schema\/logo\/image\/\",\"url\":\"https:\/\/historycrazytime.info\/wp-content\/uploads\/crazy-time-logo.webp\",\"contentUrl\":\"https:\/\/historycrazytime.info\/wp-content\/uploads\/crazy-time-logo.webp\",\"width\":640,\"height\":448,\"caption\":\"Crazy Time\"},\"image\":{\"@id\":\"https:\/\/historycrazytime.info\/#\/schema\/logo\/image\/\"}}]}<\/script>\n<!-- \/ Yoast SEO plugin. -->","yoast_head_json":{"title":"J\u00e1tssz a Crazy Time-mal Online: Es\u00e9lyeid a Szerencs\u00e9re","description":"Mer\u00fclj el a szerencsej\u00e1t\u00e9k sz\u00f3rakoz\u00e1s vil\u00e1g\u00e1ban a Crazy Time-mal. Regisztr\u00e1lj ma, szerezd meg a b\u00f3nuszokat, \u00e9s j\u00e1tssz izgalmas j\u00e1t\u00e9kokat online kaszin\u00f3nkban.","robots":{"index":"index","follow":"follow","max-snippet":"max-snippet:-1","max-image-preview":"max-image-preview:large","max-video-preview":"max-video-preview:-1"},"canonical":"https:\/\/historycrazytime.info\/hu\/play-online-casino\/","og_locale":"hu_HU","og_type":"article","og_title":"J\u00e1tssz a Crazy Time-mal Online: Es\u00e9lyeid a Szerencs\u00e9re","og_description":"Mer\u00fclj el a szerencsej\u00e1t\u00e9k sz\u00f3rakoz\u00e1s vil\u00e1g\u00e1ban a Crazy Time-mal. Regisztr\u00e1lj ma, szerezd meg a b\u00f3nuszokat, \u00e9s j\u00e1tssz izgalmas j\u00e1t\u00e9kokat online kaszin\u00f3nkban.","og_url":"https:\/\/historycrazytime.info\/hu\/play-online-casino\/","og_site_name":"Crazy Time","article_modified_time":"2023-12-27T18:44:15+00:00","twitter_card":"summary_large_image","twitter_misc":{"Becs\u00fclt olvas\u00e1si id\u0151":"20 perc"},"schema":{"@context":"https:\/\/schema.org","@graph":[{"@type":"WebPage","@id":"https:\/\/historycrazytime.info\/hu\/play-online-casino\/","url":"https:\/\/historycrazytime.info\/hu\/play-online-casino\/","name":"J\u00e1tssz a Crazy Time-mal Online: Es\u00e9lyeid a Szerencs\u00e9re","isPartOf":{"@id":"https:\/\/historycrazytime.info\/#website"},"datePublished":"2023-12-14T16:54:40+00:00","dateModified":"2023-12-27T18:44:15+00:00","description":"Mer\u00fclj el a szerencsej\u00e1t\u00e9k sz\u00f3rakoz\u00e1s vil\u00e1g\u00e1ban a Crazy Time-mal. Regisztr\u00e1lj ma, szerezd meg a b\u00f3nuszokat, \u00e9s j\u00e1tssz izgalmas j\u00e1t\u00e9kokat online kaszin\u00f3nkban.","breadcrumb":{"@id":"https:\/\/historycrazytime.info\/hu\/play-online-casino\/#breadcrumb"},"inLanguage":"hu-HU","potentialAction":[{"@type":"ReadAction","target":["https:\/\/historycrazytime.info\/hu\/play-online-casino\/"]}]},{"@type":"BreadcrumbList","@id":"https:\/\/historycrazytime.info\/hu\/play-online-casino\/#breadcrumb","itemListElement":[{"@type":"ListItem","position":1,"name":"Home","item":"https:\/\/historycrazytime.info\/"},{"@type":"ListItem","position":2,"name":"J\u00e1tssz az online kaszin\u00f3ban: fedezd fel a sz\u00f3rakoz\u00e1s \u00e9s szerencse vil\u00e1g\u00e1t!"}]},{"@type":"WebSite","@id":"https:\/\/historycrazytime.info\/#website","url":"https:\/\/historycrazytime.info\/","name":"Crazy Time","description":"","publisher":{"@id":"https:\/\/historycrazytime.info\/#organization"},"potentialAction":[{"@type":"SearchAction","target":{"@type":"EntryPoint","urlTemplate":"https:\/\/historycrazytime.info\/?s={search_term_string}"},"query-input":{"@type":"PropertyValueSpecification","valueRequired":true,"valueName":"search_term_string"}}],"inLanguage":"hu-HU"},{"@type":"Organization","@id":"https:\/\/historycrazytime.info\/#organization","name":"Crazy Time","url":"https:\/\/historycrazytime.info\/","logo":{"@type":"ImageObject","inLanguage":"hu-HU","@id":"https:\/\/historycrazytime.info\/#\/schema\/logo\/image\/","url":"https:\/\/historycrazytime.info\/wp-content\/uploads\/crazy-time-logo.webp","contentUrl":"https:\/\/historycrazytime.info\/wp-content\/uploads\/crazy-time-logo.webp","width":640,"height":448,"caption":"Crazy Time"},"image":{"@id":"https:\/\/historycrazytime.info\/#\/schema\/logo\/image\/"}}]}},"_links":{"self":[{"href":"https:\/\/historycrazytime.info\/hu\/wp-json\/wp\/v2\/pages\/23","targetHints":{"allow":["GET"]}}],"collection":[{"href":"https:\/\/historycrazytime.info\/hu\/wp-json\/wp\/v2\/pages"}],"about":[{"href":"https:\/\/historycrazytime.info\/hu\/wp-json\/wp\/v2\/types\/page"}],"author":[{"embeddable":true,"href":"https:\/\/historycrazytime.info\/hu\/wp-json\/wp\/v2\/users\/1"}],"replies":[{"embeddable":true,"href":"https:\/\/historycrazytime.info\/hu\/wp-json\/wp\/v2\/comments?post=23"}],"version-history":[{"count":23,"href":"https:\/\/historycrazytime.info\/hu\/wp-json\/wp\/v2\/pages\/23\/revisions"}],"predecessor-version":[{"id":152,"href":"https:\/\/historycrazytime.info\/hu\/wp-json\/wp\/v2\/pages\/23\/revisions\/152"}],"wp:attachment":[{"href":"https:\/\/historycrazytime.info\/hu\/wp-json\/wp\/v2\/media?parent=23"}],"curies":[{"name":"wp","href":"https:\/\/api.w.org\/{rel}","templated":true}]}}