{"id":15,"date":"2023-12-09T15:16:19","date_gmt":"2023-12-09T15:16:19","guid":{"rendered":"https:\/\/historycrazytime.info\/?page_id=15"},"modified":"2023-12-27T18:31:16","modified_gmt":"2023-12-27T18:31:16","slug":"crazy-time-game-faq","status":"publish","type":"page","link":"https:\/\/historycrazytime.info\/hu\/crazy-time-game-faq\/","title":{"rendered":"GYIK: Gyakran Ism\u00e9telt K\u00e9rd\u00e9sek a Crazy Time J\u00e1t\u00e9kkal Kapcsolatban"},"content":{"rendered":"<h3>Mi lehet a minim\u00e1lis t\u00e9t?<\/h3>\n<p>A Crazy Time j\u00e1t\u00e9kban a minim\u00e1lis t\u00e9t 10 cent, a maxim\u00e1lis pedig 1000 doll\u00e1r.<\/p>\n<h3>Van chat az online j\u00e1t\u00e9kban?<\/h3>\n<p>Lehet kommunik\u00e1lni a j\u00e1t\u00e9kvezet\u0151vel \u00e9s m\u00e1s j\u00e1t\u00e9kosokkal. Azonban ne felejtsd el k\u00f6vetni az etikett szab\u00e1lyokat a Crazy Time chatben.<\/p>\n<h3>Hogyan n\u00e9z ki a j\u00e1t\u00e9kfel\u00fclet statisztikai r\u00e9sze?<\/h3>\n<p>A statisztika r\u00e9szleg megjelen\u00edti a j\u00e1t\u00e9k utols\u00f3 k\u00e9t k\u00f6r\u00e9nek nyer\u00e9si eredm\u00e9nyeit.<\/p>\n<h3>Hogyan lehet megtudni a j\u00e1t\u00e9ksz\u00e1mot?<\/h3>\n<p>Minden Crazy Time j\u00e1t\u00e9k k\u00f6rnek saj\u00e1t sz\u00e1ma van. Itt egy p\u00e9lda a sz\u00e1mra: #10 21:10:10. Ez a sz\u00e1m az adott j\u00e1t\u00e9k kezdet\u00e9nek Z\u00f6ldwichi K\u00f6z\u00e9pid\u0151t mutatja, perc \u00e9s m\u00e1sodperc megjel\u00f6l\u00e9ssel. Haszn\u00e1ld ezt a j\u00e1t\u00e9ksz\u00e1mot, ha kapcsolatba szeretn\u00e9l l\u00e9pni az \u00fcgyf\u00e9lszolg\u00e1lattal egy adott k\u00f6rrel kapcsolatban.<\/p>\n<h3>Hogyan m\u0171k\u00f6dik a Crazy Time t\u00f6bbszerepl\u0151s m\u00f3dja?<\/h3>\n<p>Csatlakozhatsz t\u00f6bb asztalhoz \u00e9s j\u00e1tszhatsz vel\u00fck egyszerre egyetlen b\u00f6ng\u00e9sz\u0151ablakban, ha nem akarsz meg\u00e1llni egyn\u00e9l.<\/p>\n<h3>Van automatikus j\u00e1t\u00e9m\u00f3d a Crazy Time-ban?<\/h3>\n<p>Igen, lehets\u00e9ges. Az automatikus j\u00e1t\u00e9k lehet\u0151v\u00e9 teszi, hogy megism\u00e9teld a kiv\u00e1lasztott t\u00e9tet vagy a t\u00e9t ut\u00e1n a j\u00e1t\u00e9k k\u00f6r\u00e9nek sz\u00e1m\u00e1t. Az automatikus j\u00e1t\u00e9k ind\u00edt\u00e1s\u00e1hoz helyezd el a t\u00e9teket a t\u00e9tmez\u0151ben, majd nyomd meg az &#8222;Automatikus j\u00e1t\u00e9k&#8221; gombot.<\/p>\n","protected":false},"excerpt":{"rendered":"<p>Mi lehet a minim\u00e1lis t\u00e9t? A Crazy Time j\u00e1t\u00e9kban a minim\u00e1lis t\u00e9t 10 cent, a maxim\u00e1lis pedig 1000 doll\u00e1r. Van chat az online j\u00e1t\u00e9kban? Lehet kommunik\u00e1lni a j\u00e1t\u00e9kvezet\u0151vel \u00e9s m\u00e1s j\u00e1t\u00e9kosokkal. Azonban ne felejtsd el k\u00f6vetni az etikett szab\u00e1lyokat a Crazy Time chatben. Hogyan n\u00e9z ki a j\u00e1t\u00e9kfel\u00fclet statisztikai r\u00e9sze? A statisztika r\u00e9szleg megjelen\u00edti a j\u00e1t\u00e9k utols\u00f3 k\u00e9t k\u00f6r\u00e9nek nyer\u00e9si eredm\u00e9nyeit. Hogyan lehet megtudni a j\u00e1t\u00e9ksz\u00e1mot? Minden Crazy Time j\u00e1t\u00e9k k\u00f6rnek saj\u00e1t sz\u00e1ma van. Itt&hellip; <\/p>\n","protected":false},"author":1,"featured_media":0,"parent":0,"menu_order":0,"comment_status":"closed","ping_status":"closed","template":"","meta":{"footnotes":""},"class_list":["post-15","page","type-page","status-publish","hentry"],"yoast_head":"<!-- This site is optimized with the Yoast SEO plugin v27.2 - https:\/\/yoast.com\/product\/yoast-seo-wordpress\/ -->\n<title>\u0427\u0430\u0441\u0442\u043e \u0437\u0430\u0434\u0430\u0432\u0430\u0435\u043c\u044b\u0435 \u0432\u043e\u043f\u0440\u043e\u0441\u044b \u043e Crazy Time: \u043e\u0442\u0432\u0435\u0442\u044b \u043e\u0442 \u044d\u043a\u0441\u043f\u0435\u0440\u0442\u043e\u0432<\/title>\n<meta name=\"description\" content=\"Tal\u00e1lja meg a v\u00e1laszokat a Crazy Time-mal kapcsolatos gyakran ism\u00e9telt k\u00e9rd\u00e9sekre. Szak\u00e9rt\u0151i tan\u00e1csok, \u00e9rt\u00e9kes inform\u00e1ci\u00f3k \u00e9s j\u00e1t\u00e9kos t\u00e1mogat\u00e1s egy helyen.\" \/>\n<meta name=\"robots\" content=\"index, follow, max-snippet:-1, max-image-preview:large, max-video-preview:-1\" \/>\n<link rel=\"canonical\" href=\"https:\/\/historycrazytime.info\/hu\/crazy-time-game-faq\/\" \/>\n<meta property=\"og:locale\" content=\"hu_HU\" \/>\n<meta property=\"og:locale:alternate\" content=\"en_US\" \/>\n<meta property=\"og:locale:alternate\" content=\"ru_RU\" \/>\n<meta property=\"og:locale:alternate\" content=\"pt_PT\" \/>\n<meta property=\"og:locale:alternate\" content=\"es_ES\" \/>\n<meta property=\"og:locale:alternate\" content=\"ro_RO\" \/>\n<meta property=\"og:locale:alternate\" content=\"sr_RS\" \/>\n<meta property=\"og:locale:alternate\" content=\"bg_BG\" \/>\n<meta property=\"og:locale:alternate\" content=\"pl_PL\" \/>\n<meta property=\"og:locale:alternate\" content=\"el\" \/>\n<meta property=\"og:locale:alternate\" content=\"tr_TR\" \/>\n<meta property=\"og:type\" content=\"article\" \/>\n<meta property=\"og:title\" content=\"\u0427\u0430\u0441\u0442\u043e \u0437\u0430\u0434\u0430\u0432\u0430\u0435\u043c\u044b\u0435 \u0432\u043e\u043f\u0440\u043e\u0441\u044b \u043e Crazy Time: \u043e\u0442\u0432\u0435\u0442\u044b \u043e\u0442 \u044d\u043a\u0441\u043f\u0435\u0440\u0442\u043e\u0432\" \/>\n<meta property=\"og:description\" content=\"\u041d\u0430\u0439\u0434\u0438\u0442\u0435 \u043e\u0442\u0432\u0435\u0442\u044b \u043d\u0430 \u0447\u0430\u0441\u0442\u043e \u0437\u0430\u0434\u0430\u0432\u0430\u0435\u043c\u044b\u0435 \u0432\u043e\u043f\u0440\u043e\u0441\u044b \u043e Crazy Time. \u042d\u043a\u0441\u043f\u0435\u0440\u0442\u043d\u044b\u0435 \u0441\u043e\u0432\u0435\u0442\u044b, \u043f\u043e\u043b\u0435\u0437\u043d\u0430\u044f \u0438\u043d\u0444\u043e\u0440\u043c\u0430\u0446\u0438\u044f \u0438 \u043f\u043e\u0434\u0434\u0435\u0440\u0436\u043a\u0430 \u0438\u0433\u0440\u043e\u043a\u043e\u0432 \u0432 \u043e\u0434\u043d\u043e\u043c \u043c\u0435\u0441\u0442\u0435.\" \/>\n<meta property=\"og:url\" content=\"https:\/\/historycrazytime.info\/hu\/crazy-time-game-faq\/\" \/>\n<meta property=\"og:site_name\" content=\"Crazy Time\" \/>\n<meta property=\"article:modified_time\" content=\"2023-12-27T18:31:16+00:00\" \/>\n<meta name=\"twitter:card\" content=\"summary_large_image\" \/>\n<meta name=\"twitter:label1\" content=\"Becs\u00fclt olvas\u00e1si id\u0151\" \/>\n\t<meta name=\"twitter:data1\" content=\"8 perc\" \/>\n<script type=\"application\/ld+json\" class=\"yoast-schema-graph\">{\"@context\":\"https:\/\/schema.org\",\"@graph\":[{\"@type\":\"WebPage\",\"@id\":\"https:\/\/historycrazytime.info\/crazy-time-game-faq\/\",\"url\":\"https:\/\/historycrazytime.info\/crazy-time-game-faq\/\",\"name\":\"\u0427\u0430\u0441\u0442\u043e \u0437\u0430\u0434\u0430\u0432\u0430\u0435\u043c\u044b\u0435 \u0432\u043e\u043f\u0440\u043e\u0441\u044b \u043e Crazy Time: \u043e\u0442\u0432\u0435\u0442\u044b \u043e\u0442 \u044d\u043a\u0441\u043f\u0435\u0440\u0442\u043e\u0432\",\"isPartOf\":{\"@id\":\"https:\/\/historycrazytime.info\/#website\"},\"datePublished\":\"2023-12-09T15:16:19+00:00\",\"dateModified\":\"2023-12-27T18:31:16+00:00\",\"description\":\"\u041d\u0430\u0439\u0434\u0438\u0442\u0435 \u043e\u0442\u0432\u0435\u0442\u044b \u043d\u0430 \u0447\u0430\u0441\u0442\u043e \u0437\u0430\u0434\u0430\u0432\u0430\u0435\u043c\u044b\u0435 \u0432\u043e\u043f\u0440\u043e\u0441\u044b \u043e Crazy Time. \u042d\u043a\u0441\u043f\u0435\u0440\u0442\u043d\u044b\u0435 \u0441\u043e\u0432\u0435\u0442\u044b, \u043f\u043e\u043b\u0435\u0437\u043d\u0430\u044f \u0438\u043d\u0444\u043e\u0440\u043c\u0430\u0446\u0438\u044f \u0438 \u043f\u043e\u0434\u0434\u0435\u0440\u0436\u043a\u0430 \u0438\u0433\u0440\u043e\u043a\u043e\u0432 \u0432 \u043e\u0434\u043d\u043e\u043c \u043c\u0435\u0441\u0442\u0435.\",\"breadcrumb\":{\"@id\":\"https:\/\/historycrazytime.info\/crazy-time-game-faq\/#breadcrumb\"},\"inLanguage\":\"hu-HU\",\"potentialAction\":[{\"@type\":\"ReadAction\",\"target\":[\"https:\/\/historycrazytime.info\/crazy-time-game-faq\/\"]}]},{\"@type\":\"BreadcrumbList\",\"@id\":\"https:\/\/historycrazytime.info\/crazy-time-game-faq\/#breadcrumb\",\"itemListElement\":[{\"@type\":\"ListItem\",\"position\":1,\"name\":\"Home\",\"item\":\"https:\/\/historycrazytime.info\/\"},{\"@type\":\"ListItem\",\"position\":2,\"name\":\"FAQ: \u0427\u0430\u0441\u0442\u043e \u0437\u0430\u0434\u0430\u0432\u0430\u0435\u043c\u044b\u0435 \u0432\u043e\u043f\u0440\u043e\u0441\u044b \u043e Crazy Time Game\"}]},{\"@type\":\"WebSite\",\"@id\":\"https:\/\/historycrazytime.info\/#website\",\"url\":\"https:\/\/historycrazytime.info\/\",\"name\":\"Crazy Time\",\"description\":\"\",\"publisher\":{\"@id\":\"https:\/\/historycrazytime.info\/#organization\"},\"potentialAction\":[{\"@type\":\"SearchAction\",\"target\":{\"@type\":\"EntryPoint\",\"urlTemplate\":\"https:\/\/historycrazytime.info\/?s={search_term_string}\"},\"query-input\":{\"@type\":\"PropertyValueSpecification\",\"valueRequired\":true,\"valueName\":\"search_term_string\"}}],\"inLanguage\":\"hu-HU\"},{\"@type\":\"Organization\",\"@id\":\"https:\/\/historycrazytime.info\/#organization\",\"name\":\"Crazy Time\",\"url\":\"https:\/\/historycrazytime.info\/\",\"logo\":{\"@type\":\"ImageObject\",\"inLanguage\":\"hu-HU\",\"@id\":\"https:\/\/historycrazytime.info\/#\/schema\/logo\/image\/\",\"url\":\"https:\/\/historycrazytime.info\/wp-content\/uploads\/crazy-time-logo.webp\",\"contentUrl\":\"https:\/\/historycrazytime.info\/wp-content\/uploads\/crazy-time-logo.webp\",\"width\":640,\"height\":448,\"caption\":\"Crazy Time\"},\"image\":{\"@id\":\"https:\/\/historycrazytime.info\/#\/schema\/logo\/image\/\"}}]}<\/script>\n<!-- \/ Yoast SEO plugin. -->","yoast_head_json":{"title":"\u0427\u0430\u0441\u0442\u043e \u0437\u0430\u0434\u0430\u0432\u0430\u0435\u043c\u044b\u0435 \u0432\u043e\u043f\u0440\u043e\u0441\u044b \u043e Crazy Time: \u043e\u0442\u0432\u0435\u0442\u044b \u043e\u0442 \u044d\u043a\u0441\u043f\u0435\u0440\u0442\u043e\u0432","description":"Tal\u00e1lja meg a v\u00e1laszokat a Crazy Time-mal kapcsolatos gyakran ism\u00e9telt k\u00e9rd\u00e9sekre. Szak\u00e9rt\u0151i tan\u00e1csok, \u00e9rt\u00e9kes inform\u00e1ci\u00f3k \u00e9s j\u00e1t\u00e9kos t\u00e1mogat\u00e1s egy helyen.","robots":{"index":"index","follow":"follow","max-snippet":"max-snippet:-1","max-image-preview":"max-image-preview:large","max-video-preview":"max-video-preview:-1"},"canonical":"https:\/\/historycrazytime.info\/hu\/crazy-time-game-faq\/","og_locale":"hu_HU","og_type":"article","og_title":"\u0427\u0430\u0441\u0442\u043e \u0437\u0430\u0434\u0430\u0432\u0430\u0435\u043c\u044b\u0435 \u0432\u043e\u043f\u0440\u043e\u0441\u044b \u043e Crazy Time: \u043e\u0442\u0432\u0435\u0442\u044b \u043e\u0442 \u044d\u043a\u0441\u043f\u0435\u0440\u0442\u043e\u0432","og_description":"\u041d\u0430\u0439\u0434\u0438\u0442\u0435 \u043e\u0442\u0432\u0435\u0442\u044b \u043d\u0430 \u0447\u0430\u0441\u0442\u043e \u0437\u0430\u0434\u0430\u0432\u0430\u0435\u043c\u044b\u0435 \u0432\u043e\u043f\u0440\u043e\u0441\u044b \u043e Crazy Time. \u042d\u043a\u0441\u043f\u0435\u0440\u0442\u043d\u044b\u0435 \u0441\u043e\u0432\u0435\u0442\u044b, \u043f\u043e\u043b\u0435\u0437\u043d\u0430\u044f \u0438\u043d\u0444\u043e\u0440\u043c\u0430\u0446\u0438\u044f \u0438 \u043f\u043e\u0434\u0434\u0435\u0440\u0436\u043a\u0430 \u0438\u0433\u0440\u043e\u043a\u043e\u0432 \u0432 \u043e\u0434\u043d\u043e\u043c \u043c\u0435\u0441\u0442\u0435.","og_url":"https:\/\/historycrazytime.info\/hu\/crazy-time-game-faq\/","og_site_name":"Crazy Time","article_modified_time":"2023-12-27T18:31:16+00:00","twitter_card":"summary_large_image","twitter_misc":{"Becs\u00fclt olvas\u00e1si id\u0151":"8 perc"},"schema":{"@context":"https:\/\/schema.org","@graph":[{"@type":"WebPage","@id":"https:\/\/historycrazytime.info\/crazy-time-game-faq\/","url":"https:\/\/historycrazytime.info\/crazy-time-game-faq\/","name":"\u0427\u0430\u0441\u0442\u043e \u0437\u0430\u0434\u0430\u0432\u0430\u0435\u043c\u044b\u0435 \u0432\u043e\u043f\u0440\u043e\u0441\u044b \u043e Crazy Time: \u043e\u0442\u0432\u0435\u0442\u044b \u043e\u0442 \u044d\u043a\u0441\u043f\u0435\u0440\u0442\u043e\u0432","isPartOf":{"@id":"https:\/\/historycrazytime.info\/#website"},"datePublished":"2023-12-09T15:16:19+00:00","dateModified":"2023-12-27T18:31:16+00:00","description":"\u041d\u0430\u0439\u0434\u0438\u0442\u0435 \u043e\u0442\u0432\u0435\u0442\u044b \u043d\u0430 \u0447\u0430\u0441\u0442\u043e \u0437\u0430\u0434\u0430\u0432\u0430\u0435\u043c\u044b\u0435 \u0432\u043e\u043f\u0440\u043e\u0441\u044b \u043e Crazy Time. \u042d\u043a\u0441\u043f\u0435\u0440\u0442\u043d\u044b\u0435 \u0441\u043e\u0432\u0435\u0442\u044b, \u043f\u043e\u043b\u0435\u0437\u043d\u0430\u044f \u0438\u043d\u0444\u043e\u0440\u043c\u0430\u0446\u0438\u044f \u0438 \u043f\u043e\u0434\u0434\u0435\u0440\u0436\u043a\u0430 \u0438\u0433\u0440\u043e\u043a\u043e\u0432 \u0432 \u043e\u0434\u043d\u043e\u043c \u043c\u0435\u0441\u0442\u0435.","breadcrumb":{"@id":"https:\/\/historycrazytime.info\/crazy-time-game-faq\/#breadcrumb"},"inLanguage":"hu-HU","potentialAction":[{"@type":"ReadAction","target":["https:\/\/historycrazytime.info\/crazy-time-game-faq\/"]}]},{"@type":"BreadcrumbList","@id":"https:\/\/historycrazytime.info\/crazy-time-game-faq\/#breadcrumb","itemListElement":[{"@type":"ListItem","position":1,"name":"Home","item":"https:\/\/historycrazytime.info\/"},{"@type":"ListItem","position":2,"name":"FAQ: \u0427\u0430\u0441\u0442\u043e \u0437\u0430\u0434\u0430\u0432\u0430\u0435\u043c\u044b\u0435 \u0432\u043e\u043f\u0440\u043e\u0441\u044b \u043e Crazy Time Game"}]},{"@type":"WebSite","@id":"https:\/\/historycrazytime.info\/#website","url":"https:\/\/historycrazytime.info\/","name":"Crazy Time","description":"","publisher":{"@id":"https:\/\/historycrazytime.info\/#organization"},"potentialAction":[{"@type":"SearchAction","target":{"@type":"EntryPoint","urlTemplate":"https:\/\/historycrazytime.info\/?s={search_term_string}"},"query-input":{"@type":"PropertyValueSpecification","valueRequired":true,"valueName":"search_term_string"}}],"inLanguage":"hu-HU"},{"@type":"Organization","@id":"https:\/\/historycrazytime.info\/#organization","name":"Crazy Time","url":"https:\/\/historycrazytime.info\/","logo":{"@type":"ImageObject","inLanguage":"hu-HU","@id":"https:\/\/historycrazytime.info\/#\/schema\/logo\/image\/","url":"https:\/\/historycrazytime.info\/wp-content\/uploads\/crazy-time-logo.webp","contentUrl":"https:\/\/historycrazytime.info\/wp-content\/uploads\/crazy-time-logo.webp","width":640,"height":448,"caption":"Crazy Time"},"image":{"@id":"https:\/\/historycrazytime.info\/#\/schema\/logo\/image\/"}}]}},"_links":{"self":[{"href":"https:\/\/historycrazytime.info\/hu\/wp-json\/wp\/v2\/pages\/15","targetHints":{"allow":["GET"]}}],"collection":[{"href":"https:\/\/historycrazytime.info\/hu\/wp-json\/wp\/v2\/pages"}],"about":[{"href":"https:\/\/historycrazytime.info\/hu\/wp-json\/wp\/v2\/types\/page"}],"author":[{"embeddable":true,"href":"https:\/\/historycrazytime.info\/hu\/wp-json\/wp\/v2\/users\/1"}],"replies":[{"embeddable":true,"href":"https:\/\/historycrazytime.info\/hu\/wp-json\/wp\/v2\/comments?post=15"}],"version-history":[{"count":25,"href":"https:\/\/historycrazytime.info\/hu\/wp-json\/wp\/v2\/pages\/15\/revisions"}],"predecessor-version":[{"id":132,"href":"https:\/\/historycrazytime.info\/hu\/wp-json\/wp\/v2\/pages\/15\/revisions\/132"}],"wp:attachment":[{"href":"https:\/\/historycrazytime.info\/hu\/wp-json\/wp\/v2\/media?parent=15"}],"curies":[{"name":"wp","href":"https:\/\/api.w.org\/{rel}","templated":true}]}}