{"id":13,"date":"2023-12-09T15:15:05","date_gmt":"2023-12-09T15:15:05","guid":{"rendered":"https:\/\/historycrazytime.info\/?page_id=13"},"modified":"2023-12-27T17:52:14","modified_gmt":"2023-12-27T17:52:14","slug":"crazy-time-reviews","status":"publish","type":"page","link":"https:\/\/historycrazytime.info\/hu\/crazy-time-reviews\/","title":{"rendered":"J\u00e1t\u00e9kosok v\u00e9lem\u00e9nye a Crazy Time-r\u00f3l az online kaszin\u00f3ban"},"content":{"rendered":"<h3>V\u00e9lem\u00e9ny: Az els\u0151 j\u00e1t\u00e9kom a Crazy Time online kaszin\u00f3j\u00e1ban<\/h3>\n<p>Egy bar\u00e1tom mes\u00e9lt a Crazy Time slotr\u00f3l. R\u00e9g\u00f3ta j\u00e1tszom k\u00fcl\u00f6nb\u00f6z\u0151 j\u00e1t\u00e9kokkal, de ez volt az els\u0151 tapasztalatom egy val\u00f3di online kaszin\u00f3ban. El\u0151sz\u00f6r nem hittem el, amikor a bar\u00e1tom azt mondta, hogy online is vannak ilyen dolgok, de itt val\u00f3ban van egy val\u00f3s h\u00e1zigazda \u00e9s chat. Eleinte nem nyertem meg az \u00f6sszegem nagy r\u00e9sz\u00e9t azonnal, de v\u00e1llaltam egy kock\u00e1zatot, \u00e9s Pachink\u00f3ra tettem egy fogad\u00e1st. V\u00e9g\u00fcl a t\u00e9t hatalmas nyeres\u00e9get hozott, mind\u00f6ssze 5 doll\u00e1ros t\u00e9t mellett 600 doll\u00e1rt. Aj\u00e1nlom, tov\u00e1bbiakban is, t\u00e1rsaim.<\/p>\n<p>Arkadiy, 28 \u00e9ves.<\/p>\n<h3>V\u00e9lem\u00e9ny: Val\u00f3ban lehet p\u00e9nzt keresni a Crazy Time-dal<\/h3>\n<p>Bar\u00e1taim egyetemista bulikban aj\u00e1nlott\u00e1k. Nem voltam k\u00fcl\u00f6n\u00f6sebben magabiztos a p\u00e9nzkeres\u00e9s ter\u00e9n; ink\u00e1bb a rendes nyer\u0151g\u00e9pekkel volt szerencs\u00e9m. De a Crazy Time m\u0171k\u00f6dik. Mindent egyszerre pr\u00f3b\u00e1lva megfogadni, sok p\u00e9nzt kerestem. Aj\u00e1nlom, hogy te is ugyanezt tedd. M\u00e1r azon gondolkodom, hogy megveszem az els\u0151 aut\u00f3mat saj\u00e1t er\u0151b\u0151l, sz\u00fcl\u0151k seg\u00edts\u00e9ge n\u00e9lk\u00fcl.<\/p>\n<p>Nikolay, 18 \u00e9ves.<\/p>\n<h3>V\u00e9lem\u00e9ny: A legmegfelel\u0151bb j\u00e1t\u00e9k a keresethez &#8211; Crazy Time<\/h3>\n<p>Kipr\u00f3b\u00e1ltam a Crazy Time-ot, egyszer\u0171en az\u00e9rt, mert mindig is ell\u00e1togatni akartam egy kaszin\u00f3ba. R\u00e1ad\u00e1sul van egy oszt\u00f3 \u00e9s lehet\u0151s\u00e9g m\u00e1s j\u00e1t\u00e9kosokkal besz\u00e9lgetni, ami k\u00fcl\u00f6n\u00f6sen kellemes otthon egy poh\u00e1r borral. \u00dagy \u00e9rzed, mintha nem online j\u00e1tszan\u00e1l, hanem egy val\u00f3di kaszin\u00f3ban. \u00c9rdekes, hogy annak ellen\u00e9re, hogy nincs c\u00e9lom, id\u0151nk\u00e9nt nyeres\u00e9get \u00e9rtem el. A vesztes\u00e9gek ellen\u00e9re 20 \u00e9s 30 doll\u00e1r k\u00f6z\u00f6tti nyeres\u00e9geket szereztem, ami nagyon kiel\u00e9g\u00edt\u0151 volt. Azoknak, akik p\u00e9nzt akarnak keresni, a Crazy Time lesz a legjobb v\u00e1laszt\u00e1s, \u00e9s javaslom, hogy mer\u00fcljenek el a hangulatban.<\/p>\n<p>Alena, 34 \u00e9ves.<\/p>\n<h3>V\u00e9lem\u00e9ny: H\u00e1rom h\u00f3napja j\u00e1tszom a Crazy Time-mal, \u00e9s eddig minden rendben van<\/h3>\n<p>H\u00e1rom h\u00f3napja j\u00e1tszom a Crazy Time-mal. Egy bar\u00e1tom azt mondta, hogy kezdetben nyert, majd vesztett. De amikor megtanulta j\u00e1tszani, minden rendben volt. A maxim\u00e1lis nyerem\u00e9ny egy esetben 1500 doll\u00e1r volt. Mindenkinek javaslom, hogy szerezzen elviselhetetlen \u00e9lm\u00e9nyeket!<\/p>\n<p>Mikhail, 48 \u00e9ves.<\/p>\n<h3>V\u00e9lem\u00e9ny: \u00c1ltal\u00e1ban minden mez\u0151re fogadok a Crazy Time-ban<\/h3>\n<p>Egy f\u0151tiszt a katonai egys\u00e9g\u00fcnkb\u0151l j\u00e1tszott, \u00e9s megmutatta nek\u00fcnk. \u00c1ltal\u00e1ban k\u00fcl\u00f6nb\u00f6z\u0151 sportokra tesznek, de soha nem j\u00e1tszottak online kaszin\u00f3ban. El\u0151sz\u00f6r hallottam a Crazy Time-r\u00f3l. Az egyetlen dolog, amit szerettem, az az, hogy val\u00f3ban meg lehet takar\u00edtani. Tan\u00e1csolom is neked, hogy nyerj ebben az \u0151r\u00fclt id\u0151ben &#8211; fogadj mindenre. \u00cdgy naponta \u00e1lland\u00f3an 30\u201340 doll\u00e1rt kerestem probl\u00e9m\u00e1k n\u00e9lk\u00fcl. A let\u00e9tel kivon\u00e1sa kiv\u00e1l\u00f3; minden rendben van. Mindenkinek aj\u00e1nlom a Crazy Time j\u00e1t\u00e9k\u00e1t.<\/p>\n<p>Andrey, 22 \u00e9ves.<\/p>\n<h3>B\u00e1r nem vagyok a szerencsej\u00e1t\u00e9k rajong\u00f3ja, nekem is tetszett a Crazy Time<\/h3>\n<p>B\u00e1r nem vagyok a szerencsej\u00e1t\u00e9k rajong\u00f3ja, a Crazy Time seg\u00edtett laz\u00edtani, \u00e9s m\u00e9g p\u00e9nzt is keresni a v\u00e1l\u00e1som ut\u00e1n. H\u00e1l\u00e1s vagyok ap\u00f3somnak a javaslatok\u00e9rt. Sokf\u00e9le m\u00f3d van a Crazy Time j\u00e1t\u00e9k\u00e1ra, \u00e9s mindenkinek megvan a saj\u00e1t strat\u00e9gi\u00e1ja. Egy h\u00f3nap alatt 1200 doll\u00e1rt kerestem a j\u00e1t\u00e9kstrat\u00e9gi\u00e1mnak k\u00f6sz\u00f6nhet\u0151en.<\/p>\n<p>Victor, 34 \u00e9ves.<\/p>\n<h3>V\u00e9lem\u00e9ny: A Crazy Time nemcsak izgalmas, hanem j\u00f6vedelmez\u0151 is<\/h3>\n<p>A Crazy Time nemcsak izgalmas, hanem nagyon \u00e9rdekes is. R\u00e1ad\u00e1sul a f\u0151 dolog az, hogy j\u00f3 p\u00e9nzt lehet keresni, ha haszn\u00e1lod az eszedet. 10 doll\u00e1r\u00e9rt minden 40 doll\u00e1rt nyerek.<\/p>\n<p>Alexander, 31 \u00e9ves.<\/p>\n<h3>V\u00e9lem\u00e9ny: M\u00e1sodik fizet\u00e9sem a Crazy Time slotb\u00f3l<\/h3>\n<p>A koll\u00e9g\u00e1m megmutatta nekem ezt az online slotot. Az utols\u00f3 \u00f6t h\u00f3napban nyert a Crazy Time-ban. Kifizettem az aut\u00f3ra felvett k\u00f6lcs\u00f6nt, amit nemr\u00e9g v\u00e1s\u00e1roltam. Ha kifejlesztesz egy strat\u00e9gi\u00e1t \u00e9s ragaszkodsz hozz\u00e1, akkor egy h\u00f3napon bel\u00fcl m\u00e1sodik fizet\u00e9st is kaphatsz a j\u00e1t\u00e9kkal.<\/p>\n<p>Maxim, 24 \u00e9ves.<\/p>\n<h3>V\u00e9lem\u00e9ny: Val\u00f3di s\u00e9m\u00e1im vannak a Crazy Time-hoz<\/h3>\n<p>\u00c1ltal\u00e1ban nagyon \u00f3vatosan j\u00e1tszom, mert nem szeretek kock\u00e1zatot v\u00e1llalni, \u00e9s nem hiszek ezekben a bev\u00e9telekben. Mindazon\u00e1ltal egy bar\u00e1tom javasolta a Crazy Time j\u00e1t\u00e9kot. El\u0151sz\u00f6r csak fogadott, n\u00e9zte, majd strat\u00e9gi\u00e1kat keresett, v\u00e9g\u00fcl pedig elkezdett nyeres\u00e9get el\u00e9rni. B\u00e1r nem tervezek strat\u00e9gi\u00e1t kifejleszteni, m\u0171k\u00f6d\u0151 tervek vannak. Kezdetben minden fogad\u00e1sra 5 doll\u00e1rt tettem, de most minden fogad\u00e1sra 10 doll\u00e1rt teszek, \u00e9s havi 600 doll\u00e1rt keresek.<\/p>\n<p>Alexey, 44 \u00e9ves.<\/p>\n<h3>V\u00e9lem\u00e9ny: Crazy Time Slot &#8211; Nagyon aj\u00e1nlott<\/h3>\n<p>Egy bar\u00e1t j\u00f3 id\u0151t aj\u00e1nlott. Most m\u00e1r majdnem minden nap j\u00e1tszom. A Crazy Time nyer\u00e9se k\u00f6nny\u0171, ha tudod, hogyan kell. \u00c9s akkor a p\u00e9nz mag\u00e1t\u00f3l fog hozz\u00e1d j\u00f6nni. Mindenkinek aj\u00e1nlom.<\/p>\n<p>Denis, 32 \u00e9ves.<\/p>\n<h3>V\u00e9lem\u00e9ny: A Crazy Time-ban val\u00f3 nyer\u00e9s k\u00f6nny\u0171<\/h3>\n<p>Ismer\u0151s aj\u00e1nlotta. El\u0151sz\u00f6r azt gondoltam, hogy ez csak egy m\u00f3dja annak, hogy elvesz\u00edtsem az \u00f6sszes p\u00e9nzem, de azt\u00e1n jobb fogad\u00e1sokra tan\u00e1csoltak, \u00e9s a p\u00e9nz be\u00e1ramlani kezdett. Aj\u00e1nlom a Crazy Time-ot, mert k\u00f6nny\u0171, izgalmas \u00e9s \u00e9rdekes nyerni.<\/p>\n<p>Inna, 19 \u00e9ves.<\/p>\n<h3>V\u00e9lem\u00e9ny: Crazy Time &#8211; Egy teljes \u00e9rt\u00e9k\u0171 interakt\u00edv kaszin\u00f3.<\/h3>\n<p>A Crazy Time j\u00e1t\u00e9kot nemr\u00e9g fedeztem fel. \u00daj \u00e9s \u00e9rdekes dolgokat kerestem, \u00e9s tal\u00e1ltam egy teljes interakt\u00edv kaszin\u00f3t, ahol besz\u00e9lgethetsz az oszt\u00f3val, chatelhetsz m\u00e1s j\u00e1t\u00e9kosokkal \u00e9s fantasztikus nyerem\u00e9nyeket kaphatsz. Most egy\u00fctt j\u00e1tszunk. Elhat\u00e1roztam, hogy veszek fel egy jelz\u00e1loghitelt, mert most m\u00e1r Crazy Time-ban is fizethetek. Mindenkinek aj\u00e1nlom a csatlakoz\u00e1st, mert az \u00f6sszes nyerem\u00e9nyem fedezze a fogad\u00e1si k\u00f6lts\u00e9geket.<\/p>\n<p>Sergey, 24 \u00e9ves.<\/p>\n<h3>V\u00e9lem\u00e9ny: Tetszett a kaszin\u00f3 hangulata a Crazy Time j\u00e1t\u00e9kban<\/h3>\n<p>Most j\u00f6ttem a j\u00e1t\u00e9kba. A Crazy Time-ban tetszett a kaszin\u00f3 hangulata, \u00e9s meglep\u0151dtem a nyerem\u00e9nyeken. Nagyon kellemes \u00e9rz\u00e9s havi 2-4 ezer doll\u00e1rt keresni minim\u00e1lis er\u0151fesz\u00edt\u00e9ssel. Mindenkinek aj\u00e1nlom, hogy j\u00e1tszon a Crazy Time-mal.<\/p>\n<p>Victoria, 32 \u00e9ves.<\/p>\n<h3>V\u00e9lem\u00e9ny: J\u00f3 profitot szereztem a Crazy Time-b\u00f3l<\/h3>\n<p>Nagyon agg\u00f3dtam, amikor egy bar\u00e1tom javasolta a j\u00e1t\u00e9kot, \u00e9s hossz\u00fa ideig tan\u00e1csokat adott. Azt\u00e1n kipr\u00f3b\u00e1ltam ezt a Crazy Time-ot. El\u0151sz\u00f6r a nyerem\u00e9nyek csak a t\u00e9tekkel voltak azonosak, de amikor megtanultam j\u00e1tszani, j\u00f3 p\u00e9nzt kezdtem keresni a Crazy Time-mal. M\u00e1r kivontam 6000 doll\u00e1rt n\u00e9gy h\u00f3nap alatt. Aj\u00e1nlom a Crazy Time-ot a j\u00e1t\u00e9kosoknak.<\/p>\n<p>Boris, 29 \u00e9ves.<\/p>\n<h3>V\u00e9lem\u00e9ny: Megtal\u00e1ltam az online Crazy Time j\u00e1t\u00e9kot<\/h3>\n<p>Elhat\u00e1roztam, hogy j\u00e1tszom a Crazy Time j\u00e1t\u00e9kkal, amit online tal\u00e1ltam. Elhelyeztem egy nagy \u00f6sszeget, \u00e9s a let\u00e9t elegend\u0151 volt. A leg\u00e9rdekesebb az volt, hogy elkezdtem nyerni a Crazy Time-ban. Sok p\u00e9nzt kerestem, \u00e9s mivel minden, amire sz\u00fcks\u00e9gem van, az az id\u0151, hogy megtehessem, a Crazy Time kiv\u00e1l\u00f3 online j\u00e1t\u00e9k, amely p\u00e9nzt hoz be.<\/p>\n<p>Igor, 54 \u00e9ves.<\/p>\n<h3>V\u00e9lem\u00e9ny: Nyertem, mert helyesen t\u00e9tet tettem<\/h3>\n<p>Egy bar\u00e1tja javasolta a Crazy Time j\u00e1t\u00e9kot. P\u00e9nzre volt sz\u00fcks\u00e9ge, de nem akart hitelt felvenni. \u00c9s itt nyert, mert helyesen t\u00e9tet tett. Mindenkinek aj\u00e1nlom a Crazy Time-ot. Helyesen tett fel, j\u00f3l nyert, kivont p\u00e9nzt.<\/p>\n<p>Semyon, 29 \u00e9ves.<\/p>\n<h3>V\u00e9lem\u00e9ny: Bar\u00e1t aj\u00e1nlotta a Crazy Time slotot<\/h3>\n<p>Egy koll\u00e9ga javasolta a Crazy Time j\u00e1t\u00e9kot. Elkezdett j\u00e1tszani a kaszin\u00f3ban. A t\u00e9tek minim\u00e1lisak voltak, de k\u00e9s\u0151bb mer\u00e9szebb\u00e9 v\u00e1ltak, \u00e9s most 10-20 doll\u00e1rt kaphatok szektoronk\u00e9nt. Mindig vannak nyerem\u00e9nyek, \u00e9s \u00e1ltal\u00e1ban nagy \u00f6sszegek nyernek. Fontos, hogy ne figyelj a kudarcokra, mert minden visszaj\u00e1tszhat\u00f3. A Crazy Time j\u00e1tsz\u00e1sa biztons\u00e1gos \u00e9s j\u00f6vedelmez\u0151.<\/p>\n<p>Sergey, 32 \u00e9ves.<\/p>\n<h3>V\u00e9lem\u00e9ny: A Crazy Time sok nyer\u00e9si lehet\u0151s\u00e9get k\u00edn\u00e1l<\/h3>\n<p>Bar\u00e1tokt\u00f3l hallottam a Crazy Time j\u00e1t\u00e9kr\u00f3l. El\u0151sz\u00f6r haboztam, de azt\u00e1n \u00fagy d\u00f6nt\u00f6ttem, hogy kipr\u00f3b\u00e1lom. B\u00e1r az els\u0151 alkalommal vesztettem, meg\u00e9rtettem, hogyan kell j\u00e1tszani, \u00e9s most m\u00e9g t\u00f6bbet j\u00e1tszom, mert p\u00e9nzt nyerek. A Crazy Time-ban sok lehet\u0151s\u00e9g van a nyer\u00e9sre, \u00e9s nagyon izgalmas.<\/p>\n<p>Daniil, 27 \u00e9ves.<\/p>\n<h3>V\u00e9lem\u00e9ny: Nagy \u00f6sszeget nyertem a Crazy Time-ban<\/h3>\n<p>Az \u00e9rzelmek ut\u00e1n kutattam, megtal\u00e1ltam a Crazy Time j\u00e1t\u00e9kot. \u00c1lland\u00f3an j\u00e1tszom a Crazy Time-mal, nagy p\u00e9nzt nyerek, nagyon j\u00f3l sz\u00f3rakozom, \u00e9s mindenkinek aj\u00e1nlom, akit ismerek. Nem fogsz csal\u00f3dni, ha kipr\u00f3b\u00e1lod a Crazy Time-ot.<\/p>\n<p>Petr, 24 \u00e9ves.<\/p>\n<h3>V\u00e9lem\u00e9ny: A Crazy Time megfelel\u0151 haszn\u00e1lata<\/h3>\n<p>Megismerkedtem a Crazy Time j\u00e1t\u00e9kkal. El\u0151sz\u00f6r haboztam, de miut\u00e1n l\u00e1ttam, hogyan nyer a bar\u00e1tom \u00e9s kivonja a p\u00e9nzt, \u00fagy d\u00f6nt\u00f6ttem, hogy kipr\u00f3b\u00e1lom magam. B\u00e1r soha nem j\u00e1tszottam, a bar\u00e1t gyorsan utas\u00edt\u00e1sokat adott nekem a Crazy Time j\u00e1t\u00e9khoz. Most t\u00e9tet teszek, nyerek, \u00e9s magam is kivonom. Mivel minden p\u00e9nzt k\u00fcl\u00f6nb\u00f6z\u0151 szektorok k\u00f6z\u00f6tt osztok sz\u00e9t, \u00e1lland\u00f3 j\u00f6vedelmet kapok minden k\u00f6rben. \u00cdgy a Crazy Time lehet\u0151s\u00e9get ny\u00fajt a p\u00e9nzkeres\u00e9sre.<\/p>\n<p>Sasha, 36 \u00e9ves.<\/p>\n","protected":false},"excerpt":{"rendered":"<p>V\u00e9lem\u00e9ny: Az els\u0151 j\u00e1t\u00e9kom a Crazy Time online kaszin\u00f3j\u00e1ban Egy bar\u00e1tom mes\u00e9lt a Crazy Time slotr\u00f3l. R\u00e9g\u00f3ta j\u00e1tszom k\u00fcl\u00f6nb\u00f6z\u0151 j\u00e1t\u00e9kokkal, de ez volt az els\u0151 tapasztalatom egy val\u00f3di online kaszin\u00f3ban. El\u0151sz\u00f6r nem hittem el, amikor a bar\u00e1tom azt mondta, hogy online is vannak ilyen dolgok, de itt val\u00f3ban van egy val\u00f3s h\u00e1zigazda \u00e9s chat. Eleinte nem nyertem meg az \u00f6sszegem nagy r\u00e9sz\u00e9t azonnal, de v\u00e1llaltam egy kock\u00e1zatot, \u00e9s Pachink\u00f3ra tettem egy fogad\u00e1st. V\u00e9g\u00fcl a t\u00e9t&hellip; <\/p>\n","protected":false},"author":1,"featured_media":0,"parent":0,"menu_order":0,"comment_status":"closed","ping_status":"closed","template":"","meta":{"footnotes":""},"class_list":["post-13","page","type-page","status-publish","hentry"],"yoast_head":"<!-- This site is optimized with the Yoast SEO plugin v27.2 - https:\/\/yoast.com\/product\/yoast-seo-wordpress\/ -->\n<title>\u041e\u0442\u0437\u044b\u0432\u044b \u043e\u0431 \u0438\u0433\u0440\u0435 Crazy Time: \u0440\u0435\u0430\u043b\u044c\u043d\u044b\u0435 \u0432\u043f\u0435\u0447\u0430\u0442\u043b\u0435\u043d\u0438\u044f \u0438\u0433\u0440\u043e\u043a\u043e\u0432<\/title>\n<meta name=\"description\" content=\"\u0427\u0438\u0442\u0430\u0439\u0442\u0435 \u0447\u0435\u0441\u0442\u043d\u044b\u0435 \u043e\u0442\u0437\u044b\u0432\u044b \u0438\u0433\u0440\u043e\u043a\u043e\u0432 \u043e Crazy Time. \u0423\u0437\u043d\u0430\u0439\u0442\u0435 \u043e\u0431 \u0443\u0434\u0430\u0447\u043d\u044b\u0445 \u0441\u0442\u0440\u0430\u0442\u0435\u0433\u0438\u044f\u0445, \u0432\u043e\u043b\u043d\u0443\u044e\u0449\u0438\u0445 \u043c\u043e\u043c\u0435\u043d\u0442\u0430\u0445 \u0438 \u0430\u0437\u0430\u0440\u0442\u043d\u044b\u0445 \u043f\u0440\u0438\u043a\u043b\u044e\u0447\u0435\u043d\u0438\u044f\u0445 \u0432 \u043d\u0430\u0448\u0435\u043c \u043e\u043d\u043b\u0430\u0439\u043d \u043a\u0430\u0437\u0438\u043d\u043e.\" \/>\n<meta name=\"robots\" content=\"index, follow, max-snippet:-1, max-image-preview:large, max-video-preview:-1\" \/>\n<link rel=\"canonical\" href=\"https:\/\/historycrazytime.info\/hu\/crazy-time-reviews\/\" \/>\n<meta property=\"og:locale\" content=\"hu_HU\" \/>\n<meta property=\"og:locale:alternate\" content=\"en_US\" \/>\n<meta property=\"og:locale:alternate\" content=\"ru_RU\" \/>\n<meta property=\"og:locale:alternate\" content=\"pt_PT\" \/>\n<meta property=\"og:locale:alternate\" content=\"es_ES\" \/>\n<meta property=\"og:locale:alternate\" content=\"ro_RO\" \/>\n<meta property=\"og:locale:alternate\" content=\"sr_RS\" \/>\n<meta property=\"og:locale:alternate\" content=\"bg_BG\" \/>\n<meta property=\"og:locale:alternate\" content=\"pl_PL\" \/>\n<meta property=\"og:locale:alternate\" content=\"el\" \/>\n<meta property=\"og:locale:alternate\" content=\"tr_TR\" \/>\n<meta property=\"og:type\" content=\"article\" \/>\n<meta property=\"og:title\" content=\"\u041e\u0442\u0437\u044b\u0432\u044b \u043e\u0431 \u0438\u0433\u0440\u0435 Crazy Time: \u0440\u0435\u0430\u043b\u044c\u043d\u044b\u0435 \u0432\u043f\u0435\u0447\u0430\u0442\u043b\u0435\u043d\u0438\u044f \u0438\u0433\u0440\u043e\u043a\u043e\u0432\" \/>\n<meta property=\"og:description\" content=\"\u0427\u0438\u0442\u0430\u0439\u0442\u0435 \u0447\u0435\u0441\u0442\u043d\u044b\u0435 \u043e\u0442\u0437\u044b\u0432\u044b \u0438\u0433\u0440\u043e\u043a\u043e\u0432 \u043e Crazy Time. \u0423\u0437\u043d\u0430\u0439\u0442\u0435 \u043e\u0431 \u0443\u0434\u0430\u0447\u043d\u044b\u0445 \u0441\u0442\u0440\u0430\u0442\u0435\u0433\u0438\u044f\u0445, \u0432\u043e\u043b\u043d\u0443\u044e\u0449\u0438\u0445 \u043c\u043e\u043c\u0435\u043d\u0442\u0430\u0445 \u0438 \u0430\u0437\u0430\u0440\u0442\u043d\u044b\u0445 \u043f\u0440\u0438\u043a\u043b\u044e\u0447\u0435\u043d\u0438\u044f\u0445 \u0432 \u043d\u0430\u0448\u0435\u043c \u043e\u043d\u043b\u0430\u0439\u043d \u043a\u0430\u0437\u0438\u043d\u043e.\" \/>\n<meta property=\"og:url\" content=\"https:\/\/historycrazytime.info\/hu\/crazy-time-reviews\/\" \/>\n<meta property=\"og:site_name\" content=\"Crazy Time\" \/>\n<meta property=\"article:modified_time\" content=\"2023-12-27T17:52:14+00:00\" \/>\n<meta name=\"twitter:card\" content=\"summary_large_image\" \/>\n<meta name=\"twitter:label1\" content=\"Becs\u00fclt olvas\u00e1si id\u0151\" \/>\n\t<meta name=\"twitter:data1\" content=\"53 perc\" \/>\n<script type=\"application\/ld+json\" class=\"yoast-schema-graph\">{\"@context\":\"https:\/\/schema.org\",\"@graph\":[{\"@type\":\"WebPage\",\"@id\":\"https:\/\/historycrazytime.info\/crazy-time-reviews\/\",\"url\":\"https:\/\/historycrazytime.info\/crazy-time-reviews\/\",\"name\":\"\u041e\u0442\u0437\u044b\u0432\u044b \u043e\u0431 \u0438\u0433\u0440\u0435 Crazy Time: \u0440\u0435\u0430\u043b\u044c\u043d\u044b\u0435 \u0432\u043f\u0435\u0447\u0430\u0442\u043b\u0435\u043d\u0438\u044f \u0438\u0433\u0440\u043e\u043a\u043e\u0432\",\"isPartOf\":{\"@id\":\"https:\/\/historycrazytime.info\/#website\"},\"datePublished\":\"2023-12-09T15:15:05+00:00\",\"dateModified\":\"2023-12-27T17:52:14+00:00\",\"description\":\"\u0427\u0438\u0442\u0430\u0439\u0442\u0435 \u0447\u0435\u0441\u0442\u043d\u044b\u0435 \u043e\u0442\u0437\u044b\u0432\u044b \u0438\u0433\u0440\u043e\u043a\u043e\u0432 \u043e Crazy Time. \u0423\u0437\u043d\u0430\u0439\u0442\u0435 \u043e\u0431 \u0443\u0434\u0430\u0447\u043d\u044b\u0445 \u0441\u0442\u0440\u0430\u0442\u0435\u0433\u0438\u044f\u0445, \u0432\u043e\u043b\u043d\u0443\u044e\u0449\u0438\u0445 \u043c\u043e\u043c\u0435\u043d\u0442\u0430\u0445 \u0438 \u0430\u0437\u0430\u0440\u0442\u043d\u044b\u0445 \u043f\u0440\u0438\u043a\u043b\u044e\u0447\u0435\u043d\u0438\u044f\u0445 \u0432 \u043d\u0430\u0448\u0435\u043c \u043e\u043d\u043b\u0430\u0439\u043d \u043a\u0430\u0437\u0438\u043d\u043e.\",\"breadcrumb\":{\"@id\":\"https:\/\/historycrazytime.info\/crazy-time-reviews\/#breadcrumb\"},\"inLanguage\":\"hu-HU\",\"potentialAction\":[{\"@type\":\"ReadAction\",\"target\":[\"https:\/\/historycrazytime.info\/crazy-time-reviews\/\"]}]},{\"@type\":\"BreadcrumbList\",\"@id\":\"https:\/\/historycrazytime.info\/crazy-time-reviews\/#breadcrumb\",\"itemListElement\":[{\"@type\":\"ListItem\",\"position\":1,\"name\":\"Home\",\"item\":\"https:\/\/historycrazytime.info\/\"},{\"@type\":\"ListItem\",\"position\":2,\"name\":\"\u041e\u0442\u0437\u044b\u0432\u044b \u0438\u0433\u0440\u043e\u043a\u043e\u0432 \u043e Crazy Time \u0432 \u043e\u043d\u043b\u0430\u0439\u043d-\u043a\u0430\u0437\u0438\u043d\u043e\"}]},{\"@type\":\"WebSite\",\"@id\":\"https:\/\/historycrazytime.info\/#website\",\"url\":\"https:\/\/historycrazytime.info\/\",\"name\":\"Crazy Time\",\"description\":\"\",\"publisher\":{\"@id\":\"https:\/\/historycrazytime.info\/#organization\"},\"potentialAction\":[{\"@type\":\"SearchAction\",\"target\":{\"@type\":\"EntryPoint\",\"urlTemplate\":\"https:\/\/historycrazytime.info\/?s={search_term_string}\"},\"query-input\":{\"@type\":\"PropertyValueSpecification\",\"valueRequired\":true,\"valueName\":\"search_term_string\"}}],\"inLanguage\":\"hu-HU\"},{\"@type\":\"Organization\",\"@id\":\"https:\/\/historycrazytime.info\/#organization\",\"name\":\"Crazy Time\",\"url\":\"https:\/\/historycrazytime.info\/\",\"logo\":{\"@type\":\"ImageObject\",\"inLanguage\":\"hu-HU\",\"@id\":\"https:\/\/historycrazytime.info\/#\/schema\/logo\/image\/\",\"url\":\"https:\/\/historycrazytime.info\/wp-content\/uploads\/crazy-time-logo.webp\",\"contentUrl\":\"https:\/\/historycrazytime.info\/wp-content\/uploads\/crazy-time-logo.webp\",\"width\":640,\"height\":448,\"caption\":\"Crazy Time\"},\"image\":{\"@id\":\"https:\/\/historycrazytime.info\/#\/schema\/logo\/image\/\"}}]}<\/script>\n<!-- \/ Yoast SEO plugin. -->","yoast_head_json":{"title":"\u041e\u0442\u0437\u044b\u0432\u044b \u043e\u0431 \u0438\u0433\u0440\u0435 Crazy Time: \u0440\u0435\u0430\u043b\u044c\u043d\u044b\u0435 \u0432\u043f\u0435\u0447\u0430\u0442\u043b\u0435\u043d\u0438\u044f \u0438\u0433\u0440\u043e\u043a\u043e\u0432","description":"\u0427\u0438\u0442\u0430\u0439\u0442\u0435 \u0447\u0435\u0441\u0442\u043d\u044b\u0435 \u043e\u0442\u0437\u044b\u0432\u044b \u0438\u0433\u0440\u043e\u043a\u043e\u0432 \u043e Crazy Time. \u0423\u0437\u043d\u0430\u0439\u0442\u0435 \u043e\u0431 \u0443\u0434\u0430\u0447\u043d\u044b\u0445 \u0441\u0442\u0440\u0430\u0442\u0435\u0433\u0438\u044f\u0445, \u0432\u043e\u043b\u043d\u0443\u044e\u0449\u0438\u0445 \u043c\u043e\u043c\u0435\u043d\u0442\u0430\u0445 \u0438 \u0430\u0437\u0430\u0440\u0442\u043d\u044b\u0445 \u043f\u0440\u0438\u043a\u043b\u044e\u0447\u0435\u043d\u0438\u044f\u0445 \u0432 \u043d\u0430\u0448\u0435\u043c \u043e\u043d\u043b\u0430\u0439\u043d \u043a\u0430\u0437\u0438\u043d\u043e.","robots":{"index":"index","follow":"follow","max-snippet":"max-snippet:-1","max-image-preview":"max-image-preview:large","max-video-preview":"max-video-preview:-1"},"canonical":"https:\/\/historycrazytime.info\/hu\/crazy-time-reviews\/","og_locale":"hu_HU","og_type":"article","og_title":"\u041e\u0442\u0437\u044b\u0432\u044b \u043e\u0431 \u0438\u0433\u0440\u0435 Crazy Time: \u0440\u0435\u0430\u043b\u044c\u043d\u044b\u0435 \u0432\u043f\u0435\u0447\u0430\u0442\u043b\u0435\u043d\u0438\u044f \u0438\u0433\u0440\u043e\u043a\u043e\u0432","og_description":"\u0427\u0438\u0442\u0430\u0439\u0442\u0435 \u0447\u0435\u0441\u0442\u043d\u044b\u0435 \u043e\u0442\u0437\u044b\u0432\u044b \u0438\u0433\u0440\u043e\u043a\u043e\u0432 \u043e Crazy Time. \u0423\u0437\u043d\u0430\u0439\u0442\u0435 \u043e\u0431 \u0443\u0434\u0430\u0447\u043d\u044b\u0445 \u0441\u0442\u0440\u0430\u0442\u0435\u0433\u0438\u044f\u0445, \u0432\u043e\u043b\u043d\u0443\u044e\u0449\u0438\u0445 \u043c\u043e\u043c\u0435\u043d\u0442\u0430\u0445 \u0438 \u0430\u0437\u0430\u0440\u0442\u043d\u044b\u0445 \u043f\u0440\u0438\u043a\u043b\u044e\u0447\u0435\u043d\u0438\u044f\u0445 \u0432 \u043d\u0430\u0448\u0435\u043c \u043e\u043d\u043b\u0430\u0439\u043d \u043a\u0430\u0437\u0438\u043d\u043e.","og_url":"https:\/\/historycrazytime.info\/hu\/crazy-time-reviews\/","og_site_name":"Crazy Time","article_modified_time":"2023-12-27T17:52:14+00:00","twitter_card":"summary_large_image","twitter_misc":{"Becs\u00fclt olvas\u00e1si id\u0151":"53 perc"},"schema":{"@context":"https:\/\/schema.org","@graph":[{"@type":"WebPage","@id":"https:\/\/historycrazytime.info\/crazy-time-reviews\/","url":"https:\/\/historycrazytime.info\/crazy-time-reviews\/","name":"\u041e\u0442\u0437\u044b\u0432\u044b \u043e\u0431 \u0438\u0433\u0440\u0435 Crazy Time: \u0440\u0435\u0430\u043b\u044c\u043d\u044b\u0435 \u0432\u043f\u0435\u0447\u0430\u0442\u043b\u0435\u043d\u0438\u044f \u0438\u0433\u0440\u043e\u043a\u043e\u0432","isPartOf":{"@id":"https:\/\/historycrazytime.info\/#website"},"datePublished":"2023-12-09T15:15:05+00:00","dateModified":"2023-12-27T17:52:14+00:00","description":"\u0427\u0438\u0442\u0430\u0439\u0442\u0435 \u0447\u0435\u0441\u0442\u043d\u044b\u0435 \u043e\u0442\u0437\u044b\u0432\u044b \u0438\u0433\u0440\u043e\u043a\u043e\u0432 \u043e Crazy Time. \u0423\u0437\u043d\u0430\u0439\u0442\u0435 \u043e\u0431 \u0443\u0434\u0430\u0447\u043d\u044b\u0445 \u0441\u0442\u0440\u0430\u0442\u0435\u0433\u0438\u044f\u0445, \u0432\u043e\u043b\u043d\u0443\u044e\u0449\u0438\u0445 \u043c\u043e\u043c\u0435\u043d\u0442\u0430\u0445 \u0438 \u0430\u0437\u0430\u0440\u0442\u043d\u044b\u0445 \u043f\u0440\u0438\u043a\u043b\u044e\u0447\u0435\u043d\u0438\u044f\u0445 \u0432 \u043d\u0430\u0448\u0435\u043c \u043e\u043d\u043b\u0430\u0439\u043d \u043a\u0430\u0437\u0438\u043d\u043e.","breadcrumb":{"@id":"https:\/\/historycrazytime.info\/crazy-time-reviews\/#breadcrumb"},"inLanguage":"hu-HU","potentialAction":[{"@type":"ReadAction","target":["https:\/\/historycrazytime.info\/crazy-time-reviews\/"]}]},{"@type":"BreadcrumbList","@id":"https:\/\/historycrazytime.info\/crazy-time-reviews\/#breadcrumb","itemListElement":[{"@type":"ListItem","position":1,"name":"Home","item":"https:\/\/historycrazytime.info\/"},{"@type":"ListItem","position":2,"name":"\u041e\u0442\u0437\u044b\u0432\u044b \u0438\u0433\u0440\u043e\u043a\u043e\u0432 \u043e Crazy Time \u0432 \u043e\u043d\u043b\u0430\u0439\u043d-\u043a\u0430\u0437\u0438\u043d\u043e"}]},{"@type":"WebSite","@id":"https:\/\/historycrazytime.info\/#website","url":"https:\/\/historycrazytime.info\/","name":"Crazy Time","description":"","publisher":{"@id":"https:\/\/historycrazytime.info\/#organization"},"potentialAction":[{"@type":"SearchAction","target":{"@type":"EntryPoint","urlTemplate":"https:\/\/historycrazytime.info\/?s={search_term_string}"},"query-input":{"@type":"PropertyValueSpecification","valueRequired":true,"valueName":"search_term_string"}}],"inLanguage":"hu-HU"},{"@type":"Organization","@id":"https:\/\/historycrazytime.info\/#organization","name":"Crazy Time","url":"https:\/\/historycrazytime.info\/","logo":{"@type":"ImageObject","inLanguage":"hu-HU","@id":"https:\/\/historycrazytime.info\/#\/schema\/logo\/image\/","url":"https:\/\/historycrazytime.info\/wp-content\/uploads\/crazy-time-logo.webp","contentUrl":"https:\/\/historycrazytime.info\/wp-content\/uploads\/crazy-time-logo.webp","width":640,"height":448,"caption":"Crazy Time"},"image":{"@id":"https:\/\/historycrazytime.info\/#\/schema\/logo\/image\/"}}]}},"_links":{"self":[{"href":"https:\/\/historycrazytime.info\/hu\/wp-json\/wp\/v2\/pages\/13","targetHints":{"allow":["GET"]}}],"collection":[{"href":"https:\/\/historycrazytime.info\/hu\/wp-json\/wp\/v2\/pages"}],"about":[{"href":"https:\/\/historycrazytime.info\/hu\/wp-json\/wp\/v2\/types\/page"}],"author":[{"embeddable":true,"href":"https:\/\/historycrazytime.info\/hu\/wp-json\/wp\/v2\/users\/1"}],"replies":[{"embeddable":true,"href":"https:\/\/historycrazytime.info\/hu\/wp-json\/wp\/v2\/comments?post=13"}],"version-history":[{"count":24,"href":"https:\/\/historycrazytime.info\/hu\/wp-json\/wp\/v2\/pages\/13\/revisions"}],"predecessor-version":[{"id":156,"href":"https:\/\/historycrazytime.info\/hu\/wp-json\/wp\/v2\/pages\/13\/revisions\/156"}],"wp:attachment":[{"href":"https:\/\/historycrazytime.info\/hu\/wp-json\/wp\/v2\/media?parent=13"}],"curies":[{"name":"wp","href":"https:\/\/api.w.org\/{rel}","templated":true}]}}