{"id":11,"date":"2023-12-09T12:28:50","date_gmt":"2023-12-09T12:28:50","guid":{"rendered":"https:\/\/historycrazytime.info\/?page_id=11"},"modified":"2023-12-27T18:13:06","modified_gmt":"2023-12-27T18:13:06","slug":"crazy-time-strategies","status":"publish","type":"page","link":"https:\/\/historycrazytime.info\/hu\/crazy-time-strategies\/","title":{"rendered":"Crazy Time Strat\u00e9gi\u00e1k"},"content":{"rendered":"<h2>Hogyan nyerj a Crazy Time izgalmas j\u00e1t\u00e9k\u00e1ban<\/h2>\n<p>Szeretn\u00e9m megosztani azokat a strat\u00e9gi\u00e1kat \u00e9s taktik\u00e1kat, amelyek seg\u00edtenek nyerni a j\u00e1t\u00e9kban. A Crazy Time az online kaszin\u00f3ban t\u00f6bb, mint egy j\u00e1t\u00e9k; val\u00f3di p\u00e9nzt is nyerhetsz! Lehet\u0151s\u00e9ged van nagyot nyerni, ha helyesen j\u00e1tszol, \u00e9s k\u00f6vetsz egy meghat\u00e1rozott algoritmust.<\/p>\n<p>Eml\u00e9kezz, a Crazy Time-ban el\u0151fordulhat, hogy elvesz\u00edtesz egy bizonyos \u00f6sszeget a rossz t\u00e9t k\u00f6vetkezt\u00e9ben. Ilyesmi t\u00f6rt\u00e9nhet, ha a rossz szektorokban j\u00e1tszol. K\u00eds\u00e9rt\u00e9st \u00e9rezhetsz, hogy m\u00e9g t\u00f6bbet keress nagy t\u00e9tekkel, v\u00e9g\u00fcl mindent kock\u00e1ra t\u00e9ve a v\u00e1gyott Crazy Time szektor\u00e9rt. Azonban ilyenkor vesztes\u00e9gek is el\u0151fordulhatnak. Bemutatjuk a Crazy Time j\u00e1t\u00e9k strat\u00e9gi\u00e1j\u00e1t \u00e9s taktik\u00e1j\u00e1t, hogy megel\u0151zz\u00fck az ilyen \u00e9rzelmi \u00e9s helytelen helyzeteket, lehet\u0151v\u00e9 t\u00e9ve sz\u00e1modra, hogy nyeres\u00e9get \u00e9rj el a Crazy Time t\u00e9tekkel.<\/p>\n<p>Felmer\u00fcl a k\u00e9rd\u00e9s: hogyan lehet nyerni? Hogyan lehet val\u00f3di p\u00e9nzt nyerni a Crazy Time nyer\u0151g\u00e9pekkel online? N\u00e9h\u00e1ny megk\u00f6zel\u00edt\u00e9st bemutatunk. Elmondjuk, hogyan nyerhetsz, \u00e9s te v\u00e1laszthatsz a saj\u00e1todnak.<\/p>\n<p>Fontos megjegyezni, hogy amikor az online kaszin\u00f3 Crazy Time-j\u00e1t j\u00e1tszod, sokkal el\u0151ny\u00f6sebb t\u00e9teket tenni t\u00f6bb ter\u00fcletre a kock\u00e1zatok cs\u00f6kkent\u00e9se \u00e9s a nyerem\u00e9nyek maximaliz\u00e1l\u00e1sa \u00e9rdek\u00e9ben.<\/p>\n<h2>M\u00f3dszer &#8222;\u00d3vatoss\u00e1g &#8211; a Siker \u00datja&#8221;<\/h2>\n<p>Ez a v\u00e1laszt\u00e1s azoknak sz\u00f3l, akik nem akarnak t\u00fals\u00e1gosan stresszelni. A c\u00e9l az, hogy fokozatosan n\u00f6velj\u00fck a nyerem\u00e9nyeket l\u00e9p\u00e9sr\u0151l l\u00e9p\u00e9sre. Nem fogsz gyorsan sok p\u00e9nzt nyerni, de fokozatosan n\u00f6velheted a befizet\u00e9sed.<\/p>\n<p>A c\u00e9l az, hogy n\u00f6velj\u00fck az egyszer\u0171 szektorok x1, x2 \u00e9s x5 landol\u00e1s\u00e1nak val\u00f3sz\u00edn\u0171s\u00e9g\u00e9t, mivel ezek egy\u00fcttesen t\u00f6bb mint 75% val\u00f3sz\u00edn\u0171s\u00e9ggel rendelkeznek. Ez azt jelenti, hogy van es\u00e9ly a minim\u00e1lis t\u00e9t visszaszerz\u00e9s\u00e9re h\u00e1rom j\u00e1t\u00e9k k\u00f6z\u00fcl kett\u0151ben.<\/p>\n<p>Ezut\u00e1n megjelenik egy szektor szorz\u00f3 a t\u00e1bl\u00e1n. Ennek k\u00f6sz\u00f6nhet\u0151en nagy \u00f6sszeg\u0171 p\u00e9nzt nyerhet\u00fcnk, n\u00f6velve a j\u00e1t\u00e9k egyenleg\u00e9t. A x2 szektorra 2 doll\u00e1rt t\u00e9ve x7-et kapunk a szektor szorz\u00f3val, \u00e9s v\u00e9g\u00fcl x14-zel z\u00e1runk.<\/p>\n<p>Egyet\u00e9rtesz, ez egy j\u00f3 nyerem\u00e9ny az online kaszin\u00f3ban tett x2-es t\u00e9tekkel. A Crazy Time-ban n\u00f6velhetj\u00fck a j\u00e1t\u00e9k egyenleg\u00e9t egy rendes x2-es t\u00e9t seg\u00edts\u00e9g\u00e9vel.<\/p>\n<p>Annak ellen\u00e9re, hogy a j\u00e1t\u00e9k hossz\u00fa id\u0151t vesz ig\u00e9nybe, \u00e9s \u00f3vatoss\u00e1got ig\u00e9nyel, a Crazy Time j\u00e1t\u00e9kkal val\u00f3 j\u00e1t\u00e9k sor\u00e1n maxim\u00e1lis \u00f6r\u00f6m\u00f6t fogsz lelni, m\u00e9g akkor is, ha minim\u00e1lis kock\u00e1zatokkal j\u00e1tszol.<\/p>\n<h2>Terv &#8222;A Kock\u00e1zat Indokolja a K\u00f6lts\u00e9geket&#8221;<\/h2>\n<p>Ennek a strat\u00e9gi\u00e1nak a c\u00e9lja a maxim\u00e1lis nyerem\u00e9nyek el\u00e9r\u00e9se min\u00e9l t\u00f6bb ter\u00fcleten.<\/p>\n<p>Tegye fel a minim\u00e1lis t\u00e9tet egyszerre mindenre. Gy\u0151z\u0151dj\u00f6n meg r\u00f3la, hogy a j\u00e1t\u00e9k egyenlege el\u00e9g nagy ahhoz, hogy haszn\u00e1lhassa ezt a &#8222;Sz\u00f3rakoz\u00e1s Id\u0151t&#8221; strat\u00e9gi\u00e1t az online kaszin\u00f3ban. Fontos megjegyezni, hogy a kisebb nyerem\u00e9nyek kiegyenl\u00edtik a nagy vesztes\u00e9geket. Ez a Crazy Time strat\u00e9gia a t\u00e9tek sz\u00e1m\u00e1nak n\u00f6vel\u00e9s\u00e9t c\u00e9lozza meg, n\u00f6velve a b\u00f3nuszj\u00e1t\u00e9k el\u0151id\u00e9z\u00e9s\u00e9nek es\u00e9ly\u00e9t. Ezt az\u00e9rt \u00e9rik el, mert a b\u00f3nuszszintek ak\u00e1r x25000-es szorz\u00f3kkal is felhalmozhatj\u00e1k az \u00f6sszes t\u00e9tet. \u0150szint\u00e9n sz\u00f3lva, ez kock\u00e1zatosabb strat\u00e9gia, mint az el\u0151z\u0151, de a nyerem\u00e9nyek \u00f6sszege jelent\u0151sen magasabb.<\/p>\n<h2>Terv &#8222;A B\u00e1torokat a Szerencse Kedveli&#8221;<\/h2>\n<p>A Crazy Time-ban val\u00f3 nyer\u00e9s a harmadik sikeres m\u00f3dszer. Amikor a Crazy Time-ot online j\u00e1tszod, kock\u00e1zatokat kell v\u00e1llalnod, \u00e9s rem\u00e9lned kell, hogy a szerencse a te oldaladon van. Ha biztos vagy az egyenlegedben, \u00e9s nem f\u00e9lsz a kock\u00e1zatokt\u00f3l, ez az opci\u00f3 neked val\u00f3.<\/p>\n<p>T\u00e9gy sokat a b\u00f3nuszj\u00e1t\u00e9kokra an\u00e9lk\u00fcl, hogy p\u00e9nzt k\u00f6lten\u00e9l kisebb dolgokra a nagy t\u00e9tek el\u0151tt. T\u00e9gy meg t\u00f6bbsz\u00f6r\u00f6s t\u00e9teket. Folyamatosan k\u00f6zel\u00edtsd meg a kedvenc Crazy Time szektort.<\/p>\n<p>\u00c9rdemes megjegyezni, hogy mag\u00e1ban a Crazy Time szektor sorsol\u00e1s\u00e1ban lehet\u0151s\u00e9g\u00fcnk van v\u00e1lasztani a h\u00e1rom jel egyik\u00e9t, ami n\u00f6veli az es\u00e9lyeinket a gy\u0151zelemre az intuiti\u00f3nk \u00e1ltal sugallt m\u00e9rt\u00e9kben.<\/p>\n<p>\u00d6sszefoglal\u00e1s: \u00f6sszegy\u0171jt\u00f6tt\u00fck a Crazy Time j\u00e1t\u00e9k f\u0151 strat\u00e9gi\u00e1it \u00e9s taktik\u00e1it, amelyeket felhaszn\u00e1lhatsz val\u00f3di p\u00e9nz nyer\u00e9s\u00e9hez. Rajtad m\u00falik, hogy melyik strat\u00e9gi\u00e1t \u00e9s taktik\u00e1t v\u00e1lasztod. Mindenkinek fantasztikus id\u0151t k\u00edv\u00e1nunk a Crazy Time Casino j\u00e1t\u00e9k\u00e1hoz. Nyerj, \u00e9s senki sem marad ki j\u00e1tszm\u00e1b\u00f3l.<\/p>\n","protected":false},"excerpt":{"rendered":"<p>Hogyan nyerj a Crazy Time izgalmas j\u00e1t\u00e9k\u00e1ban Szeretn\u00e9m megosztani azokat a strat\u00e9gi\u00e1kat \u00e9s taktik\u00e1kat, amelyek seg\u00edtenek nyerni a j\u00e1t\u00e9kban. A Crazy Time az online kaszin\u00f3ban t\u00f6bb, mint egy j\u00e1t\u00e9k; val\u00f3di p\u00e9nzt is nyerhetsz! Lehet\u0151s\u00e9ged van nagyot nyerni, ha helyesen j\u00e1tszol, \u00e9s k\u00f6vetsz egy meghat\u00e1rozott algoritmust. Eml\u00e9kezz, a Crazy Time-ban el\u0151fordulhat, hogy elvesz\u00edtesz egy bizonyos \u00f6sszeget a rossz t\u00e9t k\u00f6vetkezt\u00e9ben. Ilyesmi t\u00f6rt\u00e9nhet, ha a rossz szektorokban j\u00e1tszol. K\u00eds\u00e9rt\u00e9st \u00e9rezhetsz, hogy m\u00e9g t\u00f6bbet keress nagy t\u00e9tekkel, v\u00e9g\u00fcl&hellip; <\/p>\n","protected":false},"author":1,"featured_media":0,"parent":0,"menu_order":0,"comment_status":"closed","ping_status":"closed","template":"","meta":{"footnotes":""},"class_list":["post-11","page","type-page","status-publish","hentry"],"yoast_head":"<!-- This site is optimized with the Yoast SEO plugin v27.2 - https:\/\/yoast.com\/product\/yoast-seo-wordpress\/ -->\n<title>\u041b\u0443\u0447\u0448\u0438\u0435 \u0441\u0442\u0440\u0430\u0442\u0435\u0433\u0438\u0438 \u0434\u043b\u044f Crazy Time: \u043a\u0430\u043a \u0443\u0432\u0435\u043b\u0438\u0447\u0438\u0442\u044c \u0448\u0430\u043d\u0441\u044b \u043d\u0430 \u0432\u044b\u0438\u0433\u0440\u044b\u0448<\/title>\n<meta name=\"description\" content=\"Fedezze fel a Crazy Time j\u00e1t\u00e9k hat\u00e9kony strat\u00e9gi\u00e1it. N\u00f6velje meg es\u00e9lyeit a nagy nyerem\u00e9ny el\u00e9r\u00e9s\u00e9re, \u00e9s \u00e9lvezze az intelligens szerencsej\u00e1t\u00e9kot a kaszin\u00f3nkban.\" \/>\n<meta name=\"robots\" content=\"index, follow, max-snippet:-1, max-image-preview:large, max-video-preview:-1\" \/>\n<link rel=\"canonical\" href=\"https:\/\/historycrazytime.info\/hu\/crazy-time-strategies\/\" \/>\n<meta property=\"og:locale\" content=\"hu_HU\" \/>\n<meta property=\"og:locale:alternate\" content=\"en_US\" \/>\n<meta property=\"og:locale:alternate\" content=\"ru_RU\" \/>\n<meta property=\"og:locale:alternate\" content=\"pt_PT\" \/>\n<meta property=\"og:locale:alternate\" content=\"es_ES\" \/>\n<meta property=\"og:locale:alternate\" content=\"ro_RO\" \/>\n<meta property=\"og:locale:alternate\" content=\"sr_RS\" \/>\n<meta property=\"og:locale:alternate\" content=\"bg_BG\" \/>\n<meta property=\"og:locale:alternate\" content=\"pl_PL\" \/>\n<meta property=\"og:locale:alternate\" content=\"el\" \/>\n<meta property=\"og:locale:alternate\" content=\"tr_TR\" \/>\n<meta property=\"og:type\" content=\"article\" \/>\n<meta property=\"og:title\" content=\"\u041b\u0443\u0447\u0448\u0438\u0435 \u0441\u0442\u0440\u0430\u0442\u0435\u0433\u0438\u0438 \u0434\u043b\u044f Crazy Time: \u043a\u0430\u043a \u0443\u0432\u0435\u043b\u0438\u0447\u0438\u0442\u044c \u0448\u0430\u043d\u0441\u044b \u043d\u0430 \u0432\u044b\u0438\u0433\u0440\u044b\u0448\" \/>\n<meta property=\"og:description\" content=\"\u0418\u0437\u0443\u0447\u0438\u0442\u0435 \u044d\u0444\u0444\u0435\u043a\u0442\u0438\u0432\u043d\u044b\u0435 \u0441\u0442\u0440\u0430\u0442\u0435\u0433\u0438\u0438 \u0438\u0433\u0440\u044b \u0432 Crazy Time. \u041f\u043e\u0432\u044b\u0448\u0430\u0439\u0442\u0435 \u0441\u0432\u043e\u0438 \u0448\u0430\u043d\u0441\u044b \u043d\u0430 \u043a\u0440\u0443\u043f\u043d\u044b\u0439 \u0432\u044b\u0438\u0433\u0440\u044b\u0448 \u0438 \u043d\u0430\u0441\u043b\u0430\u0436\u0434\u0430\u0439\u0442\u0435\u0441\u044c \u0430\u0437\u0430\u0440\u0442\u043e\u043c \u0441 \u0443\u043c\u043e\u043c \u0432 \u043d\u0430\u0448\u0435\u043c \u043a\u0430\u0437\u0438\u043d\u043e.\" \/>\n<meta property=\"og:url\" content=\"https:\/\/historycrazytime.info\/hu\/crazy-time-strategies\/\" \/>\n<meta property=\"og:site_name\" content=\"Crazy Time\" \/>\n<meta property=\"article:modified_time\" content=\"2023-12-27T18:13:06+00:00\" \/>\n<meta name=\"twitter:card\" content=\"summary_large_image\" \/>\n<meta name=\"twitter:label1\" content=\"Becs\u00fclt olvas\u00e1si id\u0151\" \/>\n\t<meta name=\"twitter:data1\" content=\"26 perc\" \/>\n<script type=\"application\/ld+json\" class=\"yoast-schema-graph\">{\"@context\":\"https:\/\/schema.org\",\"@graph\":[{\"@type\":\"WebPage\",\"@id\":\"https:\/\/historycrazytime.info\/crazy-time-strategies\/\",\"url\":\"https:\/\/historycrazytime.info\/crazy-time-strategies\/\",\"name\":\"\u041b\u0443\u0447\u0448\u0438\u0435 \u0441\u0442\u0440\u0430\u0442\u0435\u0433\u0438\u0438 \u0434\u043b\u044f Crazy Time: \u043a\u0430\u043a \u0443\u0432\u0435\u043b\u0438\u0447\u0438\u0442\u044c \u0448\u0430\u043d\u0441\u044b \u043d\u0430 \u0432\u044b\u0438\u0433\u0440\u044b\u0448\",\"isPartOf\":{\"@id\":\"https:\/\/historycrazytime.info\/#website\"},\"datePublished\":\"2023-12-09T12:28:50+00:00\",\"dateModified\":\"2023-12-27T18:13:06+00:00\",\"description\":\"\u0418\u0437\u0443\u0447\u0438\u0442\u0435 \u044d\u0444\u0444\u0435\u043a\u0442\u0438\u0432\u043d\u044b\u0435 \u0441\u0442\u0440\u0430\u0442\u0435\u0433\u0438\u0438 \u0438\u0433\u0440\u044b \u0432 Crazy Time. \u041f\u043e\u0432\u044b\u0448\u0430\u0439\u0442\u0435 \u0441\u0432\u043e\u0438 \u0448\u0430\u043d\u0441\u044b \u043d\u0430 \u043a\u0440\u0443\u043f\u043d\u044b\u0439 \u0432\u044b\u0438\u0433\u0440\u044b\u0448 \u0438 \u043d\u0430\u0441\u043b\u0430\u0436\u0434\u0430\u0439\u0442\u0435\u0441\u044c \u0430\u0437\u0430\u0440\u0442\u043e\u043c \u0441 \u0443\u043c\u043e\u043c \u0432 \u043d\u0430\u0448\u0435\u043c \u043a\u0430\u0437\u0438\u043d\u043e.\",\"breadcrumb\":{\"@id\":\"https:\/\/historycrazytime.info\/crazy-time-strategies\/#breadcrumb\"},\"inLanguage\":\"hu-HU\",\"potentialAction\":[{\"@type\":\"ReadAction\",\"target\":[\"https:\/\/historycrazytime.info\/crazy-time-strategies\/\"]}]},{\"@type\":\"BreadcrumbList\",\"@id\":\"https:\/\/historycrazytime.info\/crazy-time-strategies\/#breadcrumb\",\"itemListElement\":[{\"@type\":\"ListItem\",\"position\":1,\"name\":\"Home\",\"item\":\"https:\/\/historycrazytime.info\/\"},{\"@type\":\"ListItem\",\"position\":2,\"name\":\"\u0421\u0442\u0440\u0430\u0442\u0435\u0433\u0438\u0438 Crazy Time\"}]},{\"@type\":\"WebSite\",\"@id\":\"https:\/\/historycrazytime.info\/#website\",\"url\":\"https:\/\/historycrazytime.info\/\",\"name\":\"Crazy Time\",\"description\":\"\",\"publisher\":{\"@id\":\"https:\/\/historycrazytime.info\/#organization\"},\"potentialAction\":[{\"@type\":\"SearchAction\",\"target\":{\"@type\":\"EntryPoint\",\"urlTemplate\":\"https:\/\/historycrazytime.info\/?s={search_term_string}\"},\"query-input\":{\"@type\":\"PropertyValueSpecification\",\"valueRequired\":true,\"valueName\":\"search_term_string\"}}],\"inLanguage\":\"hu-HU\"},{\"@type\":\"Organization\",\"@id\":\"https:\/\/historycrazytime.info\/#organization\",\"name\":\"Crazy Time\",\"url\":\"https:\/\/historycrazytime.info\/\",\"logo\":{\"@type\":\"ImageObject\",\"inLanguage\":\"hu-HU\",\"@id\":\"https:\/\/historycrazytime.info\/#\/schema\/logo\/image\/\",\"url\":\"https:\/\/historycrazytime.info\/wp-content\/uploads\/crazy-time-logo.webp\",\"contentUrl\":\"https:\/\/historycrazytime.info\/wp-content\/uploads\/crazy-time-logo.webp\",\"width\":640,\"height\":448,\"caption\":\"Crazy Time\"},\"image\":{\"@id\":\"https:\/\/historycrazytime.info\/#\/schema\/logo\/image\/\"}}]}<\/script>\n<!-- \/ Yoast SEO plugin. -->","yoast_head_json":{"title":"\u041b\u0443\u0447\u0448\u0438\u0435 \u0441\u0442\u0440\u0430\u0442\u0435\u0433\u0438\u0438 \u0434\u043b\u044f Crazy Time: \u043a\u0430\u043a \u0443\u0432\u0435\u043b\u0438\u0447\u0438\u0442\u044c \u0448\u0430\u043d\u0441\u044b \u043d\u0430 \u0432\u044b\u0438\u0433\u0440\u044b\u0448","description":"Fedezze fel a Crazy Time j\u00e1t\u00e9k hat\u00e9kony strat\u00e9gi\u00e1it. N\u00f6velje meg es\u00e9lyeit a nagy nyerem\u00e9ny el\u00e9r\u00e9s\u00e9re, \u00e9s \u00e9lvezze az intelligens szerencsej\u00e1t\u00e9kot a kaszin\u00f3nkban.","robots":{"index":"index","follow":"follow","max-snippet":"max-snippet:-1","max-image-preview":"max-image-preview:large","max-video-preview":"max-video-preview:-1"},"canonical":"https:\/\/historycrazytime.info\/hu\/crazy-time-strategies\/","og_locale":"hu_HU","og_type":"article","og_title":"\u041b\u0443\u0447\u0448\u0438\u0435 \u0441\u0442\u0440\u0430\u0442\u0435\u0433\u0438\u0438 \u0434\u043b\u044f Crazy Time: \u043a\u0430\u043a \u0443\u0432\u0435\u043b\u0438\u0447\u0438\u0442\u044c \u0448\u0430\u043d\u0441\u044b \u043d\u0430 \u0432\u044b\u0438\u0433\u0440\u044b\u0448","og_description":"\u0418\u0437\u0443\u0447\u0438\u0442\u0435 \u044d\u0444\u0444\u0435\u043a\u0442\u0438\u0432\u043d\u044b\u0435 \u0441\u0442\u0440\u0430\u0442\u0435\u0433\u0438\u0438 \u0438\u0433\u0440\u044b \u0432 Crazy Time. \u041f\u043e\u0432\u044b\u0448\u0430\u0439\u0442\u0435 \u0441\u0432\u043e\u0438 \u0448\u0430\u043d\u0441\u044b \u043d\u0430 \u043a\u0440\u0443\u043f\u043d\u044b\u0439 \u0432\u044b\u0438\u0433\u0440\u044b\u0448 \u0438 \u043d\u0430\u0441\u043b\u0430\u0436\u0434\u0430\u0439\u0442\u0435\u0441\u044c \u0430\u0437\u0430\u0440\u0442\u043e\u043c \u0441 \u0443\u043c\u043e\u043c \u0432 \u043d\u0430\u0448\u0435\u043c \u043a\u0430\u0437\u0438\u043d\u043e.","og_url":"https:\/\/historycrazytime.info\/hu\/crazy-time-strategies\/","og_site_name":"Crazy Time","article_modified_time":"2023-12-27T18:13:06+00:00","twitter_card":"summary_large_image","twitter_misc":{"Becs\u00fclt olvas\u00e1si id\u0151":"26 perc"},"schema":{"@context":"https:\/\/schema.org","@graph":[{"@type":"WebPage","@id":"https:\/\/historycrazytime.info\/crazy-time-strategies\/","url":"https:\/\/historycrazytime.info\/crazy-time-strategies\/","name":"\u041b\u0443\u0447\u0448\u0438\u0435 \u0441\u0442\u0440\u0430\u0442\u0435\u0433\u0438\u0438 \u0434\u043b\u044f Crazy Time: \u043a\u0430\u043a \u0443\u0432\u0435\u043b\u0438\u0447\u0438\u0442\u044c \u0448\u0430\u043d\u0441\u044b \u043d\u0430 \u0432\u044b\u0438\u0433\u0440\u044b\u0448","isPartOf":{"@id":"https:\/\/historycrazytime.info\/#website"},"datePublished":"2023-12-09T12:28:50+00:00","dateModified":"2023-12-27T18:13:06+00:00","description":"\u0418\u0437\u0443\u0447\u0438\u0442\u0435 \u044d\u0444\u0444\u0435\u043a\u0442\u0438\u0432\u043d\u044b\u0435 \u0441\u0442\u0440\u0430\u0442\u0435\u0433\u0438\u0438 \u0438\u0433\u0440\u044b \u0432 Crazy Time. \u041f\u043e\u0432\u044b\u0448\u0430\u0439\u0442\u0435 \u0441\u0432\u043e\u0438 \u0448\u0430\u043d\u0441\u044b \u043d\u0430 \u043a\u0440\u0443\u043f\u043d\u044b\u0439 \u0432\u044b\u0438\u0433\u0440\u044b\u0448 \u0438 \u043d\u0430\u0441\u043b\u0430\u0436\u0434\u0430\u0439\u0442\u0435\u0441\u044c \u0430\u0437\u0430\u0440\u0442\u043e\u043c \u0441 \u0443\u043c\u043e\u043c \u0432 \u043d\u0430\u0448\u0435\u043c \u043a\u0430\u0437\u0438\u043d\u043e.","breadcrumb":{"@id":"https:\/\/historycrazytime.info\/crazy-time-strategies\/#breadcrumb"},"inLanguage":"hu-HU","potentialAction":[{"@type":"ReadAction","target":["https:\/\/historycrazytime.info\/crazy-time-strategies\/"]}]},{"@type":"BreadcrumbList","@id":"https:\/\/historycrazytime.info\/crazy-time-strategies\/#breadcrumb","itemListElement":[{"@type":"ListItem","position":1,"name":"Home","item":"https:\/\/historycrazytime.info\/"},{"@type":"ListItem","position":2,"name":"\u0421\u0442\u0440\u0430\u0442\u0435\u0433\u0438\u0438 Crazy Time"}]},{"@type":"WebSite","@id":"https:\/\/historycrazytime.info\/#website","url":"https:\/\/historycrazytime.info\/","name":"Crazy Time","description":"","publisher":{"@id":"https:\/\/historycrazytime.info\/#organization"},"potentialAction":[{"@type":"SearchAction","target":{"@type":"EntryPoint","urlTemplate":"https:\/\/historycrazytime.info\/?s={search_term_string}"},"query-input":{"@type":"PropertyValueSpecification","valueRequired":true,"valueName":"search_term_string"}}],"inLanguage":"hu-HU"},{"@type":"Organization","@id":"https:\/\/historycrazytime.info\/#organization","name":"Crazy Time","url":"https:\/\/historycrazytime.info\/","logo":{"@type":"ImageObject","inLanguage":"hu-HU","@id":"https:\/\/historycrazytime.info\/#\/schema\/logo\/image\/","url":"https:\/\/historycrazytime.info\/wp-content\/uploads\/crazy-time-logo.webp","contentUrl":"https:\/\/historycrazytime.info\/wp-content\/uploads\/crazy-time-logo.webp","width":640,"height":448,"caption":"Crazy Time"},"image":{"@id":"https:\/\/historycrazytime.info\/#\/schema\/logo\/image\/"}}]}},"_links":{"self":[{"href":"https:\/\/historycrazytime.info\/hu\/wp-json\/wp\/v2\/pages\/11","targetHints":{"allow":["GET"]}}],"collection":[{"href":"https:\/\/historycrazytime.info\/hu\/wp-json\/wp\/v2\/pages"}],"about":[{"href":"https:\/\/historycrazytime.info\/hu\/wp-json\/wp\/v2\/types\/page"}],"author":[{"embeddable":true,"href":"https:\/\/historycrazytime.info\/hu\/wp-json\/wp\/v2\/users\/1"}],"replies":[{"embeddable":true,"href":"https:\/\/historycrazytime.info\/hu\/wp-json\/wp\/v2\/comments?post=11"}],"version-history":[{"count":33,"href":"https:\/\/historycrazytime.info\/hu\/wp-json\/wp\/v2\/pages\/11\/revisions"}],"predecessor-version":[{"id":144,"href":"https:\/\/historycrazytime.info\/hu\/wp-json\/wp\/v2\/pages\/11\/revisions\/144"}],"wp:attachment":[{"href":"https:\/\/historycrazytime.info\/hu\/wp-json\/wp\/v2\/media?parent=11"}],"curies":[{"name":"wp","href":"https:\/\/api.w.org\/{rel}","templated":true}]}}