{"id":13,"date":"2023-12-09T15:15:05","date_gmt":"2023-12-09T15:15:05","guid":{"rendered":"https:\/\/historycrazytime.info\/?page_id=13"},"modified":"2023-12-27T17:52:14","modified_gmt":"2023-12-27T17:52:14","slug":"crazy-time-reviews","status":"publish","type":"page","link":"https:\/\/historycrazytime.info\/es\/crazy-time-reviews\/","title":{"rendered":"Opiniones de los jugadores sobre Crazy Time en el casino en l\u00ednea"},"content":{"rendered":"<h3>Revisi\u00f3n: Mi Primera Partida en Crazy Time en un Casino en L\u00ednea<\/h3>\n<p>Un amigo me habl\u00f3 de la m\u00e1quina Crazy Time. He estado jugando varios juegos durante mucho tiempo, pero esta fue mi primera experiencia en un casino en l\u00ednea real. Al principio, no lo cre\u00eda cuando mi amigo dijo que hay cosas as\u00ed en l\u00ednea, pero aqu\u00ed hay un presentador real y un chat. No gan\u00e9 la mayor parte de mi dinero de inmediato, pero me arriesgu\u00e9 y apost\u00e9 en Pachinko. Al final, mi apuesta trajo la asombrosa suma de 600 d\u00f3lares con solo una apuesta de 5 d\u00f3lares. Lo recomiendo, camaradas.<\/p>\n<p>Arkadiy, 28 a\u00f1os.<\/p>\n<h3>Revisi\u00f3n: Realmente Puedes Ganar Dinero con Crazy Time<\/h3>\n<p>Amigos lo recomendaron en las fiestas de la universidad. No estaba particularmente seguro de ganar dinero; ten\u00eda m\u00e1s suerte con las m\u00e1quinas tragamonedas regulares. Pero Crazy Time funciona. Tratando de apostar en todo a la vez, gan\u00e9 mucho dinero. Tambi\u00e9n te sugiero que hagas lo mismo. Ya estoy pensando en comprar mi primer coche por mi cuenta, sin mis padres.<\/p>\n<p>Nikolay, 18 a\u00f1os.<\/p>\n<h3>Revisi\u00f3n: El Juego M\u00e1s Efectivo para Ganar \u2013 Crazy Time<\/h3>\n<p>Prob\u00e9 Crazy Time simplemente porque siempre quise visitar un casino. Adem\u00e1s, hay un crupier y la oportunidad de charlar con otros jugadores, lo cual es especialmente agradable cuando est\u00e1s en casa con una copa de vino. Se siente como si estuvieras jugando no en l\u00ednea, sino en un casino real. Lo interesante es que, a pesar de no tener un objetivo, peri\u00f3dicamente obten\u00eda ganancias. A pesar de las p\u00e9rdidas, gan\u00e9 de 20 a 30 d\u00f3lares, lo cual fue muy satisfactorio. Para aquellos que quieren ganar dinero, Crazy Time ser\u00e1 la mejor opci\u00f3n, y recomiendo sumergirse en la atm\u00f3sfera.<\/p>\n<p>Alena, 34 a\u00f1os.<\/p>\n<h3>Revisi\u00f3n: He Estado Jugando Crazy Time por Tres Meses, y Hasta Ahora, Todo Bien<\/h3>\n<p>He estado jugando Crazy Time durante tres meses. Un amigo dijo que inicialmente gan\u00f3 y luego perdi\u00f3. Pero cuando aprendi\u00f3 a jugar, todo sali\u00f3 bien. La ganancia m\u00e1xima fue de 1500 d\u00f3lares en un caso. \u00a1Recomiendo a todos tener un tiempo inolvidable!<\/p>\n<p>Mikhail, 48.<\/p>\n<h3>Revisi\u00f3n: Normalmente, Apuesto en Todos los Campos en Crazy Time<\/h3>\n<p>Un sargento de nuestra unidad militar lo jug\u00f3 y nos mostr\u00f3. Por lo general, apostaban en diferentes deportes pero nunca jugaban en un casino en l\u00ednea. Escuch\u00e9 por primera vez sobre Crazy Time. Lo \u00fanico que me gust\u00f3 es que realmente puedes ahorrar. Tambi\u00e9n puedo aconsejarte, para ganar en esta hora loca: apuesta en todo. De esta manera, ganaba consistentemente de 30 a 40 d\u00f3lares al d\u00eda sin problemas. El retiro del dep\u00f3sito es excelente; todo est\u00e1 bien. Recomiendo a todos que jueguen Crazy Time.<\/p>\n<p>Andrey, 22 a\u00f1os.<\/p>\n<h3>Aunque no soy fan\u00e1tico de los juegos de azar, me gust\u00f3 Crazy Time<\/h3>\n<p>Aunque no soy fan\u00e1tico de los juegos de azar, Crazy Time me ayud\u00f3 a relajarme e incluso a ganar dinero despu\u00e9s de mi divorcio. Le estoy agradecido a mi suegro por las recomendaciones. Hay muchas formas de jugar en Crazy Time, y cada uno tiene su propia estrategia. Gan\u00e9 1200 d\u00f3lares en un mes gracias a mi estrategia de juego.<\/p>\n<p>Victor, 34 a\u00f1os.<\/p>\n<h3>Revisi\u00f3n: Crazy Time &#8211; No Solo Emocionante sino Tambi\u00e9n Rentable<\/h3>\n<p>Crazy Time no solo es emocionante sino tambi\u00e9n muy interesante. Adem\u00e1s, lo principal es que puedes ganar buen dinero si usas la cabeza. Gano 40 d\u00f3lares por cada 10 d\u00f3lares.<\/p>\n<p>Alexander, 31 a\u00f1os.<\/p>\n<h3>Revisi\u00f3n: Mi Segundo Salario de la M\u00e1quina Crazy Time<\/h3>\n<p>Mi colega me mostr\u00f3 esta m\u00e1quina en l\u00ednea. Ha estado ganando en Crazy Time durante los \u00faltimos cinco meses. Pagu\u00e9 el pr\u00e9stamo del autom\u00f3vil que compr\u00e9 recientemente. Si desarrollas una estrategia y te apegas a ella, puedes obtener un segundo salario en un mes jugando.<\/p>\n<p>Maxim, 24 a\u00f1os.<\/p>\n<h3>Revisi\u00f3n: Tengo Esquemas Reales para Jugar a Crazy Time<\/h3>\n<p>Juego con mucha precauci\u00f3n porque no me gusta correr riesgos y no creo en todas estas ganancias. Sin embargo, un amigo sugiri\u00f3 el juego \u00abCrazy Time\u00bb. Al principio, solo apostaba, observaba y luego buscaba estrategias, empezando eventualmente a obtener ganancias. Aunque no planeo desarrollar una estrategia, hay planes de trabajo. Inicialmente, apostaba 5 d\u00f3lares en cada apuesta, pero ahora apuesto 10 d\u00f3lares en cada apuesta, y gano alrededor de 600 al mes.<\/p>\n<p>Alexey, 44 a\u00f1os.<\/p>\n<h3>Revisi\u00f3n: M\u00e1quina Crazy Time &#8211; Muy Recomendada<\/h3>\n<p>Un amigo recomend\u00f3 un buen momento. Juego casi todos los d\u00edas ahora. Ganar con Crazy Time es f\u00e1cil si sabes c\u00f3mo hacerlo. Y luego, el dinero vendr\u00e1 por s\u00ed mismo. Lo recomiendo a todos.<\/p>\n<p>Denis, 32 a\u00f1os.<\/p>\n<h3>Revisi\u00f3n: Ganar en Crazy Time es F\u00e1cil<\/h3>\n<p>Recomendado por un conocido. Al principio, pens\u00e9 que era solo una forma de perder todo mi dinero, pero luego me aconsejaron sobre c\u00f3mo hacer apuestas mejores, y el dinero comenz\u00f3 a llegar. Recomiendo Crazy Time porque es f\u00e1cil, emocionante e interesante ganar.<\/p>\n<p>Inna, 19 a\u00f1os.<\/p>\n<h3>Revisi\u00f3n: Crazy Time &#8211; Un Casino Interactivo Completo.<\/h3>\n<p>Descubr\u00ed recientemente el juego Crazy Time. Estaba buscando algo nuevo e interesante y encontr\u00e9 todo un casino en l\u00ednea interactivo donde puedes comunicarte con el crupier, chatear con otros jugadores y obtener ganancias fabulosas. Jugamos juntos ahora. Decid\u00ed sacar una hipoteca porque ahora puedo pagarla con Crazy Time. Recomiendo a todos que se unan al juego porque todas mis ganancias cubren los gastos de las apuestas.<\/p>\n<p>Sergey, 24 a\u00f1os.<\/p>\n<h3>Revisi\u00f3n: Me Gust\u00f3 la Sensaci\u00f3n de Casino en Crazy Time<\/h3>\n<p>Entr\u00e9 en el juego recientemente. En Crazy Time, me gust\u00f3 la sensaci\u00f3n de casino, y me sorprendieron las ganancias. Obtener un ingreso extra de 2 a 4 mil d\u00f3lares al mes sin mucho esfuerzo es muy agradable. Sugiero que todos jueguen a Crazy Time.<\/p>\n<p>Victoria, 32 a\u00f1os.<\/p>\n<h3>Revisi\u00f3n: Obtengo Buen Beneficio de Crazy Time<\/h3>\n<p>Estaba muy preocupado cuando mi amigo sugiri\u00f3 el juego y dio consejos durante mucho tiempo. Luego prob\u00e9 este Crazy Time. Al principio, las ganancias eran solo iguales a las apuestas, pero cuando aprend\u00ed a jugar, comenc\u00e9 a ganar buen dinero con Crazy Time. Ya retir\u00e9 6000 en cuatro meses. Recomiendo Crazy Time a los jugadores.<\/p>\n<p>Boris, 29 a\u00f1os.<\/p>\n<h3>Revisi\u00f3n: Encontr\u00e9 el Juego en L\u00ednea Crazy Time<\/h3>\n<p>Decid\u00ed jugar al juego Crazy Time, que encontr\u00e9 en l\u00ednea. Hice una apuesta grande, y el dep\u00f3sito fue suficiente. Lo m\u00e1s interesante fue que empec\u00e9 a ganar en Crazy Time. Gan\u00e9 mucho dinero, y considerando que todo lo que necesito es tiempo para hacerlo, Crazy Time es un excelente juego en l\u00ednea que genera ingresos.<\/p>\n<p>Igor, 54 a\u00f1os.<\/p>\n<h3>Revisi\u00f3n: Gan\u00e9 Porque Hice la Apuesta Correcta<\/h3>\n<p>Un amigo sugiri\u00f3 el juego Crazy Time. Necesitaba dinero, pero no quer\u00eda sacar un pr\u00e9stamo. Y aqu\u00ed gan\u00f3 porque hizo la apuesta correcta. Sugiero Crazy Time a todos. Coloca correctamente, gana bien, retira el dinero.<\/p>\n<p>Semyon, 29 a\u00f1os.<\/p>\n<h3>Revisi\u00f3n: Amigo Recomend\u00f3 la M\u00e1quina Crazy Time<\/h3>\n<p>Un colega sugiri\u00f3 el juego Crazy Time. Empec\u00e9 a jugar en el casino. Las apuestas eran m\u00ednimas, pero luego se volvieron m\u00e1s audaces, y ahora puedo obtener de 10 a 20 d\u00f3lares por sector. Siempre hay victorias, y generalmente, se ganan grandes sumas de dinero. Es importante no prestar atenci\u00f3n a los fracasos porque todo se puede recuperar. Jugar a Crazy Time es seguro y rentable.<\/p>\n<p>Sergey, 32 a\u00f1os.<\/p>\n<h3>Revisi\u00f3n: Crazy Time Ofrece Muchas Oportunidades de Ganar<\/h3>\n<p>Conoc\u00ed el juego Crazy Time a trav\u00e9s de amigos. Inicialmente dudaba, pero luego decid\u00ed probarlo. Aunque perd\u00ed la primera vez, entend\u00ed c\u00f3mo jugar, y ahora juego a\u00fan m\u00e1s porque gano dinero. En Crazy Time, hay muchas oportunidades para ganar, y es muy emocionante.<\/p>\n<p>Daniil, 27 a\u00f1os.<\/p>\n<h3>Revisi\u00f3n: Gan\u00e9 una Gran Suma de Dinero en Crazy Time<\/h3>\n<p>Buscando nuevas emociones, encontr\u00e9 el juego Crazy Time. Juego Crazy Time constantemente, gano mucho dinero, me divierto mucho y lo recomiendo a todos los que conozco. No te decepcionar\u00e1s si pruebas Crazy Time.<\/p>\n<p>Petr, 24 a\u00f1os.<\/p>\n<h3>Revisi\u00f3n: Uso Adecuado de Crazy Time<\/h3>\n<p>Me familiaric\u00e9 con el juego Crazy Time. Inicialmente dudaba, pero despu\u00e9s de ver c\u00f3mo un amigo ganaba y retiraba dinero, decid\u00ed probarlo yo mismo. Aunque nunca jugu\u00e9, el amigo r\u00e1pidamente me dio instrucciones sobre c\u00f3mo jugar a Crazy Time. Ahora apuesto, gano y comenc\u00e9 a retirar yo mismo. Como distribuyo todo el dinero entre diferentes sectores, recibo constantemente ingresos de cada ronda. As\u00ed, Crazy Time te permite ganar dinero.<\/p>\n<p>Sasha, 36 a\u00f1os.<\/p>\n","protected":false},"excerpt":{"rendered":"<p>Revisi\u00f3n: Mi Primera Partida en Crazy Time en un Casino en L\u00ednea Un amigo me habl\u00f3 de la m\u00e1quina Crazy Time. He estado jugando varios juegos durante mucho tiempo, pero esta fue mi primera experiencia en un casino en l\u00ednea real. Al principio, no lo cre\u00eda cuando mi amigo dijo que hay cosas as\u00ed en l\u00ednea, pero aqu\u00ed hay un presentador real y un chat. No gan\u00e9 la mayor parte de mi dinero de inmediato,&hellip; <\/p>\n","protected":false},"author":1,"featured_media":0,"parent":0,"menu_order":0,"comment_status":"closed","ping_status":"closed","template":"","meta":{"footnotes":""},"class_list":["post-13","page","type-page","status-publish","hentry"],"yoast_head":"<!-- This site is optimized with the Yoast SEO plugin v27.2 - https:\/\/yoast.com\/product\/yoast-seo-wordpress\/ -->\n<title>\u041e\u0442\u0437\u044b\u0432\u044b \u043e\u0431 \u0438\u0433\u0440\u0435 Crazy Time: \u0440\u0435\u0430\u043b\u044c\u043d\u044b\u0435 \u0432\u043f\u0435\u0447\u0430\u0442\u043b\u0435\u043d\u0438\u044f \u0438\u0433\u0440\u043e\u043a\u043e\u0432<\/title>\n<meta name=\"description\" content=\"Lee rese\u00f1as honestas de jugadores sobre Crazy Time. Descubre estrategias exitosas, momentos emocionantes y aventuras emocionantes en nuestro casino en l\u00ednea.\" \/>\n<meta name=\"robots\" content=\"index, follow, max-snippet:-1, max-image-preview:large, max-video-preview:-1\" \/>\n<link rel=\"canonical\" href=\"https:\/\/historycrazytime.info\/es\/crazy-time-reviews\/\" \/>\n<meta property=\"og:locale\" content=\"es_ES\" \/>\n<meta property=\"og:locale:alternate\" content=\"en_US\" \/>\n<meta property=\"og:locale:alternate\" content=\"ru_RU\" \/>\n<meta property=\"og:locale:alternate\" content=\"pt_PT\" \/>\n<meta property=\"og:locale:alternate\" content=\"ro_RO\" \/>\n<meta property=\"og:locale:alternate\" content=\"sr_RS\" \/>\n<meta property=\"og:locale:alternate\" content=\"bg_BG\" \/>\n<meta property=\"og:locale:alternate\" content=\"hu_HU\" \/>\n<meta property=\"og:locale:alternate\" content=\"pl_PL\" \/>\n<meta property=\"og:locale:alternate\" content=\"el\" \/>\n<meta property=\"og:locale:alternate\" content=\"tr_TR\" \/>\n<meta property=\"og:type\" content=\"article\" \/>\n<meta property=\"og:title\" content=\"\u041e\u0442\u0437\u044b\u0432\u044b \u043e\u0431 \u0438\u0433\u0440\u0435 Crazy Time: \u0440\u0435\u0430\u043b\u044c\u043d\u044b\u0435 \u0432\u043f\u0435\u0447\u0430\u0442\u043b\u0435\u043d\u0438\u044f \u0438\u0433\u0440\u043e\u043a\u043e\u0432\" \/>\n<meta property=\"og:description\" content=\"\u0427\u0438\u0442\u0430\u0439\u0442\u0435 \u0447\u0435\u0441\u0442\u043d\u044b\u0435 \u043e\u0442\u0437\u044b\u0432\u044b \u0438\u0433\u0440\u043e\u043a\u043e\u0432 \u043e Crazy Time. \u0423\u0437\u043d\u0430\u0439\u0442\u0435 \u043e\u0431 \u0443\u0434\u0430\u0447\u043d\u044b\u0445 \u0441\u0442\u0440\u0430\u0442\u0435\u0433\u0438\u044f\u0445, \u0432\u043e\u043b\u043d\u0443\u044e\u0449\u0438\u0445 \u043c\u043e\u043c\u0435\u043d\u0442\u0430\u0445 \u0438 \u0430\u0437\u0430\u0440\u0442\u043d\u044b\u0445 \u043f\u0440\u0438\u043a\u043b\u044e\u0447\u0435\u043d\u0438\u044f\u0445 \u0432 \u043d\u0430\u0448\u0435\u043c \u043e\u043d\u043b\u0430\u0439\u043d \u043a\u0430\u0437\u0438\u043d\u043e.\" \/>\n<meta property=\"og:url\" content=\"https:\/\/historycrazytime.info\/es\/crazy-time-reviews\/\" \/>\n<meta property=\"og:site_name\" content=\"Crazy Time\" \/>\n<meta property=\"article:modified_time\" content=\"2023-12-27T17:52:14+00:00\" \/>\n<meta name=\"twitter:card\" content=\"summary_large_image\" \/>\n<meta name=\"twitter:label1\" content=\"Tiempo de lectura\" \/>\n\t<meta name=\"twitter:data1\" content=\"53 minutos\" \/>\n<script type=\"application\/ld+json\" class=\"yoast-schema-graph\">{\"@context\":\"https:\/\/schema.org\",\"@graph\":[{\"@type\":\"WebPage\",\"@id\":\"https:\/\/historycrazytime.info\/crazy-time-reviews\/\",\"url\":\"https:\/\/historycrazytime.info\/crazy-time-reviews\/\",\"name\":\"\u041e\u0442\u0437\u044b\u0432\u044b \u043e\u0431 \u0438\u0433\u0440\u0435 Crazy Time: \u0440\u0435\u0430\u043b\u044c\u043d\u044b\u0435 \u0432\u043f\u0435\u0447\u0430\u0442\u043b\u0435\u043d\u0438\u044f \u0438\u0433\u0440\u043e\u043a\u043e\u0432\",\"isPartOf\":{\"@id\":\"https:\/\/historycrazytime.info\/#website\"},\"datePublished\":\"2023-12-09T15:15:05+00:00\",\"dateModified\":\"2023-12-27T17:52:14+00:00\",\"description\":\"\u0427\u0438\u0442\u0430\u0439\u0442\u0435 \u0447\u0435\u0441\u0442\u043d\u044b\u0435 \u043e\u0442\u0437\u044b\u0432\u044b \u0438\u0433\u0440\u043e\u043a\u043e\u0432 \u043e Crazy Time. \u0423\u0437\u043d\u0430\u0439\u0442\u0435 \u043e\u0431 \u0443\u0434\u0430\u0447\u043d\u044b\u0445 \u0441\u0442\u0440\u0430\u0442\u0435\u0433\u0438\u044f\u0445, \u0432\u043e\u043b\u043d\u0443\u044e\u0449\u0438\u0445 \u043c\u043e\u043c\u0435\u043d\u0442\u0430\u0445 \u0438 \u0430\u0437\u0430\u0440\u0442\u043d\u044b\u0445 \u043f\u0440\u0438\u043a\u043b\u044e\u0447\u0435\u043d\u0438\u044f\u0445 \u0432 \u043d\u0430\u0448\u0435\u043c \u043e\u043d\u043b\u0430\u0439\u043d \u043a\u0430\u0437\u0438\u043d\u043e.\",\"breadcrumb\":{\"@id\":\"https:\/\/historycrazytime.info\/crazy-time-reviews\/#breadcrumb\"},\"inLanguage\":\"es-ES\",\"potentialAction\":[{\"@type\":\"ReadAction\",\"target\":[\"https:\/\/historycrazytime.info\/crazy-time-reviews\/\"]}]},{\"@type\":\"BreadcrumbList\",\"@id\":\"https:\/\/historycrazytime.info\/crazy-time-reviews\/#breadcrumb\",\"itemListElement\":[{\"@type\":\"ListItem\",\"position\":1,\"name\":\"Home\",\"item\":\"https:\/\/historycrazytime.info\/\"},{\"@type\":\"ListItem\",\"position\":2,\"name\":\"\u041e\u0442\u0437\u044b\u0432\u044b \u0438\u0433\u0440\u043e\u043a\u043e\u0432 \u043e Crazy Time \u0432 \u043e\u043d\u043b\u0430\u0439\u043d-\u043a\u0430\u0437\u0438\u043d\u043e\"}]},{\"@type\":\"WebSite\",\"@id\":\"https:\/\/historycrazytime.info\/#website\",\"url\":\"https:\/\/historycrazytime.info\/\",\"name\":\"Crazy Time\",\"description\":\"\",\"publisher\":{\"@id\":\"https:\/\/historycrazytime.info\/#organization\"},\"potentialAction\":[{\"@type\":\"SearchAction\",\"target\":{\"@type\":\"EntryPoint\",\"urlTemplate\":\"https:\/\/historycrazytime.info\/?s={search_term_string}\"},\"query-input\":{\"@type\":\"PropertyValueSpecification\",\"valueRequired\":true,\"valueName\":\"search_term_string\"}}],\"inLanguage\":\"es-ES\"},{\"@type\":\"Organization\",\"@id\":\"https:\/\/historycrazytime.info\/#organization\",\"name\":\"Crazy Time\",\"url\":\"https:\/\/historycrazytime.info\/\",\"logo\":{\"@type\":\"ImageObject\",\"inLanguage\":\"es-ES\",\"@id\":\"https:\/\/historycrazytime.info\/#\/schema\/logo\/image\/\",\"url\":\"https:\/\/historycrazytime.info\/wp-content\/uploads\/crazy-time-logo.webp\",\"contentUrl\":\"https:\/\/historycrazytime.info\/wp-content\/uploads\/crazy-time-logo.webp\",\"width\":640,\"height\":448,\"caption\":\"Crazy Time\"},\"image\":{\"@id\":\"https:\/\/historycrazytime.info\/#\/schema\/logo\/image\/\"}}]}<\/script>\n<!-- \/ Yoast SEO plugin. -->","yoast_head_json":{"title":"\u041e\u0442\u0437\u044b\u0432\u044b \u043e\u0431 \u0438\u0433\u0440\u0435 Crazy Time: \u0440\u0435\u0430\u043b\u044c\u043d\u044b\u0435 \u0432\u043f\u0435\u0447\u0430\u0442\u043b\u0435\u043d\u0438\u044f \u0438\u0433\u0440\u043e\u043a\u043e\u0432","description":"Lee rese\u00f1as honestas de jugadores sobre Crazy Time. Descubre estrategias exitosas, momentos emocionantes y aventuras emocionantes en nuestro casino en l\u00ednea.","robots":{"index":"index","follow":"follow","max-snippet":"max-snippet:-1","max-image-preview":"max-image-preview:large","max-video-preview":"max-video-preview:-1"},"canonical":"https:\/\/historycrazytime.info\/es\/crazy-time-reviews\/","og_locale":"es_ES","og_type":"article","og_title":"\u041e\u0442\u0437\u044b\u0432\u044b \u043e\u0431 \u0438\u0433\u0440\u0435 Crazy Time: \u0440\u0435\u0430\u043b\u044c\u043d\u044b\u0435 \u0432\u043f\u0435\u0447\u0430\u0442\u043b\u0435\u043d\u0438\u044f \u0438\u0433\u0440\u043e\u043a\u043e\u0432","og_description":"\u0427\u0438\u0442\u0430\u0439\u0442\u0435 \u0447\u0435\u0441\u0442\u043d\u044b\u0435 \u043e\u0442\u0437\u044b\u0432\u044b \u0438\u0433\u0440\u043e\u043a\u043e\u0432 \u043e Crazy Time. \u0423\u0437\u043d\u0430\u0439\u0442\u0435 \u043e\u0431 \u0443\u0434\u0430\u0447\u043d\u044b\u0445 \u0441\u0442\u0440\u0430\u0442\u0435\u0433\u0438\u044f\u0445, \u0432\u043e\u043b\u043d\u0443\u044e\u0449\u0438\u0445 \u043c\u043e\u043c\u0435\u043d\u0442\u0430\u0445 \u0438 \u0430\u0437\u0430\u0440\u0442\u043d\u044b\u0445 \u043f\u0440\u0438\u043a\u043b\u044e\u0447\u0435\u043d\u0438\u044f\u0445 \u0432 \u043d\u0430\u0448\u0435\u043c \u043e\u043d\u043b\u0430\u0439\u043d \u043a\u0430\u0437\u0438\u043d\u043e.","og_url":"https:\/\/historycrazytime.info\/es\/crazy-time-reviews\/","og_site_name":"Crazy Time","article_modified_time":"2023-12-27T17:52:14+00:00","twitter_card":"summary_large_image","twitter_misc":{"Tiempo de lectura":"53 minutos"},"schema":{"@context":"https:\/\/schema.org","@graph":[{"@type":"WebPage","@id":"https:\/\/historycrazytime.info\/crazy-time-reviews\/","url":"https:\/\/historycrazytime.info\/crazy-time-reviews\/","name":"\u041e\u0442\u0437\u044b\u0432\u044b \u043e\u0431 \u0438\u0433\u0440\u0435 Crazy Time: \u0440\u0435\u0430\u043b\u044c\u043d\u044b\u0435 \u0432\u043f\u0435\u0447\u0430\u0442\u043b\u0435\u043d\u0438\u044f \u0438\u0433\u0440\u043e\u043a\u043e\u0432","isPartOf":{"@id":"https:\/\/historycrazytime.info\/#website"},"datePublished":"2023-12-09T15:15:05+00:00","dateModified":"2023-12-27T17:52:14+00:00","description":"\u0427\u0438\u0442\u0430\u0439\u0442\u0435 \u0447\u0435\u0441\u0442\u043d\u044b\u0435 \u043e\u0442\u0437\u044b\u0432\u044b \u0438\u0433\u0440\u043e\u043a\u043e\u0432 \u043e Crazy Time. \u0423\u0437\u043d\u0430\u0439\u0442\u0435 \u043e\u0431 \u0443\u0434\u0430\u0447\u043d\u044b\u0445 \u0441\u0442\u0440\u0430\u0442\u0435\u0433\u0438\u044f\u0445, \u0432\u043e\u043b\u043d\u0443\u044e\u0449\u0438\u0445 \u043c\u043e\u043c\u0435\u043d\u0442\u0430\u0445 \u0438 \u0430\u0437\u0430\u0440\u0442\u043d\u044b\u0445 \u043f\u0440\u0438\u043a\u043b\u044e\u0447\u0435\u043d\u0438\u044f\u0445 \u0432 \u043d\u0430\u0448\u0435\u043c \u043e\u043d\u043b\u0430\u0439\u043d \u043a\u0430\u0437\u0438\u043d\u043e.","breadcrumb":{"@id":"https:\/\/historycrazytime.info\/crazy-time-reviews\/#breadcrumb"},"inLanguage":"es-ES","potentialAction":[{"@type":"ReadAction","target":["https:\/\/historycrazytime.info\/crazy-time-reviews\/"]}]},{"@type":"BreadcrumbList","@id":"https:\/\/historycrazytime.info\/crazy-time-reviews\/#breadcrumb","itemListElement":[{"@type":"ListItem","position":1,"name":"Home","item":"https:\/\/historycrazytime.info\/"},{"@type":"ListItem","position":2,"name":"\u041e\u0442\u0437\u044b\u0432\u044b \u0438\u0433\u0440\u043e\u043a\u043e\u0432 \u043e Crazy Time \u0432 \u043e\u043d\u043b\u0430\u0439\u043d-\u043a\u0430\u0437\u0438\u043d\u043e"}]},{"@type":"WebSite","@id":"https:\/\/historycrazytime.info\/#website","url":"https:\/\/historycrazytime.info\/","name":"Crazy Time","description":"","publisher":{"@id":"https:\/\/historycrazytime.info\/#organization"},"potentialAction":[{"@type":"SearchAction","target":{"@type":"EntryPoint","urlTemplate":"https:\/\/historycrazytime.info\/?s={search_term_string}"},"query-input":{"@type":"PropertyValueSpecification","valueRequired":true,"valueName":"search_term_string"}}],"inLanguage":"es-ES"},{"@type":"Organization","@id":"https:\/\/historycrazytime.info\/#organization","name":"Crazy Time","url":"https:\/\/historycrazytime.info\/","logo":{"@type":"ImageObject","inLanguage":"es-ES","@id":"https:\/\/historycrazytime.info\/#\/schema\/logo\/image\/","url":"https:\/\/historycrazytime.info\/wp-content\/uploads\/crazy-time-logo.webp","contentUrl":"https:\/\/historycrazytime.info\/wp-content\/uploads\/crazy-time-logo.webp","width":640,"height":448,"caption":"Crazy Time"},"image":{"@id":"https:\/\/historycrazytime.info\/#\/schema\/logo\/image\/"}}]}},"_links":{"self":[{"href":"https:\/\/historycrazytime.info\/es\/wp-json\/wp\/v2\/pages\/13","targetHints":{"allow":["GET"]}}],"collection":[{"href":"https:\/\/historycrazytime.info\/es\/wp-json\/wp\/v2\/pages"}],"about":[{"href":"https:\/\/historycrazytime.info\/es\/wp-json\/wp\/v2\/types\/page"}],"author":[{"embeddable":true,"href":"https:\/\/historycrazytime.info\/es\/wp-json\/wp\/v2\/users\/1"}],"replies":[{"embeddable":true,"href":"https:\/\/historycrazytime.info\/es\/wp-json\/wp\/v2\/comments?post=13"}],"version-history":[{"count":24,"href":"https:\/\/historycrazytime.info\/es\/wp-json\/wp\/v2\/pages\/13\/revisions"}],"predecessor-version":[{"id":156,"href":"https:\/\/historycrazytime.info\/es\/wp-json\/wp\/v2\/pages\/13\/revisions\/156"}],"wp:attachment":[{"href":"https:\/\/historycrazytime.info\/es\/wp-json\/wp\/v2\/media?parent=13"}],"curies":[{"name":"wp","href":"https:\/\/api.w.org\/{rel}","templated":true}]}}