{"id":11,"date":"2023-12-09T12:28:50","date_gmt":"2023-12-09T12:28:50","guid":{"rendered":"https:\/\/historycrazytime.info\/?page_id=11"},"modified":"2023-12-27T18:13:06","modified_gmt":"2023-12-27T18:13:06","slug":"crazy-time-strategies","status":"publish","type":"page","link":"https:\/\/historycrazytime.info\/es\/crazy-time-strategies\/","title":{"rendered":"Estrategias de Crazy Time"},"content":{"rendered":"<h2>C\u00f3mo ganar en el emocionante juego de Crazy Time<\/h2>\n<p>Me gustar\u00eda compartir estrategias y t\u00e1cticas que te ayudar\u00e1n a ganar en el juego. Crazy Time en el casino en l\u00ednea es m\u00e1s que un simple juego; \u00a1puedes ganar dinero real! Es posible ganar mucho jugando correctamente y siguiendo un algoritmo espec\u00edfico.<\/p>\n<p>Recuerda, en Crazy Time, hay una posibilidad de que puedas perder una cierta cantidad de dinero al hacer una apuesta incorrecta. Tales cosas suceden cuando juegas en los sectores equivocados. Puedes sentirte tentado a ganar a\u00fan m\u00e1s con apuestas altas, arriesgando eventualmente todo en el codiciado sector de Crazy Time. Sin embargo, las p\u00e9rdidas pueden ocurrir en ese momento. Presentamos nuestra visi\u00f3n de las estrategias y t\u00e1cticas del juego Crazy Time para evitar situaciones emocionales e incorrectas, permiti\u00e9ndote obtener ganancias de las apuestas de Crazy Time.<\/p>\n<p>Surge la pregunta: \u00bfc\u00f3mo ganar? \u00bfC\u00f3mo ganar dinero real jugando a las tragamonedas en l\u00ednea de Crazy Time? Tengo algunos enfoques. Te diremos c\u00f3mo ganar, y t\u00fa eliges el tuyo.<\/p>\n<p>Vale la pena se\u00f1alar que cuando juegas en el casino en l\u00ednea Crazy Time, es mucho m\u00e1s ventajoso realizar apuestas en varias \u00e1reas para reducir los riesgos y maximizar las ganancias.<\/p>\n<h2>M\u00e9todo \u00abCautela &#8211; El Camino hacia el \u00c9xito\u00bb<\/h2>\n<p>Una elecci\u00f3n para aquellos que no quieren estresarse demasiado. El objetivo es aumentar gradualmente las ganancias paso a paso. No ganar\u00e1s mucho dinero r\u00e1pidamente, pero podr\u00e1s aumentar constantemente tu dep\u00f3sito.<\/p>\n<p>El objetivo es aumentar la probabilidad de caer en sectores simples x1, x2 y x5, ya que colectivamente tienen una probabilidad superior al 75%. Esto significa que hay una posibilidad de recuperar la apuesta m\u00ednima en dos de cada tres juegos.<\/p>\n<p>Despu\u00e9s de eso, aparece un multiplicador de sector en el tablero. Gracias a \u00e9l, podemos ganar una gran suma de dinero, aumentando nuestro saldo de juego. Al colocar 2 d\u00f3lares en el sector x2, obtenemos x7 con el multiplicador de sector y terminamos con x14.<\/p>\n<p>Estamos de acuerdo, una buena ganancia para las apuestas en un casino en l\u00ednea. En Crazy Time, podemos aumentar nuestro saldo de juego con una apuesta regular x2.<\/p>\n<p>A pesar de que el juego lleva mucho tiempo y requiere precauci\u00f3n, obtendr\u00e1s el m\u00e1ximo disfrute al jugar a Crazy Time, incluso si juegas con riesgos m\u00ednimos.<\/p>\n<h2>Plan \u00abEl Riesgo Justifica los Costos\u00bb<\/h2>\n<p>El objetivo de esta estrategia es lograr ganancias m\u00e1ximas en tantas \u00e1reas como sea posible.<\/p>\n<p>Realiza la apuesta m\u00ednima en todas a la vez. Aseg\u00farate de que tu saldo de juego sea lo suficientemente grande como para usar esta estrategia \u00abTiempo Divertido\u00bb en el casino en l\u00ednea. Vale la pena se\u00f1alar que las peque\u00f1as ganancias compensar\u00e1n las grandes p\u00e9rdidas. Esta estrategia de Crazy Time tiene como objetivo aumentar el n\u00famero de apuestas, aumentando la posibilidad de activar un juego de bonificaci\u00f3n. Esto se logra porque los niveles de bonificaci\u00f3n pueden acumular multiplicadores de hasta x25000 y devolver todas las inversiones hasta ese nivel. Francamente, esta es una estrategia m\u00e1s arriesgada que la anterior, pero la cantidad de ganancias es significativamente mayor.<\/p>\n<h2>Plan \u00abLa Fortuna Favorece a los Valientes\u00bb<\/h2>\n<p>Ganar en Crazy Time es el tercer m\u00e9todo exitoso. Cuando juegas Crazy Time en l\u00ednea, debes correr riesgos y esperar que la suerte est\u00e9 de tu lado. Si tienes confianza en tu saldo y no tienes miedo de correr riesgos, esta opci\u00f3n es para ti.<\/p>\n<p>Apuesta mucho en los juegos de bonificaci\u00f3n sin gastar dinero en peque\u00f1eces antes de jugar sumas grandes. Apuesta varias veces m\u00e1s. Ac\u00e9rcate continuamente al sector favorito de Crazy Time.<\/p>\n<p>Es digno de menci\u00f3n que en el sorteo del sector de Crazy Time en s\u00ed, tenemos la oportunidad de elegir una de las tres se\u00f1ales, lo que nos permite aumentar nuestras posibilidades de ganar en la medida en que nuestra intuici\u00f3n sugiere.<\/p>\n<p>Conclusi\u00f3n: hemos reunido las principales estrategias y t\u00e1cticas para jugar a Crazy Time que puedes utilizar para ganar dinero real. Depende de ti elegir qu\u00e9 estrategia y t\u00e1ctica utilizar. Les deseamos a todos un gran momento jugando en el Casino Crazy Time. Gana, y nadie quedar\u00e1 fuerajugado.<\/p>\n","protected":false},"excerpt":{"rendered":"<p>C\u00f3mo ganar en el emocionante juego de Crazy Time Me gustar\u00eda compartir estrategias y t\u00e1cticas que te ayudar\u00e1n a ganar en el juego. Crazy Time en el casino en l\u00ednea es m\u00e1s que un simple juego; \u00a1puedes ganar dinero real! Es posible ganar mucho jugando correctamente y siguiendo un algoritmo espec\u00edfico. Recuerda, en Crazy Time, hay una posibilidad de que puedas perder una cierta cantidad de dinero al hacer una apuesta incorrecta. Tales cosas suceden&hellip; <\/p>\n","protected":false},"author":1,"featured_media":0,"parent":0,"menu_order":0,"comment_status":"closed","ping_status":"closed","template":"","meta":{"footnotes":""},"class_list":["post-11","page","type-page","status-publish","hentry"],"yoast_head":"<!-- This site is optimized with the Yoast SEO plugin v27.2 - https:\/\/yoast.com\/product\/yoast-seo-wordpress\/ -->\n<title>\u041b\u0443\u0447\u0448\u0438\u0435 \u0441\u0442\u0440\u0430\u0442\u0435\u0433\u0438\u0438 \u0434\u043b\u044f Crazy Time: \u043a\u0430\u043a \u0443\u0432\u0435\u043b\u0438\u0447\u0438\u0442\u044c \u0448\u0430\u043d\u0441\u044b \u043d\u0430 \u0432\u044b\u0438\u0433\u0440\u044b\u0448<\/title>\n<meta name=\"description\" content=\"Explora estrategias efectivas para jugar a Crazy Time. Aumenta tus posibilidades de obtener una gran victoria y disfruta del juego de manera inteligente en nuestro casino.\" \/>\n<meta name=\"robots\" content=\"index, follow, max-snippet:-1, max-image-preview:large, max-video-preview:-1\" \/>\n<link rel=\"canonical\" href=\"https:\/\/historycrazytime.info\/es\/crazy-time-strategies\/\" \/>\n<meta property=\"og:locale\" content=\"es_ES\" \/>\n<meta property=\"og:locale:alternate\" content=\"en_US\" \/>\n<meta property=\"og:locale:alternate\" content=\"ru_RU\" \/>\n<meta property=\"og:locale:alternate\" content=\"pt_PT\" \/>\n<meta property=\"og:locale:alternate\" content=\"ro_RO\" \/>\n<meta property=\"og:locale:alternate\" content=\"sr_RS\" \/>\n<meta property=\"og:locale:alternate\" content=\"bg_BG\" \/>\n<meta property=\"og:locale:alternate\" content=\"hu_HU\" \/>\n<meta property=\"og:locale:alternate\" content=\"pl_PL\" \/>\n<meta property=\"og:locale:alternate\" content=\"el\" \/>\n<meta property=\"og:locale:alternate\" content=\"tr_TR\" \/>\n<meta property=\"og:type\" content=\"article\" \/>\n<meta property=\"og:title\" content=\"\u041b\u0443\u0447\u0448\u0438\u0435 \u0441\u0442\u0440\u0430\u0442\u0435\u0433\u0438\u0438 \u0434\u043b\u044f Crazy Time: \u043a\u0430\u043a \u0443\u0432\u0435\u043b\u0438\u0447\u0438\u0442\u044c \u0448\u0430\u043d\u0441\u044b \u043d\u0430 \u0432\u044b\u0438\u0433\u0440\u044b\u0448\" \/>\n<meta property=\"og:description\" content=\"\u0418\u0437\u0443\u0447\u0438\u0442\u0435 \u044d\u0444\u0444\u0435\u043a\u0442\u0438\u0432\u043d\u044b\u0435 \u0441\u0442\u0440\u0430\u0442\u0435\u0433\u0438\u0438 \u0438\u0433\u0440\u044b \u0432 Crazy Time. \u041f\u043e\u0432\u044b\u0448\u0430\u0439\u0442\u0435 \u0441\u0432\u043e\u0438 \u0448\u0430\u043d\u0441\u044b \u043d\u0430 \u043a\u0440\u0443\u043f\u043d\u044b\u0439 \u0432\u044b\u0438\u0433\u0440\u044b\u0448 \u0438 \u043d\u0430\u0441\u043b\u0430\u0436\u0434\u0430\u0439\u0442\u0435\u0441\u044c \u0430\u0437\u0430\u0440\u0442\u043e\u043c \u0441 \u0443\u043c\u043e\u043c \u0432 \u043d\u0430\u0448\u0435\u043c \u043a\u0430\u0437\u0438\u043d\u043e.\" \/>\n<meta property=\"og:url\" content=\"https:\/\/historycrazytime.info\/es\/crazy-time-strategies\/\" \/>\n<meta property=\"og:site_name\" content=\"Crazy Time\" \/>\n<meta property=\"article:modified_time\" content=\"2023-12-27T18:13:06+00:00\" \/>\n<meta name=\"twitter:card\" content=\"summary_large_image\" \/>\n<meta name=\"twitter:label1\" content=\"Tiempo de lectura\" \/>\n\t<meta name=\"twitter:data1\" content=\"26 minutos\" \/>\n<script type=\"application\/ld+json\" class=\"yoast-schema-graph\">{\"@context\":\"https:\/\/schema.org\",\"@graph\":[{\"@type\":\"WebPage\",\"@id\":\"https:\/\/historycrazytime.info\/crazy-time-strategies\/\",\"url\":\"https:\/\/historycrazytime.info\/crazy-time-strategies\/\",\"name\":\"\u041b\u0443\u0447\u0448\u0438\u0435 \u0441\u0442\u0440\u0430\u0442\u0435\u0433\u0438\u0438 \u0434\u043b\u044f Crazy Time: \u043a\u0430\u043a \u0443\u0432\u0435\u043b\u0438\u0447\u0438\u0442\u044c \u0448\u0430\u043d\u0441\u044b \u043d\u0430 \u0432\u044b\u0438\u0433\u0440\u044b\u0448\",\"isPartOf\":{\"@id\":\"https:\/\/historycrazytime.info\/#website\"},\"datePublished\":\"2023-12-09T12:28:50+00:00\",\"dateModified\":\"2023-12-27T18:13:06+00:00\",\"description\":\"\u0418\u0437\u0443\u0447\u0438\u0442\u0435 \u044d\u0444\u0444\u0435\u043a\u0442\u0438\u0432\u043d\u044b\u0435 \u0441\u0442\u0440\u0430\u0442\u0435\u0433\u0438\u0438 \u0438\u0433\u0440\u044b \u0432 Crazy Time. \u041f\u043e\u0432\u044b\u0448\u0430\u0439\u0442\u0435 \u0441\u0432\u043e\u0438 \u0448\u0430\u043d\u0441\u044b \u043d\u0430 \u043a\u0440\u0443\u043f\u043d\u044b\u0439 \u0432\u044b\u0438\u0433\u0440\u044b\u0448 \u0438 \u043d\u0430\u0441\u043b\u0430\u0436\u0434\u0430\u0439\u0442\u0435\u0441\u044c \u0430\u0437\u0430\u0440\u0442\u043e\u043c \u0441 \u0443\u043c\u043e\u043c \u0432 \u043d\u0430\u0448\u0435\u043c \u043a\u0430\u0437\u0438\u043d\u043e.\",\"breadcrumb\":{\"@id\":\"https:\/\/historycrazytime.info\/crazy-time-strategies\/#breadcrumb\"},\"inLanguage\":\"es-ES\",\"potentialAction\":[{\"@type\":\"ReadAction\",\"target\":[\"https:\/\/historycrazytime.info\/crazy-time-strategies\/\"]}]},{\"@type\":\"BreadcrumbList\",\"@id\":\"https:\/\/historycrazytime.info\/crazy-time-strategies\/#breadcrumb\",\"itemListElement\":[{\"@type\":\"ListItem\",\"position\":1,\"name\":\"Home\",\"item\":\"https:\/\/historycrazytime.info\/\"},{\"@type\":\"ListItem\",\"position\":2,\"name\":\"\u0421\u0442\u0440\u0430\u0442\u0435\u0433\u0438\u0438 Crazy Time\"}]},{\"@type\":\"WebSite\",\"@id\":\"https:\/\/historycrazytime.info\/#website\",\"url\":\"https:\/\/historycrazytime.info\/\",\"name\":\"Crazy Time\",\"description\":\"\",\"publisher\":{\"@id\":\"https:\/\/historycrazytime.info\/#organization\"},\"potentialAction\":[{\"@type\":\"SearchAction\",\"target\":{\"@type\":\"EntryPoint\",\"urlTemplate\":\"https:\/\/historycrazytime.info\/?s={search_term_string}\"},\"query-input\":{\"@type\":\"PropertyValueSpecification\",\"valueRequired\":true,\"valueName\":\"search_term_string\"}}],\"inLanguage\":\"es-ES\"},{\"@type\":\"Organization\",\"@id\":\"https:\/\/historycrazytime.info\/#organization\",\"name\":\"Crazy Time\",\"url\":\"https:\/\/historycrazytime.info\/\",\"logo\":{\"@type\":\"ImageObject\",\"inLanguage\":\"es-ES\",\"@id\":\"https:\/\/historycrazytime.info\/#\/schema\/logo\/image\/\",\"url\":\"https:\/\/historycrazytime.info\/wp-content\/uploads\/crazy-time-logo.webp\",\"contentUrl\":\"https:\/\/historycrazytime.info\/wp-content\/uploads\/crazy-time-logo.webp\",\"width\":640,\"height\":448,\"caption\":\"Crazy Time\"},\"image\":{\"@id\":\"https:\/\/historycrazytime.info\/#\/schema\/logo\/image\/\"}}]}<\/script>\n<!-- \/ Yoast SEO plugin. -->","yoast_head_json":{"title":"\u041b\u0443\u0447\u0448\u0438\u0435 \u0441\u0442\u0440\u0430\u0442\u0435\u0433\u0438\u0438 \u0434\u043b\u044f Crazy Time: \u043a\u0430\u043a \u0443\u0432\u0435\u043b\u0438\u0447\u0438\u0442\u044c \u0448\u0430\u043d\u0441\u044b \u043d\u0430 \u0432\u044b\u0438\u0433\u0440\u044b\u0448","description":"Explora estrategias efectivas para jugar a Crazy Time. Aumenta tus posibilidades de obtener una gran victoria y disfruta del juego de manera inteligente en nuestro casino.","robots":{"index":"index","follow":"follow","max-snippet":"max-snippet:-1","max-image-preview":"max-image-preview:large","max-video-preview":"max-video-preview:-1"},"canonical":"https:\/\/historycrazytime.info\/es\/crazy-time-strategies\/","og_locale":"es_ES","og_type":"article","og_title":"\u041b\u0443\u0447\u0448\u0438\u0435 \u0441\u0442\u0440\u0430\u0442\u0435\u0433\u0438\u0438 \u0434\u043b\u044f Crazy Time: \u043a\u0430\u043a \u0443\u0432\u0435\u043b\u0438\u0447\u0438\u0442\u044c \u0448\u0430\u043d\u0441\u044b \u043d\u0430 \u0432\u044b\u0438\u0433\u0440\u044b\u0448","og_description":"\u0418\u0437\u0443\u0447\u0438\u0442\u0435 \u044d\u0444\u0444\u0435\u043a\u0442\u0438\u0432\u043d\u044b\u0435 \u0441\u0442\u0440\u0430\u0442\u0435\u0433\u0438\u0438 \u0438\u0433\u0440\u044b \u0432 Crazy Time. \u041f\u043e\u0432\u044b\u0448\u0430\u0439\u0442\u0435 \u0441\u0432\u043e\u0438 \u0448\u0430\u043d\u0441\u044b \u043d\u0430 \u043a\u0440\u0443\u043f\u043d\u044b\u0439 \u0432\u044b\u0438\u0433\u0440\u044b\u0448 \u0438 \u043d\u0430\u0441\u043b\u0430\u0436\u0434\u0430\u0439\u0442\u0435\u0441\u044c \u0430\u0437\u0430\u0440\u0442\u043e\u043c \u0441 \u0443\u043c\u043e\u043c \u0432 \u043d\u0430\u0448\u0435\u043c \u043a\u0430\u0437\u0438\u043d\u043e.","og_url":"https:\/\/historycrazytime.info\/es\/crazy-time-strategies\/","og_site_name":"Crazy Time","article_modified_time":"2023-12-27T18:13:06+00:00","twitter_card":"summary_large_image","twitter_misc":{"Tiempo de lectura":"26 minutos"},"schema":{"@context":"https:\/\/schema.org","@graph":[{"@type":"WebPage","@id":"https:\/\/historycrazytime.info\/crazy-time-strategies\/","url":"https:\/\/historycrazytime.info\/crazy-time-strategies\/","name":"\u041b\u0443\u0447\u0448\u0438\u0435 \u0441\u0442\u0440\u0430\u0442\u0435\u0433\u0438\u0438 \u0434\u043b\u044f Crazy Time: \u043a\u0430\u043a \u0443\u0432\u0435\u043b\u0438\u0447\u0438\u0442\u044c \u0448\u0430\u043d\u0441\u044b \u043d\u0430 \u0432\u044b\u0438\u0433\u0440\u044b\u0448","isPartOf":{"@id":"https:\/\/historycrazytime.info\/#website"},"datePublished":"2023-12-09T12:28:50+00:00","dateModified":"2023-12-27T18:13:06+00:00","description":"\u0418\u0437\u0443\u0447\u0438\u0442\u0435 \u044d\u0444\u0444\u0435\u043a\u0442\u0438\u0432\u043d\u044b\u0435 \u0441\u0442\u0440\u0430\u0442\u0435\u0433\u0438\u0438 \u0438\u0433\u0440\u044b \u0432 Crazy Time. \u041f\u043e\u0432\u044b\u0448\u0430\u0439\u0442\u0435 \u0441\u0432\u043e\u0438 \u0448\u0430\u043d\u0441\u044b \u043d\u0430 \u043a\u0440\u0443\u043f\u043d\u044b\u0439 \u0432\u044b\u0438\u0433\u0440\u044b\u0448 \u0438 \u043d\u0430\u0441\u043b\u0430\u0436\u0434\u0430\u0439\u0442\u0435\u0441\u044c \u0430\u0437\u0430\u0440\u0442\u043e\u043c \u0441 \u0443\u043c\u043e\u043c \u0432 \u043d\u0430\u0448\u0435\u043c \u043a\u0430\u0437\u0438\u043d\u043e.","breadcrumb":{"@id":"https:\/\/historycrazytime.info\/crazy-time-strategies\/#breadcrumb"},"inLanguage":"es-ES","potentialAction":[{"@type":"ReadAction","target":["https:\/\/historycrazytime.info\/crazy-time-strategies\/"]}]},{"@type":"BreadcrumbList","@id":"https:\/\/historycrazytime.info\/crazy-time-strategies\/#breadcrumb","itemListElement":[{"@type":"ListItem","position":1,"name":"Home","item":"https:\/\/historycrazytime.info\/"},{"@type":"ListItem","position":2,"name":"\u0421\u0442\u0440\u0430\u0442\u0435\u0433\u0438\u0438 Crazy Time"}]},{"@type":"WebSite","@id":"https:\/\/historycrazytime.info\/#website","url":"https:\/\/historycrazytime.info\/","name":"Crazy Time","description":"","publisher":{"@id":"https:\/\/historycrazytime.info\/#organization"},"potentialAction":[{"@type":"SearchAction","target":{"@type":"EntryPoint","urlTemplate":"https:\/\/historycrazytime.info\/?s={search_term_string}"},"query-input":{"@type":"PropertyValueSpecification","valueRequired":true,"valueName":"search_term_string"}}],"inLanguage":"es-ES"},{"@type":"Organization","@id":"https:\/\/historycrazytime.info\/#organization","name":"Crazy Time","url":"https:\/\/historycrazytime.info\/","logo":{"@type":"ImageObject","inLanguage":"es-ES","@id":"https:\/\/historycrazytime.info\/#\/schema\/logo\/image\/","url":"https:\/\/historycrazytime.info\/wp-content\/uploads\/crazy-time-logo.webp","contentUrl":"https:\/\/historycrazytime.info\/wp-content\/uploads\/crazy-time-logo.webp","width":640,"height":448,"caption":"Crazy Time"},"image":{"@id":"https:\/\/historycrazytime.info\/#\/schema\/logo\/image\/"}}]}},"_links":{"self":[{"href":"https:\/\/historycrazytime.info\/es\/wp-json\/wp\/v2\/pages\/11","targetHints":{"allow":["GET"]}}],"collection":[{"href":"https:\/\/historycrazytime.info\/es\/wp-json\/wp\/v2\/pages"}],"about":[{"href":"https:\/\/historycrazytime.info\/es\/wp-json\/wp\/v2\/types\/page"}],"author":[{"embeddable":true,"href":"https:\/\/historycrazytime.info\/es\/wp-json\/wp\/v2\/users\/1"}],"replies":[{"embeddable":true,"href":"https:\/\/historycrazytime.info\/es\/wp-json\/wp\/v2\/comments?post=11"}],"version-history":[{"count":33,"href":"https:\/\/historycrazytime.info\/es\/wp-json\/wp\/v2\/pages\/11\/revisions"}],"predecessor-version":[{"id":144,"href":"https:\/\/historycrazytime.info\/es\/wp-json\/wp\/v2\/pages\/11\/revisions\/144"}],"wp:attachment":[{"href":"https:\/\/historycrazytime.info\/es\/wp-json\/wp\/v2\/media?parent=11"}],"curies":[{"name":"wp","href":"https:\/\/api.w.org\/{rel}","templated":true}]}}